{"id":70644,"date":"2021-12-14T14:08:41","date_gmt":"2021-12-14T13:08:41","guid":{"rendered":"https:\/\/global-exam.com\/blog\/?page_id=70644"},"modified":"2022-06-27T16:43:50","modified_gmt":"2022-06-27T14:43:50","slug":"categoria-aprender-ingles","status":"publish","type":"page","link":"https:\/\/global-exam.com\/blog\/es\/business-english\/categoria-aprender-ingles\/","title":{"rendered":"Aprender ingl\u00e9s"},"content":{"rendered":"<p>En esta categor\u00eda nos centramos en la importancia de<strong>\u00a0aprender ingl\u00e9s<\/strong>\u00a0eficazmente tanto a nivel oral como escrito y, espec\u00edficamente, en<strong>\u00a0el ingl\u00e9s para los negocios<\/strong>\u00a0o Business English, una habilidad esencial para trabajar en casi cualquier sector hoy en d\u00eda.<\/p>\n<p>En esta secci\u00f3n encontrar\u00e1s informaci\u00f3n de utilidad relacionada con la\u00a0<strong>adquisici\u00f3n del ingl\u00e9s para los negocios y la preparaci\u00f3n en l\u00ednea<\/strong>, con consejos para progresar mucho m\u00e1s r\u00e1pidamente o para hablar sin acento. Adem\u00e1s, te ofrecemos dos fichas gratuitas, con las que podr\u00e1s aprender expresiones clave en el mundo de los negocios, as\u00ed como los acr\u00f3nimos m\u00e1s usados en ingl\u00e9s.<\/p>\n<p>En GlobalExam, te ayudamos a\u00a0<strong>darle un empuj\u00f3n a tu carrera profesional<\/strong>\u00a0con una plataforma ideada para la formaci\u00f3n en Business English. Su f\u00e1cil manejo, su contenido de calidad y su formato har\u00e1n que tu aprendizaje sea entretenido y memorable pero, sobre todo, eficaz. Encontrar\u00e1s v\u00eddeos explicativos creados por profesores expertos, actividades interactivas y ejercicios variados organizados en secuencias de unos 15 minutos de duraci\u00f3n. Podr\u00e1s organizarte a tu manera y decidir cu\u00e1nto tiempo dedicarle a tu estudio diaria o semanalmente, eligiendo los recorridos que m\u00e1s te convengan seg\u00fan tu perfil u objetivos.<\/p>\n","protected":false},"excerpt":{"rendered":"<p>En esta categor\u00eda nos centramos en la importancia de\u00a0aprender ingl\u00e9s\u00a0eficazmente tanto a nivel oral como escrito y, espec\u00edficamente, en\u00a0el ingl\u00e9s para los [&hellip;]<\/p>\n","protected":false},"author":24,"featured_media":0,"parent":23023,"menu_order":0,"comment_status":"closed","ping_status":"closed","template":"","meta":[],"acf":[],"yoast_head":"<!-- This site is optimized with the Yoast SEO plugin v17.2.1 - https:\/\/yoast.com\/wordpress\/plugins\/seo\/ -->\n<title>Aprender ingl\u00e9s<\/title>\n<meta name=\"robots\" content=\"index, follow, max-snippet:-1, max-image-preview:large, max-video-preview:-1\" \/>\n<link rel=\"canonical\" href=\"https:\/\/global-exam.com\/blog\/es\/business-english\/categoria-aprender-ingles\/\" \/>\n<meta property=\"og:locale\" content=\"fr_FR\" \/>\n<meta property=\"og:type\" content=\"article\" \/>\n<meta property=\"og:title\" content=\"Aprender ingl\u00e9s\" \/>\n<meta property=\"og:description\" content=\"En esta categor\u00eda nos centramos en la importancia de\u00a0aprender ingl\u00e9s\u00a0eficazmente tanto a nivel oral como escrito y, espec\u00edficamente, en\u00a0el ingl\u00e9s para los [&hellip;]\" \/>\n<meta property=\"og:url\" content=\"https:\/\/global-exam.com\/blog\/es\/business-english\/categoria-aprender-ingles\/\" \/>\n<meta property=\"og:site_name\" content=\"GlobalExam Blog\" \/>\n<meta property=\"article:publisher\" content=\"https:\/\/www.facebook.com\/Global.Exam\" \/>\n<meta property=\"article:modified_time\" content=\"2022-06-27T14:43:50+00:00\" \/>\n<meta name=\"twitter:card\" content=\"summary_large_image\" \/>\n<meta name=\"twitter:site\" content=\"@Global_Exam\" \/>\n<meta name=\"twitter:label1\" content=\"Dur\u00e9e de lecture estim\u00e9e\" \/>\n\t<meta name=\"twitter:data1\" content=\"3 minutes\" \/>\n<script type=\"application\/ld+json\" class=\"yoast-schema-graph\">{\"@context\":\"https:\/\/schema.org\",\"@graph\":[{\"@type\":\"WebSite\",\"@id\":\"https:\/\/global-exam.com\/blog\/#website\",\"url\":\"https:\/\/global-exam.com\/blog\/\",\"name\":\"GlobalExam Blog\",\"description\":\"Le blog du sp\\u00e9cialiste de la certification linguistique\",\"potentialAction\":[{\"@type\":\"SearchAction\",\"target\":{\"@type\":\"EntryPoint\",\"urlTemplate\":\"https:\/\/global-exam.com\/blog\/?s={search_term_string}\"},\"query-input\":\"required name=search_term_string\"}],\"inLanguage\":\"fr-FR\"},{\"@type\":\"WebPage\",\"@id\":\"https:\/\/global-exam.com\/blog\/es\/business-english\/categoria-aprender-ingles\/#webpage\",\"url\":\"https:\/\/global-exam.com\/blog\/es\/business-english\/categoria-aprender-ingles\/\",\"name\":\"Aprender ingl\\u00e9s\",\"isPartOf\":{\"@id\":\"https:\/\/global-exam.com\/blog\/#website\"},\"datePublished\":\"2021-12-14T13:08:41+00:00\",\"dateModified\":\"2022-06-27T14:43:50+00:00\",\"breadcrumb\":{\"@id\":\"https:\/\/global-exam.com\/blog\/es\/business-english\/categoria-aprender-ingles\/#breadcrumb\"},\"inLanguage\":\"fr-FR\",\"potentialAction\":[{\"@type\":\"ReadAction\",\"target\":[\"https:\/\/global-exam.com\/blog\/es\/business-english\/categoria-aprender-ingles\/\"]}]},{\"@type\":\"BreadcrumbList\",\"@id\":\"https:\/\/global-exam.com\/blog\/es\/business-english\/categoria-aprender-ingles\/#breadcrumb\",\"itemListElement\":[{\"@type\":\"ListItem\",\"position\":1,\"name\":\"Business English: repasa tu ingl\\u00e9s profesional\",\"item\":\"https:\/\/global-exam.com\/blog\/es\/business-english\/\"},{\"@type\":\"ListItem\",\"position\":2,\"name\":\"Aprender ingl\\u00e9s\"}]}]}<\/script>\n<!-- \/ Yoast SEO plugin. -->","yoast_head_json":{"title":"Aprender ingl\u00e9s","robots":{"index":"index","follow":"follow","max-snippet":"max-snippet:-1","max-image-preview":"max-image-preview:large","max-video-preview":"max-video-preview:-1"},"canonical":"https:\/\/global-exam.com\/blog\/es\/business-english\/categoria-aprender-ingles\/","og_locale":"fr_FR","og_type":"article","og_title":"Aprender ingl\u00e9s","og_description":"En esta categor\u00eda nos centramos en la importancia de\u00a0aprender ingl\u00e9s\u00a0eficazmente tanto a nivel oral como escrito y, espec\u00edficamente, en\u00a0el ingl\u00e9s para los [&hellip;]","og_url":"https:\/\/global-exam.com\/blog\/es\/business-english\/categoria-aprender-ingles\/","og_site_name":"GlobalExam Blog","article_publisher":"https:\/\/www.facebook.com\/Global.Exam","article_modified_time":"2022-06-27T14:43:50+00:00","twitter_card":"summary_large_image","twitter_site":"@Global_Exam","twitter_misc":{"Dur\u00e9e de lecture estim\u00e9e":"3 minutes"},"schema":{"@context":"https:\/\/schema.org","@graph":[{"@type":"WebSite","@id":"https:\/\/global-exam.com\/blog\/#website","url":"https:\/\/global-exam.com\/blog\/","name":"GlobalExam Blog","description":"Le blog du sp\u00e9cialiste de la certification linguistique","potentialAction":[{"@type":"SearchAction","target":{"@type":"EntryPoint","urlTemplate":"https:\/\/global-exam.com\/blog\/?s={search_term_string}"},"query-input":"required name=search_term_string"}],"inLanguage":"fr-FR"},{"@type":"WebPage","@id":"https:\/\/global-exam.com\/blog\/es\/business-english\/categoria-aprender-ingles\/#webpage","url":"https:\/\/global-exam.com\/blog\/es\/business-english\/categoria-aprender-ingles\/","name":"Aprender ingl\u00e9s","isPartOf":{"@id":"https:\/\/global-exam.com\/blog\/#website"},"datePublished":"2021-12-14T13:08:41+00:00","dateModified":"2022-06-27T14:43:50+00:00","breadcrumb":{"@id":"https:\/\/global-exam.com\/blog\/es\/business-english\/categoria-aprender-ingles\/#breadcrumb"},"inLanguage":"fr-FR","potentialAction":[{"@type":"ReadAction","target":["https:\/\/global-exam.com\/blog\/es\/business-english\/categoria-aprender-ingles\/"]}]},{"@type":"BreadcrumbList","@id":"https:\/\/global-exam.com\/blog\/es\/business-english\/categoria-aprender-ingles\/#breadcrumb","itemListElement":[{"@type":"ListItem","position":1,"name":"Business English: repasa tu ingl\u00e9s profesional","item":"https:\/\/global-exam.com\/blog\/es\/business-english\/"},{"@type":"ListItem","position":2,"name":"Aprender ingl\u00e9s"}]}]}},"lang":"es","translations":{"es":70644},"pll_sync_post":[],"_links":{"self":[{"href":"https:\/\/global-exam.com\/blog\/wp-json\/wp\/v2\/pages\/70644"}],"collection":[{"href":"https:\/\/global-exam.com\/blog\/wp-json\/wp\/v2\/pages"}],"about":[{"href":"https:\/\/global-exam.com\/blog\/wp-json\/wp\/v2\/types\/page"}],"author":[{"embeddable":true,"href":"https:\/\/global-exam.com\/blog\/wp-json\/wp\/v2\/users\/24"}],"replies":[{"embeddable":true,"href":"https:\/\/global-exam.com\/blog\/wp-json\/wp\/v2\/comments?post=70644"}],"version-history":[{"count":3,"href":"https:\/\/global-exam.com\/blog\/wp-json\/wp\/v2\/pages\/70644\/revisions"}],"predecessor-version":[{"id":76574,"href":"https:\/\/global-exam.com\/blog\/wp-json\/wp\/v2\/pages\/70644\/revisions\/76574"}],"up":[{"embeddable":true,"href":"https:\/\/global-exam.com\/blog\/wp-json\/wp\/v2\/pages\/23023"}],"wp:attachment":[{"href":"https:\/\/global-exam.com\/blog\/wp-json\/wp\/v2\/media?parent=70644"}],"curies":[{"name":"wp","href":"https:\/\/api.w.org\/{rel}","templated":true}]}}