{"id":70650,"date":"2021-12-14T14:32:05","date_gmt":"2021-12-14T13:32:05","guid":{"rendered":"https:\/\/global-exam.com\/blog\/?page_id=70650"},"modified":"2022-06-27T16:43:49","modified_gmt":"2022-06-27T14:43:49","slug":"categoria-general-skills","status":"publish","type":"page","link":"https:\/\/global-exam.com\/blog\/es\/business-english\/categoria-general-skills\/","title":{"rendered":"General Skills"},"content":{"rendered":"<p>En este bloque, ponemos a tu disposici\u00f3n varios art\u00edculos centrados en\u00a0<strong>habilidades generales<\/strong>\u00a0para mejorar tu comunicaci\u00f3n y rendimiento en el\u00a0<strong>\u00e1mbito laboral en ingl\u00e9s.<\/strong><\/p>\n<p>En esta categor\u00eda te proporcionamos informaci\u00f3n \u00fatil sobre competencias como la interculturalidad, la gesti\u00f3n de proyectos o el reclutamiento, y sobre las habilidades generales y necesarias para casi cualquier trabajo o sector, como responder al tel\u00e9fono en ingl\u00e9s correcta y eficazmente o emplear este idioma en viajes de negocios (desde la comunicaci\u00f3n en un aeropuerto o en un hotel hasta las interacciones con colegas o socios en una situaci\u00f3n profesional).<\/p>\n<p>Todas estas competencias y habilidades ser\u00e1n un requisito, o en cualquier caso un plus, para\u00a0<strong>conseguir mejores oportunidades a nivel profesional<\/strong>.<\/p>\n<p><strong>Business English<\/strong>\u00a0de GlobalExam es una herramienta en l\u00ednea muy completa y atractiva que te ayudar\u00e1 a poner en pr\u00e1ctica tus habilidades para\u00a0<strong>desenvolverte en el mundo laboral.<\/strong>\u00a0Su contenido est\u00e1 organizado en rutas seg\u00fan nivel ling\u00fc\u00edstico, carrera profesional o competencias espec\u00edficas, con un total de 500 situaciones guiadas para que te prepares con total confianza y consigas mejores oportunidades laborales. Adem\u00e1s, al finalizar cada m\u00f3dulo, podr\u00e1s acceder a una certificaci\u00f3n para poder demostrar tus habilidades.<\/p>\n","protected":false},"excerpt":{"rendered":"<p>En este bloque, ponemos a tu disposici\u00f3n varios art\u00edculos centrados en\u00a0habilidades generales\u00a0para mejorar tu comunicaci\u00f3n y rendimiento en el\u00a0\u00e1mbito laboral en ingl\u00e9s. [&hellip;]<\/p>\n","protected":false},"author":24,"featured_media":0,"parent":23023,"menu_order":0,"comment_status":"closed","ping_status":"closed","template":"","meta":[],"acf":[],"yoast_head":"<!-- This site is optimized with the Yoast SEO plugin v17.2.1 - https:\/\/yoast.com\/wordpress\/plugins\/seo\/ -->\n<title>General Skills<\/title>\n<meta name=\"robots\" content=\"index, follow, max-snippet:-1, max-image-preview:large, max-video-preview:-1\" \/>\n<link rel=\"canonical\" href=\"https:\/\/global-exam.com\/blog\/es\/business-english\/categoria-general-skills\/\" \/>\n<meta property=\"og:locale\" content=\"fr_FR\" \/>\n<meta property=\"og:type\" content=\"article\" \/>\n<meta property=\"og:title\" content=\"General Skills\" \/>\n<meta property=\"og:description\" content=\"En este bloque, ponemos a tu disposici\u00f3n varios art\u00edculos centrados en\u00a0habilidades generales\u00a0para mejorar tu comunicaci\u00f3n y rendimiento en el\u00a0\u00e1mbito laboral en ingl\u00e9s. [&hellip;]\" \/>\n<meta property=\"og:url\" content=\"https:\/\/global-exam.com\/blog\/es\/business-english\/categoria-general-skills\/\" \/>\n<meta property=\"og:site_name\" content=\"GlobalExam Blog\" \/>\n<meta property=\"article:publisher\" content=\"https:\/\/www.facebook.com\/Global.Exam\" \/>\n<meta property=\"article:modified_time\" content=\"2022-06-27T14:43:49+00:00\" \/>\n<meta name=\"twitter:card\" content=\"summary_large_image\" \/>\n<meta name=\"twitter:site\" content=\"@Global_Exam\" \/>\n<meta name=\"twitter:label1\" content=\"Dur\u00e9e de lecture estim\u00e9e\" \/>\n\t<meta name=\"twitter:data1\" content=\"1 minute\" \/>\n<script type=\"application\/ld+json\" class=\"yoast-schema-graph\">{\"@context\":\"https:\/\/schema.org\",\"@graph\":[{\"@type\":\"WebSite\",\"@id\":\"https:\/\/global-exam.com\/blog\/#website\",\"url\":\"https:\/\/global-exam.com\/blog\/\",\"name\":\"GlobalExam Blog\",\"description\":\"Le blog du sp\\u00e9cialiste de la certification linguistique\",\"potentialAction\":[{\"@type\":\"SearchAction\",\"target\":{\"@type\":\"EntryPoint\",\"urlTemplate\":\"https:\/\/global-exam.com\/blog\/?s={search_term_string}\"},\"query-input\":\"required name=search_term_string\"}],\"inLanguage\":\"fr-FR\"},{\"@type\":\"WebPage\",\"@id\":\"https:\/\/global-exam.com\/blog\/es\/business-english\/categoria-general-skills\/#webpage\",\"url\":\"https:\/\/global-exam.com\/blog\/es\/business-english\/categoria-general-skills\/\",\"name\":\"General Skills\",\"isPartOf\":{\"@id\":\"https:\/\/global-exam.com\/blog\/#website\"},\"datePublished\":\"2021-12-14T13:32:05+00:00\",\"dateModified\":\"2022-06-27T14:43:49+00:00\",\"breadcrumb\":{\"@id\":\"https:\/\/global-exam.com\/blog\/es\/business-english\/categoria-general-skills\/#breadcrumb\"},\"inLanguage\":\"fr-FR\",\"potentialAction\":[{\"@type\":\"ReadAction\",\"target\":[\"https:\/\/global-exam.com\/blog\/es\/business-english\/categoria-general-skills\/\"]}]},{\"@type\":\"BreadcrumbList\",\"@id\":\"https:\/\/global-exam.com\/blog\/es\/business-english\/categoria-general-skills\/#breadcrumb\",\"itemListElement\":[{\"@type\":\"ListItem\",\"position\":1,\"name\":\"Business English: repasa tu ingl\\u00e9s profesional\",\"item\":\"https:\/\/global-exam.com\/blog\/es\/business-english\/\"},{\"@type\":\"ListItem\",\"position\":2,\"name\":\"General Skills\"}]}]}<\/script>\n<!-- \/ Yoast SEO plugin. -->","yoast_head_json":{"title":"General Skills","robots":{"index":"index","follow":"follow","max-snippet":"max-snippet:-1","max-image-preview":"max-image-preview:large","max-video-preview":"max-video-preview:-1"},"canonical":"https:\/\/global-exam.com\/blog\/es\/business-english\/categoria-general-skills\/","og_locale":"fr_FR","og_type":"article","og_title":"General Skills","og_description":"En este bloque, ponemos a tu disposici\u00f3n varios art\u00edculos centrados en\u00a0habilidades generales\u00a0para mejorar tu comunicaci\u00f3n y rendimiento en el\u00a0\u00e1mbito laboral en ingl\u00e9s. [&hellip;]","og_url":"https:\/\/global-exam.com\/blog\/es\/business-english\/categoria-general-skills\/","og_site_name":"GlobalExam Blog","article_publisher":"https:\/\/www.facebook.com\/Global.Exam","article_modified_time":"2022-06-27T14:43:49+00:00","twitter_card":"summary_large_image","twitter_site":"@Global_Exam","twitter_misc":{"Dur\u00e9e de lecture estim\u00e9e":"1 minute"},"schema":{"@context":"https:\/\/schema.org","@graph":[{"@type":"WebSite","@id":"https:\/\/global-exam.com\/blog\/#website","url":"https:\/\/global-exam.com\/blog\/","name":"GlobalExam Blog","description":"Le blog du sp\u00e9cialiste de la certification linguistique","potentialAction":[{"@type":"SearchAction","target":{"@type":"EntryPoint","urlTemplate":"https:\/\/global-exam.com\/blog\/?s={search_term_string}"},"query-input":"required name=search_term_string"}],"inLanguage":"fr-FR"},{"@type":"WebPage","@id":"https:\/\/global-exam.com\/blog\/es\/business-english\/categoria-general-skills\/#webpage","url":"https:\/\/global-exam.com\/blog\/es\/business-english\/categoria-general-skills\/","name":"General Skills","isPartOf":{"@id":"https:\/\/global-exam.com\/blog\/#website"},"datePublished":"2021-12-14T13:32:05+00:00","dateModified":"2022-06-27T14:43:49+00:00","breadcrumb":{"@id":"https:\/\/global-exam.com\/blog\/es\/business-english\/categoria-general-skills\/#breadcrumb"},"inLanguage":"fr-FR","potentialAction":[{"@type":"ReadAction","target":["https:\/\/global-exam.com\/blog\/es\/business-english\/categoria-general-skills\/"]}]},{"@type":"BreadcrumbList","@id":"https:\/\/global-exam.com\/blog\/es\/business-english\/categoria-general-skills\/#breadcrumb","itemListElement":[{"@type":"ListItem","position":1,"name":"Business English: repasa tu ingl\u00e9s profesional","item":"https:\/\/global-exam.com\/blog\/es\/business-english\/"},{"@type":"ListItem","position":2,"name":"General Skills"}]}]}},"lang":"es","translations":{"es":70650},"pll_sync_post":[],"_links":{"self":[{"href":"https:\/\/global-exam.com\/blog\/wp-json\/wp\/v2\/pages\/70650"}],"collection":[{"href":"https:\/\/global-exam.com\/blog\/wp-json\/wp\/v2\/pages"}],"about":[{"href":"https:\/\/global-exam.com\/blog\/wp-json\/wp\/v2\/types\/page"}],"author":[{"embeddable":true,"href":"https:\/\/global-exam.com\/blog\/wp-json\/wp\/v2\/users\/24"}],"replies":[{"embeddable":true,"href":"https:\/\/global-exam.com\/blog\/wp-json\/wp\/v2\/comments?post=70650"}],"version-history":[{"count":3,"href":"https:\/\/global-exam.com\/blog\/wp-json\/wp\/v2\/pages\/70650\/revisions"}],"predecessor-version":[{"id":76573,"href":"https:\/\/global-exam.com\/blog\/wp-json\/wp\/v2\/pages\/70650\/revisions\/76573"}],"up":[{"embeddable":true,"href":"https:\/\/global-exam.com\/blog\/wp-json\/wp\/v2\/pages\/23023"}],"wp:attachment":[{"href":"https:\/\/global-exam.com\/blog\/wp-json\/wp\/v2\/media?parent=70650"}],"curies":[{"name":"wp","href":"https:\/\/api.w.org\/{rel}","templated":true}]}}