{"id":70654,"date":"2021-12-14T14:33:35","date_gmt":"2021-12-14T13:33:35","guid":{"rendered":"https:\/\/global-exam.com\/blog\/?page_id=70654"},"modified":"2022-06-27T16:43:49","modified_gmt":"2022-06-27T14:43:49","slug":"categoria-job-skills","status":"publish","type":"page","link":"https:\/\/global-exam.com\/blog\/es\/business-english\/categoria-job-skills\/","title":{"rendered":"Job Skills"},"content":{"rendered":"<p>Esta categor\u00eda est\u00e1 dedicada a las<strong>\u00a0habilidades o destrezas<\/strong>\u00a0necesarias para realizar un trabajo que requiera el uso del ingl\u00e9s o para superar una entrevista en este idioma con \u00e9xito. Para ello, te proponemos una serie de art\u00edculos que te dar\u00e1n pautas y consejos pr\u00e1cticos en tu\u00a0<strong>formaci\u00f3n en ingl\u00e9s para los negocios.<\/strong><\/p>\n<p>En esta categor\u00eda no solo aprender\u00e1s sobre destrezas, vocabulario o f\u00f3rmulas generales, sino que tambi\u00e9n encontrar\u00e1s orientaci\u00f3n sobre\u00a0<strong>c\u00f3mo formarte en diferentes sectores<\/strong>\u00a0para conseguir el trabajo de tus sue\u00f1os o alcanzar la meta que desees.<\/p>\n<p>Dispondr\u00e1s de informaci\u00f3n relacionada con sectores como comunicaci\u00f3n, gesti\u00f3n y administraci\u00f3n, recursos humanos y servicio de atenci\u00f3n al cliente, pero adem\u00e1s, te proporcionaremos gu\u00edas con vocabulario y f\u00f3rmulas b\u00e1sicas para escribir una carta de presentaci\u00f3n, saludar a un cliente, organizar y dirigir una reuni\u00f3n, felicitar a tu equipo o llevar a cabo una negociaci\u00f3n en ingl\u00e9s.<\/p>\n<p>El\u00a0<strong>curso Business English<\/strong>\u00a0de GlobalExam es la soluci\u00f3n \u00f3ptima para desarrollar tus\u00a0<strong>competencias generales o espec\u00edficas<\/strong>\u00a0seg\u00fan el sector que te interese. T\u00fa decides en qu\u00e9 m\u00f3dulo centrarte o el nivel desde el que quieres comenzar, pues la plataforma te ofrece 25 recorridos que se adaptan a diferentes perfiles y candidatos.<\/p>\n","protected":false},"excerpt":{"rendered":"<p>Esta categor\u00eda est\u00e1 dedicada a las\u00a0habilidades o destrezas\u00a0necesarias para realizar un trabajo que requiera el uso del ingl\u00e9s o para superar una [&hellip;]<\/p>\n","protected":false},"author":24,"featured_media":0,"parent":23023,"menu_order":0,"comment_status":"closed","ping_status":"closed","template":"","meta":[],"acf":[],"yoast_head":"<!-- This site is optimized with the Yoast SEO plugin v17.2.1 - https:\/\/yoast.com\/wordpress\/plugins\/seo\/ -->\n<title>Job Skills<\/title>\n<meta name=\"robots\" content=\"index, follow, max-snippet:-1, max-image-preview:large, max-video-preview:-1\" \/>\n<link rel=\"canonical\" href=\"https:\/\/global-exam.com\/blog\/es\/business-english\/categoria-job-skills\/\" \/>\n<meta property=\"og:locale\" content=\"fr_FR\" \/>\n<meta property=\"og:type\" content=\"article\" \/>\n<meta property=\"og:title\" content=\"Job Skills\" \/>\n<meta property=\"og:description\" content=\"Esta categor\u00eda est\u00e1 dedicada a las\u00a0habilidades o destrezas\u00a0necesarias para realizar un trabajo que requiera el uso del ingl\u00e9s o para superar una [&hellip;]\" \/>\n<meta property=\"og:url\" content=\"https:\/\/global-exam.com\/blog\/es\/business-english\/categoria-job-skills\/\" \/>\n<meta property=\"og:site_name\" content=\"GlobalExam Blog\" \/>\n<meta property=\"article:publisher\" content=\"https:\/\/www.facebook.com\/Global.Exam\" \/>\n<meta property=\"article:modified_time\" content=\"2022-06-27T14:43:49+00:00\" \/>\n<meta name=\"twitter:card\" content=\"summary_large_image\" \/>\n<meta name=\"twitter:site\" content=\"@Global_Exam\" \/>\n<meta name=\"twitter:label1\" content=\"Dur\u00e9e de lecture estim\u00e9e\" \/>\n\t<meta name=\"twitter:data1\" content=\"1 minute\" \/>\n<script type=\"application\/ld+json\" class=\"yoast-schema-graph\">{\"@context\":\"https:\/\/schema.org\",\"@graph\":[{\"@type\":\"WebSite\",\"@id\":\"https:\/\/global-exam.com\/blog\/#website\",\"url\":\"https:\/\/global-exam.com\/blog\/\",\"name\":\"GlobalExam Blog\",\"description\":\"Le blog du sp\\u00e9cialiste de la certification linguistique\",\"potentialAction\":[{\"@type\":\"SearchAction\",\"target\":{\"@type\":\"EntryPoint\",\"urlTemplate\":\"https:\/\/global-exam.com\/blog\/?s={search_term_string}\"},\"query-input\":\"required name=search_term_string\"}],\"inLanguage\":\"fr-FR\"},{\"@type\":\"WebPage\",\"@id\":\"https:\/\/global-exam.com\/blog\/es\/business-english\/categoria-job-skills\/#webpage\",\"url\":\"https:\/\/global-exam.com\/blog\/es\/business-english\/categoria-job-skills\/\",\"name\":\"Job Skills\",\"isPartOf\":{\"@id\":\"https:\/\/global-exam.com\/blog\/#website\"},\"datePublished\":\"2021-12-14T13:33:35+00:00\",\"dateModified\":\"2022-06-27T14:43:49+00:00\",\"breadcrumb\":{\"@id\":\"https:\/\/global-exam.com\/blog\/es\/business-english\/categoria-job-skills\/#breadcrumb\"},\"inLanguage\":\"fr-FR\",\"potentialAction\":[{\"@type\":\"ReadAction\",\"target\":[\"https:\/\/global-exam.com\/blog\/es\/business-english\/categoria-job-skills\/\"]}]},{\"@type\":\"BreadcrumbList\",\"@id\":\"https:\/\/global-exam.com\/blog\/es\/business-english\/categoria-job-skills\/#breadcrumb\",\"itemListElement\":[{\"@type\":\"ListItem\",\"position\":1,\"name\":\"Business English: repasa tu ingl\\u00e9s profesional\",\"item\":\"https:\/\/global-exam.com\/blog\/es\/business-english\/\"},{\"@type\":\"ListItem\",\"position\":2,\"name\":\"Job Skills\"}]}]}<\/script>\n<!-- \/ Yoast SEO plugin. -->","yoast_head_json":{"title":"Job Skills","robots":{"index":"index","follow":"follow","max-snippet":"max-snippet:-1","max-image-preview":"max-image-preview:large","max-video-preview":"max-video-preview:-1"},"canonical":"https:\/\/global-exam.com\/blog\/es\/business-english\/categoria-job-skills\/","og_locale":"fr_FR","og_type":"article","og_title":"Job Skills","og_description":"Esta categor\u00eda est\u00e1 dedicada a las\u00a0habilidades o destrezas\u00a0necesarias para realizar un trabajo que requiera el uso del ingl\u00e9s o para superar una [&hellip;]","og_url":"https:\/\/global-exam.com\/blog\/es\/business-english\/categoria-job-skills\/","og_site_name":"GlobalExam Blog","article_publisher":"https:\/\/www.facebook.com\/Global.Exam","article_modified_time":"2022-06-27T14:43:49+00:00","twitter_card":"summary_large_image","twitter_site":"@Global_Exam","twitter_misc":{"Dur\u00e9e de lecture estim\u00e9e":"1 minute"},"schema":{"@context":"https:\/\/schema.org","@graph":[{"@type":"WebSite","@id":"https:\/\/global-exam.com\/blog\/#website","url":"https:\/\/global-exam.com\/blog\/","name":"GlobalExam Blog","description":"Le blog du sp\u00e9cialiste de la certification linguistique","potentialAction":[{"@type":"SearchAction","target":{"@type":"EntryPoint","urlTemplate":"https:\/\/global-exam.com\/blog\/?s={search_term_string}"},"query-input":"required name=search_term_string"}],"inLanguage":"fr-FR"},{"@type":"WebPage","@id":"https:\/\/global-exam.com\/blog\/es\/business-english\/categoria-job-skills\/#webpage","url":"https:\/\/global-exam.com\/blog\/es\/business-english\/categoria-job-skills\/","name":"Job Skills","isPartOf":{"@id":"https:\/\/global-exam.com\/blog\/#website"},"datePublished":"2021-12-14T13:33:35+00:00","dateModified":"2022-06-27T14:43:49+00:00","breadcrumb":{"@id":"https:\/\/global-exam.com\/blog\/es\/business-english\/categoria-job-skills\/#breadcrumb"},"inLanguage":"fr-FR","potentialAction":[{"@type":"ReadAction","target":["https:\/\/global-exam.com\/blog\/es\/business-english\/categoria-job-skills\/"]}]},{"@type":"BreadcrumbList","@id":"https:\/\/global-exam.com\/blog\/es\/business-english\/categoria-job-skills\/#breadcrumb","itemListElement":[{"@type":"ListItem","position":1,"name":"Business English: repasa tu ingl\u00e9s profesional","item":"https:\/\/global-exam.com\/blog\/es\/business-english\/"},{"@type":"ListItem","position":2,"name":"Job Skills"}]}]}},"lang":"es","translations":{"es":70654},"pll_sync_post":[],"_links":{"self":[{"href":"https:\/\/global-exam.com\/blog\/wp-json\/wp\/v2\/pages\/70654"}],"collection":[{"href":"https:\/\/global-exam.com\/blog\/wp-json\/wp\/v2\/pages"}],"about":[{"href":"https:\/\/global-exam.com\/blog\/wp-json\/wp\/v2\/types\/page"}],"author":[{"embeddable":true,"href":"https:\/\/global-exam.com\/blog\/wp-json\/wp\/v2\/users\/24"}],"replies":[{"embeddable":true,"href":"https:\/\/global-exam.com\/blog\/wp-json\/wp\/v2\/comments?post=70654"}],"version-history":[{"count":3,"href":"https:\/\/global-exam.com\/blog\/wp-json\/wp\/v2\/pages\/70654\/revisions"}],"predecessor-version":[{"id":76572,"href":"https:\/\/global-exam.com\/blog\/wp-json\/wp\/v2\/pages\/70654\/revisions\/76572"}],"up":[{"embeddable":true,"href":"https:\/\/global-exam.com\/blog\/wp-json\/wp\/v2\/pages\/23023"}],"wp:attachment":[{"href":"https:\/\/global-exam.com\/blog\/wp-json\/wp\/v2\/media?parent=70654"}],"curies":[{"name":"wp","href":"https:\/\/api.w.org\/{rel}","templated":true}]}}