{"id":70657,"date":"2021-12-14T14:38:04","date_gmt":"2021-12-14T13:38:04","guid":{"rendered":"https:\/\/global-exam.com\/blog\/?page_id=70657"},"modified":"2022-07-01T15:15:02","modified_gmt":"2022-07-01T13:15:02","slug":"categoria-porque-aprender-ingles","status":"publish","type":"page","link":"https:\/\/global-exam.com\/blog\/es\/aprendizaje-de-idiomas\/general-english-aprende-ingles-online\/categoria-porque-aprender-ingles\/","title":{"rendered":"\u00bfPorque aprender ingl\u00e9s?"},"content":{"rendered":"<p>Muchas veces nos preguntamos por qu\u00e9 debemos aprender una nueva lengua o qu\u00e9 salidas podemos encontrar al saber comunicarnos en otro idioma.\u00a0<strong>Hablar ingl\u00e9s en la actualidad es una gran ventaja,<\/strong>\u00a0ya que en un mundo tan globalizado supone una ventana a la informaci\u00f3n, a la educaci\u00f3n y tambi\u00e9n al trabajo. Cualquiera que sea tu inter\u00e9s particular, debes saber que hablar ingl\u00e9s conlleva una<strong>\u00a0gran cantidad de beneficios<\/strong>\u00a0que puedes descubrir con estos art\u00edculos.<\/p>\n<p>En esta categor\u00eda te mostramos distintos posts en los que podr\u00e1s informarte sobre la\u00a0<strong>importancia de aprender ingl\u00e9s y m\u00e9todos para adquirir la lengua desde cero o r\u00e1pida y f\u00e1cilmente desde casa, adem\u00e1s de ejercicios en l\u00ednea para practicar.<\/strong>\u00a0Si tu meta es viajar al extranjero, tambi\u00e9n encontrar\u00e1s una entrada destinada a informarte sobre las formas de aprender el idioma en ese contexto. Por \u00faltimo, si tu deseo es que tus hijos hablen ingl\u00e9s desde una edad temprana, te ofrecemos un art\u00edculo en el que te contamos los m\u00e9todos de aprendizaje de ingl\u00e9s para ni\u00f1os que existen y las ventajas de empezar a adquirir un idioma en una edad temprana.<\/p>\n<p>En\u00a0<strong>GlobalExam<\/strong>\u00a0consideramos que conocer distintos idiomas es un gran aliado para todas aquellas personas que quieren consolidar una buena carrera acad\u00e9mica o profesional. Adem\u00e1s, tenemos en cuenta las necesidades de la sociedad globalizada en la que vivimos. Por eso, hemos dise\u00f1ado material espec\u00edfico para distintos ex\u00e1menes oficiales de ingl\u00e9s con\u00a0<strong>hojas de gram\u00e1tica y vocabulario<\/strong>,\u00a0<strong>pr\u00e1cticas de cada parte de la prueba y modelos reales<\/strong>\u00a0para que el estudiante se sienta acompa\u00f1ado en su proceso de estudio.<\/p>\n<p>Si a\u00fan tienes dudas de las<strong>\u00a0ventajas de aprender ingl\u00e9s<\/strong>\u00a0y de que haya m\u00e9todos fiables, te invitamos a que leas los art\u00edculos que se encuentran en esta categor\u00eda para informarte en profundidad de todos estos aspectos.<\/p>\n","protected":false},"excerpt":{"rendered":"<p>Muchas veces nos preguntamos por qu\u00e9 debemos aprender una nueva lengua o qu\u00e9 salidas podemos encontrar al saber comunicarnos en otro idioma.\u00a0Hablar [&hellip;]<\/p>\n","protected":false},"author":24,"featured_media":0,"parent":44616,"menu_order":0,"comment_status":"closed","ping_status":"closed","template":"","meta":[],"acf":[],"yoast_head":"<!-- This site is optimized with the Yoast SEO plugin v17.2.1 - https:\/\/yoast.com\/wordpress\/plugins\/seo\/ -->\n<title>\u00bfPorque aprender ingl\u00e9s?<\/title>\n<meta name=\"robots\" content=\"index, follow, max-snippet:-1, max-image-preview:large, max-video-preview:-1\" \/>\n<link rel=\"canonical\" href=\"https:\/\/global-exam.com\/blog\/es\/aprendizaje-de-idiomas\/general-english-aprende-ingles-online\/categoria-porque-aprender-ingles\/\" \/>\n<meta property=\"og:locale\" content=\"fr_FR\" \/>\n<meta property=\"og:type\" content=\"article\" \/>\n<meta property=\"og:title\" content=\"\u00bfPorque aprender ingl\u00e9s?\" \/>\n<meta property=\"og:description\" content=\"Muchas veces nos preguntamos por qu\u00e9 debemos aprender una nueva lengua o qu\u00e9 salidas podemos encontrar al saber comunicarnos en otro idioma.\u00a0Hablar [&hellip;]\" \/>\n<meta property=\"og:url\" content=\"https:\/\/global-exam.com\/blog\/es\/aprendizaje-de-idiomas\/general-english-aprende-ingles-online\/categoria-porque-aprender-ingles\/\" \/>\n<meta property=\"og:site_name\" content=\"GlobalExam Blog\" \/>\n<meta property=\"article:publisher\" content=\"https:\/\/www.facebook.com\/Global.Exam\" \/>\n<meta property=\"article:modified_time\" content=\"2022-07-01T13:15:02+00:00\" \/>\n<meta name=\"twitter:card\" content=\"summary_large_image\" \/>\n<meta name=\"twitter:site\" content=\"@Global_Exam\" \/>\n<meta name=\"twitter:label1\" content=\"Dur\u00e9e de lecture estim\u00e9e\" \/>\n\t<meta name=\"twitter:data1\" content=\"2 minutes\" \/>\n<script type=\"application\/ld+json\" class=\"yoast-schema-graph\">{\"@context\":\"https:\/\/schema.org\",\"@graph\":[{\"@type\":\"WebSite\",\"@id\":\"https:\/\/global-exam.com\/blog\/#website\",\"url\":\"https:\/\/global-exam.com\/blog\/\",\"name\":\"GlobalExam Blog\",\"description\":\"Le blog du sp\\u00e9cialiste de la certification linguistique\",\"potentialAction\":[{\"@type\":\"SearchAction\",\"target\":{\"@type\":\"EntryPoint\",\"urlTemplate\":\"https:\/\/global-exam.com\/blog\/?s={search_term_string}\"},\"query-input\":\"required name=search_term_string\"}],\"inLanguage\":\"fr-FR\"},{\"@type\":\"WebPage\",\"@id\":\"https:\/\/global-exam.com\/blog\/es\/aprendizaje-de-idiomas\/general-english-aprende-ingles-online\/categoria-porque-aprender-ingles\/#webpage\",\"url\":\"https:\/\/global-exam.com\/blog\/es\/aprendizaje-de-idiomas\/general-english-aprende-ingles-online\/categoria-porque-aprender-ingles\/\",\"name\":\"\\u00bfPorque aprender ingl\\u00e9s?\",\"isPartOf\":{\"@id\":\"https:\/\/global-exam.com\/blog\/#website\"},\"datePublished\":\"2021-12-14T13:38:04+00:00\",\"dateModified\":\"2022-07-01T13:15:02+00:00\",\"breadcrumb\":{\"@id\":\"https:\/\/global-exam.com\/blog\/es\/aprendizaje-de-idiomas\/general-english-aprende-ingles-online\/categoria-porque-aprender-ingles\/#breadcrumb\"},\"inLanguage\":\"fr-FR\",\"potentialAction\":[{\"@type\":\"ReadAction\",\"target\":[\"https:\/\/global-exam.com\/blog\/es\/aprendizaje-de-idiomas\/general-english-aprende-ingles-online\/categoria-porque-aprender-ingles\/\"]}]},{\"@type\":\"BreadcrumbList\",\"@id\":\"https:\/\/global-exam.com\/blog\/es\/aprendizaje-de-idiomas\/general-english-aprende-ingles-online\/categoria-porque-aprender-ingles\/#breadcrumb\",\"itemListElement\":[{\"@type\":\"ListItem\",\"position\":1,\"name\":\"Aprendizaje de idiomas\",\"item\":\"https:\/\/global-exam.com\/blog\/es\/aprendizaje-de-idiomas\/\"},{\"@type\":\"ListItem\",\"position\":2,\"name\":\"Aprende ingl\\u00e9s online con el Global General !\",\"item\":\"https:\/\/global-exam.com\/blog\/es\/aprendizaje-de-idiomas\/general-english-aprende-ingles-online\/\"},{\"@type\":\"ListItem\",\"position\":3,\"name\":\"\\u00bfPorque aprender ingl\\u00e9s?\"}]}]}<\/script>\n<!-- \/ Yoast SEO plugin. -->","yoast_head_json":{"title":"\u00bfPorque aprender ingl\u00e9s?","robots":{"index":"index","follow":"follow","max-snippet":"max-snippet:-1","max-image-preview":"max-image-preview:large","max-video-preview":"max-video-preview:-1"},"canonical":"https:\/\/global-exam.com\/blog\/es\/aprendizaje-de-idiomas\/general-english-aprende-ingles-online\/categoria-porque-aprender-ingles\/","og_locale":"fr_FR","og_type":"article","og_title":"\u00bfPorque aprender ingl\u00e9s?","og_description":"Muchas veces nos preguntamos por qu\u00e9 debemos aprender una nueva lengua o qu\u00e9 salidas podemos encontrar al saber comunicarnos en otro idioma.\u00a0Hablar [&hellip;]","og_url":"https:\/\/global-exam.com\/blog\/es\/aprendizaje-de-idiomas\/general-english-aprende-ingles-online\/categoria-porque-aprender-ingles\/","og_site_name":"GlobalExam Blog","article_publisher":"https:\/\/www.facebook.com\/Global.Exam","article_modified_time":"2022-07-01T13:15:02+00:00","twitter_card":"summary_large_image","twitter_site":"@Global_Exam","twitter_misc":{"Dur\u00e9e de lecture estim\u00e9e":"2 minutes"},"schema":{"@context":"https:\/\/schema.org","@graph":[{"@type":"WebSite","@id":"https:\/\/global-exam.com\/blog\/#website","url":"https:\/\/global-exam.com\/blog\/","name":"GlobalExam Blog","description":"Le blog du sp\u00e9cialiste de la certification linguistique","potentialAction":[{"@type":"SearchAction","target":{"@type":"EntryPoint","urlTemplate":"https:\/\/global-exam.com\/blog\/?s={search_term_string}"},"query-input":"required name=search_term_string"}],"inLanguage":"fr-FR"},{"@type":"WebPage","@id":"https:\/\/global-exam.com\/blog\/es\/aprendizaje-de-idiomas\/general-english-aprende-ingles-online\/categoria-porque-aprender-ingles\/#webpage","url":"https:\/\/global-exam.com\/blog\/es\/aprendizaje-de-idiomas\/general-english-aprende-ingles-online\/categoria-porque-aprender-ingles\/","name":"\u00bfPorque aprender ingl\u00e9s?","isPartOf":{"@id":"https:\/\/global-exam.com\/blog\/#website"},"datePublished":"2021-12-14T13:38:04+00:00","dateModified":"2022-07-01T13:15:02+00:00","breadcrumb":{"@id":"https:\/\/global-exam.com\/blog\/es\/aprendizaje-de-idiomas\/general-english-aprende-ingles-online\/categoria-porque-aprender-ingles\/#breadcrumb"},"inLanguage":"fr-FR","potentialAction":[{"@type":"ReadAction","target":["https:\/\/global-exam.com\/blog\/es\/aprendizaje-de-idiomas\/general-english-aprende-ingles-online\/categoria-porque-aprender-ingles\/"]}]},{"@type":"BreadcrumbList","@id":"https:\/\/global-exam.com\/blog\/es\/aprendizaje-de-idiomas\/general-english-aprende-ingles-online\/categoria-porque-aprender-ingles\/#breadcrumb","itemListElement":[{"@type":"ListItem","position":1,"name":"Aprendizaje de idiomas","item":"https:\/\/global-exam.com\/blog\/es\/aprendizaje-de-idiomas\/"},{"@type":"ListItem","position":2,"name":"Aprende ingl\u00e9s online con el Global General !","item":"https:\/\/global-exam.com\/blog\/es\/aprendizaje-de-idiomas\/general-english-aprende-ingles-online\/"},{"@type":"ListItem","position":3,"name":"\u00bfPorque aprender ingl\u00e9s?"}]}]}},"lang":"es","translations":{"es":70657},"pll_sync_post":[],"_links":{"self":[{"href":"https:\/\/global-exam.com\/blog\/wp-json\/wp\/v2\/pages\/70657"}],"collection":[{"href":"https:\/\/global-exam.com\/blog\/wp-json\/wp\/v2\/pages"}],"about":[{"href":"https:\/\/global-exam.com\/blog\/wp-json\/wp\/v2\/types\/page"}],"author":[{"embeddable":true,"href":"https:\/\/global-exam.com\/blog\/wp-json\/wp\/v2\/users\/24"}],"replies":[{"embeddable":true,"href":"https:\/\/global-exam.com\/blog\/wp-json\/wp\/v2\/comments?post=70657"}],"version-history":[{"count":3,"href":"https:\/\/global-exam.com\/blog\/wp-json\/wp\/v2\/pages\/70657\/revisions"}],"predecessor-version":[{"id":77255,"href":"https:\/\/global-exam.com\/blog\/wp-json\/wp\/v2\/pages\/70657\/revisions\/77255"}],"up":[{"embeddable":true,"href":"https:\/\/global-exam.com\/blog\/wp-json\/wp\/v2\/pages\/44616"}],"wp:attachment":[{"href":"https:\/\/global-exam.com\/blog\/wp-json\/wp\/v2\/media?parent=70657"}],"curies":[{"name":"wp","href":"https:\/\/api.w.org\/{rel}","templated":true}]}}