{"id":70661,"date":"2021-12-14T14:51:44","date_gmt":"2021-12-14T13:51:44","guid":{"rendered":"https:\/\/global-exam.com\/blog\/?page_id=70661"},"modified":"2022-08-18T16:41:46","modified_gmt":"2022-08-18T14:41:46","slug":"categorie-vocabulaire-en-francais","status":"publish","type":"page","link":"https:\/\/global-exam.com\/blog\/fr\/apprentissage-des-langues\/general-french-apprenez-le-francais-en-ligne\/categorie-vocabulaire-en-francais\/","title":{"rendered":"Vocabulaire en Fran\u00e7ais"},"content":{"rendered":"<p>Ma\u00eetriser le vocabulaire fran\u00e7ais<\/p>\n<p><span style=\"font-weight: 400;\">Dans cette cat\u00e9gorie, vous pourrez retrouver <\/span><b>toutes nos fiches de vocabulaire fran\u00e7ais pour r\u00e9viser.<\/b><\/p>\n<p><span style=\"font-weight: 400;\">Bien conna\u00eetre le vocabulaire du quotidien et des situations courantes en fran\u00e7ais est tr\u00e8s important. Quel que soit votre niveau ou votre objectif, vous aurez \u00e0 un moment besoin de communiquer, de pouvoir vous exprimer avec des Fran\u00e7ais et entretenir les conversations \u00e9l\u00e9mentaires. La ma\u00eetrise du vocabulaire fran\u00e7ais pourra vous \u00eatre utile pour vos \u00e9tudes, pour le travail ou encore si vous souhaitez voyager.<\/span><\/p>\n<p><span style=\"font-weight: 400;\">Ces fiches vous permettront de vous approprier les bons termes pour <\/span><b>vous exprimer \u00e0 l\u2019\u00e9crit ou \u00e0 l\u2019oral en utilisant les expressions appropri\u00e9es selon le contexte<\/b><span style=\"font-weight: 400;\">. Conna\u00eetre de nombreux mots pourra vous permettre de donner votre opinion sur un sujet particulier.<\/span><\/p>\n<p><span style=\"font-weight: 400;\">Sur notre blog, vous aurez acc\u00e8s \u00e0 <b>de nombreux conseils et des exemples de phrases pour apprendre le vocabulaire du fran\u00e7ais<\/b>.<\/span><\/p>\n","protected":false},"excerpt":{"rendered":"<p>Ma\u00eetriser le vocabulaire fran\u00e7ais Dans cette cat\u00e9gorie, vous pourrez retrouver toutes nos fiches de vocabulaire fran\u00e7ais pour r\u00e9viser. Bien conna\u00eetre le vocabulaire [&hellip;]<\/p>\n","protected":false},"author":24,"featured_media":77093,"parent":53915,"menu_order":0,"comment_status":"closed","ping_status":"closed","template":"","meta":[],"acf":[],"yoast_head":"<!-- This site is optimized with the Yoast SEO plugin v17.2.1 - https:\/\/yoast.com\/wordpress\/plugins\/seo\/ -->\n<title>Vocabulaire en Fran\u00e7ais - GlobalExam Blog<\/title>\n<meta name=\"description\" content=\"Apprenez sans plus attendre le vocabulaire fran\u00e7ais FLE gr\u00e2ce \u00e0 nos fiches de r\u00e9visions ! Augmentez votre niveau de langue avec GlobalExam.\" \/>\n<meta name=\"robots\" content=\"index, follow, max-snippet:-1, max-image-preview:large, max-video-preview:-1\" \/>\n<link rel=\"canonical\" href=\"https:\/\/global-exam.com\/blog\/fr\/apprentissage-des-langues\/general-french-apprenez-le-francais-en-ligne\/categorie-vocabulaire-en-francais\/\" \/>\n<meta property=\"og:locale\" content=\"fr_FR\" \/>\n<meta property=\"og:type\" content=\"article\" \/>\n<meta property=\"og:title\" content=\"Vocabulaire en Fran\u00e7ais - GlobalExam Blog\" \/>\n<meta property=\"og:description\" content=\"Apprenez sans plus attendre le vocabulaire fran\u00e7ais FLE gr\u00e2ce \u00e0 nos fiches de r\u00e9visions ! Augmentez votre niveau de langue avec GlobalExam.\" \/>\n<meta property=\"og:url\" content=\"https:\/\/global-exam.com\/blog\/fr\/apprentissage-des-langues\/general-french-apprenez-le-francais-en-ligne\/categorie-vocabulaire-en-francais\/\" \/>\n<meta property=\"og:site_name\" content=\"GlobalExam Blog\" \/>\n<meta property=\"article:publisher\" content=\"https:\/\/www.facebook.com\/Global.Exam\" \/>\n<meta property=\"article:modified_time\" content=\"2022-08-18T14:41:46+00:00\" \/>\n<meta property=\"og:image\" content=\"https:\/\/global-exam.com\/blog\/wp-content\/uploads\/2022\/06\/apprendre-langues-e1656516516331.jpg\" \/>\n\t<meta property=\"og:image:width\" content=\"650\" \/>\n\t<meta property=\"og:image:height\" content=\"650\" \/>\n<meta name=\"twitter:card\" content=\"summary_large_image\" \/>\n<meta name=\"twitter:site\" content=\"@Global_Exam\" \/>\n<meta name=\"twitter:label1\" content=\"Dur\u00e9e de lecture estim\u00e9e\" \/>\n\t<meta name=\"twitter:data1\" content=\"3 minutes\" \/>\n<script type=\"application\/ld+json\" class=\"yoast-schema-graph\">{\"@context\":\"https:\/\/schema.org\",\"@graph\":[{\"@type\":\"WebSite\",\"@id\":\"https:\/\/global-exam.com\/blog\/#website\",\"url\":\"https:\/\/global-exam.com\/blog\/\",\"name\":\"GlobalExam Blog\",\"description\":\"Le blog du sp\\u00e9cialiste de la certification linguistique\",\"potentialAction\":[{\"@type\":\"SearchAction\",\"target\":{\"@type\":\"EntryPoint\",\"urlTemplate\":\"https:\/\/global-exam.com\/blog\/?s={search_term_string}\"},\"query-input\":\"required name=search_term_string\"}],\"inLanguage\":\"fr-FR\"},{\"@type\":\"ImageObject\",\"@id\":\"https:\/\/global-exam.com\/blog\/fr\/apprentissage-des-langues\/general-french-apprenez-le-francais-en-ligne\/categorie-vocabulaire-en-francais\/#primaryimage\",\"inLanguage\":\"fr-FR\",\"url\":\"https:\/\/global-exam.com\/blog\/wp-content\/uploads\/2022\/06\/apprendre-langues-e1656516516331.jpg\",\"contentUrl\":\"https:\/\/global-exam.com\/blog\/wp-content\/uploads\/2022\/06\/apprendre-langues-e1656516516331.jpg\",\"width\":650,\"height\":650,\"caption\":\"Apprendre les langues en ligne\"},{\"@type\":\"WebPage\",\"@id\":\"https:\/\/global-exam.com\/blog\/fr\/apprentissage-des-langues\/general-french-apprenez-le-francais-en-ligne\/categorie-vocabulaire-en-francais\/#webpage\",\"url\":\"https:\/\/global-exam.com\/blog\/fr\/apprentissage-des-langues\/general-french-apprenez-le-francais-en-ligne\/categorie-vocabulaire-en-francais\/\",\"name\":\"Vocabulaire en Fran\\u00e7ais - GlobalExam Blog\",\"isPartOf\":{\"@id\":\"https:\/\/global-exam.com\/blog\/#website\"},\"primaryImageOfPage\":{\"@id\":\"https:\/\/global-exam.com\/blog\/fr\/apprentissage-des-langues\/general-french-apprenez-le-francais-en-ligne\/categorie-vocabulaire-en-francais\/#primaryimage\"},\"datePublished\":\"2021-12-14T13:51:44+00:00\",\"dateModified\":\"2022-08-18T14:41:46+00:00\",\"description\":\"Apprenez sans plus attendre le vocabulaire fran\\u00e7ais FLE gr\\u00e2ce \\u00e0 nos fiches de r\\u00e9visions ! Augmentez votre niveau de langue avec GlobalExam.\",\"breadcrumb\":{\"@id\":\"https:\/\/global-exam.com\/blog\/fr\/apprentissage-des-langues\/general-french-apprenez-le-francais-en-ligne\/categorie-vocabulaire-en-francais\/#breadcrumb\"},\"inLanguage\":\"fr-FR\",\"potentialAction\":[{\"@type\":\"ReadAction\",\"target\":[\"https:\/\/global-exam.com\/blog\/fr\/apprentissage-des-langues\/general-french-apprenez-le-francais-en-ligne\/categorie-vocabulaire-en-francais\/\"]}]},{\"@type\":\"BreadcrumbList\",\"@id\":\"https:\/\/global-exam.com\/blog\/fr\/apprentissage-des-langues\/general-french-apprenez-le-francais-en-ligne\/categorie-vocabulaire-en-francais\/#breadcrumb\",\"itemListElement\":[{\"@type\":\"ListItem\",\"position\":1,\"name\":\"Apprentissage des langues\",\"item\":\"https:\/\/global-exam.com\/blog\/fr\/apprentissage-des-langues\/\"},{\"@type\":\"ListItem\",\"position\":2,\"name\":\"Apprenez le fran\\u00e7ais en ligne : General Fran\\u00e7ais\",\"item\":\"https:\/\/global-exam.com\/blog\/fr\/apprentissage-des-langues\/general-french-apprenez-le-francais-en-ligne\/\"},{\"@type\":\"ListItem\",\"position\":3,\"name\":\"Vocabulaire en Fran\\u00e7ais\"}]}]}<\/script>\n<!-- \/ Yoast SEO plugin. -->","yoast_head_json":{"title":"Vocabulaire en Fran\u00e7ais - GlobalExam Blog","description":"Apprenez sans plus attendre le vocabulaire fran\u00e7ais FLE gr\u00e2ce \u00e0 nos fiches de r\u00e9visions ! Augmentez votre niveau de langue avec GlobalExam.","robots":{"index":"index","follow":"follow","max-snippet":"max-snippet:-1","max-image-preview":"max-image-preview:large","max-video-preview":"max-video-preview:-1"},"canonical":"https:\/\/global-exam.com\/blog\/fr\/apprentissage-des-langues\/general-french-apprenez-le-francais-en-ligne\/categorie-vocabulaire-en-francais\/","og_locale":"fr_FR","og_type":"article","og_title":"Vocabulaire en Fran\u00e7ais - GlobalExam Blog","og_description":"Apprenez sans plus attendre le vocabulaire fran\u00e7ais FLE gr\u00e2ce \u00e0 nos fiches de r\u00e9visions ! Augmentez votre niveau de langue avec GlobalExam.","og_url":"https:\/\/global-exam.com\/blog\/fr\/apprentissage-des-langues\/general-french-apprenez-le-francais-en-ligne\/categorie-vocabulaire-en-francais\/","og_site_name":"GlobalExam Blog","article_publisher":"https:\/\/www.facebook.com\/Global.Exam","article_modified_time":"2022-08-18T14:41:46+00:00","og_image":[{"width":650,"height":650,"url":"https:\/\/global-exam.com\/blog\/wp-content\/uploads\/2022\/06\/apprendre-langues-e1656516516331.jpg","path":"\/home\/forge\/prod-20220704.global-exam.com\/wp-content\/uploads\/2022\/06\/apprendre-langues-e1656516516331.jpg","size":"full","id":77093,"alt":"Apprendre les langues en ligne","pixels":422500,"type":"image\/jpeg"}],"twitter_card":"summary_large_image","twitter_site":"@Global_Exam","twitter_misc":{"Dur\u00e9e de lecture estim\u00e9e":"3 minutes"},"schema":{"@context":"https:\/\/schema.org","@graph":[{"@type":"WebSite","@id":"https:\/\/global-exam.com\/blog\/#website","url":"https:\/\/global-exam.com\/blog\/","name":"GlobalExam Blog","description":"Le blog du sp\u00e9cialiste de la certification linguistique","potentialAction":[{"@type":"SearchAction","target":{"@type":"EntryPoint","urlTemplate":"https:\/\/global-exam.com\/blog\/?s={search_term_string}"},"query-input":"required name=search_term_string"}],"inLanguage":"fr-FR"},{"@type":"ImageObject","@id":"https:\/\/global-exam.com\/blog\/fr\/apprentissage-des-langues\/general-french-apprenez-le-francais-en-ligne\/categorie-vocabulaire-en-francais\/#primaryimage","inLanguage":"fr-FR","url":"https:\/\/global-exam.com\/blog\/wp-content\/uploads\/2022\/06\/apprendre-langues-e1656516516331.jpg","contentUrl":"https:\/\/global-exam.com\/blog\/wp-content\/uploads\/2022\/06\/apprendre-langues-e1656516516331.jpg","width":650,"height":650,"caption":"Apprendre les langues en ligne"},{"@type":"WebPage","@id":"https:\/\/global-exam.com\/blog\/fr\/apprentissage-des-langues\/general-french-apprenez-le-francais-en-ligne\/categorie-vocabulaire-en-francais\/#webpage","url":"https:\/\/global-exam.com\/blog\/fr\/apprentissage-des-langues\/general-french-apprenez-le-francais-en-ligne\/categorie-vocabulaire-en-francais\/","name":"Vocabulaire en Fran\u00e7ais - GlobalExam Blog","isPartOf":{"@id":"https:\/\/global-exam.com\/blog\/#website"},"primaryImageOfPage":{"@id":"https:\/\/global-exam.com\/blog\/fr\/apprentissage-des-langues\/general-french-apprenez-le-francais-en-ligne\/categorie-vocabulaire-en-francais\/#primaryimage"},"datePublished":"2021-12-14T13:51:44+00:00","dateModified":"2022-08-18T14:41:46+00:00","description":"Apprenez sans plus attendre le vocabulaire fran\u00e7ais FLE gr\u00e2ce \u00e0 nos fiches de r\u00e9visions ! Augmentez votre niveau de langue avec GlobalExam.","breadcrumb":{"@id":"https:\/\/global-exam.com\/blog\/fr\/apprentissage-des-langues\/general-french-apprenez-le-francais-en-ligne\/categorie-vocabulaire-en-francais\/#breadcrumb"},"inLanguage":"fr-FR","potentialAction":[{"@type":"ReadAction","target":["https:\/\/global-exam.com\/blog\/fr\/apprentissage-des-langues\/general-french-apprenez-le-francais-en-ligne\/categorie-vocabulaire-en-francais\/"]}]},{"@type":"BreadcrumbList","@id":"https:\/\/global-exam.com\/blog\/fr\/apprentissage-des-langues\/general-french-apprenez-le-francais-en-ligne\/categorie-vocabulaire-en-francais\/#breadcrumb","itemListElement":[{"@type":"ListItem","position":1,"name":"Apprentissage des langues","item":"https:\/\/global-exam.com\/blog\/fr\/apprentissage-des-langues\/"},{"@type":"ListItem","position":2,"name":"Apprenez le fran\u00e7ais en ligne : General Fran\u00e7ais","item":"https:\/\/global-exam.com\/blog\/fr\/apprentissage-des-langues\/general-french-apprenez-le-francais-en-ligne\/"},{"@type":"ListItem","position":3,"name":"Vocabulaire en Fran\u00e7ais"}]}]}},"lang":"fr","translations":{"fr":70661},"pll_sync_post":[],"_links":{"self":[{"href":"https:\/\/global-exam.com\/blog\/wp-json\/wp\/v2\/pages\/70661"}],"collection":[{"href":"https:\/\/global-exam.com\/blog\/wp-json\/wp\/v2\/pages"}],"about":[{"href":"https:\/\/global-exam.com\/blog\/wp-json\/wp\/v2\/types\/page"}],"author":[{"embeddable":true,"href":"https:\/\/global-exam.com\/blog\/wp-json\/wp\/v2\/users\/24"}],"replies":[{"embeddable":true,"href":"https:\/\/global-exam.com\/blog\/wp-json\/wp\/v2\/comments?post=70661"}],"version-history":[{"count":7,"href":"https:\/\/global-exam.com\/blog\/wp-json\/wp\/v2\/pages\/70661\/revisions"}],"predecessor-version":[{"id":78259,"href":"https:\/\/global-exam.com\/blog\/wp-json\/wp\/v2\/pages\/70661\/revisions\/78259"}],"up":[{"embeddable":true,"href":"https:\/\/global-exam.com\/blog\/wp-json\/wp\/v2\/pages\/53915"}],"wp:featuredmedia":[{"embeddable":true,"href":"https:\/\/global-exam.com\/blog\/wp-json\/wp\/v2\/media\/77093"}],"wp:attachment":[{"href":"https:\/\/global-exam.com\/blog\/wp-json\/wp\/v2\/media?parent=70661"}],"curies":[{"name":"wp","href":"https:\/\/api.w.org\/{rel}","templated":true}]}}