{"id":70662,"date":"2021-12-14T14:42:23","date_gmt":"2021-12-14T13:42:23","guid":{"rendered":"https:\/\/global-exam.com\/blog\/?page_id=70662"},"modified":"2022-07-01T15:15:00","modified_gmt":"2022-07-01T13:15:00","slug":"categoria-metodos-para-aprender-ingles","status":"publish","type":"page","link":"https:\/\/global-exam.com\/blog\/es\/aprendizaje-de-idiomas\/general-english-aprende-ingles-online\/categoria-metodos-para-aprender-ingles\/","title":{"rendered":"M\u00e9todos para aprender ingl\u00e9s"},"content":{"rendered":"<p>Si est\u00e1s buscando cu\u00e1les son los mejores\u00a0<strong>m\u00e9todos para aprender ingl\u00e9s<\/strong>, en este espacio podr\u00e1s encontrar toda la informaci\u00f3n que necesitas para conocer los enfoques m\u00e1s innovadores y novedosos que har\u00e1n que avances en tu nivel de\u00a0<strong>conocimiento de la lengua<\/strong>\u00a0y, adem\u00e1s, que te diviertas. No olvides que estudiar un nuevo idioma no debe ser un reto imposible de conseguir si encuentras la manera de aprender adecuada a tus aptitudes y tus necesidades.<\/p>\n<p>Consideramos necesario ofrecerles a los estudiantes de ingl\u00e9s las herramientas m\u00e1s modernas para aprender en el contexto tecnol\u00f3gico en el que nos encontramos. Por eso, en esta categor\u00eda te ofrecemos distintos art\u00edculos divididos en m\u00e9todos que son altamente adecuados para el aprendizaje de ingl\u00e9s. Entre ellos encontrar\u00e1s\u00a0<strong>podcasts especializados, las mejores canciones, v\u00eddeos, series, pel\u00edculas, sitios web, emisoras de radio y aplicaciones especializadas.<\/strong>\u00a0En cada una de estas entradas del blog te informamos tambi\u00e9n de los beneficios de cada una de estas formas de adentrarte en el estudio del idioma.<\/p>\n<p>Desde\u00a0<strong>GlobalExam<\/strong>\u00a0comprendemos la necesidad actual de aprender ingl\u00e9s y, sobre todo, de acreditar certificados oficiales que nos abran las puertas a una mejor carrera profesional o acad\u00e9mica. Aparte de todos estos art\u00edculos, en nuestra plataforma contamos con material te\u00f3rico y pr\u00e1ctico dise\u00f1ado por especialistas del \u00e1rea para que te prepares para conseguir el t\u00edtulo del\u00a0<strong>TOEIC, IELTS, TOEFL, LanguageCert, Bright English, Linguaskill,<\/strong>\u00a0y cualquier\u00a0<strong>examen de Cambridge<\/strong>\u00a0(A2 Key, B1 Preliminary, B2 First, C1 Advanced). En nuestra plataforma encontrar\u00e1s ex\u00e1menes modelo de cada una de estas pruebas para que puedas orientar tu estudio y planificarte hasta el d\u00eda de la prueba.<\/p>\n<p>Te animamos a que sigas descubriendo las mejores formas de aprender ingl\u00e9s en esta categor\u00eda y que encuentres tu\u00a0<strong>m\u00e9todo ideal<\/strong>\u00a0para poder conseguir tu objetivo de comunicarte en un nuevo idioma.<\/p>\n","protected":false},"excerpt":{"rendered":"<p>Si est\u00e1s buscando cu\u00e1les son los mejores\u00a0m\u00e9todos para aprender ingl\u00e9s, en este espacio podr\u00e1s encontrar toda la informaci\u00f3n que necesitas para conocer [&hellip;]<\/p>\n","protected":false},"author":24,"featured_media":0,"parent":44616,"menu_order":0,"comment_status":"closed","ping_status":"closed","template":"","meta":[],"acf":[],"yoast_head":"<!-- This site is optimized with the Yoast SEO plugin v17.2.1 - https:\/\/yoast.com\/wordpress\/plugins\/seo\/ -->\n<title>M\u00e9todos para aprender ingl\u00e9s<\/title>\n<meta name=\"robots\" content=\"index, follow, max-snippet:-1, max-image-preview:large, max-video-preview:-1\" \/>\n<link rel=\"canonical\" href=\"https:\/\/global-exam.com\/blog\/es\/aprendizaje-de-idiomas\/general-english-aprende-ingles-online\/categoria-metodos-para-aprender-ingles\/\" \/>\n<meta property=\"og:locale\" content=\"fr_FR\" \/>\n<meta property=\"og:type\" content=\"article\" \/>\n<meta property=\"og:title\" content=\"M\u00e9todos para aprender ingl\u00e9s\" \/>\n<meta property=\"og:description\" content=\"Si est\u00e1s buscando cu\u00e1les son los mejores\u00a0m\u00e9todos para aprender ingl\u00e9s, en este espacio podr\u00e1s encontrar toda la informaci\u00f3n que necesitas para conocer [&hellip;]\" \/>\n<meta property=\"og:url\" content=\"https:\/\/global-exam.com\/blog\/es\/aprendizaje-de-idiomas\/general-english-aprende-ingles-online\/categoria-metodos-para-aprender-ingles\/\" \/>\n<meta property=\"og:site_name\" content=\"GlobalExam Blog\" \/>\n<meta property=\"article:publisher\" content=\"https:\/\/www.facebook.com\/Global.Exam\" \/>\n<meta property=\"article:modified_time\" content=\"2022-07-01T13:15:00+00:00\" \/>\n<meta name=\"twitter:card\" content=\"summary_large_image\" \/>\n<meta name=\"twitter:site\" content=\"@Global_Exam\" \/>\n<meta name=\"twitter:label1\" content=\"Dur\u00e9e de lecture estim\u00e9e\" \/>\n\t<meta name=\"twitter:data1\" content=\"2 minutes\" \/>\n<script type=\"application\/ld+json\" class=\"yoast-schema-graph\">{\"@context\":\"https:\/\/schema.org\",\"@graph\":[{\"@type\":\"WebSite\",\"@id\":\"https:\/\/global-exam.com\/blog\/#website\",\"url\":\"https:\/\/global-exam.com\/blog\/\",\"name\":\"GlobalExam Blog\",\"description\":\"Le blog du sp\\u00e9cialiste de la certification linguistique\",\"potentialAction\":[{\"@type\":\"SearchAction\",\"target\":{\"@type\":\"EntryPoint\",\"urlTemplate\":\"https:\/\/global-exam.com\/blog\/?s={search_term_string}\"},\"query-input\":\"required name=search_term_string\"}],\"inLanguage\":\"fr-FR\"},{\"@type\":\"WebPage\",\"@id\":\"https:\/\/global-exam.com\/blog\/es\/aprendizaje-de-idiomas\/general-english-aprende-ingles-online\/categoria-metodos-para-aprender-ingles\/#webpage\",\"url\":\"https:\/\/global-exam.com\/blog\/es\/aprendizaje-de-idiomas\/general-english-aprende-ingles-online\/categoria-metodos-para-aprender-ingles\/\",\"name\":\"M\\u00e9todos para aprender ingl\\u00e9s\",\"isPartOf\":{\"@id\":\"https:\/\/global-exam.com\/blog\/#website\"},\"datePublished\":\"2021-12-14T13:42:23+00:00\",\"dateModified\":\"2022-07-01T13:15:00+00:00\",\"breadcrumb\":{\"@id\":\"https:\/\/global-exam.com\/blog\/es\/aprendizaje-de-idiomas\/general-english-aprende-ingles-online\/categoria-metodos-para-aprender-ingles\/#breadcrumb\"},\"inLanguage\":\"fr-FR\",\"potentialAction\":[{\"@type\":\"ReadAction\",\"target\":[\"https:\/\/global-exam.com\/blog\/es\/aprendizaje-de-idiomas\/general-english-aprende-ingles-online\/categoria-metodos-para-aprender-ingles\/\"]}]},{\"@type\":\"BreadcrumbList\",\"@id\":\"https:\/\/global-exam.com\/blog\/es\/aprendizaje-de-idiomas\/general-english-aprende-ingles-online\/categoria-metodos-para-aprender-ingles\/#breadcrumb\",\"itemListElement\":[{\"@type\":\"ListItem\",\"position\":1,\"name\":\"Aprendizaje de idiomas\",\"item\":\"https:\/\/global-exam.com\/blog\/es\/aprendizaje-de-idiomas\/\"},{\"@type\":\"ListItem\",\"position\":2,\"name\":\"Aprende ingl\\u00e9s online con el Global General !\",\"item\":\"https:\/\/global-exam.com\/blog\/es\/aprendizaje-de-idiomas\/general-english-aprende-ingles-online\/\"},{\"@type\":\"ListItem\",\"position\":3,\"name\":\"M\\u00e9todos para aprender ingl\\u00e9s\"}]}]}<\/script>\n<!-- \/ Yoast SEO plugin. -->","yoast_head_json":{"title":"M\u00e9todos para aprender ingl\u00e9s","robots":{"index":"index","follow":"follow","max-snippet":"max-snippet:-1","max-image-preview":"max-image-preview:large","max-video-preview":"max-video-preview:-1"},"canonical":"https:\/\/global-exam.com\/blog\/es\/aprendizaje-de-idiomas\/general-english-aprende-ingles-online\/categoria-metodos-para-aprender-ingles\/","og_locale":"fr_FR","og_type":"article","og_title":"M\u00e9todos para aprender ingl\u00e9s","og_description":"Si est\u00e1s buscando cu\u00e1les son los mejores\u00a0m\u00e9todos para aprender ingl\u00e9s, en este espacio podr\u00e1s encontrar toda la informaci\u00f3n que necesitas para conocer [&hellip;]","og_url":"https:\/\/global-exam.com\/blog\/es\/aprendizaje-de-idiomas\/general-english-aprende-ingles-online\/categoria-metodos-para-aprender-ingles\/","og_site_name":"GlobalExam Blog","article_publisher":"https:\/\/www.facebook.com\/Global.Exam","article_modified_time":"2022-07-01T13:15:00+00:00","twitter_card":"summary_large_image","twitter_site":"@Global_Exam","twitter_misc":{"Dur\u00e9e de lecture estim\u00e9e":"2 minutes"},"schema":{"@context":"https:\/\/schema.org","@graph":[{"@type":"WebSite","@id":"https:\/\/global-exam.com\/blog\/#website","url":"https:\/\/global-exam.com\/blog\/","name":"GlobalExam Blog","description":"Le blog du sp\u00e9cialiste de la certification linguistique","potentialAction":[{"@type":"SearchAction","target":{"@type":"EntryPoint","urlTemplate":"https:\/\/global-exam.com\/blog\/?s={search_term_string}"},"query-input":"required name=search_term_string"}],"inLanguage":"fr-FR"},{"@type":"WebPage","@id":"https:\/\/global-exam.com\/blog\/es\/aprendizaje-de-idiomas\/general-english-aprende-ingles-online\/categoria-metodos-para-aprender-ingles\/#webpage","url":"https:\/\/global-exam.com\/blog\/es\/aprendizaje-de-idiomas\/general-english-aprende-ingles-online\/categoria-metodos-para-aprender-ingles\/","name":"M\u00e9todos para aprender ingl\u00e9s","isPartOf":{"@id":"https:\/\/global-exam.com\/blog\/#website"},"datePublished":"2021-12-14T13:42:23+00:00","dateModified":"2022-07-01T13:15:00+00:00","breadcrumb":{"@id":"https:\/\/global-exam.com\/blog\/es\/aprendizaje-de-idiomas\/general-english-aprende-ingles-online\/categoria-metodos-para-aprender-ingles\/#breadcrumb"},"inLanguage":"fr-FR","potentialAction":[{"@type":"ReadAction","target":["https:\/\/global-exam.com\/blog\/es\/aprendizaje-de-idiomas\/general-english-aprende-ingles-online\/categoria-metodos-para-aprender-ingles\/"]}]},{"@type":"BreadcrumbList","@id":"https:\/\/global-exam.com\/blog\/es\/aprendizaje-de-idiomas\/general-english-aprende-ingles-online\/categoria-metodos-para-aprender-ingles\/#breadcrumb","itemListElement":[{"@type":"ListItem","position":1,"name":"Aprendizaje de idiomas","item":"https:\/\/global-exam.com\/blog\/es\/aprendizaje-de-idiomas\/"},{"@type":"ListItem","position":2,"name":"Aprende ingl\u00e9s online con el Global General !","item":"https:\/\/global-exam.com\/blog\/es\/aprendizaje-de-idiomas\/general-english-aprende-ingles-online\/"},{"@type":"ListItem","position":3,"name":"M\u00e9todos para aprender ingl\u00e9s"}]}]}},"lang":"es","translations":{"es":70662},"pll_sync_post":[],"_links":{"self":[{"href":"https:\/\/global-exam.com\/blog\/wp-json\/wp\/v2\/pages\/70662"}],"collection":[{"href":"https:\/\/global-exam.com\/blog\/wp-json\/wp\/v2\/pages"}],"about":[{"href":"https:\/\/global-exam.com\/blog\/wp-json\/wp\/v2\/types\/page"}],"author":[{"embeddable":true,"href":"https:\/\/global-exam.com\/blog\/wp-json\/wp\/v2\/users\/24"}],"replies":[{"embeddable":true,"href":"https:\/\/global-exam.com\/blog\/wp-json\/wp\/v2\/comments?post=70662"}],"version-history":[{"count":3,"href":"https:\/\/global-exam.com\/blog\/wp-json\/wp\/v2\/pages\/70662\/revisions"}],"predecessor-version":[{"id":77254,"href":"https:\/\/global-exam.com\/blog\/wp-json\/wp\/v2\/pages\/70662\/revisions\/77254"}],"up":[{"embeddable":true,"href":"https:\/\/global-exam.com\/blog\/wp-json\/wp\/v2\/pages\/44616"}],"wp:attachment":[{"href":"https:\/\/global-exam.com\/blog\/wp-json\/wp\/v2\/media?parent=70662"}],"curies":[{"name":"wp","href":"https:\/\/api.w.org\/{rel}","templated":true}]}}