{"id":70665,"date":"2021-12-14T14:44:17","date_gmt":"2021-12-14T13:44:17","guid":{"rendered":"https:\/\/global-exam.com\/blog\/?page_id=70665"},"modified":"2022-07-01T15:14:59","modified_gmt":"2022-07-01T13:14:59","slug":"categoria-pronunciacion-del-ingles","status":"publish","type":"page","link":"https:\/\/global-exam.com\/blog\/es\/aprendizaje-de-idiomas\/general-english-aprende-ingles-online\/categoria-pronunciacion-del-ingles\/","title":{"rendered":"Pronunciaci\u00f3n del ingl\u00e9s"},"content":{"rendered":"<p>Uno de los grandes problemas que encuentran las personas que comienzan a aprender ingl\u00e9s es la\u00a0<strong>pronunciaci\u00f3n del idioma<\/strong>, ya que no siempre es sencilla por la diferencia con la lengua materna del estudiante. Prestar atenci\u00f3n a la manera de pronunciar es muy importante porque podemos cometer errores que hagan que digamos una palabra distinta a la que queremos decir y haya un malentendido. Si crees que tienes problemas con esta disciplina y necesitas\u00a0<strong>algunos consejos<\/strong>, te recomendamos todos los art\u00edculos que aparecen a continuaci\u00f3n para superar satisfactoriamente el reto de\u00a0<strong>hablar<\/strong>\u00a0bien en\u00a0<strong>ingl\u00e9s<\/strong>.<\/p>\n<p>En esta categor\u00eda encontrar\u00e1s entradas en las que te contamos c\u00f3mo\u00a0<strong>aprender a pronunciar ingl\u00e9s y los m\u00e9todos para hablar bien<\/strong>\u00a0en este idioma. Adem\u00e1s, te ofrecemos trucos y consejos para aprender a leer y tambi\u00e9n para\u00a0<strong>pronunciar los verbos regulares<\/strong>, con los que a veces tenemos<strong>\u00a0dificultades en la distinci\u00f3n de \/d\/, \/t\/ e \/id\/.<\/strong>\u00a0Hemos querido ofrecerte de este modo las claves de un buen aprendizaje de la pronunciaci\u00f3n en ingl\u00e9s para que no te suponga un reto en la adquisici\u00f3n del idioma.<\/p>\n<p>Desde\u00a0<strong>GlobalExam<\/strong>\u00a0nos preocupan todas las competencias de la lengua, por eso ofrecemos a todos los usuarios material variado y \u00fatil para la pr\u00e1ctica de todas las destrezas de la lengua. En nuestros espacios destinados a los\u00a0<strong>ex\u00e1menes oficiales de ingl\u00e9s<\/strong>\u00a0podr\u00e1s practicar la parte del\u00a0<strong>speaking o expresi\u00f3n oral<\/strong>\u00a0para que mejores en tu pronunciaci\u00f3n y puedas obtener un t\u00edtulo o simplemente comunicarte con nativos sin problema.<\/p>\n<p>Creemos que la<strong>\u00a0pronunciaci\u00f3n<\/strong>\u00a0es un tema de especial relevancia para los estudiantes de ingl\u00e9s, por eso te aconsejamos que leas con atenci\u00f3n los art\u00edculos de esta categor\u00eda para que encuentres la f\u00f3rmula para mejorar en la\u00a0<strong>lengua oral<\/strong>\u00a0y\u00a0<strong>comunicarte<\/strong>\u00a0en\u00a0<strong>ingl\u00e9s<\/strong>\u00a0con cualquier persona que tambi\u00e9n hable el idioma.<\/p>\n","protected":false},"excerpt":{"rendered":"<p>Uno de los grandes problemas que encuentran las personas que comienzan a aprender ingl\u00e9s es la\u00a0pronunciaci\u00f3n del idioma, ya que no siempre [&hellip;]<\/p>\n","protected":false},"author":24,"featured_media":0,"parent":44616,"menu_order":0,"comment_status":"closed","ping_status":"closed","template":"","meta":[],"acf":[],"yoast_head":"<!-- This site is optimized with the Yoast SEO plugin v17.2.1 - https:\/\/yoast.com\/wordpress\/plugins\/seo\/ -->\n<title>Pronunciaci\u00f3n del ingl\u00e9s<\/title>\n<meta name=\"robots\" content=\"index, follow, max-snippet:-1, max-image-preview:large, max-video-preview:-1\" \/>\n<link rel=\"canonical\" href=\"https:\/\/global-exam.com\/blog\/es\/aprendizaje-de-idiomas\/general-english-aprende-ingles-online\/categoria-pronunciacion-del-ingles\/\" \/>\n<meta property=\"og:locale\" content=\"fr_FR\" \/>\n<meta property=\"og:type\" content=\"article\" \/>\n<meta property=\"og:title\" content=\"Pronunciaci\u00f3n del ingl\u00e9s\" \/>\n<meta property=\"og:description\" content=\"Uno de los grandes problemas que encuentran las personas que comienzan a aprender ingl\u00e9s es la\u00a0pronunciaci\u00f3n del idioma, ya que no siempre [&hellip;]\" \/>\n<meta property=\"og:url\" content=\"https:\/\/global-exam.com\/blog\/es\/aprendizaje-de-idiomas\/general-english-aprende-ingles-online\/categoria-pronunciacion-del-ingles\/\" \/>\n<meta property=\"og:site_name\" content=\"GlobalExam Blog\" \/>\n<meta property=\"article:publisher\" content=\"https:\/\/www.facebook.com\/Global.Exam\" \/>\n<meta property=\"article:modified_time\" content=\"2022-07-01T13:14:59+00:00\" \/>\n<meta name=\"twitter:card\" content=\"summary_large_image\" \/>\n<meta name=\"twitter:site\" content=\"@Global_Exam\" \/>\n<meta name=\"twitter:label1\" content=\"Dur\u00e9e de lecture estim\u00e9e\" \/>\n\t<meta name=\"twitter:data1\" content=\"2 minutes\" \/>\n<script type=\"application\/ld+json\" class=\"yoast-schema-graph\">{\"@context\":\"https:\/\/schema.org\",\"@graph\":[{\"@type\":\"WebSite\",\"@id\":\"https:\/\/global-exam.com\/blog\/#website\",\"url\":\"https:\/\/global-exam.com\/blog\/\",\"name\":\"GlobalExam Blog\",\"description\":\"Le blog du sp\\u00e9cialiste de la certification linguistique\",\"potentialAction\":[{\"@type\":\"SearchAction\",\"target\":{\"@type\":\"EntryPoint\",\"urlTemplate\":\"https:\/\/global-exam.com\/blog\/?s={search_term_string}\"},\"query-input\":\"required name=search_term_string\"}],\"inLanguage\":\"fr-FR\"},{\"@type\":\"WebPage\",\"@id\":\"https:\/\/global-exam.com\/blog\/es\/aprendizaje-de-idiomas\/general-english-aprende-ingles-online\/categoria-pronunciacion-del-ingles\/#webpage\",\"url\":\"https:\/\/global-exam.com\/blog\/es\/aprendizaje-de-idiomas\/general-english-aprende-ingles-online\/categoria-pronunciacion-del-ingles\/\",\"name\":\"Pronunciaci\\u00f3n del ingl\\u00e9s\",\"isPartOf\":{\"@id\":\"https:\/\/global-exam.com\/blog\/#website\"},\"datePublished\":\"2021-12-14T13:44:17+00:00\",\"dateModified\":\"2022-07-01T13:14:59+00:00\",\"breadcrumb\":{\"@id\":\"https:\/\/global-exam.com\/blog\/es\/aprendizaje-de-idiomas\/general-english-aprende-ingles-online\/categoria-pronunciacion-del-ingles\/#breadcrumb\"},\"inLanguage\":\"fr-FR\",\"potentialAction\":[{\"@type\":\"ReadAction\",\"target\":[\"https:\/\/global-exam.com\/blog\/es\/aprendizaje-de-idiomas\/general-english-aprende-ingles-online\/categoria-pronunciacion-del-ingles\/\"]}]},{\"@type\":\"BreadcrumbList\",\"@id\":\"https:\/\/global-exam.com\/blog\/es\/aprendizaje-de-idiomas\/general-english-aprende-ingles-online\/categoria-pronunciacion-del-ingles\/#breadcrumb\",\"itemListElement\":[{\"@type\":\"ListItem\",\"position\":1,\"name\":\"Aprendizaje de idiomas\",\"item\":\"https:\/\/global-exam.com\/blog\/es\/aprendizaje-de-idiomas\/\"},{\"@type\":\"ListItem\",\"position\":2,\"name\":\"Aprende ingl\\u00e9s online con el Global General !\",\"item\":\"https:\/\/global-exam.com\/blog\/es\/aprendizaje-de-idiomas\/general-english-aprende-ingles-online\/\"},{\"@type\":\"ListItem\",\"position\":3,\"name\":\"Pronunciaci\\u00f3n del ingl\\u00e9s\"}]}]}<\/script>\n<!-- \/ Yoast SEO plugin. -->","yoast_head_json":{"title":"Pronunciaci\u00f3n del ingl\u00e9s","robots":{"index":"index","follow":"follow","max-snippet":"max-snippet:-1","max-image-preview":"max-image-preview:large","max-video-preview":"max-video-preview:-1"},"canonical":"https:\/\/global-exam.com\/blog\/es\/aprendizaje-de-idiomas\/general-english-aprende-ingles-online\/categoria-pronunciacion-del-ingles\/","og_locale":"fr_FR","og_type":"article","og_title":"Pronunciaci\u00f3n del ingl\u00e9s","og_description":"Uno de los grandes problemas que encuentran las personas que comienzan a aprender ingl\u00e9s es la\u00a0pronunciaci\u00f3n del idioma, ya que no siempre [&hellip;]","og_url":"https:\/\/global-exam.com\/blog\/es\/aprendizaje-de-idiomas\/general-english-aprende-ingles-online\/categoria-pronunciacion-del-ingles\/","og_site_name":"GlobalExam Blog","article_publisher":"https:\/\/www.facebook.com\/Global.Exam","article_modified_time":"2022-07-01T13:14:59+00:00","twitter_card":"summary_large_image","twitter_site":"@Global_Exam","twitter_misc":{"Dur\u00e9e de lecture estim\u00e9e":"2 minutes"},"schema":{"@context":"https:\/\/schema.org","@graph":[{"@type":"WebSite","@id":"https:\/\/global-exam.com\/blog\/#website","url":"https:\/\/global-exam.com\/blog\/","name":"GlobalExam Blog","description":"Le blog du sp\u00e9cialiste de la certification linguistique","potentialAction":[{"@type":"SearchAction","target":{"@type":"EntryPoint","urlTemplate":"https:\/\/global-exam.com\/blog\/?s={search_term_string}"},"query-input":"required name=search_term_string"}],"inLanguage":"fr-FR"},{"@type":"WebPage","@id":"https:\/\/global-exam.com\/blog\/es\/aprendizaje-de-idiomas\/general-english-aprende-ingles-online\/categoria-pronunciacion-del-ingles\/#webpage","url":"https:\/\/global-exam.com\/blog\/es\/aprendizaje-de-idiomas\/general-english-aprende-ingles-online\/categoria-pronunciacion-del-ingles\/","name":"Pronunciaci\u00f3n del ingl\u00e9s","isPartOf":{"@id":"https:\/\/global-exam.com\/blog\/#website"},"datePublished":"2021-12-14T13:44:17+00:00","dateModified":"2022-07-01T13:14:59+00:00","breadcrumb":{"@id":"https:\/\/global-exam.com\/blog\/es\/aprendizaje-de-idiomas\/general-english-aprende-ingles-online\/categoria-pronunciacion-del-ingles\/#breadcrumb"},"inLanguage":"fr-FR","potentialAction":[{"@type":"ReadAction","target":["https:\/\/global-exam.com\/blog\/es\/aprendizaje-de-idiomas\/general-english-aprende-ingles-online\/categoria-pronunciacion-del-ingles\/"]}]},{"@type":"BreadcrumbList","@id":"https:\/\/global-exam.com\/blog\/es\/aprendizaje-de-idiomas\/general-english-aprende-ingles-online\/categoria-pronunciacion-del-ingles\/#breadcrumb","itemListElement":[{"@type":"ListItem","position":1,"name":"Aprendizaje de idiomas","item":"https:\/\/global-exam.com\/blog\/es\/aprendizaje-de-idiomas\/"},{"@type":"ListItem","position":2,"name":"Aprende ingl\u00e9s online con el Global General !","item":"https:\/\/global-exam.com\/blog\/es\/aprendizaje-de-idiomas\/general-english-aprende-ingles-online\/"},{"@type":"ListItem","position":3,"name":"Pronunciaci\u00f3n del ingl\u00e9s"}]}]}},"lang":"es","translations":{"es":70665},"pll_sync_post":[],"_links":{"self":[{"href":"https:\/\/global-exam.com\/blog\/wp-json\/wp\/v2\/pages\/70665"}],"collection":[{"href":"https:\/\/global-exam.com\/blog\/wp-json\/wp\/v2\/pages"}],"about":[{"href":"https:\/\/global-exam.com\/blog\/wp-json\/wp\/v2\/types\/page"}],"author":[{"embeddable":true,"href":"https:\/\/global-exam.com\/blog\/wp-json\/wp\/v2\/users\/24"}],"replies":[{"embeddable":true,"href":"https:\/\/global-exam.com\/blog\/wp-json\/wp\/v2\/comments?post=70665"}],"version-history":[{"count":3,"href":"https:\/\/global-exam.com\/blog\/wp-json\/wp\/v2\/pages\/70665\/revisions"}],"predecessor-version":[{"id":77253,"href":"https:\/\/global-exam.com\/blog\/wp-json\/wp\/v2\/pages\/70665\/revisions\/77253"}],"up":[{"embeddable":true,"href":"https:\/\/global-exam.com\/blog\/wp-json\/wp\/v2\/pages\/44616"}],"wp:attachment":[{"href":"https:\/\/global-exam.com\/blog\/wp-json\/wp\/v2\/media?parent=70665"}],"curies":[{"name":"wp","href":"https:\/\/api.w.org\/{rel}","templated":true}]}}