{"id":70672,"date":"2021-12-14T14:47:28","date_gmt":"2021-12-14T13:47:28","guid":{"rendered":"https:\/\/global-exam.com\/blog\/?page_id=70672"},"modified":"2022-07-01T15:14:58","modified_gmt":"2022-07-01T13:14:58","slug":"categoria-gramatica-inglesa","status":"publish","type":"page","link":"https:\/\/global-exam.com\/blog\/es\/aprendizaje-de-idiomas\/general-english-aprende-ingles-online\/categoria-gramatica-inglesa\/","title":{"rendered":"Gram\u00e1tica inglesa"},"content":{"rendered":"<p>Adem\u00e1s del vocabulario, la\u00a0<strong>gram\u00e1tica de un idioma constituye su esqueleto<\/strong>, y sin ella no vamos a ninguna parte. Si deseas comprender un texto escrito o hablado y, sobre todo, si deseas expresarte de forma oral o escrita de manera adecuada, deber\u00e1s\u00a0<strong>dominar las reglas de gram\u00e1tica<\/strong>, empezando por las bases.<\/p>\n<p>Esta secci\u00f3n recapitula los\u00a0<strong>diferentes puntos gramaticales<\/strong>\u00a0que todo estudiante, desde el nivel Inicial a Avanzado, debe conocer. Ya sea para hablar bien un idioma, o si deseas presentarte a cualquiera de las diferentes\u00a0<strong>certificaciones de lengua inglesa<\/strong>. Te ofrecemos una serie de fichas con una breve y clara explicaci\u00f3n de las normas gramaticales y ejercicios para que puedas ponerlas en pr\u00e1ctica de inmediato.<\/p>\n<p>Descubrir\u00e1s a trav\u00e9s de estas la\u00a0<strong>lista de verbos irregulares indispensables<\/strong>\u00a0para poder escribir relatos y describir hechos en presente y en pasado. Tambi\u00e9n te mostramos los conectores del discurso, para que tus escritos est\u00e9n bien estructurados y sean coherentes. Y por supuesto, los\u00a0<strong>diferentes tiempos verbales y su uso<\/strong>: los presentes (simple, perfecto, continuo y perfecto continuo), el futuro, el subjuntivo, el condicional y los diferentes tipos de frases condicionales.<\/p>\n<p>Te explicamos asimismo el funcionamiento de ciertas\u00a0<strong>estructuras ling\u00fc\u00edsticas<\/strong>\u00a0como los\u00a0<em>phrasal verbs<\/em>\u00a0o la voz pasiva y las comparaciones. Te mostramos tambi\u00e9n otros aspectos no menos importantes como el uso de los adverbios, los adjetivos y los pronombres (personales, posesivos y relativos).<\/p>\n<p>Cuidado, esta lista no es exhaustiva. GlobalExam la actualiza para ti de forma permanente, e incluye asimismo\u00a0<strong>consejos y t\u00e9cnicas<\/strong>\u00a0para que anticipes los errores gramaticales m\u00e1s frecuentes en el uso del idioma. GlobalExam te da ganas de entrenarte de manera regular gracias la diversidad de\u00a0<strong>herramientas\u00a0<em>e-learning<\/em><\/strong>\u00a0puestas a disposici\u00f3n, acompa\u00f1adas de consejos y t\u00e9cnicas para que sepas sacarles el m\u00e1ximo provecho. Adem\u00e1s, podr\u00e1s practicar en funci\u00f3n de tus necesidades y objetivos, de tu nivel, a tu ritmo, y\u00a0<strong>acompa\u00f1ar tu aprendizaje de ejercicios pr\u00e1cticos<\/strong>, basados en pruebas reales de ex\u00e1menes, con autocorrecciones y explicaciones detalladas.<\/p>\n<p>\u00bfA qu\u00e9 esperas para descubrir nuestra plataforma?<\/p>\n","protected":false},"excerpt":{"rendered":"<p>Adem\u00e1s del vocabulario, la\u00a0gram\u00e1tica de un idioma constituye su esqueleto, y sin ella no vamos a ninguna parte. Si deseas comprender un [&hellip;]<\/p>\n","protected":false},"author":24,"featured_media":0,"parent":44616,"menu_order":0,"comment_status":"closed","ping_status":"closed","template":"","meta":[],"acf":[],"yoast_head":"<!-- This site is optimized with the Yoast SEO plugin v17.2.1 - https:\/\/yoast.com\/wordpress\/plugins\/seo\/ -->\n<title>Gram\u00e1tica inglesa<\/title>\n<meta name=\"robots\" content=\"index, follow, max-snippet:-1, max-image-preview:large, max-video-preview:-1\" \/>\n<link rel=\"canonical\" href=\"https:\/\/global-exam.com\/blog\/es\/aprendizaje-de-idiomas\/general-english-aprende-ingles-online\/categoria-gramatica-inglesa\/\" \/>\n<meta property=\"og:locale\" content=\"fr_FR\" \/>\n<meta property=\"og:type\" content=\"article\" \/>\n<meta property=\"og:title\" content=\"Gram\u00e1tica inglesa\" \/>\n<meta property=\"og:description\" content=\"Adem\u00e1s del vocabulario, la\u00a0gram\u00e1tica de un idioma constituye su esqueleto, y sin ella no vamos a ninguna parte. Si deseas comprender un [&hellip;]\" \/>\n<meta property=\"og:url\" content=\"https:\/\/global-exam.com\/blog\/es\/aprendizaje-de-idiomas\/general-english-aprende-ingles-online\/categoria-gramatica-inglesa\/\" \/>\n<meta property=\"og:site_name\" content=\"GlobalExam Blog\" \/>\n<meta property=\"article:publisher\" content=\"https:\/\/www.facebook.com\/Global.Exam\" \/>\n<meta property=\"article:modified_time\" content=\"2022-07-01T13:14:58+00:00\" \/>\n<meta name=\"twitter:card\" content=\"summary_large_image\" \/>\n<meta name=\"twitter:site\" content=\"@Global_Exam\" \/>\n<meta name=\"twitter:label1\" content=\"Dur\u00e9e de lecture estim\u00e9e\" \/>\n\t<meta name=\"twitter:data1\" content=\"2 minutes\" \/>\n<script type=\"application\/ld+json\" class=\"yoast-schema-graph\">{\"@context\":\"https:\/\/schema.org\",\"@graph\":[{\"@type\":\"WebSite\",\"@id\":\"https:\/\/global-exam.com\/blog\/#website\",\"url\":\"https:\/\/global-exam.com\/blog\/\",\"name\":\"GlobalExam Blog\",\"description\":\"Le blog du sp\\u00e9cialiste de la certification linguistique\",\"potentialAction\":[{\"@type\":\"SearchAction\",\"target\":{\"@type\":\"EntryPoint\",\"urlTemplate\":\"https:\/\/global-exam.com\/blog\/?s={search_term_string}\"},\"query-input\":\"required name=search_term_string\"}],\"inLanguage\":\"fr-FR\"},{\"@type\":\"WebPage\",\"@id\":\"https:\/\/global-exam.com\/blog\/es\/aprendizaje-de-idiomas\/general-english-aprende-ingles-online\/categoria-gramatica-inglesa\/#webpage\",\"url\":\"https:\/\/global-exam.com\/blog\/es\/aprendizaje-de-idiomas\/general-english-aprende-ingles-online\/categoria-gramatica-inglesa\/\",\"name\":\"Gram\\u00e1tica inglesa\",\"isPartOf\":{\"@id\":\"https:\/\/global-exam.com\/blog\/#website\"},\"datePublished\":\"2021-12-14T13:47:28+00:00\",\"dateModified\":\"2022-07-01T13:14:58+00:00\",\"breadcrumb\":{\"@id\":\"https:\/\/global-exam.com\/blog\/es\/aprendizaje-de-idiomas\/general-english-aprende-ingles-online\/categoria-gramatica-inglesa\/#breadcrumb\"},\"inLanguage\":\"fr-FR\",\"potentialAction\":[{\"@type\":\"ReadAction\",\"target\":[\"https:\/\/global-exam.com\/blog\/es\/aprendizaje-de-idiomas\/general-english-aprende-ingles-online\/categoria-gramatica-inglesa\/\"]}]},{\"@type\":\"BreadcrumbList\",\"@id\":\"https:\/\/global-exam.com\/blog\/es\/aprendizaje-de-idiomas\/general-english-aprende-ingles-online\/categoria-gramatica-inglesa\/#breadcrumb\",\"itemListElement\":[{\"@type\":\"ListItem\",\"position\":1,\"name\":\"Aprendizaje de idiomas\",\"item\":\"https:\/\/global-exam.com\/blog\/es\/aprendizaje-de-idiomas\/\"},{\"@type\":\"ListItem\",\"position\":2,\"name\":\"Aprende ingl\\u00e9s online con el Global General !\",\"item\":\"https:\/\/global-exam.com\/blog\/es\/aprendizaje-de-idiomas\/general-english-aprende-ingles-online\/\"},{\"@type\":\"ListItem\",\"position\":3,\"name\":\"Gram\\u00e1tica inglesa\"}]}]}<\/script>\n<!-- \/ Yoast SEO plugin. -->","yoast_head_json":{"title":"Gram\u00e1tica inglesa","robots":{"index":"index","follow":"follow","max-snippet":"max-snippet:-1","max-image-preview":"max-image-preview:large","max-video-preview":"max-video-preview:-1"},"canonical":"https:\/\/global-exam.com\/blog\/es\/aprendizaje-de-idiomas\/general-english-aprende-ingles-online\/categoria-gramatica-inglesa\/","og_locale":"fr_FR","og_type":"article","og_title":"Gram\u00e1tica inglesa","og_description":"Adem\u00e1s del vocabulario, la\u00a0gram\u00e1tica de un idioma constituye su esqueleto, y sin ella no vamos a ninguna parte. Si deseas comprender un [&hellip;]","og_url":"https:\/\/global-exam.com\/blog\/es\/aprendizaje-de-idiomas\/general-english-aprende-ingles-online\/categoria-gramatica-inglesa\/","og_site_name":"GlobalExam Blog","article_publisher":"https:\/\/www.facebook.com\/Global.Exam","article_modified_time":"2022-07-01T13:14:58+00:00","twitter_card":"summary_large_image","twitter_site":"@Global_Exam","twitter_misc":{"Dur\u00e9e de lecture estim\u00e9e":"2 minutes"},"schema":{"@context":"https:\/\/schema.org","@graph":[{"@type":"WebSite","@id":"https:\/\/global-exam.com\/blog\/#website","url":"https:\/\/global-exam.com\/blog\/","name":"GlobalExam Blog","description":"Le blog du sp\u00e9cialiste de la certification linguistique","potentialAction":[{"@type":"SearchAction","target":{"@type":"EntryPoint","urlTemplate":"https:\/\/global-exam.com\/blog\/?s={search_term_string}"},"query-input":"required name=search_term_string"}],"inLanguage":"fr-FR"},{"@type":"WebPage","@id":"https:\/\/global-exam.com\/blog\/es\/aprendizaje-de-idiomas\/general-english-aprende-ingles-online\/categoria-gramatica-inglesa\/#webpage","url":"https:\/\/global-exam.com\/blog\/es\/aprendizaje-de-idiomas\/general-english-aprende-ingles-online\/categoria-gramatica-inglesa\/","name":"Gram\u00e1tica inglesa","isPartOf":{"@id":"https:\/\/global-exam.com\/blog\/#website"},"datePublished":"2021-12-14T13:47:28+00:00","dateModified":"2022-07-01T13:14:58+00:00","breadcrumb":{"@id":"https:\/\/global-exam.com\/blog\/es\/aprendizaje-de-idiomas\/general-english-aprende-ingles-online\/categoria-gramatica-inglesa\/#breadcrumb"},"inLanguage":"fr-FR","potentialAction":[{"@type":"ReadAction","target":["https:\/\/global-exam.com\/blog\/es\/aprendizaje-de-idiomas\/general-english-aprende-ingles-online\/categoria-gramatica-inglesa\/"]}]},{"@type":"BreadcrumbList","@id":"https:\/\/global-exam.com\/blog\/es\/aprendizaje-de-idiomas\/general-english-aprende-ingles-online\/categoria-gramatica-inglesa\/#breadcrumb","itemListElement":[{"@type":"ListItem","position":1,"name":"Aprendizaje de idiomas","item":"https:\/\/global-exam.com\/blog\/es\/aprendizaje-de-idiomas\/"},{"@type":"ListItem","position":2,"name":"Aprende ingl\u00e9s online con el Global General !","item":"https:\/\/global-exam.com\/blog\/es\/aprendizaje-de-idiomas\/general-english-aprende-ingles-online\/"},{"@type":"ListItem","position":3,"name":"Gram\u00e1tica inglesa"}]}]}},"lang":"es","translations":{"es":70672},"pll_sync_post":[],"_links":{"self":[{"href":"https:\/\/global-exam.com\/blog\/wp-json\/wp\/v2\/pages\/70672"}],"collection":[{"href":"https:\/\/global-exam.com\/blog\/wp-json\/wp\/v2\/pages"}],"about":[{"href":"https:\/\/global-exam.com\/blog\/wp-json\/wp\/v2\/types\/page"}],"author":[{"embeddable":true,"href":"https:\/\/global-exam.com\/blog\/wp-json\/wp\/v2\/users\/24"}],"replies":[{"embeddable":true,"href":"https:\/\/global-exam.com\/blog\/wp-json\/wp\/v2\/comments?post=70672"}],"version-history":[{"count":3,"href":"https:\/\/global-exam.com\/blog\/wp-json\/wp\/v2\/pages\/70672\/revisions"}],"predecessor-version":[{"id":77251,"href":"https:\/\/global-exam.com\/blog\/wp-json\/wp\/v2\/pages\/70672\/revisions\/77251"}],"up":[{"embeddable":true,"href":"https:\/\/global-exam.com\/blog\/wp-json\/wp\/v2\/pages\/44616"}],"wp:attachment":[{"href":"https:\/\/global-exam.com\/blog\/wp-json\/wp\/v2\/media?parent=70672"}],"curies":[{"name":"wp","href":"https:\/\/api.w.org\/{rel}","templated":true}]}}