{"id":70675,"date":"2021-12-14T14:49:39","date_gmt":"2021-12-14T13:49:39","guid":{"rendered":"https:\/\/global-exam.com\/blog\/?page_id=70675"},"modified":"2022-09-08T09:48:42","modified_gmt":"2022-09-08T07:48:42","slug":"categoria-aprendizaje-del-frances","status":"publish","type":"page","link":"https:\/\/global-exam.com\/blog\/es\/aprendizaje-de-idiomas\/general-french-aprende-frances-online\/categoria-aprendizaje-del-frances\/","title":{"rendered":"Aprendizaje del franc\u00e9s"},"content":{"rendered":"<p>Aprender el franc\u00e9s<\/p>\n<p>El <strong>franc\u00e9s<\/strong>\u00a0es una lengua que siempre ha contado con el reconocimiento internacional que le concede ser una lengua vehicular en numerosos pa\u00edses de todo el mundo. Si eres una de esas personas a la que le encantar\u00eda aprender esta lengua tan interesante y global, te recomendamos que te adentres en esta categor\u00eda. Hemos intentado tratar todos los temas que pueden interesarte y que creemos que son esenciales para comenzar el proceso de\u00a0<strong>aprendizaje del franc\u00e9s.\u00a0<\/strong><\/p>\n<p>Entre los art\u00edculos que encontrar\u00e1s a continuaci\u00f3n, se encuentran trucos y consejos sobre c\u00f3mo aprender franc\u00e9s online y por d\u00f3nde comenzar. Adem\u00e1s, si eres principiante, podr\u00e1s leer el post en el que te explicamos c\u00f3mo empezar a\u00a0<strong>aprender franc\u00e9s desde casa y solo<\/strong>.<\/p>\n<p>En\u00a0<strong>GlobalExam<\/strong>\u00a0nos importa que los estudiantes de franc\u00e9s o aquellas personas que quieren comenzar a aprender esta lengua encuentren el mejor material y los mejores consejos para poder superar todos sus retos. Por eso, en nuestra plataforma puedes encontrar material de gram\u00e1tica y vocabulario dise\u00f1ado por los mejores especialistas, as\u00ed como ejercicios y pr\u00e1cticas espec\u00edficas para cada destreza de la lengua que necesites mejorar (comprensi\u00f3n lectora o auditiva, expresi\u00f3n escrita o expresi\u00f3n oral). Si quieres presentarte al\u00a0<strong>DALF, DELF o TCF<\/strong>\u00a0puedes ponerte a prueba con los ex\u00e1menes modelo que te ofrecemos.<\/p>\n<p><strong>Dar los primeros pasos<\/strong>\u00a0siempre es lo m\u00e1s complicado, por eso en esta categor\u00eda te ayudamos ofreciendo toda la informaci\u00f3n que necesitas para tu aprendizaje del franc\u00e9s.<\/p>\n","protected":false},"excerpt":{"rendered":"<p>Aprender el franc\u00e9s El franc\u00e9s\u00a0es una lengua que siempre ha contado con el reconocimiento internacional que le concede ser una lengua vehicular [&hellip;]<\/p>\n","protected":false},"author":24,"featured_media":0,"parent":47510,"menu_order":0,"comment_status":"closed","ping_status":"closed","template":"","meta":[],"acf":[],"yoast_head":"<!-- This site is optimized with the Yoast SEO plugin v17.2.1 - https:\/\/yoast.com\/wordpress\/plugins\/seo\/ -->\n<title>Aprendizaje del franc\u00e9s - GlobalExam Blog<\/title>\n<meta name=\"description\" content=\"Consulta nuestros consejos para aprender el franc\u00e9s como principiante o a nivel m\u00e1s alto. Descubre tambi\u00e9n nuestros recursos para acompa\u00f1arte en tu aprendizaje.\" \/>\n<meta name=\"robots\" content=\"index, follow, max-snippet:-1, max-image-preview:large, max-video-preview:-1\" \/>\n<link rel=\"canonical\" href=\"https:\/\/global-exam.com\/blog\/es\/aprendizaje-de-idiomas\/general-french-aprende-frances-online\/categoria-aprendizaje-del-frances\/\" \/>\n<meta property=\"og:locale\" content=\"fr_FR\" \/>\n<meta property=\"og:type\" content=\"article\" \/>\n<meta property=\"og:title\" content=\"Aprendizaje del franc\u00e9s - GlobalExam Blog\" \/>\n<meta property=\"og:description\" content=\"Consulta nuestros consejos para aprender el franc\u00e9s como principiante o a nivel m\u00e1s alto. Descubre tambi\u00e9n nuestros recursos para acompa\u00f1arte en tu aprendizaje.\" \/>\n<meta property=\"og:url\" content=\"https:\/\/global-exam.com\/blog\/es\/aprendizaje-de-idiomas\/general-french-aprende-frances-online\/categoria-aprendizaje-del-frances\/\" \/>\n<meta property=\"og:site_name\" content=\"GlobalExam Blog\" \/>\n<meta property=\"article:publisher\" content=\"https:\/\/www.facebook.com\/Global.Exam\" \/>\n<meta property=\"article:modified_time\" content=\"2022-09-08T07:48:42+00:00\" \/>\n<meta name=\"twitter:card\" content=\"summary_large_image\" \/>\n<meta name=\"twitter:site\" content=\"@Global_Exam\" \/>\n<meta name=\"twitter:label1\" content=\"Dur\u00e9e de lecture estim\u00e9e\" \/>\n\t<meta name=\"twitter:data1\" content=\"2 minutes\" \/>\n<script type=\"application\/ld+json\" class=\"yoast-schema-graph\">{\"@context\":\"https:\/\/schema.org\",\"@graph\":[{\"@type\":\"WebSite\",\"@id\":\"https:\/\/global-exam.com\/blog\/#website\",\"url\":\"https:\/\/global-exam.com\/blog\/\",\"name\":\"GlobalExam Blog\",\"description\":\"Le blog du sp\\u00e9cialiste de la certification linguistique\",\"potentialAction\":[{\"@type\":\"SearchAction\",\"target\":{\"@type\":\"EntryPoint\",\"urlTemplate\":\"https:\/\/global-exam.com\/blog\/?s={search_term_string}\"},\"query-input\":\"required name=search_term_string\"}],\"inLanguage\":\"fr-FR\"},{\"@type\":\"WebPage\",\"@id\":\"https:\/\/global-exam.com\/blog\/es\/aprendizaje-de-idiomas\/general-french-aprende-frances-online\/categoria-aprendizaje-del-frances\/#webpage\",\"url\":\"https:\/\/global-exam.com\/blog\/es\/aprendizaje-de-idiomas\/general-french-aprende-frances-online\/categoria-aprendizaje-del-frances\/\",\"name\":\"Aprendizaje del franc\\u00e9s - GlobalExam Blog\",\"isPartOf\":{\"@id\":\"https:\/\/global-exam.com\/blog\/#website\"},\"datePublished\":\"2021-12-14T13:49:39+00:00\",\"dateModified\":\"2022-09-08T07:48:42+00:00\",\"description\":\"Consulta nuestros consejos para aprender el franc\\u00e9s como principiante o a nivel m\\u00e1s alto. Descubre tambi\\u00e9n nuestros recursos para acompa\\u00f1arte en tu aprendizaje.\",\"breadcrumb\":{\"@id\":\"https:\/\/global-exam.com\/blog\/es\/aprendizaje-de-idiomas\/general-french-aprende-frances-online\/categoria-aprendizaje-del-frances\/#breadcrumb\"},\"inLanguage\":\"fr-FR\",\"potentialAction\":[{\"@type\":\"ReadAction\",\"target\":[\"https:\/\/global-exam.com\/blog\/es\/aprendizaje-de-idiomas\/general-french-aprende-frances-online\/categoria-aprendizaje-del-frances\/\"]}]},{\"@type\":\"BreadcrumbList\",\"@id\":\"https:\/\/global-exam.com\/blog\/es\/aprendizaje-de-idiomas\/general-french-aprende-frances-online\/categoria-aprendizaje-del-frances\/#breadcrumb\",\"itemListElement\":[{\"@type\":\"ListItem\",\"position\":1,\"name\":\"Aprendizaje de idiomas\",\"item\":\"https:\/\/global-exam.com\/blog\/es\/aprendizaje-de-idiomas\/\"},{\"@type\":\"ListItem\",\"position\":2,\"name\":\"Aprende franc\\u00e9s online gratis con Global General\",\"item\":\"https:\/\/global-exam.com\/blog\/es\/general-french-aprende-frances-online\/\"},{\"@type\":\"ListItem\",\"position\":3,\"name\":\"Aprendizaje del franc\\u00e9s\"}]}]}<\/script>\n<!-- \/ Yoast SEO plugin. -->","yoast_head_json":{"title":"Aprendizaje del franc\u00e9s - GlobalExam Blog","description":"Consulta nuestros consejos para aprender el franc\u00e9s como principiante o a nivel m\u00e1s alto. Descubre tambi\u00e9n nuestros recursos para acompa\u00f1arte en tu aprendizaje.","robots":{"index":"index","follow":"follow","max-snippet":"max-snippet:-1","max-image-preview":"max-image-preview:large","max-video-preview":"max-video-preview:-1"},"canonical":"https:\/\/global-exam.com\/blog\/es\/aprendizaje-de-idiomas\/general-french-aprende-frances-online\/categoria-aprendizaje-del-frances\/","og_locale":"fr_FR","og_type":"article","og_title":"Aprendizaje del franc\u00e9s - GlobalExam Blog","og_description":"Consulta nuestros consejos para aprender el franc\u00e9s como principiante o a nivel m\u00e1s alto. Descubre tambi\u00e9n nuestros recursos para acompa\u00f1arte en tu aprendizaje.","og_url":"https:\/\/global-exam.com\/blog\/es\/aprendizaje-de-idiomas\/general-french-aprende-frances-online\/categoria-aprendizaje-del-frances\/","og_site_name":"GlobalExam Blog","article_publisher":"https:\/\/www.facebook.com\/Global.Exam","article_modified_time":"2022-09-08T07:48:42+00:00","twitter_card":"summary_large_image","twitter_site":"@Global_Exam","twitter_misc":{"Dur\u00e9e de lecture estim\u00e9e":"2 minutes"},"schema":{"@context":"https:\/\/schema.org","@graph":[{"@type":"WebSite","@id":"https:\/\/global-exam.com\/blog\/#website","url":"https:\/\/global-exam.com\/blog\/","name":"GlobalExam Blog","description":"Le blog du sp\u00e9cialiste de la certification linguistique","potentialAction":[{"@type":"SearchAction","target":{"@type":"EntryPoint","urlTemplate":"https:\/\/global-exam.com\/blog\/?s={search_term_string}"},"query-input":"required name=search_term_string"}],"inLanguage":"fr-FR"},{"@type":"WebPage","@id":"https:\/\/global-exam.com\/blog\/es\/aprendizaje-de-idiomas\/general-french-aprende-frances-online\/categoria-aprendizaje-del-frances\/#webpage","url":"https:\/\/global-exam.com\/blog\/es\/aprendizaje-de-idiomas\/general-french-aprende-frances-online\/categoria-aprendizaje-del-frances\/","name":"Aprendizaje del franc\u00e9s - GlobalExam Blog","isPartOf":{"@id":"https:\/\/global-exam.com\/blog\/#website"},"datePublished":"2021-12-14T13:49:39+00:00","dateModified":"2022-09-08T07:48:42+00:00","description":"Consulta nuestros consejos para aprender el franc\u00e9s como principiante o a nivel m\u00e1s alto. Descubre tambi\u00e9n nuestros recursos para acompa\u00f1arte en tu aprendizaje.","breadcrumb":{"@id":"https:\/\/global-exam.com\/blog\/es\/aprendizaje-de-idiomas\/general-french-aprende-frances-online\/categoria-aprendizaje-del-frances\/#breadcrumb"},"inLanguage":"fr-FR","potentialAction":[{"@type":"ReadAction","target":["https:\/\/global-exam.com\/blog\/es\/aprendizaje-de-idiomas\/general-french-aprende-frances-online\/categoria-aprendizaje-del-frances\/"]}]},{"@type":"BreadcrumbList","@id":"https:\/\/global-exam.com\/blog\/es\/aprendizaje-de-idiomas\/general-french-aprende-frances-online\/categoria-aprendizaje-del-frances\/#breadcrumb","itemListElement":[{"@type":"ListItem","position":1,"name":"Aprendizaje de idiomas","item":"https:\/\/global-exam.com\/blog\/es\/aprendizaje-de-idiomas\/"},{"@type":"ListItem","position":2,"name":"Aprende franc\u00e9s online gratis con Global General","item":"https:\/\/global-exam.com\/blog\/es\/general-french-aprende-frances-online\/"},{"@type":"ListItem","position":3,"name":"Aprendizaje del franc\u00e9s"}]}]}},"lang":"es","translations":{"es":70675},"pll_sync_post":[],"_links":{"self":[{"href":"https:\/\/global-exam.com\/blog\/wp-json\/wp\/v2\/pages\/70675"}],"collection":[{"href":"https:\/\/global-exam.com\/blog\/wp-json\/wp\/v2\/pages"}],"about":[{"href":"https:\/\/global-exam.com\/blog\/wp-json\/wp\/v2\/types\/page"}],"author":[{"embeddable":true,"href":"https:\/\/global-exam.com\/blog\/wp-json\/wp\/v2\/users\/24"}],"replies":[{"embeddable":true,"href":"https:\/\/global-exam.com\/blog\/wp-json\/wp\/v2\/comments?post=70675"}],"version-history":[{"count":5,"href":"https:\/\/global-exam.com\/blog\/wp-json\/wp\/v2\/pages\/70675\/revisions"}],"predecessor-version":[{"id":79317,"href":"https:\/\/global-exam.com\/blog\/wp-json\/wp\/v2\/pages\/70675\/revisions\/79317"}],"up":[{"embeddable":true,"href":"https:\/\/global-exam.com\/blog\/wp-json\/wp\/v2\/pages\/47510"}],"wp:attachment":[{"href":"https:\/\/global-exam.com\/blog\/wp-json\/wp\/v2\/media?parent=70675"}],"curies":[{"name":"wp","href":"https:\/\/api.w.org\/{rel}","templated":true}]}}