{"id":70679,"date":"2021-12-14T14:55:10","date_gmt":"2021-12-14T13:55:10","guid":{"rendered":"https:\/\/global-exam.com\/blog\/?page_id=70679"},"modified":"2022-07-01T15:14:55","modified_gmt":"2022-07-01T13:14:55","slug":"categoria-metodos-para-aprender-frances","status":"publish","type":"page","link":"https:\/\/global-exam.com\/blog\/es\/aprendizaje-de-idiomas\/general-french-aprende-frances-online\/categoria-metodos-para-aprender-frances\/","title":{"rendered":"M\u00e9todos para aprender franc\u00e9s"},"content":{"rendered":"<p>En la siguiente categor\u00eda te damos toda la\u00a0<strong>informaci\u00f3n<\/strong>\u00a0que quieres saber sobre cu\u00e1les son los\u00a0<strong>mejores m\u00e9todos para aprender franc\u00e9s<\/strong>. Es posible que est\u00e9s pensando en empezar a estudiar esta lengua o quiz\u00e1s ya has empezado, pero no te resulta sencillo. Tienes que pensar que todo el mundo es capaz de hablar en una lengua extranjera, pero cada uno necesita encontrar la f\u00f3rmula que le ayude.<\/p>\n<p>En todos los art\u00edculos que encontrar\u00e1s en esta secci\u00f3n hemos querido trasladar toda la informaci\u00f3n que hemos considerado m\u00e1s importante sobre c\u00f3mo\u00a0<strong>aprender franc\u00e9s y los mejores m\u00e9todos de aprendizaje.<\/strong>\u00a0En los dem\u00e1s art\u00edculos, hemos analizado los mejores libros para aprender franc\u00e9s, as\u00ed como las mejores aplicaciones para que elijas cu\u00e1l es m\u00e1s conveniente para ti. Si eres una persona din\u00e1mica y necesitas m\u00e9todos m\u00e1s innovadores, te ofrecemos informaci\u00f3n sobre los\u00a0<strong>mejores juegos para aprender franc\u00e9s, otro art\u00edculo con las mejores series y pel\u00edculas y otro m\u00e1s con las mejores canciones.<\/strong>\u00a0Ten en cuenta que podemos aprender a hablar una lengua haciendo cosas que nos gustan como escuchar m\u00fasica o ver cine.<\/p>\n<p>En GlobalExam pensamos que los<strong>\u00a0propios estudiantes<\/strong>\u00a0son los due\u00f1os de su aprendizaje y por eso consideramos que es importante ofrecer las mejores opciones para que cada uno elija c\u00f3mo estudiar. En nuestra plataforma, aparte de consejos y trucos para aprender franc\u00e9s, podr\u00e1s encontrar mucho material con el que avanzar en tu nivel de competencia. Aparte de hojas de gram\u00e1tica y de vocabulario, ponemos a tu disposici\u00f3n pr\u00e1cticas con explicaciones y ejemplos. Por \u00faltimo, podr\u00e1s realizar ex\u00e1menes modelo en tiempo real del\u00a0<strong>DALF, DELF y TCF<\/strong>\u00a0si tu intenci\u00f3n es realizar cualquiera de estas pruebas.<\/p>\n<p>Si\u00a0<strong>estudias franc\u00e9s<\/strong>\u00a0o quieres empezar a hacerlo y no sabes qu\u00e9 m\u00e9todos existen o cu\u00e1l es el mejor para ti, te informamos de todo lo que necesitas en esta categor\u00eda.<\/p>\n","protected":false},"excerpt":{"rendered":"<p>En la siguiente categor\u00eda te damos toda la\u00a0informaci\u00f3n\u00a0que quieres saber sobre cu\u00e1les son los\u00a0mejores m\u00e9todos para aprender franc\u00e9s. Es posible que est\u00e9s [&hellip;]<\/p>\n","protected":false},"author":24,"featured_media":0,"parent":47510,"menu_order":0,"comment_status":"closed","ping_status":"closed","template":"","meta":[],"acf":[],"yoast_head":"<!-- This site is optimized with the Yoast SEO plugin v17.2.1 - https:\/\/yoast.com\/wordpress\/plugins\/seo\/ -->\n<title>M\u00e9todos para aprender franc\u00e9s<\/title>\n<meta name=\"robots\" content=\"index, follow, max-snippet:-1, max-image-preview:large, max-video-preview:-1\" \/>\n<link rel=\"canonical\" href=\"https:\/\/global-exam.com\/blog\/es\/aprendizaje-de-idiomas\/general-french-aprende-frances-online\/categoria-metodos-para-aprender-frances\/\" \/>\n<meta property=\"og:locale\" content=\"fr_FR\" \/>\n<meta property=\"og:type\" content=\"article\" \/>\n<meta property=\"og:title\" content=\"M\u00e9todos para aprender franc\u00e9s\" \/>\n<meta property=\"og:description\" content=\"En la siguiente categor\u00eda te damos toda la\u00a0informaci\u00f3n\u00a0que quieres saber sobre cu\u00e1les son los\u00a0mejores m\u00e9todos para aprender franc\u00e9s. Es posible que est\u00e9s [&hellip;]\" \/>\n<meta property=\"og:url\" content=\"https:\/\/global-exam.com\/blog\/es\/aprendizaje-de-idiomas\/general-french-aprende-frances-online\/categoria-metodos-para-aprender-frances\/\" \/>\n<meta property=\"og:site_name\" content=\"GlobalExam Blog\" \/>\n<meta property=\"article:publisher\" content=\"https:\/\/www.facebook.com\/Global.Exam\" \/>\n<meta property=\"article:modified_time\" content=\"2022-07-01T13:14:55+00:00\" \/>\n<meta name=\"twitter:card\" content=\"summary_large_image\" \/>\n<meta name=\"twitter:site\" content=\"@Global_Exam\" \/>\n<meta name=\"twitter:label1\" content=\"Dur\u00e9e de lecture estim\u00e9e\" \/>\n\t<meta name=\"twitter:data1\" content=\"2 minutes\" \/>\n<script type=\"application\/ld+json\" class=\"yoast-schema-graph\">{\"@context\":\"https:\/\/schema.org\",\"@graph\":[{\"@type\":\"WebSite\",\"@id\":\"https:\/\/global-exam.com\/blog\/#website\",\"url\":\"https:\/\/global-exam.com\/blog\/\",\"name\":\"GlobalExam Blog\",\"description\":\"Le blog du sp\\u00e9cialiste de la certification linguistique\",\"potentialAction\":[{\"@type\":\"SearchAction\",\"target\":{\"@type\":\"EntryPoint\",\"urlTemplate\":\"https:\/\/global-exam.com\/blog\/?s={search_term_string}\"},\"query-input\":\"required name=search_term_string\"}],\"inLanguage\":\"fr-FR\"},{\"@type\":\"WebPage\",\"@id\":\"https:\/\/global-exam.com\/blog\/es\/aprendizaje-de-idiomas\/general-french-aprende-frances-online\/categoria-metodos-para-aprender-frances\/#webpage\",\"url\":\"https:\/\/global-exam.com\/blog\/es\/aprendizaje-de-idiomas\/general-french-aprende-frances-online\/categoria-metodos-para-aprender-frances\/\",\"name\":\"M\\u00e9todos para aprender franc\\u00e9s\",\"isPartOf\":{\"@id\":\"https:\/\/global-exam.com\/blog\/#website\"},\"datePublished\":\"2021-12-14T13:55:10+00:00\",\"dateModified\":\"2022-07-01T13:14:55+00:00\",\"breadcrumb\":{\"@id\":\"https:\/\/global-exam.com\/blog\/es\/aprendizaje-de-idiomas\/general-french-aprende-frances-online\/categoria-metodos-para-aprender-frances\/#breadcrumb\"},\"inLanguage\":\"fr-FR\",\"potentialAction\":[{\"@type\":\"ReadAction\",\"target\":[\"https:\/\/global-exam.com\/blog\/es\/aprendizaje-de-idiomas\/general-french-aprende-frances-online\/categoria-metodos-para-aprender-frances\/\"]}]},{\"@type\":\"BreadcrumbList\",\"@id\":\"https:\/\/global-exam.com\/blog\/es\/aprendizaje-de-idiomas\/general-french-aprende-frances-online\/categoria-metodos-para-aprender-frances\/#breadcrumb\",\"itemListElement\":[{\"@type\":\"ListItem\",\"position\":1,\"name\":\"Aprendizaje de idiomas\",\"item\":\"https:\/\/global-exam.com\/blog\/es\/aprendizaje-de-idiomas\/\"},{\"@type\":\"ListItem\",\"position\":2,\"name\":\"Aprende franc\\u00e9s online gratis con Global General\",\"item\":\"https:\/\/global-exam.com\/blog\/es\/general-french-aprende-frances-online\/\"},{\"@type\":\"ListItem\",\"position\":3,\"name\":\"M\\u00e9todos para aprender franc\\u00e9s\"}]}]}<\/script>\n<!-- \/ Yoast SEO plugin. -->","yoast_head_json":{"title":"M\u00e9todos para aprender franc\u00e9s","robots":{"index":"index","follow":"follow","max-snippet":"max-snippet:-1","max-image-preview":"max-image-preview:large","max-video-preview":"max-video-preview:-1"},"canonical":"https:\/\/global-exam.com\/blog\/es\/aprendizaje-de-idiomas\/general-french-aprende-frances-online\/categoria-metodos-para-aprender-frances\/","og_locale":"fr_FR","og_type":"article","og_title":"M\u00e9todos para aprender franc\u00e9s","og_description":"En la siguiente categor\u00eda te damos toda la\u00a0informaci\u00f3n\u00a0que quieres saber sobre cu\u00e1les son los\u00a0mejores m\u00e9todos para aprender franc\u00e9s. Es posible que est\u00e9s [&hellip;]","og_url":"https:\/\/global-exam.com\/blog\/es\/aprendizaje-de-idiomas\/general-french-aprende-frances-online\/categoria-metodos-para-aprender-frances\/","og_site_name":"GlobalExam Blog","article_publisher":"https:\/\/www.facebook.com\/Global.Exam","article_modified_time":"2022-07-01T13:14:55+00:00","twitter_card":"summary_large_image","twitter_site":"@Global_Exam","twitter_misc":{"Dur\u00e9e de lecture estim\u00e9e":"2 minutes"},"schema":{"@context":"https:\/\/schema.org","@graph":[{"@type":"WebSite","@id":"https:\/\/global-exam.com\/blog\/#website","url":"https:\/\/global-exam.com\/blog\/","name":"GlobalExam Blog","description":"Le blog du sp\u00e9cialiste de la certification linguistique","potentialAction":[{"@type":"SearchAction","target":{"@type":"EntryPoint","urlTemplate":"https:\/\/global-exam.com\/blog\/?s={search_term_string}"},"query-input":"required name=search_term_string"}],"inLanguage":"fr-FR"},{"@type":"WebPage","@id":"https:\/\/global-exam.com\/blog\/es\/aprendizaje-de-idiomas\/general-french-aprende-frances-online\/categoria-metodos-para-aprender-frances\/#webpage","url":"https:\/\/global-exam.com\/blog\/es\/aprendizaje-de-idiomas\/general-french-aprende-frances-online\/categoria-metodos-para-aprender-frances\/","name":"M\u00e9todos para aprender franc\u00e9s","isPartOf":{"@id":"https:\/\/global-exam.com\/blog\/#website"},"datePublished":"2021-12-14T13:55:10+00:00","dateModified":"2022-07-01T13:14:55+00:00","breadcrumb":{"@id":"https:\/\/global-exam.com\/blog\/es\/aprendizaje-de-idiomas\/general-french-aprende-frances-online\/categoria-metodos-para-aprender-frances\/#breadcrumb"},"inLanguage":"fr-FR","potentialAction":[{"@type":"ReadAction","target":["https:\/\/global-exam.com\/blog\/es\/aprendizaje-de-idiomas\/general-french-aprende-frances-online\/categoria-metodos-para-aprender-frances\/"]}]},{"@type":"BreadcrumbList","@id":"https:\/\/global-exam.com\/blog\/es\/aprendizaje-de-idiomas\/general-french-aprende-frances-online\/categoria-metodos-para-aprender-frances\/#breadcrumb","itemListElement":[{"@type":"ListItem","position":1,"name":"Aprendizaje de idiomas","item":"https:\/\/global-exam.com\/blog\/es\/aprendizaje-de-idiomas\/"},{"@type":"ListItem","position":2,"name":"Aprende franc\u00e9s online gratis con Global General","item":"https:\/\/global-exam.com\/blog\/es\/general-french-aprende-frances-online\/"},{"@type":"ListItem","position":3,"name":"M\u00e9todos para aprender franc\u00e9s"}]}]}},"lang":"es","translations":{"es":70679},"pll_sync_post":[],"_links":{"self":[{"href":"https:\/\/global-exam.com\/blog\/wp-json\/wp\/v2\/pages\/70679"}],"collection":[{"href":"https:\/\/global-exam.com\/blog\/wp-json\/wp\/v2\/pages"}],"about":[{"href":"https:\/\/global-exam.com\/blog\/wp-json\/wp\/v2\/types\/page"}],"author":[{"embeddable":true,"href":"https:\/\/global-exam.com\/blog\/wp-json\/wp\/v2\/users\/24"}],"replies":[{"embeddable":true,"href":"https:\/\/global-exam.com\/blog\/wp-json\/wp\/v2\/comments?post=70679"}],"version-history":[{"count":3,"href":"https:\/\/global-exam.com\/blog\/wp-json\/wp\/v2\/pages\/70679\/revisions"}],"predecessor-version":[{"id":77248,"href":"https:\/\/global-exam.com\/blog\/wp-json\/wp\/v2\/pages\/70679\/revisions\/77248"}],"up":[{"embeddable":true,"href":"https:\/\/global-exam.com\/blog\/wp-json\/wp\/v2\/pages\/47510"}],"wp:attachment":[{"href":"https:\/\/global-exam.com\/blog\/wp-json\/wp\/v2\/media?parent=70679"}],"curies":[{"name":"wp","href":"https:\/\/api.w.org\/{rel}","templated":true}]}}