{"id":70682,"date":"2021-12-14T14:56:59","date_gmt":"2021-12-14T13:56:59","guid":{"rendered":"https:\/\/global-exam.com\/blog\/?page_id=70682"},"modified":"2022-09-07T10:11:51","modified_gmt":"2022-09-07T08:11:51","slug":"categoria-pronunciacion-del-frances","status":"publish","type":"page","link":"https:\/\/global-exam.com\/blog\/es\/aprendizaje-de-idiomas\/general-french-aprende-frances-online\/categoria-pronunciacion-del-frances\/","title":{"rendered":"Pronunciaci\u00f3n del franc\u00e9s"},"content":{"rendered":"<p>Pronunciar bien el franc\u00e9s<\/p>\n<p>\u00bfTe has preguntado alguna vez c\u00f3mo podr\u00edas mejorar tu<strong>\u00a0pronunciaci\u00f3n en franc\u00e9s<\/strong>? Este aspecto es, sin duda, el que m\u00e1s preocupa a todos los estudiantes de esta lengua, ya que no siempre es sencillo reproducir los sonidos como un nativo. En esta secci\u00f3n, te ofrecemos distintos art\u00edculos sobre m\u00e9todos y consejos para conseguir hablar en franc\u00e9s con fluidez y sin pasar verg\u00fcenza al comunicarte con <strong>francoparlantes.<\/strong><\/p>\n<p>En esta categor\u00eda encontrar\u00e1s art\u00edculos que te ayudar\u00e1n a conocer de manera general todas las particularidades de la\u00a0<strong>pronunciaci\u00f3n francesa.<\/strong> Encontrar\u00e1s las reglas que debes conocer de la pronunciaci\u00f3n, as\u00ed como trucos y ejemplos sobre c\u00f3mo pronunciar las letras del alfabeto en franc\u00e9s y ejercicios y explicaciones sobre la pronunciaci\u00f3n de las vocales. Con todas estas entradas tendr\u00e1s una idea global de todo lo que debes saber para <strong>comunicarte como un nativo.\u00a0<\/strong><\/p>\n<p><strong>GlobalExam es<\/strong>\u00a0una plataforma en l\u00ednea en la que nos preocupamos por el aprendizaje de idiomas extranjeros, ya que creemos que en un mundo tan globalizado saber otra lengua puede abrirnos muchas puertas acad\u00e9mica y profesionalmente. Los mejores especialistas del \u00e1rea han creado material con el que podr\u00e1s mejorar tu nivel de franc\u00e9s estudiando las hojas de gram\u00e1tica y vocabulario que encontrar\u00e1s en la p\u00e1gina. Adem\u00e1s, si quieres presentarte a ex\u00e1menes oficiales, como el\u00a0<strong>DALF, el DELF o el TCF<\/strong>\u00a0podr\u00e1s prepararte en l\u00ednea realizando todas las\u00a0<strong>pr\u00e1cticas que encontrar\u00e1s,<\/strong>\u00a0as\u00ed como ex\u00e1menes modelo en tiempo real.<\/p>\n","protected":false},"excerpt":{"rendered":"<p>Pronunciar bien el franc\u00e9s \u00bfTe has preguntado alguna vez c\u00f3mo podr\u00edas mejorar tu\u00a0pronunciaci\u00f3n en franc\u00e9s? Este aspecto es, sin duda, el que [&hellip;]<\/p>\n","protected":false},"author":24,"featured_media":0,"parent":47510,"menu_order":0,"comment_status":"closed","ping_status":"closed","template":"","meta":[],"acf":[],"yoast_head":"<!-- This site is optimized with the Yoast SEO plugin v17.2.1 - https:\/\/yoast.com\/wordpress\/plugins\/seo\/ -->\n<title>Pronunciaci\u00f3n del franc\u00e9s - GlobalExam Blog<\/title>\n<meta name=\"description\" content=\"Mejora tu pronunciaci\u00f3n del franc\u00e9s en l\u00ednea. En nuestros art\u00edculos encontrar\u00e1s las reglas as\u00ed como consejos y metodos para bien pronunciar el franc\u00e9s.\" \/>\n<meta name=\"robots\" content=\"index, follow, max-snippet:-1, max-image-preview:large, max-video-preview:-1\" \/>\n<link rel=\"canonical\" href=\"https:\/\/global-exam.com\/blog\/es\/aprendizaje-de-idiomas\/general-french-aprende-frances-online\/categoria-pronunciacion-del-frances\/\" \/>\n<meta property=\"og:locale\" content=\"fr_FR\" \/>\n<meta property=\"og:type\" content=\"article\" \/>\n<meta property=\"og:title\" content=\"Pronunciaci\u00f3n del franc\u00e9s - GlobalExam Blog\" \/>\n<meta property=\"og:description\" content=\"Mejora tu pronunciaci\u00f3n del franc\u00e9s en l\u00ednea. En nuestros art\u00edculos encontrar\u00e1s las reglas as\u00ed como consejos y metodos para bien pronunciar el franc\u00e9s.\" \/>\n<meta property=\"og:url\" content=\"https:\/\/global-exam.com\/blog\/es\/aprendizaje-de-idiomas\/general-french-aprende-frances-online\/categoria-pronunciacion-del-frances\/\" \/>\n<meta property=\"og:site_name\" content=\"GlobalExam Blog\" \/>\n<meta property=\"article:publisher\" content=\"https:\/\/www.facebook.com\/Global.Exam\" \/>\n<meta property=\"article:modified_time\" content=\"2022-09-07T08:11:51+00:00\" \/>\n<meta name=\"twitter:card\" content=\"summary_large_image\" \/>\n<meta name=\"twitter:site\" content=\"@Global_Exam\" \/>\n<meta name=\"twitter:label1\" content=\"Dur\u00e9e de lecture estim\u00e9e\" \/>\n\t<meta name=\"twitter:data1\" content=\"2 minutes\" \/>\n<script type=\"application\/ld+json\" class=\"yoast-schema-graph\">{\"@context\":\"https:\/\/schema.org\",\"@graph\":[{\"@type\":\"WebSite\",\"@id\":\"https:\/\/global-exam.com\/blog\/#website\",\"url\":\"https:\/\/global-exam.com\/blog\/\",\"name\":\"GlobalExam Blog\",\"description\":\"Le blog du sp\\u00e9cialiste de la certification linguistique\",\"potentialAction\":[{\"@type\":\"SearchAction\",\"target\":{\"@type\":\"EntryPoint\",\"urlTemplate\":\"https:\/\/global-exam.com\/blog\/?s={search_term_string}\"},\"query-input\":\"required name=search_term_string\"}],\"inLanguage\":\"fr-FR\"},{\"@type\":\"WebPage\",\"@id\":\"https:\/\/global-exam.com\/blog\/es\/aprendizaje-de-idiomas\/general-french-aprende-frances-online\/categoria-pronunciacion-del-frances\/#webpage\",\"url\":\"https:\/\/global-exam.com\/blog\/es\/aprendizaje-de-idiomas\/general-french-aprende-frances-online\/categoria-pronunciacion-del-frances\/\",\"name\":\"Pronunciaci\\u00f3n del franc\\u00e9s - GlobalExam Blog\",\"isPartOf\":{\"@id\":\"https:\/\/global-exam.com\/blog\/#website\"},\"datePublished\":\"2021-12-14T13:56:59+00:00\",\"dateModified\":\"2022-09-07T08:11:51+00:00\",\"description\":\"Mejora tu pronunciaci\\u00f3n del franc\\u00e9s en l\\u00ednea. En nuestros art\\u00edculos encontrar\\u00e1s las reglas as\\u00ed como consejos y metodos para bien pronunciar el franc\\u00e9s.\",\"breadcrumb\":{\"@id\":\"https:\/\/global-exam.com\/blog\/es\/aprendizaje-de-idiomas\/general-french-aprende-frances-online\/categoria-pronunciacion-del-frances\/#breadcrumb\"},\"inLanguage\":\"fr-FR\",\"potentialAction\":[{\"@type\":\"ReadAction\",\"target\":[\"https:\/\/global-exam.com\/blog\/es\/aprendizaje-de-idiomas\/general-french-aprende-frances-online\/categoria-pronunciacion-del-frances\/\"]}]},{\"@type\":\"BreadcrumbList\",\"@id\":\"https:\/\/global-exam.com\/blog\/es\/aprendizaje-de-idiomas\/general-french-aprende-frances-online\/categoria-pronunciacion-del-frances\/#breadcrumb\",\"itemListElement\":[{\"@type\":\"ListItem\",\"position\":1,\"name\":\"Aprendizaje de idiomas\",\"item\":\"https:\/\/global-exam.com\/blog\/es\/aprendizaje-de-idiomas\/\"},{\"@type\":\"ListItem\",\"position\":2,\"name\":\"Aprende franc\\u00e9s online gratis con Global General\",\"item\":\"https:\/\/global-exam.com\/blog\/es\/general-french-aprende-frances-online\/\"},{\"@type\":\"ListItem\",\"position\":3,\"name\":\"Pronunciaci\\u00f3n del franc\\u00e9s\"}]}]}<\/script>\n<!-- \/ Yoast SEO plugin. -->","yoast_head_json":{"title":"Pronunciaci\u00f3n del franc\u00e9s - GlobalExam Blog","description":"Mejora tu pronunciaci\u00f3n del franc\u00e9s en l\u00ednea. En nuestros art\u00edculos encontrar\u00e1s las reglas as\u00ed como consejos y metodos para bien pronunciar el franc\u00e9s.","robots":{"index":"index","follow":"follow","max-snippet":"max-snippet:-1","max-image-preview":"max-image-preview:large","max-video-preview":"max-video-preview:-1"},"canonical":"https:\/\/global-exam.com\/blog\/es\/aprendizaje-de-idiomas\/general-french-aprende-frances-online\/categoria-pronunciacion-del-frances\/","og_locale":"fr_FR","og_type":"article","og_title":"Pronunciaci\u00f3n del franc\u00e9s - GlobalExam Blog","og_description":"Mejora tu pronunciaci\u00f3n del franc\u00e9s en l\u00ednea. En nuestros art\u00edculos encontrar\u00e1s las reglas as\u00ed como consejos y metodos para bien pronunciar el franc\u00e9s.","og_url":"https:\/\/global-exam.com\/blog\/es\/aprendizaje-de-idiomas\/general-french-aprende-frances-online\/categoria-pronunciacion-del-frances\/","og_site_name":"GlobalExam Blog","article_publisher":"https:\/\/www.facebook.com\/Global.Exam","article_modified_time":"2022-09-07T08:11:51+00:00","twitter_card":"summary_large_image","twitter_site":"@Global_Exam","twitter_misc":{"Dur\u00e9e de lecture estim\u00e9e":"2 minutes"},"schema":{"@context":"https:\/\/schema.org","@graph":[{"@type":"WebSite","@id":"https:\/\/global-exam.com\/blog\/#website","url":"https:\/\/global-exam.com\/blog\/","name":"GlobalExam Blog","description":"Le blog du sp\u00e9cialiste de la certification linguistique","potentialAction":[{"@type":"SearchAction","target":{"@type":"EntryPoint","urlTemplate":"https:\/\/global-exam.com\/blog\/?s={search_term_string}"},"query-input":"required name=search_term_string"}],"inLanguage":"fr-FR"},{"@type":"WebPage","@id":"https:\/\/global-exam.com\/blog\/es\/aprendizaje-de-idiomas\/general-french-aprende-frances-online\/categoria-pronunciacion-del-frances\/#webpage","url":"https:\/\/global-exam.com\/blog\/es\/aprendizaje-de-idiomas\/general-french-aprende-frances-online\/categoria-pronunciacion-del-frances\/","name":"Pronunciaci\u00f3n del franc\u00e9s - GlobalExam Blog","isPartOf":{"@id":"https:\/\/global-exam.com\/blog\/#website"},"datePublished":"2021-12-14T13:56:59+00:00","dateModified":"2022-09-07T08:11:51+00:00","description":"Mejora tu pronunciaci\u00f3n del franc\u00e9s en l\u00ednea. En nuestros art\u00edculos encontrar\u00e1s las reglas as\u00ed como consejos y metodos para bien pronunciar el franc\u00e9s.","breadcrumb":{"@id":"https:\/\/global-exam.com\/blog\/es\/aprendizaje-de-idiomas\/general-french-aprende-frances-online\/categoria-pronunciacion-del-frances\/#breadcrumb"},"inLanguage":"fr-FR","potentialAction":[{"@type":"ReadAction","target":["https:\/\/global-exam.com\/blog\/es\/aprendizaje-de-idiomas\/general-french-aprende-frances-online\/categoria-pronunciacion-del-frances\/"]}]},{"@type":"BreadcrumbList","@id":"https:\/\/global-exam.com\/blog\/es\/aprendizaje-de-idiomas\/general-french-aprende-frances-online\/categoria-pronunciacion-del-frances\/#breadcrumb","itemListElement":[{"@type":"ListItem","position":1,"name":"Aprendizaje de idiomas","item":"https:\/\/global-exam.com\/blog\/es\/aprendizaje-de-idiomas\/"},{"@type":"ListItem","position":2,"name":"Aprende franc\u00e9s online gratis con Global General","item":"https:\/\/global-exam.com\/blog\/es\/general-french-aprende-frances-online\/"},{"@type":"ListItem","position":3,"name":"Pronunciaci\u00f3n del franc\u00e9s"}]}]}},"lang":"es","translations":{"es":70682},"pll_sync_post":[],"_links":{"self":[{"href":"https:\/\/global-exam.com\/blog\/wp-json\/wp\/v2\/pages\/70682"}],"collection":[{"href":"https:\/\/global-exam.com\/blog\/wp-json\/wp\/v2\/pages"}],"about":[{"href":"https:\/\/global-exam.com\/blog\/wp-json\/wp\/v2\/types\/page"}],"author":[{"embeddable":true,"href":"https:\/\/global-exam.com\/blog\/wp-json\/wp\/v2\/users\/24"}],"replies":[{"embeddable":true,"href":"https:\/\/global-exam.com\/blog\/wp-json\/wp\/v2\/comments?post=70682"}],"version-history":[{"count":6,"href":"https:\/\/global-exam.com\/blog\/wp-json\/wp\/v2\/pages\/70682\/revisions"}],"predecessor-version":[{"id":79297,"href":"https:\/\/global-exam.com\/blog\/wp-json\/wp\/v2\/pages\/70682\/revisions\/79297"}],"up":[{"embeddable":true,"href":"https:\/\/global-exam.com\/blog\/wp-json\/wp\/v2\/pages\/47510"}],"wp:attachment":[{"href":"https:\/\/global-exam.com\/blog\/wp-json\/wp\/v2\/media?parent=70682"}],"curies":[{"name":"wp","href":"https:\/\/api.w.org\/{rel}","templated":true}]}}