{"id":70685,"date":"2021-12-14T14:58:37","date_gmt":"2021-12-14T13:58:37","guid":{"rendered":"https:\/\/global-exam.com\/blog\/?page_id=70685"},"modified":"2022-09-08T11:54:20","modified_gmt":"2022-09-08T09:54:20","slug":"categoria-vocabulario-en-frances","status":"publish","type":"page","link":"https:\/\/global-exam.com\/blog\/es\/aprendizaje-de-idiomas\/general-french-aprende-frances-online\/categoria-vocabulario-en-frances\/","title":{"rendered":"Vocabulario en franc\u00e9s"},"content":{"rendered":"<p>Ampliar tu vocabulario en franc\u00e9s<\/p>\n<p>\u00bfTe gustar\u00eda aprender m\u00e1s <strong>vocabulario en franc\u00e9s<\/strong>?, \u00bferes principiante en el estudio de esta lengua? Cu\u00e1l sea tu situaci\u00f3n, esta categor\u00eda te ayudar\u00e1 mucho tanto si ya est\u00e1s estudiando franc\u00e9s como si quieres empezar a aprenderlo. El vocabulario en cualquier lengua es imprescindible para poder <strong>comunicarnos con las palabras precisas y expresar los significados que queremos decir<\/strong>.<\/p>\n<p>Entre todos los art\u00edculos que puedes ver aqu\u00ed, aprender\u00e1s a hablar dela hora en franc\u00e9s, el l\u00e9xico relativo a los n\u00fameros en franc\u00e9s con explicaciones adecuadas sobre la pronunciaci\u00f3n, los colores y m\u00e1s actividades espec\u00edficas y otro con los d\u00edas de la semana, los meses y las estaciones, etc.<\/p>\n<p><strong>GlobalExam<\/strong> trabaja desde su nacimiento en ofrecer el mejor material a los estudiantes de lenguas extranjeras. En la secci\u00f3n dedicada al franc\u00e9s, nuestros especialistas han creado art\u00edculos como los anteriores donde podr\u00e1s informarte de todas las particularidades que necesitas saber al estudiar esta lengua.<\/p>\n<p>Creemos que es necesario preparar a los candidatos a ex\u00e1menes oficiales poni\u00e9ndolos a prueba desde el comienzo del aprendizaje. Si entras en la p\u00e1gina comprobar\u00e1s c\u00f3mo puedes resolver una gran cantidad de actividades espec\u00edficas de cada parte del <strong>DALF, DELF o TCF<\/strong>, as\u00ed como modelos de<strong>\u00a0examen reales<\/strong>\u00a0que te ayudar\u00e1n a organizar tu preparaci\u00f3n.<\/p>\n","protected":false},"excerpt":{"rendered":"<p>Ampliar tu vocabulario en franc\u00e9s \u00bfTe gustar\u00eda aprender m\u00e1s vocabulario en franc\u00e9s?, \u00bferes principiante en el estudio de esta lengua? Cu\u00e1l sea [&hellip;]<\/p>\n","protected":false},"author":24,"featured_media":0,"parent":47510,"menu_order":0,"comment_status":"closed","ping_status":"closed","template":"","meta":[],"acf":[],"yoast_head":"<!-- This site is optimized with the Yoast SEO plugin v17.2.1 - https:\/\/yoast.com\/wordpress\/plugins\/seo\/ -->\n<title>Vocabulario en franc\u00e9s - GlobalExam Blog<\/title>\n<meta name=\"description\" content=\"Ampl\u00eda tu vocabulario con nuestras fichas sobre varios temas de la vida cotidiana y palabras necesarias para presentar un test oficial de franc\u00e9s.\" \/>\n<meta name=\"robots\" content=\"index, follow, max-snippet:-1, max-image-preview:large, max-video-preview:-1\" \/>\n<link rel=\"canonical\" href=\"https:\/\/global-exam.com\/blog\/es\/aprendizaje-de-idiomas\/general-french-aprende-frances-online\/categoria-vocabulario-en-frances\/\" \/>\n<meta property=\"og:locale\" content=\"fr_FR\" \/>\n<meta property=\"og:type\" content=\"article\" \/>\n<meta property=\"og:title\" content=\"Vocabulario en franc\u00e9s - GlobalExam Blog\" \/>\n<meta property=\"og:description\" content=\"Ampl\u00eda tu vocabulario con nuestras fichas sobre varios temas de la vida cotidiana y palabras necesarias para presentar un test oficial de franc\u00e9s.\" \/>\n<meta property=\"og:url\" content=\"https:\/\/global-exam.com\/blog\/es\/aprendizaje-de-idiomas\/general-french-aprende-frances-online\/categoria-vocabulario-en-frances\/\" \/>\n<meta property=\"og:site_name\" content=\"GlobalExam Blog\" \/>\n<meta property=\"article:publisher\" content=\"https:\/\/www.facebook.com\/Global.Exam\" \/>\n<meta property=\"article:modified_time\" content=\"2022-09-08T09:54:20+00:00\" \/>\n<meta name=\"twitter:card\" content=\"summary_large_image\" \/>\n<meta name=\"twitter:site\" content=\"@Global_Exam\" \/>\n<meta name=\"twitter:label1\" content=\"Dur\u00e9e de lecture estim\u00e9e\" \/>\n\t<meta name=\"twitter:data1\" content=\"1 minute\" \/>\n<script type=\"application\/ld+json\" class=\"yoast-schema-graph\">{\"@context\":\"https:\/\/schema.org\",\"@graph\":[{\"@type\":\"WebSite\",\"@id\":\"https:\/\/global-exam.com\/blog\/#website\",\"url\":\"https:\/\/global-exam.com\/blog\/\",\"name\":\"GlobalExam Blog\",\"description\":\"Le blog du sp\\u00e9cialiste de la certification linguistique\",\"potentialAction\":[{\"@type\":\"SearchAction\",\"target\":{\"@type\":\"EntryPoint\",\"urlTemplate\":\"https:\/\/global-exam.com\/blog\/?s={search_term_string}\"},\"query-input\":\"required name=search_term_string\"}],\"inLanguage\":\"fr-FR\"},{\"@type\":\"WebPage\",\"@id\":\"https:\/\/global-exam.com\/blog\/es\/aprendizaje-de-idiomas\/general-french-aprende-frances-online\/categoria-vocabulario-en-frances\/#webpage\",\"url\":\"https:\/\/global-exam.com\/blog\/es\/aprendizaje-de-idiomas\/general-french-aprende-frances-online\/categoria-vocabulario-en-frances\/\",\"name\":\"Vocabulario en franc\\u00e9s - GlobalExam Blog\",\"isPartOf\":{\"@id\":\"https:\/\/global-exam.com\/blog\/#website\"},\"datePublished\":\"2021-12-14T13:58:37+00:00\",\"dateModified\":\"2022-09-08T09:54:20+00:00\",\"description\":\"Ampl\\u00eda tu vocabulario con nuestras fichas sobre varios temas de la vida cotidiana y palabras necesarias para presentar un test oficial de franc\\u00e9s.\",\"breadcrumb\":{\"@id\":\"https:\/\/global-exam.com\/blog\/es\/aprendizaje-de-idiomas\/general-french-aprende-frances-online\/categoria-vocabulario-en-frances\/#breadcrumb\"},\"inLanguage\":\"fr-FR\",\"potentialAction\":[{\"@type\":\"ReadAction\",\"target\":[\"https:\/\/global-exam.com\/blog\/es\/aprendizaje-de-idiomas\/general-french-aprende-frances-online\/categoria-vocabulario-en-frances\/\"]}]},{\"@type\":\"BreadcrumbList\",\"@id\":\"https:\/\/global-exam.com\/blog\/es\/aprendizaje-de-idiomas\/general-french-aprende-frances-online\/categoria-vocabulario-en-frances\/#breadcrumb\",\"itemListElement\":[{\"@type\":\"ListItem\",\"position\":1,\"name\":\"Aprendizaje de idiomas\",\"item\":\"https:\/\/global-exam.com\/blog\/es\/aprendizaje-de-idiomas\/\"},{\"@type\":\"ListItem\",\"position\":2,\"name\":\"Aprende franc\\u00e9s online gratis con Global General\",\"item\":\"https:\/\/global-exam.com\/blog\/es\/general-french-aprende-frances-online\/\"},{\"@type\":\"ListItem\",\"position\":3,\"name\":\"Vocabulario en franc\\u00e9s\"}]}]}<\/script>\n<!-- \/ Yoast SEO plugin. -->","yoast_head_json":{"title":"Vocabulario en franc\u00e9s - GlobalExam Blog","description":"Ampl\u00eda tu vocabulario con nuestras fichas sobre varios temas de la vida cotidiana y palabras necesarias para presentar un test oficial de franc\u00e9s.","robots":{"index":"index","follow":"follow","max-snippet":"max-snippet:-1","max-image-preview":"max-image-preview:large","max-video-preview":"max-video-preview:-1"},"canonical":"https:\/\/global-exam.com\/blog\/es\/aprendizaje-de-idiomas\/general-french-aprende-frances-online\/categoria-vocabulario-en-frances\/","og_locale":"fr_FR","og_type":"article","og_title":"Vocabulario en franc\u00e9s - GlobalExam Blog","og_description":"Ampl\u00eda tu vocabulario con nuestras fichas sobre varios temas de la vida cotidiana y palabras necesarias para presentar un test oficial de franc\u00e9s.","og_url":"https:\/\/global-exam.com\/blog\/es\/aprendizaje-de-idiomas\/general-french-aprende-frances-online\/categoria-vocabulario-en-frances\/","og_site_name":"GlobalExam Blog","article_publisher":"https:\/\/www.facebook.com\/Global.Exam","article_modified_time":"2022-09-08T09:54:20+00:00","twitter_card":"summary_large_image","twitter_site":"@Global_Exam","twitter_misc":{"Dur\u00e9e de lecture estim\u00e9e":"1 minute"},"schema":{"@context":"https:\/\/schema.org","@graph":[{"@type":"WebSite","@id":"https:\/\/global-exam.com\/blog\/#website","url":"https:\/\/global-exam.com\/blog\/","name":"GlobalExam Blog","description":"Le blog du sp\u00e9cialiste de la certification linguistique","potentialAction":[{"@type":"SearchAction","target":{"@type":"EntryPoint","urlTemplate":"https:\/\/global-exam.com\/blog\/?s={search_term_string}"},"query-input":"required name=search_term_string"}],"inLanguage":"fr-FR"},{"@type":"WebPage","@id":"https:\/\/global-exam.com\/blog\/es\/aprendizaje-de-idiomas\/general-french-aprende-frances-online\/categoria-vocabulario-en-frances\/#webpage","url":"https:\/\/global-exam.com\/blog\/es\/aprendizaje-de-idiomas\/general-french-aprende-frances-online\/categoria-vocabulario-en-frances\/","name":"Vocabulario en franc\u00e9s - GlobalExam Blog","isPartOf":{"@id":"https:\/\/global-exam.com\/blog\/#website"},"datePublished":"2021-12-14T13:58:37+00:00","dateModified":"2022-09-08T09:54:20+00:00","description":"Ampl\u00eda tu vocabulario con nuestras fichas sobre varios temas de la vida cotidiana y palabras necesarias para presentar un test oficial de franc\u00e9s.","breadcrumb":{"@id":"https:\/\/global-exam.com\/blog\/es\/aprendizaje-de-idiomas\/general-french-aprende-frances-online\/categoria-vocabulario-en-frances\/#breadcrumb"},"inLanguage":"fr-FR","potentialAction":[{"@type":"ReadAction","target":["https:\/\/global-exam.com\/blog\/es\/aprendizaje-de-idiomas\/general-french-aprende-frances-online\/categoria-vocabulario-en-frances\/"]}]},{"@type":"BreadcrumbList","@id":"https:\/\/global-exam.com\/blog\/es\/aprendizaje-de-idiomas\/general-french-aprende-frances-online\/categoria-vocabulario-en-frances\/#breadcrumb","itemListElement":[{"@type":"ListItem","position":1,"name":"Aprendizaje de idiomas","item":"https:\/\/global-exam.com\/blog\/es\/aprendizaje-de-idiomas\/"},{"@type":"ListItem","position":2,"name":"Aprende franc\u00e9s online gratis con Global General","item":"https:\/\/global-exam.com\/blog\/es\/general-french-aprende-frances-online\/"},{"@type":"ListItem","position":3,"name":"Vocabulario en franc\u00e9s"}]}]}},"lang":"es","translations":{"es":70685},"pll_sync_post":[],"_links":{"self":[{"href":"https:\/\/global-exam.com\/blog\/wp-json\/wp\/v2\/pages\/70685"}],"collection":[{"href":"https:\/\/global-exam.com\/blog\/wp-json\/wp\/v2\/pages"}],"about":[{"href":"https:\/\/global-exam.com\/blog\/wp-json\/wp\/v2\/types\/page"}],"author":[{"embeddable":true,"href":"https:\/\/global-exam.com\/blog\/wp-json\/wp\/v2\/users\/24"}],"replies":[{"embeddable":true,"href":"https:\/\/global-exam.com\/blog\/wp-json\/wp\/v2\/comments?post=70685"}],"version-history":[{"count":5,"href":"https:\/\/global-exam.com\/blog\/wp-json\/wp\/v2\/pages\/70685\/revisions"}],"predecessor-version":[{"id":79323,"href":"https:\/\/global-exam.com\/blog\/wp-json\/wp\/v2\/pages\/70685\/revisions\/79323"}],"up":[{"embeddable":true,"href":"https:\/\/global-exam.com\/blog\/wp-json\/wp\/v2\/pages\/47510"}],"wp:attachment":[{"href":"https:\/\/global-exam.com\/blog\/wp-json\/wp\/v2\/media?parent=70685"}],"curies":[{"name":"wp","href":"https:\/\/api.w.org\/{rel}","templated":true}]}}