{"id":70689,"date":"2021-12-14T15:00:33","date_gmt":"2021-12-14T14:00:33","guid":{"rendered":"https:\/\/global-exam.com\/blog\/?page_id=70689"},"modified":"2022-09-08T10:15:56","modified_gmt":"2022-09-08T08:15:56","slug":"categoria-gramatica-francesa","status":"publish","type":"page","link":"https:\/\/global-exam.com\/blog\/es\/aprendizaje-de-idiomas\/general-french-aprende-frances-online\/categoria-gramatica-francesa\/","title":{"rendered":"Gram\u00e1tica francesa"},"content":{"rendered":"<p>Dominar la gram\u00e1tica francesa<\/p>\n<p>Una de las disciplinas m\u00e1s complejas a la hora de aprender una lengua es la gram\u00e1tica, sobre todo en el caso de las<strong> lenguas romanes,<\/strong> como es el caso del franc\u00e9s. Las reglas, los cambios y el orden en las oraciones debe aprenderse desde el comienzo del estudio de la lengua para poder expresarnos correctamente. Esta categor\u00eda te ayudar\u00e1 a comprender los entresijos de la <strong>gram\u00e1tica francesa<\/strong>\u00a0y a asentar una importante base que te ser\u00e1 de gran utilidad durante todo tu aprendizaje.<\/p>\n<p>Te explicamos en los distintos art\u00edculos que puedes ver a continuaci\u00f3n, las <strong>reglas\u00a0de los\u00a0adjetivos en franc\u00e9s<\/strong>,\u00a0los <strong>tipos\u00a0de\u00a0pronombres <\/strong>y tambi\u00e9n\u00a0las\u00a0<strong>formas verbales,<\/strong> sus reglas de formaci\u00f3n y de uso.\u00a0Todos los art\u00edculos explican las reglas mencionadas y tambi\u00e9n ofrecen ejemplos espec\u00edficos, as\u00ed como ejercicios en los que podr\u00e1s comprobar si has comprendido la informaci\u00f3n que has le\u00eddo.<\/p>\n<p>En\u00a0<strong>GlobalExam<\/strong> nos importa que todas aquellas personas que quieren aprender una lengua lo hagan de la mejor manera posible y sin sentir presi\u00f3n. En nuestra plataforma te ofrecemos hojas de gram\u00e1tica y de vocabulario donde podr\u00e1s aumentar tu nivel en franc\u00e9s. Cada ficha de gram\u00e1tica va acompa\u00f1ada de una serie de ejercicios y ejemplos con los que ponerte a prueba.<\/p>\n<p>\u00bfQuieres presentarte al <strong>DALF, al DELF o al TCF<\/strong>? Usa la opci\u00f3n de modelo real de examen para conocer cu\u00e1l es tu nivel y dise\u00f1ar tu plan de estudio personalizado. Si solo quieres practicar, puedes entrar en todas las actividades que trabajan la comprensi\u00f3n lectora y auditiva, y la expresi\u00f3n oral y escrita.<\/p>\n","protected":false},"excerpt":{"rendered":"<p>Dominar la gram\u00e1tica francesa Una de las disciplinas m\u00e1s complejas a la hora de aprender una lengua es la gram\u00e1tica, sobre todo [&hellip;]<\/p>\n","protected":false},"author":24,"featured_media":0,"parent":47510,"menu_order":0,"comment_status":"closed","ping_status":"closed","template":"","meta":[],"acf":[],"yoast_head":"<!-- This site is optimized with the Yoast SEO plugin v17.2.1 - https:\/\/yoast.com\/wordpress\/plugins\/seo\/ -->\n<title>Gram\u00e1tica francesa - GlobalExam Blog<\/title>\n<meta name=\"description\" content=\"Domina la gram\u00e1tica francesa gracias a nuestras fichas sobre los verbos, su formaci\u00f3n y su uso, los adjetivos, los pronombres, \u00a1y mucho m\u00e1s!\" \/>\n<meta name=\"robots\" content=\"index, follow, max-snippet:-1, max-image-preview:large, max-video-preview:-1\" \/>\n<link rel=\"canonical\" href=\"https:\/\/global-exam.com\/blog\/es\/aprendizaje-de-idiomas\/general-french-aprende-frances-online\/categoria-gramatica-francesa\/\" \/>\n<meta property=\"og:locale\" content=\"fr_FR\" \/>\n<meta property=\"og:type\" content=\"article\" \/>\n<meta property=\"og:title\" content=\"Gram\u00e1tica francesa - GlobalExam Blog\" \/>\n<meta property=\"og:description\" content=\"Domina la gram\u00e1tica francesa gracias a nuestras fichas sobre los verbos, su formaci\u00f3n y su uso, los adjetivos, los pronombres, \u00a1y mucho m\u00e1s!\" \/>\n<meta property=\"og:url\" content=\"https:\/\/global-exam.com\/blog\/es\/aprendizaje-de-idiomas\/general-french-aprende-frances-online\/categoria-gramatica-francesa\/\" \/>\n<meta property=\"og:site_name\" content=\"GlobalExam Blog\" \/>\n<meta property=\"article:publisher\" content=\"https:\/\/www.facebook.com\/Global.Exam\" \/>\n<meta property=\"article:modified_time\" content=\"2022-09-08T08:15:56+00:00\" \/>\n<meta name=\"twitter:card\" content=\"summary_large_image\" \/>\n<meta name=\"twitter:site\" content=\"@Global_Exam\" \/>\n<meta name=\"twitter:label1\" content=\"Dur\u00e9e de lecture estim\u00e9e\" \/>\n\t<meta name=\"twitter:data1\" content=\"2 minutes\" \/>\n<script type=\"application\/ld+json\" class=\"yoast-schema-graph\">{\"@context\":\"https:\/\/schema.org\",\"@graph\":[{\"@type\":\"WebSite\",\"@id\":\"https:\/\/global-exam.com\/blog\/#website\",\"url\":\"https:\/\/global-exam.com\/blog\/\",\"name\":\"GlobalExam Blog\",\"description\":\"Le blog du sp\\u00e9cialiste de la certification linguistique\",\"potentialAction\":[{\"@type\":\"SearchAction\",\"target\":{\"@type\":\"EntryPoint\",\"urlTemplate\":\"https:\/\/global-exam.com\/blog\/?s={search_term_string}\"},\"query-input\":\"required name=search_term_string\"}],\"inLanguage\":\"fr-FR\"},{\"@type\":\"WebPage\",\"@id\":\"https:\/\/global-exam.com\/blog\/es\/aprendizaje-de-idiomas\/general-french-aprende-frances-online\/categoria-gramatica-francesa\/#webpage\",\"url\":\"https:\/\/global-exam.com\/blog\/es\/aprendizaje-de-idiomas\/general-french-aprende-frances-online\/categoria-gramatica-francesa\/\",\"name\":\"Gram\\u00e1tica francesa - GlobalExam Blog\",\"isPartOf\":{\"@id\":\"https:\/\/global-exam.com\/blog\/#website\"},\"datePublished\":\"2021-12-14T14:00:33+00:00\",\"dateModified\":\"2022-09-08T08:15:56+00:00\",\"description\":\"Domina la gram\\u00e1tica francesa gracias a nuestras fichas sobre los verbos, su formaci\\u00f3n y su uso, los adjetivos, los pronombres, \\u00a1y mucho m\\u00e1s!\",\"breadcrumb\":{\"@id\":\"https:\/\/global-exam.com\/blog\/es\/aprendizaje-de-idiomas\/general-french-aprende-frances-online\/categoria-gramatica-francesa\/#breadcrumb\"},\"inLanguage\":\"fr-FR\",\"potentialAction\":[{\"@type\":\"ReadAction\",\"target\":[\"https:\/\/global-exam.com\/blog\/es\/aprendizaje-de-idiomas\/general-french-aprende-frances-online\/categoria-gramatica-francesa\/\"]}]},{\"@type\":\"BreadcrumbList\",\"@id\":\"https:\/\/global-exam.com\/blog\/es\/aprendizaje-de-idiomas\/general-french-aprende-frances-online\/categoria-gramatica-francesa\/#breadcrumb\",\"itemListElement\":[{\"@type\":\"ListItem\",\"position\":1,\"name\":\"Aprendizaje de idiomas\",\"item\":\"https:\/\/global-exam.com\/blog\/es\/aprendizaje-de-idiomas\/\"},{\"@type\":\"ListItem\",\"position\":2,\"name\":\"Aprende franc\\u00e9s online gratis con Global General\",\"item\":\"https:\/\/global-exam.com\/blog\/es\/general-french-aprende-frances-online\/\"},{\"@type\":\"ListItem\",\"position\":3,\"name\":\"Gram\\u00e1tica francesa\"}]}]}<\/script>\n<!-- \/ Yoast SEO plugin. -->","yoast_head_json":{"title":"Gram\u00e1tica francesa - GlobalExam Blog","description":"Domina la gram\u00e1tica francesa gracias a nuestras fichas sobre los verbos, su formaci\u00f3n y su uso, los adjetivos, los pronombres, \u00a1y mucho m\u00e1s!","robots":{"index":"index","follow":"follow","max-snippet":"max-snippet:-1","max-image-preview":"max-image-preview:large","max-video-preview":"max-video-preview:-1"},"canonical":"https:\/\/global-exam.com\/blog\/es\/aprendizaje-de-idiomas\/general-french-aprende-frances-online\/categoria-gramatica-francesa\/","og_locale":"fr_FR","og_type":"article","og_title":"Gram\u00e1tica francesa - GlobalExam Blog","og_description":"Domina la gram\u00e1tica francesa gracias a nuestras fichas sobre los verbos, su formaci\u00f3n y su uso, los adjetivos, los pronombres, \u00a1y mucho m\u00e1s!","og_url":"https:\/\/global-exam.com\/blog\/es\/aprendizaje-de-idiomas\/general-french-aprende-frances-online\/categoria-gramatica-francesa\/","og_site_name":"GlobalExam Blog","article_publisher":"https:\/\/www.facebook.com\/Global.Exam","article_modified_time":"2022-09-08T08:15:56+00:00","twitter_card":"summary_large_image","twitter_site":"@Global_Exam","twitter_misc":{"Dur\u00e9e de lecture estim\u00e9e":"2 minutes"},"schema":{"@context":"https:\/\/schema.org","@graph":[{"@type":"WebSite","@id":"https:\/\/global-exam.com\/blog\/#website","url":"https:\/\/global-exam.com\/blog\/","name":"GlobalExam Blog","description":"Le blog du sp\u00e9cialiste de la certification linguistique","potentialAction":[{"@type":"SearchAction","target":{"@type":"EntryPoint","urlTemplate":"https:\/\/global-exam.com\/blog\/?s={search_term_string}"},"query-input":"required name=search_term_string"}],"inLanguage":"fr-FR"},{"@type":"WebPage","@id":"https:\/\/global-exam.com\/blog\/es\/aprendizaje-de-idiomas\/general-french-aprende-frances-online\/categoria-gramatica-francesa\/#webpage","url":"https:\/\/global-exam.com\/blog\/es\/aprendizaje-de-idiomas\/general-french-aprende-frances-online\/categoria-gramatica-francesa\/","name":"Gram\u00e1tica francesa - GlobalExam Blog","isPartOf":{"@id":"https:\/\/global-exam.com\/blog\/#website"},"datePublished":"2021-12-14T14:00:33+00:00","dateModified":"2022-09-08T08:15:56+00:00","description":"Domina la gram\u00e1tica francesa gracias a nuestras fichas sobre los verbos, su formaci\u00f3n y su uso, los adjetivos, los pronombres, \u00a1y mucho m\u00e1s!","breadcrumb":{"@id":"https:\/\/global-exam.com\/blog\/es\/aprendizaje-de-idiomas\/general-french-aprende-frances-online\/categoria-gramatica-francesa\/#breadcrumb"},"inLanguage":"fr-FR","potentialAction":[{"@type":"ReadAction","target":["https:\/\/global-exam.com\/blog\/es\/aprendizaje-de-idiomas\/general-french-aprende-frances-online\/categoria-gramatica-francesa\/"]}]},{"@type":"BreadcrumbList","@id":"https:\/\/global-exam.com\/blog\/es\/aprendizaje-de-idiomas\/general-french-aprende-frances-online\/categoria-gramatica-francesa\/#breadcrumb","itemListElement":[{"@type":"ListItem","position":1,"name":"Aprendizaje de idiomas","item":"https:\/\/global-exam.com\/blog\/es\/aprendizaje-de-idiomas\/"},{"@type":"ListItem","position":2,"name":"Aprende franc\u00e9s online gratis con Global General","item":"https:\/\/global-exam.com\/blog\/es\/general-french-aprende-frances-online\/"},{"@type":"ListItem","position":3,"name":"Gram\u00e1tica francesa"}]}]}},"lang":"es","translations":{"es":70689},"pll_sync_post":[],"_links":{"self":[{"href":"https:\/\/global-exam.com\/blog\/wp-json\/wp\/v2\/pages\/70689"}],"collection":[{"href":"https:\/\/global-exam.com\/blog\/wp-json\/wp\/v2\/pages"}],"about":[{"href":"https:\/\/global-exam.com\/blog\/wp-json\/wp\/v2\/types\/page"}],"author":[{"embeddable":true,"href":"https:\/\/global-exam.com\/blog\/wp-json\/wp\/v2\/users\/24"}],"replies":[{"embeddable":true,"href":"https:\/\/global-exam.com\/blog\/wp-json\/wp\/v2\/comments?post=70689"}],"version-history":[{"count":5,"href":"https:\/\/global-exam.com\/blog\/wp-json\/wp\/v2\/pages\/70689\/revisions"}],"predecessor-version":[{"id":79319,"href":"https:\/\/global-exam.com\/blog\/wp-json\/wp\/v2\/pages\/70689\/revisions\/79319"}],"up":[{"embeddable":true,"href":"https:\/\/global-exam.com\/blog\/wp-json\/wp\/v2\/pages\/47510"}],"wp:attachment":[{"href":"https:\/\/global-exam.com\/blog\/wp-json\/wp\/v2\/media?parent=70689"}],"curies":[{"name":"wp","href":"https:\/\/api.w.org\/{rel}","templated":true}]}}