{"id":70692,"date":"2021-12-14T15:02:21","date_gmt":"2021-12-14T14:02:21","guid":{"rendered":"https:\/\/global-exam.com\/blog\/?page_id=70692"},"modified":"2022-07-01T15:14:52","modified_gmt":"2022-07-01T13:14:52","slug":"categoria-como-aprender-espanol","status":"publish","type":"page","link":"https:\/\/global-exam.com\/blog\/es\/aprendizaje-de-idiomas\/general-spanish-aprender-espanol-online\/categoria-como-aprender-espanol\/","title":{"rendered":"\u00bfC\u00f3mo aprender espa\u00f1ol?"},"content":{"rendered":"<p>El\u00a0<strong>espa\u00f1ol<\/strong>\u00a0es la segunda lengua m\u00e1s hablada del mundo y por eso cada vez m\u00e1s personas est\u00e1n interesadas en aprender este idioma, ya que puede suponer un gran paso en las carreras acad\u00e9micas o profesionales internacionalmente. Si eres una de esas personas que est\u00e1 pensando en aprender espa\u00f1ol o ya has empezado a estudiarlo, te recomendamos que te adentres en los art\u00edculos de esta\u00a0<strong>categor\u00eda<\/strong>\u00a0porque encontrar\u00e1s muchas claves que te ayudar\u00e1n en tu\u00a0<strong>proceso<\/strong>\u00a0de\u00a0<strong>aprendizaje.<\/strong><\/p>\n<p>Entre todos los art\u00edculos que tienes a tu disposici\u00f3n en la presente categor\u00eda, puedes comenzar haciendo un\u00a0<strong>repaso<\/strong>\u00a0sobre c\u00f3mo\u00a0<strong>aprender espa\u00f1ol<\/strong>\u00a0de una manera\u00a0<strong>sencilla<\/strong>\u00a0y\u00a0<strong>r\u00e1pida<\/strong>\u00a0con los m\u00e9todos y consejos que te ofrecemos. Adem\u00e1s, podr\u00e1s conocer las particularidades de la pronunciaci\u00f3n en espa\u00f1ol con las reglas que tambi\u00e9n encontrar\u00e1s aqu\u00ed. Por \u00faltimo, si te gustan los m\u00e9todos novedosos y amenos, te ofrecemos consejos sobre c\u00f3mo aprender espa\u00f1ol con v\u00eddeos y tambi\u00e9n con telenovelas. Como ves, intentamos que tu aprendizaje sea divertido, pero tambi\u00e9n satisfactorio para conseguir que te comuniques a la perfecci\u00f3n en espa\u00f1ol.<\/p>\n<p>En GlobalExam trabajamos para ofrecer a todos los estudiantes de lenguas material \u00fatil para que consigan hablar en otros idiomas y hacer de su estudio un proceso f\u00e1cil y r\u00e1pido. Si quieres aprender espa\u00f1ol, puedes acceder a la multitud de hojas de gram\u00e1tica y vocabulario que te ofrecemos en nuestra p\u00e1gina, as\u00ed como a una gran cantidad de pr\u00e1cticas con ejemplos y\u00a0<strong>explicaciones<\/strong>\u00a0de cada pregunta. Si lo que quieres es presentarte al\u00a0<strong>DELE<\/strong>\u00a0o al\u00a0<strong>Bright Espa\u00f1ol<\/strong>\u00a0podr\u00e1s realizar una prueba de examen para saber cu\u00e1l es el nivel con el que cuentas y cu\u00e1les son los objetivos que debes cumplir.<\/p>\n<p>Si\u00a0<strong>quieres aprender espa\u00f1ol,<\/strong>\u00a0te ofrecemos una categor\u00eda llena de consejos y claves sobre c\u00f3mo hacerlo de la mejor manera posible y lograr una competencia excelente en este idioma.<\/p>\n","protected":false},"excerpt":{"rendered":"<p>El\u00a0espa\u00f1ol\u00a0es la segunda lengua m\u00e1s hablada del mundo y por eso cada vez m\u00e1s personas est\u00e1n interesadas en aprender este idioma, ya [&hellip;]<\/p>\n","protected":false},"author":24,"featured_media":0,"parent":48041,"menu_order":0,"comment_status":"closed","ping_status":"closed","template":"","meta":[],"acf":[],"yoast_head":"<!-- This site is optimized with the Yoast SEO plugin v17.2.1 - https:\/\/yoast.com\/wordpress\/plugins\/seo\/ -->\n<title>\u00bfC\u00f3mo aprender espa\u00f1ol?<\/title>\n<meta name=\"robots\" content=\"index, follow, max-snippet:-1, max-image-preview:large, max-video-preview:-1\" \/>\n<link rel=\"canonical\" href=\"https:\/\/global-exam.com\/blog\/es\/aprendizaje-de-idiomas\/general-spanish-aprender-espanol-online\/categoria-como-aprender-espanol\/\" \/>\n<meta property=\"og:locale\" content=\"fr_FR\" \/>\n<meta property=\"og:type\" content=\"article\" \/>\n<meta property=\"og:title\" content=\"\u00bfC\u00f3mo aprender espa\u00f1ol?\" \/>\n<meta property=\"og:description\" content=\"El\u00a0espa\u00f1ol\u00a0es la segunda lengua m\u00e1s hablada del mundo y por eso cada vez m\u00e1s personas est\u00e1n interesadas en aprender este idioma, ya [&hellip;]\" \/>\n<meta property=\"og:url\" content=\"https:\/\/global-exam.com\/blog\/es\/aprendizaje-de-idiomas\/general-spanish-aprender-espanol-online\/categoria-como-aprender-espanol\/\" \/>\n<meta property=\"og:site_name\" content=\"GlobalExam Blog\" \/>\n<meta property=\"article:publisher\" content=\"https:\/\/www.facebook.com\/Global.Exam\" \/>\n<meta property=\"article:modified_time\" content=\"2022-07-01T13:14:52+00:00\" \/>\n<meta name=\"twitter:card\" content=\"summary_large_image\" \/>\n<meta name=\"twitter:site\" content=\"@Global_Exam\" \/>\n<meta name=\"twitter:label1\" content=\"Dur\u00e9e de lecture estim\u00e9e\" \/>\n\t<meta name=\"twitter:data1\" content=\"2 minutes\" \/>\n<script type=\"application\/ld+json\" class=\"yoast-schema-graph\">{\"@context\":\"https:\/\/schema.org\",\"@graph\":[{\"@type\":\"WebSite\",\"@id\":\"https:\/\/global-exam.com\/blog\/#website\",\"url\":\"https:\/\/global-exam.com\/blog\/\",\"name\":\"GlobalExam Blog\",\"description\":\"Le blog du sp\\u00e9cialiste de la certification linguistique\",\"potentialAction\":[{\"@type\":\"SearchAction\",\"target\":{\"@type\":\"EntryPoint\",\"urlTemplate\":\"https:\/\/global-exam.com\/blog\/?s={search_term_string}\"},\"query-input\":\"required name=search_term_string\"}],\"inLanguage\":\"fr-FR\"},{\"@type\":\"WebPage\",\"@id\":\"https:\/\/global-exam.com\/blog\/es\/aprendizaje-de-idiomas\/general-spanish-aprender-espanol-online\/categoria-como-aprender-espanol\/#webpage\",\"url\":\"https:\/\/global-exam.com\/blog\/es\/aprendizaje-de-idiomas\/general-spanish-aprender-espanol-online\/categoria-como-aprender-espanol\/\",\"name\":\"\\u00bfC\\u00f3mo aprender espa\\u00f1ol?\",\"isPartOf\":{\"@id\":\"https:\/\/global-exam.com\/blog\/#website\"},\"datePublished\":\"2021-12-14T14:02:21+00:00\",\"dateModified\":\"2022-07-01T13:14:52+00:00\",\"breadcrumb\":{\"@id\":\"https:\/\/global-exam.com\/blog\/es\/aprendizaje-de-idiomas\/general-spanish-aprender-espanol-online\/categoria-como-aprender-espanol\/#breadcrumb\"},\"inLanguage\":\"fr-FR\",\"potentialAction\":[{\"@type\":\"ReadAction\",\"target\":[\"https:\/\/global-exam.com\/blog\/es\/aprendizaje-de-idiomas\/general-spanish-aprender-espanol-online\/categoria-como-aprender-espanol\/\"]}]},{\"@type\":\"BreadcrumbList\",\"@id\":\"https:\/\/global-exam.com\/blog\/es\/aprendizaje-de-idiomas\/general-spanish-aprender-espanol-online\/categoria-como-aprender-espanol\/#breadcrumb\",\"itemListElement\":[{\"@type\":\"ListItem\",\"position\":1,\"name\":\"Aprendizaje de idiomas\",\"item\":\"https:\/\/global-exam.com\/blog\/es\/aprendizaje-de-idiomas\/\"},{\"@type\":\"ListItem\",\"position\":2,\"name\":\"Aprender espa\\u00f1ol online con el Global General\",\"item\":\"https:\/\/global-exam.com\/blog\/es\/aprendizaje-de-idiomas\/general-spanish-aprender-espanol-online\/\"},{\"@type\":\"ListItem\",\"position\":3,\"name\":\"\\u00bfC\\u00f3mo aprender espa\\u00f1ol?\"}]}]}<\/script>\n<!-- \/ Yoast SEO plugin. -->","yoast_head_json":{"title":"\u00bfC\u00f3mo aprender espa\u00f1ol?","robots":{"index":"index","follow":"follow","max-snippet":"max-snippet:-1","max-image-preview":"max-image-preview:large","max-video-preview":"max-video-preview:-1"},"canonical":"https:\/\/global-exam.com\/blog\/es\/aprendizaje-de-idiomas\/general-spanish-aprender-espanol-online\/categoria-como-aprender-espanol\/","og_locale":"fr_FR","og_type":"article","og_title":"\u00bfC\u00f3mo aprender espa\u00f1ol?","og_description":"El\u00a0espa\u00f1ol\u00a0es la segunda lengua m\u00e1s hablada del mundo y por eso cada vez m\u00e1s personas est\u00e1n interesadas en aprender este idioma, ya [&hellip;]","og_url":"https:\/\/global-exam.com\/blog\/es\/aprendizaje-de-idiomas\/general-spanish-aprender-espanol-online\/categoria-como-aprender-espanol\/","og_site_name":"GlobalExam Blog","article_publisher":"https:\/\/www.facebook.com\/Global.Exam","article_modified_time":"2022-07-01T13:14:52+00:00","twitter_card":"summary_large_image","twitter_site":"@Global_Exam","twitter_misc":{"Dur\u00e9e de lecture estim\u00e9e":"2 minutes"},"schema":{"@context":"https:\/\/schema.org","@graph":[{"@type":"WebSite","@id":"https:\/\/global-exam.com\/blog\/#website","url":"https:\/\/global-exam.com\/blog\/","name":"GlobalExam Blog","description":"Le blog du sp\u00e9cialiste de la certification linguistique","potentialAction":[{"@type":"SearchAction","target":{"@type":"EntryPoint","urlTemplate":"https:\/\/global-exam.com\/blog\/?s={search_term_string}"},"query-input":"required name=search_term_string"}],"inLanguage":"fr-FR"},{"@type":"WebPage","@id":"https:\/\/global-exam.com\/blog\/es\/aprendizaje-de-idiomas\/general-spanish-aprender-espanol-online\/categoria-como-aprender-espanol\/#webpage","url":"https:\/\/global-exam.com\/blog\/es\/aprendizaje-de-idiomas\/general-spanish-aprender-espanol-online\/categoria-como-aprender-espanol\/","name":"\u00bfC\u00f3mo aprender espa\u00f1ol?","isPartOf":{"@id":"https:\/\/global-exam.com\/blog\/#website"},"datePublished":"2021-12-14T14:02:21+00:00","dateModified":"2022-07-01T13:14:52+00:00","breadcrumb":{"@id":"https:\/\/global-exam.com\/blog\/es\/aprendizaje-de-idiomas\/general-spanish-aprender-espanol-online\/categoria-como-aprender-espanol\/#breadcrumb"},"inLanguage":"fr-FR","potentialAction":[{"@type":"ReadAction","target":["https:\/\/global-exam.com\/blog\/es\/aprendizaje-de-idiomas\/general-spanish-aprender-espanol-online\/categoria-como-aprender-espanol\/"]}]},{"@type":"BreadcrumbList","@id":"https:\/\/global-exam.com\/blog\/es\/aprendizaje-de-idiomas\/general-spanish-aprender-espanol-online\/categoria-como-aprender-espanol\/#breadcrumb","itemListElement":[{"@type":"ListItem","position":1,"name":"Aprendizaje de idiomas","item":"https:\/\/global-exam.com\/blog\/es\/aprendizaje-de-idiomas\/"},{"@type":"ListItem","position":2,"name":"Aprender espa\u00f1ol online con el Global General","item":"https:\/\/global-exam.com\/blog\/es\/aprendizaje-de-idiomas\/general-spanish-aprender-espanol-online\/"},{"@type":"ListItem","position":3,"name":"\u00bfC\u00f3mo aprender espa\u00f1ol?"}]}]}},"lang":"es","translations":{"es":70692},"pll_sync_post":[],"_links":{"self":[{"href":"https:\/\/global-exam.com\/blog\/wp-json\/wp\/v2\/pages\/70692"}],"collection":[{"href":"https:\/\/global-exam.com\/blog\/wp-json\/wp\/v2\/pages"}],"about":[{"href":"https:\/\/global-exam.com\/blog\/wp-json\/wp\/v2\/types\/page"}],"author":[{"embeddable":true,"href":"https:\/\/global-exam.com\/blog\/wp-json\/wp\/v2\/users\/24"}],"replies":[{"embeddable":true,"href":"https:\/\/global-exam.com\/blog\/wp-json\/wp\/v2\/comments?post=70692"}],"version-history":[{"count":3,"href":"https:\/\/global-exam.com\/blog\/wp-json\/wp\/v2\/pages\/70692\/revisions"}],"predecessor-version":[{"id":77244,"href":"https:\/\/global-exam.com\/blog\/wp-json\/wp\/v2\/pages\/70692\/revisions\/77244"}],"up":[{"embeddable":true,"href":"https:\/\/global-exam.com\/blog\/wp-json\/wp\/v2\/pages\/48041"}],"wp:attachment":[{"href":"https:\/\/global-exam.com\/blog\/wp-json\/wp\/v2\/media?parent=70692"}],"curies":[{"name":"wp","href":"https:\/\/api.w.org\/{rel}","templated":true}]}}