{"id":70696,"date":"2021-12-14T15:06:40","date_gmt":"2021-12-14T14:06:40","guid":{"rendered":"https:\/\/global-exam.com\/blog\/?page_id=70696"},"modified":"2022-07-01T15:14:51","modified_gmt":"2022-07-01T13:14:51","slug":"categoria-gramatica-espanola","status":"publish","type":"page","link":"https:\/\/global-exam.com\/blog\/es\/aprendizaje-de-idiomas\/general-spanish-aprender-espanol-online\/categoria-gramatica-espanola\/","title":{"rendered":"Gram\u00e1tica espa\u00f1ola"},"content":{"rendered":"<p>La\u00a0<strong>gram\u00e1tica<\/strong>\u00a0del\u00a0<strong>espa\u00f1ol<\/strong>\u00a0es uno de los aspectos de la lengua m\u00e1s complejos para los estudiantes de este idioma, ya que debes aprender todos los cambios en las terminaciones de los verbos, adjetivos, pronombres, etc. dependiendo del significado que quieras expresar\u00a0<strong>(tiempo, persona, g\u00e9nero\u2026)<\/strong>. Creemos que es importante que tengas en cuenta los mejores m\u00e9todos para comprender la gram\u00e1tica y, de esta forma, hemos creado esta categor\u00eda para que logres expresarte con correcci\u00f3n en espa\u00f1ol y facilitarte el estudio.<\/p>\n<p>En este espacio encontrar\u00e1s art\u00edculos en los que te mostramos los usos gramaticales que creemos que son imprescindibles para que aprendas de una manera sencilla y comprensible el espa\u00f1ol. Encontrar\u00e1s explicaciones sobre el\u00a0<strong>uso del imperativo, del pret\u00e9rito imperfecto y del futuro junto a sus reglas.<\/strong>\u00a0Adem\u00e1s, en cada art\u00edculo te ofrecemos ejercicios que te ayudar\u00e1n a consolidar los contenidos aprendidos y ejemplos con los que poder contextualizar la teor\u00eda. Podr\u00e1s informarte, adem\u00e1s, sobre el uso de los adjetivos en espa\u00f1ol y sobre los tipos de pronombres que existen en esta lengua. Creemos que con todos estos art\u00edculos podr\u00e1s hacerte una idea general del estudio del espa\u00f1ol.<\/p>\n<p>Nuestra plataforma en l\u00ednea GlobalExam intenta concederles a los estudiantes de idiomas todas las respuestas que puedan plantearse en el proceso de adquisici\u00f3n de nuevas lenguas. En este sentido, los mejores especialistas del \u00e1rea han dise\u00f1ado<strong>\u00a0ejercicios pr\u00e1cticos, hojas de teor\u00eda y vocabulario del espa\u00f1ol y modelos de ex\u00e1menes oficiales<\/strong>\u00a0(DELE, Bright espa\u00f1ol) para aquellas personas que quieran acreditar de manera oficial su nivel de espa\u00f1ol y demostrar que pueden comunicarse en este idioma.<\/p>\n<p>Si quieres comprender las<strong>\u00a0reglas del espa\u00f1ol y aprender correctamente la lengua,<\/strong>\u00a0te recomendamos que leas las publicaciones de esta categor\u00eda y te adentres en el maravilloso mundo de la gram\u00e1tica.<\/p>\n","protected":false},"excerpt":{"rendered":"<p>La\u00a0gram\u00e1tica\u00a0del\u00a0espa\u00f1ol\u00a0es uno de los aspectos de la lengua m\u00e1s complejos para los estudiantes de este idioma, ya que debes aprender todos los [&hellip;]<\/p>\n","protected":false},"author":24,"featured_media":0,"parent":48041,"menu_order":0,"comment_status":"closed","ping_status":"closed","template":"","meta":[],"acf":[],"yoast_head":"<!-- This site is optimized with the Yoast SEO plugin v17.2.1 - https:\/\/yoast.com\/wordpress\/plugins\/seo\/ -->\n<title>Gram\u00e1tica espa\u00f1ola<\/title>\n<meta name=\"robots\" content=\"index, follow, max-snippet:-1, max-image-preview:large, max-video-preview:-1\" \/>\n<link rel=\"canonical\" href=\"https:\/\/global-exam.com\/blog\/es\/aprendizaje-de-idiomas\/general-spanish-aprender-espanol-online\/categoria-gramatica-espanola\/\" \/>\n<meta property=\"og:locale\" content=\"fr_FR\" \/>\n<meta property=\"og:type\" content=\"article\" \/>\n<meta property=\"og:title\" content=\"Gram\u00e1tica espa\u00f1ola\" \/>\n<meta property=\"og:description\" content=\"La\u00a0gram\u00e1tica\u00a0del\u00a0espa\u00f1ol\u00a0es uno de los aspectos de la lengua m\u00e1s complejos para los estudiantes de este idioma, ya que debes aprender todos los [&hellip;]\" \/>\n<meta property=\"og:url\" content=\"https:\/\/global-exam.com\/blog\/es\/aprendizaje-de-idiomas\/general-spanish-aprender-espanol-online\/categoria-gramatica-espanola\/\" \/>\n<meta property=\"og:site_name\" content=\"GlobalExam Blog\" \/>\n<meta property=\"article:publisher\" content=\"https:\/\/www.facebook.com\/Global.Exam\" \/>\n<meta property=\"article:modified_time\" content=\"2022-07-01T13:14:51+00:00\" \/>\n<meta name=\"twitter:card\" content=\"summary_large_image\" \/>\n<meta name=\"twitter:site\" content=\"@Global_Exam\" \/>\n<meta name=\"twitter:label1\" content=\"Dur\u00e9e de lecture estim\u00e9e\" \/>\n\t<meta name=\"twitter:data1\" content=\"2 minutes\" \/>\n<script type=\"application\/ld+json\" class=\"yoast-schema-graph\">{\"@context\":\"https:\/\/schema.org\",\"@graph\":[{\"@type\":\"WebSite\",\"@id\":\"https:\/\/global-exam.com\/blog\/#website\",\"url\":\"https:\/\/global-exam.com\/blog\/\",\"name\":\"GlobalExam Blog\",\"description\":\"Le blog du sp\\u00e9cialiste de la certification linguistique\",\"potentialAction\":[{\"@type\":\"SearchAction\",\"target\":{\"@type\":\"EntryPoint\",\"urlTemplate\":\"https:\/\/global-exam.com\/blog\/?s={search_term_string}\"},\"query-input\":\"required name=search_term_string\"}],\"inLanguage\":\"fr-FR\"},{\"@type\":\"WebPage\",\"@id\":\"https:\/\/global-exam.com\/blog\/es\/aprendizaje-de-idiomas\/general-spanish-aprender-espanol-online\/categoria-gramatica-espanola\/#webpage\",\"url\":\"https:\/\/global-exam.com\/blog\/es\/aprendizaje-de-idiomas\/general-spanish-aprender-espanol-online\/categoria-gramatica-espanola\/\",\"name\":\"Gram\\u00e1tica espa\\u00f1ola\",\"isPartOf\":{\"@id\":\"https:\/\/global-exam.com\/blog\/#website\"},\"datePublished\":\"2021-12-14T14:06:40+00:00\",\"dateModified\":\"2022-07-01T13:14:51+00:00\",\"breadcrumb\":{\"@id\":\"https:\/\/global-exam.com\/blog\/es\/aprendizaje-de-idiomas\/general-spanish-aprender-espanol-online\/categoria-gramatica-espanola\/#breadcrumb\"},\"inLanguage\":\"fr-FR\",\"potentialAction\":[{\"@type\":\"ReadAction\",\"target\":[\"https:\/\/global-exam.com\/blog\/es\/aprendizaje-de-idiomas\/general-spanish-aprender-espanol-online\/categoria-gramatica-espanola\/\"]}]},{\"@type\":\"BreadcrumbList\",\"@id\":\"https:\/\/global-exam.com\/blog\/es\/aprendizaje-de-idiomas\/general-spanish-aprender-espanol-online\/categoria-gramatica-espanola\/#breadcrumb\",\"itemListElement\":[{\"@type\":\"ListItem\",\"position\":1,\"name\":\"Aprendizaje de idiomas\",\"item\":\"https:\/\/global-exam.com\/blog\/es\/aprendizaje-de-idiomas\/\"},{\"@type\":\"ListItem\",\"position\":2,\"name\":\"Aprender espa\\u00f1ol online con el Global General\",\"item\":\"https:\/\/global-exam.com\/blog\/es\/aprendizaje-de-idiomas\/general-spanish-aprender-espanol-online\/\"},{\"@type\":\"ListItem\",\"position\":3,\"name\":\"Gram\\u00e1tica espa\\u00f1ola\"}]}]}<\/script>\n<!-- \/ Yoast SEO plugin. -->","yoast_head_json":{"title":"Gram\u00e1tica espa\u00f1ola","robots":{"index":"index","follow":"follow","max-snippet":"max-snippet:-1","max-image-preview":"max-image-preview:large","max-video-preview":"max-video-preview:-1"},"canonical":"https:\/\/global-exam.com\/blog\/es\/aprendizaje-de-idiomas\/general-spanish-aprender-espanol-online\/categoria-gramatica-espanola\/","og_locale":"fr_FR","og_type":"article","og_title":"Gram\u00e1tica espa\u00f1ola","og_description":"La\u00a0gram\u00e1tica\u00a0del\u00a0espa\u00f1ol\u00a0es uno de los aspectos de la lengua m\u00e1s complejos para los estudiantes de este idioma, ya que debes aprender todos los [&hellip;]","og_url":"https:\/\/global-exam.com\/blog\/es\/aprendizaje-de-idiomas\/general-spanish-aprender-espanol-online\/categoria-gramatica-espanola\/","og_site_name":"GlobalExam Blog","article_publisher":"https:\/\/www.facebook.com\/Global.Exam","article_modified_time":"2022-07-01T13:14:51+00:00","twitter_card":"summary_large_image","twitter_site":"@Global_Exam","twitter_misc":{"Dur\u00e9e de lecture estim\u00e9e":"2 minutes"},"schema":{"@context":"https:\/\/schema.org","@graph":[{"@type":"WebSite","@id":"https:\/\/global-exam.com\/blog\/#website","url":"https:\/\/global-exam.com\/blog\/","name":"GlobalExam Blog","description":"Le blog du sp\u00e9cialiste de la certification linguistique","potentialAction":[{"@type":"SearchAction","target":{"@type":"EntryPoint","urlTemplate":"https:\/\/global-exam.com\/blog\/?s={search_term_string}"},"query-input":"required name=search_term_string"}],"inLanguage":"fr-FR"},{"@type":"WebPage","@id":"https:\/\/global-exam.com\/blog\/es\/aprendizaje-de-idiomas\/general-spanish-aprender-espanol-online\/categoria-gramatica-espanola\/#webpage","url":"https:\/\/global-exam.com\/blog\/es\/aprendizaje-de-idiomas\/general-spanish-aprender-espanol-online\/categoria-gramatica-espanola\/","name":"Gram\u00e1tica espa\u00f1ola","isPartOf":{"@id":"https:\/\/global-exam.com\/blog\/#website"},"datePublished":"2021-12-14T14:06:40+00:00","dateModified":"2022-07-01T13:14:51+00:00","breadcrumb":{"@id":"https:\/\/global-exam.com\/blog\/es\/aprendizaje-de-idiomas\/general-spanish-aprender-espanol-online\/categoria-gramatica-espanola\/#breadcrumb"},"inLanguage":"fr-FR","potentialAction":[{"@type":"ReadAction","target":["https:\/\/global-exam.com\/blog\/es\/aprendizaje-de-idiomas\/general-spanish-aprender-espanol-online\/categoria-gramatica-espanola\/"]}]},{"@type":"BreadcrumbList","@id":"https:\/\/global-exam.com\/blog\/es\/aprendizaje-de-idiomas\/general-spanish-aprender-espanol-online\/categoria-gramatica-espanola\/#breadcrumb","itemListElement":[{"@type":"ListItem","position":1,"name":"Aprendizaje de idiomas","item":"https:\/\/global-exam.com\/blog\/es\/aprendizaje-de-idiomas\/"},{"@type":"ListItem","position":2,"name":"Aprender espa\u00f1ol online con el Global General","item":"https:\/\/global-exam.com\/blog\/es\/aprendizaje-de-idiomas\/general-spanish-aprender-espanol-online\/"},{"@type":"ListItem","position":3,"name":"Gram\u00e1tica espa\u00f1ola"}]}]}},"lang":"es","translations":{"es":70696},"pll_sync_post":[],"_links":{"self":[{"href":"https:\/\/global-exam.com\/blog\/wp-json\/wp\/v2\/pages\/70696"}],"collection":[{"href":"https:\/\/global-exam.com\/blog\/wp-json\/wp\/v2\/pages"}],"about":[{"href":"https:\/\/global-exam.com\/blog\/wp-json\/wp\/v2\/types\/page"}],"author":[{"embeddable":true,"href":"https:\/\/global-exam.com\/blog\/wp-json\/wp\/v2\/users\/24"}],"replies":[{"embeddable":true,"href":"https:\/\/global-exam.com\/blog\/wp-json\/wp\/v2\/comments?post=70696"}],"version-history":[{"count":3,"href":"https:\/\/global-exam.com\/blog\/wp-json\/wp\/v2\/pages\/70696\/revisions"}],"predecessor-version":[{"id":77243,"href":"https:\/\/global-exam.com\/blog\/wp-json\/wp\/v2\/pages\/70696\/revisions\/77243"}],"up":[{"embeddable":true,"href":"https:\/\/global-exam.com\/blog\/wp-json\/wp\/v2\/pages\/48041"}],"wp:attachment":[{"href":"https:\/\/global-exam.com\/blog\/wp-json\/wp\/v2\/media?parent=70696"}],"curies":[{"name":"wp","href":"https:\/\/api.w.org\/{rel}","templated":true}]}}