{"id":70699,"date":"2021-12-14T15:08:18","date_gmt":"2021-12-14T14:08:18","guid":{"rendered":"https:\/\/global-exam.com\/blog\/?page_id=70699"},"modified":"2022-07-01T15:14:50","modified_gmt":"2022-07-01T13:14:50","slug":"categoria-vocabulario-en-espanol","status":"publish","type":"page","link":"https:\/\/global-exam.com\/blog\/es\/aprendizaje-de-idiomas\/general-spanish-aprender-espanol-online\/categoria-vocabulario-en-espanol\/","title":{"rendered":"Vocabulario en espa\u00f1ol"},"content":{"rendered":"<p>Uno de los aspectos m\u00e1s importantes al aprender una\u00a0<strong>lengua es el vocabulario<\/strong>\u00a0ya que conocer las distintas palabras de un idioma te ayudar\u00e1 a comunicarte con una mejor precisi\u00f3n y fluidez. El vocabulario en espa\u00f1ol es tan amplio como en el resto de las lenguas, pero no debe suponer un reto imposible de conseguir si se utilizan los m\u00e9todos apropiados para comprender los significados y memorizar las palabras. Hemos creado esta\u00a0<strong>categor\u00eda<\/strong>\u00a0para que encuentres en los art\u00edculos toda la informaci\u00f3n que necesitas saber.<\/p>\n<p>Podr\u00e1s ver c\u00f3mo hemos dedicado un post a consejos y m\u00e9todos para mejorar tu vocabulario en espa\u00f1ol y aprender m\u00e1s palabras nuevas de forma f\u00e1cil y r\u00e1pida. Por otra parte, te ofrecemos art\u00edculos en los que aprender los<strong>\u00a0diferentes tipos de n\u00fameros (ordinales, primeros, cardinales)<\/strong>\u00a0y cu\u00e1les son las particularidades de cada uno para que no tengas ninguna duda a la hora de usarlos. Encontrar\u00e1s, adem\u00e1s, el vocabulario espec\u00edfico sobre el cuerpo humano (partes, huesos, \u00f3rganos, etc.).\u00a0 De esta manera podr\u00e1s ir inici\u00e1ndote en el mundo del\u00a0<strong>vocabulario<\/strong>\u00a0en espa\u00f1ol y podr\u00e1s avanzar despu\u00e9s de forma aut\u00f3noma.<\/p>\n<p>En\u00a0<strong>GlobalExam<\/strong>\u00a0te ofrecemos todo el material que necesitas para avanzar en tu competencia comunicativa en espa\u00f1ol ya que, aparte de todos los art\u00edculos dedicados a los mejores m\u00e9todos para aprender esta lengua, en nuestra p\u00e1gina hemos dise\u00f1ado material para que t\u00fa mismo realices ejercicios, leas las explicaciones, estudies la teor\u00eda y te pongas a prueba con ex\u00e1menes modelo del\u00a0<strong>DELE y del Bright espa\u00f1ol<\/strong>\u00a0en el caso de que tu deseo sea obtener un certificado oficial.<\/p>\n<p>Si quieres aprender los mejores trucos para avanzar en esta lengua y hablar con un\u00a0<strong>vocabulario rico<\/strong>\u00a0y\u00a0<strong>variado,<\/strong>\u00a0no dudes en leer los art\u00edculos que encuentras en esta categor\u00eda para desarrollar tus habilidades y tu l\u00e9xico en espa\u00f1ol.<\/p>\n","protected":false},"excerpt":{"rendered":"<p>Uno de los aspectos m\u00e1s importantes al aprender una\u00a0lengua es el vocabulario\u00a0ya que conocer las distintas palabras de un idioma te ayudar\u00e1 [&hellip;]<\/p>\n","protected":false},"author":24,"featured_media":0,"parent":48041,"menu_order":0,"comment_status":"closed","ping_status":"closed","template":"","meta":[],"acf":[],"yoast_head":"<!-- This site is optimized with the Yoast SEO plugin v17.2.1 - https:\/\/yoast.com\/wordpress\/plugins\/seo\/ -->\n<title>Vocabulario en espa\u00f1ol<\/title>\n<meta name=\"robots\" content=\"index, follow, max-snippet:-1, max-image-preview:large, max-video-preview:-1\" \/>\n<link rel=\"canonical\" href=\"https:\/\/global-exam.com\/blog\/es\/aprendizaje-de-idiomas\/general-spanish-aprender-espanol-online\/categoria-vocabulario-en-espanol\/\" \/>\n<meta property=\"og:locale\" content=\"fr_FR\" \/>\n<meta property=\"og:type\" content=\"article\" \/>\n<meta property=\"og:title\" content=\"Vocabulario en espa\u00f1ol\" \/>\n<meta property=\"og:description\" content=\"Uno de los aspectos m\u00e1s importantes al aprender una\u00a0lengua es el vocabulario\u00a0ya que conocer las distintas palabras de un idioma te ayudar\u00e1 [&hellip;]\" \/>\n<meta property=\"og:url\" content=\"https:\/\/global-exam.com\/blog\/es\/aprendizaje-de-idiomas\/general-spanish-aprender-espanol-online\/categoria-vocabulario-en-espanol\/\" \/>\n<meta property=\"og:site_name\" content=\"GlobalExam Blog\" \/>\n<meta property=\"article:publisher\" content=\"https:\/\/www.facebook.com\/Global.Exam\" \/>\n<meta property=\"article:modified_time\" content=\"2022-07-01T13:14:50+00:00\" \/>\n<meta name=\"twitter:card\" content=\"summary_large_image\" \/>\n<meta name=\"twitter:site\" content=\"@Global_Exam\" \/>\n<meta name=\"twitter:label1\" content=\"Dur\u00e9e de lecture estim\u00e9e\" \/>\n\t<meta name=\"twitter:data1\" content=\"2 minutes\" \/>\n<script type=\"application\/ld+json\" class=\"yoast-schema-graph\">{\"@context\":\"https:\/\/schema.org\",\"@graph\":[{\"@type\":\"WebSite\",\"@id\":\"https:\/\/global-exam.com\/blog\/#website\",\"url\":\"https:\/\/global-exam.com\/blog\/\",\"name\":\"GlobalExam Blog\",\"description\":\"Le blog du sp\\u00e9cialiste de la certification linguistique\",\"potentialAction\":[{\"@type\":\"SearchAction\",\"target\":{\"@type\":\"EntryPoint\",\"urlTemplate\":\"https:\/\/global-exam.com\/blog\/?s={search_term_string}\"},\"query-input\":\"required name=search_term_string\"}],\"inLanguage\":\"fr-FR\"},{\"@type\":\"WebPage\",\"@id\":\"https:\/\/global-exam.com\/blog\/es\/aprendizaje-de-idiomas\/general-spanish-aprender-espanol-online\/categoria-vocabulario-en-espanol\/#webpage\",\"url\":\"https:\/\/global-exam.com\/blog\/es\/aprendizaje-de-idiomas\/general-spanish-aprender-espanol-online\/categoria-vocabulario-en-espanol\/\",\"name\":\"Vocabulario en espa\\u00f1ol\",\"isPartOf\":{\"@id\":\"https:\/\/global-exam.com\/blog\/#website\"},\"datePublished\":\"2021-12-14T14:08:18+00:00\",\"dateModified\":\"2022-07-01T13:14:50+00:00\",\"breadcrumb\":{\"@id\":\"https:\/\/global-exam.com\/blog\/es\/aprendizaje-de-idiomas\/general-spanish-aprender-espanol-online\/categoria-vocabulario-en-espanol\/#breadcrumb\"},\"inLanguage\":\"fr-FR\",\"potentialAction\":[{\"@type\":\"ReadAction\",\"target\":[\"https:\/\/global-exam.com\/blog\/es\/aprendizaje-de-idiomas\/general-spanish-aprender-espanol-online\/categoria-vocabulario-en-espanol\/\"]}]},{\"@type\":\"BreadcrumbList\",\"@id\":\"https:\/\/global-exam.com\/blog\/es\/aprendizaje-de-idiomas\/general-spanish-aprender-espanol-online\/categoria-vocabulario-en-espanol\/#breadcrumb\",\"itemListElement\":[{\"@type\":\"ListItem\",\"position\":1,\"name\":\"Aprendizaje de idiomas\",\"item\":\"https:\/\/global-exam.com\/blog\/es\/aprendizaje-de-idiomas\/\"},{\"@type\":\"ListItem\",\"position\":2,\"name\":\"Aprender espa\\u00f1ol online con el Global General\",\"item\":\"https:\/\/global-exam.com\/blog\/es\/aprendizaje-de-idiomas\/general-spanish-aprender-espanol-online\/\"},{\"@type\":\"ListItem\",\"position\":3,\"name\":\"Vocabulario en espa\\u00f1ol\"}]}]}<\/script>\n<!-- \/ Yoast SEO plugin. -->","yoast_head_json":{"title":"Vocabulario en espa\u00f1ol","robots":{"index":"index","follow":"follow","max-snippet":"max-snippet:-1","max-image-preview":"max-image-preview:large","max-video-preview":"max-video-preview:-1"},"canonical":"https:\/\/global-exam.com\/blog\/es\/aprendizaje-de-idiomas\/general-spanish-aprender-espanol-online\/categoria-vocabulario-en-espanol\/","og_locale":"fr_FR","og_type":"article","og_title":"Vocabulario en espa\u00f1ol","og_description":"Uno de los aspectos m\u00e1s importantes al aprender una\u00a0lengua es el vocabulario\u00a0ya que conocer las distintas palabras de un idioma te ayudar\u00e1 [&hellip;]","og_url":"https:\/\/global-exam.com\/blog\/es\/aprendizaje-de-idiomas\/general-spanish-aprender-espanol-online\/categoria-vocabulario-en-espanol\/","og_site_name":"GlobalExam Blog","article_publisher":"https:\/\/www.facebook.com\/Global.Exam","article_modified_time":"2022-07-01T13:14:50+00:00","twitter_card":"summary_large_image","twitter_site":"@Global_Exam","twitter_misc":{"Dur\u00e9e de lecture estim\u00e9e":"2 minutes"},"schema":{"@context":"https:\/\/schema.org","@graph":[{"@type":"WebSite","@id":"https:\/\/global-exam.com\/blog\/#website","url":"https:\/\/global-exam.com\/blog\/","name":"GlobalExam Blog","description":"Le blog du sp\u00e9cialiste de la certification linguistique","potentialAction":[{"@type":"SearchAction","target":{"@type":"EntryPoint","urlTemplate":"https:\/\/global-exam.com\/blog\/?s={search_term_string}"},"query-input":"required name=search_term_string"}],"inLanguage":"fr-FR"},{"@type":"WebPage","@id":"https:\/\/global-exam.com\/blog\/es\/aprendizaje-de-idiomas\/general-spanish-aprender-espanol-online\/categoria-vocabulario-en-espanol\/#webpage","url":"https:\/\/global-exam.com\/blog\/es\/aprendizaje-de-idiomas\/general-spanish-aprender-espanol-online\/categoria-vocabulario-en-espanol\/","name":"Vocabulario en espa\u00f1ol","isPartOf":{"@id":"https:\/\/global-exam.com\/blog\/#website"},"datePublished":"2021-12-14T14:08:18+00:00","dateModified":"2022-07-01T13:14:50+00:00","breadcrumb":{"@id":"https:\/\/global-exam.com\/blog\/es\/aprendizaje-de-idiomas\/general-spanish-aprender-espanol-online\/categoria-vocabulario-en-espanol\/#breadcrumb"},"inLanguage":"fr-FR","potentialAction":[{"@type":"ReadAction","target":["https:\/\/global-exam.com\/blog\/es\/aprendizaje-de-idiomas\/general-spanish-aprender-espanol-online\/categoria-vocabulario-en-espanol\/"]}]},{"@type":"BreadcrumbList","@id":"https:\/\/global-exam.com\/blog\/es\/aprendizaje-de-idiomas\/general-spanish-aprender-espanol-online\/categoria-vocabulario-en-espanol\/#breadcrumb","itemListElement":[{"@type":"ListItem","position":1,"name":"Aprendizaje de idiomas","item":"https:\/\/global-exam.com\/blog\/es\/aprendizaje-de-idiomas\/"},{"@type":"ListItem","position":2,"name":"Aprender espa\u00f1ol online con el Global General","item":"https:\/\/global-exam.com\/blog\/es\/aprendizaje-de-idiomas\/general-spanish-aprender-espanol-online\/"},{"@type":"ListItem","position":3,"name":"Vocabulario en espa\u00f1ol"}]}]}},"lang":"es","translations":{"es":70699},"pll_sync_post":[],"_links":{"self":[{"href":"https:\/\/global-exam.com\/blog\/wp-json\/wp\/v2\/pages\/70699"}],"collection":[{"href":"https:\/\/global-exam.com\/blog\/wp-json\/wp\/v2\/pages"}],"about":[{"href":"https:\/\/global-exam.com\/blog\/wp-json\/wp\/v2\/types\/page"}],"author":[{"embeddable":true,"href":"https:\/\/global-exam.com\/blog\/wp-json\/wp\/v2\/users\/24"}],"replies":[{"embeddable":true,"href":"https:\/\/global-exam.com\/blog\/wp-json\/wp\/v2\/comments?post=70699"}],"version-history":[{"count":3,"href":"https:\/\/global-exam.com\/blog\/wp-json\/wp\/v2\/pages\/70699\/revisions"}],"predecessor-version":[{"id":77242,"href":"https:\/\/global-exam.com\/blog\/wp-json\/wp\/v2\/pages\/70699\/revisions\/77242"}],"up":[{"embeddable":true,"href":"https:\/\/global-exam.com\/blog\/wp-json\/wp\/v2\/pages\/48041"}],"wp:attachment":[{"href":"https:\/\/global-exam.com\/blog\/wp-json\/wp\/v2\/media?parent=70699"}],"curies":[{"name":"wp","href":"https:\/\/api.w.org\/{rel}","templated":true}]}}