{"id":70775,"date":"2021-12-15T11:33:34","date_gmt":"2021-12-15T10:33:34","guid":{"rendered":"https:\/\/global-exam.com\/blog\/?page_id=70775"},"modified":"2022-08-18T16:28:59","modified_gmt":"2022-08-18T14:28:59","slug":"categorie-les-tests-pour-litalien","status":"publish","type":"page","link":"https:\/\/global-exam.com\/blog\/fr\/general-italian-apprenez-litalien-en-ligne\/categorie-les-tests-pour-litalien\/","title":{"rendered":"Les tests pour l\u2019italien"},"content":{"rendered":"<p>Certifier votre niveau d&rsquo;italien<\/p>\n<p><span style=\"font-weight: 400;\">Dans cette cat\u00e9gorie vous pouvez retrouver <\/span><b>toutes nos fiches pour pr\u00e9parer les tests pour l\u2019italien.<\/b><\/p>\n<p style=\"text-align: left;\"><span style=\"font-weight: 400;\">Quel que soit votre projet, si vous souhaitez poursuivre vos \u00e9tudes, travailler \u00e0 l\u2019\u00e9tranger, ou voyager,<\/span><b> un test de niveau peut \u00eatre utile et m\u00eame indispensable.<\/b><span style=\"font-weight: 400;\"> GlobalExam vous accompagne en vous proposant<\/span><b> des fiches qui expliquent ce que vous devez faire pour r\u00e9ussir et comment choisir le test adapt\u00e9 \u00e0 vos objectifs. <\/b><\/p>\n<p style=\"text-align: left;\"><span style=\"font-weight: 400;\">Afin de r\u00e9viser et de pr\u00e9parer au mieux les tests de niveaux pour l\u2019italien nous avons r\u00e9alis\u00e9 des fiches qui<\/span><b> pr\u00e9cisent tout ce qu\u2019il faut savoir pour passer chaque niveau.<\/b><\/p>\n<p><span style=\"font-weight: 400;\">Sur notre blog vous aurez acc\u00e8s \u00e0 <\/span><b>de nombreux conseils et des exemples pour apprendre l\u2019italien si vous pr\u00e9parez un examen linguistique comme le<b> CILS, la DITAL, le PLIDA, le CELI<\/b><span style=\"font-weight: 400;\">. Lorsque vous serez \u00e0 l\u2019aise avec les th\u00e8mes que nous proposons, vous pourrez vous exercer en passant \u00e0 la pratique.<\/span><\/b><\/p>\n","protected":false},"excerpt":{"rendered":"<p>Certifier votre niveau d&rsquo;italien Dans cette cat\u00e9gorie vous pouvez retrouver toutes nos fiches pour pr\u00e9parer les tests pour l\u2019italien. Quel que soit [&hellip;]<\/p>\n","protected":false},"author":57,"featured_media":77093,"parent":66325,"menu_order":0,"comment_status":"closed","ping_status":"closed","template":"","meta":[],"acf":[],"yoast_head":"<!-- This site is optimized with the Yoast SEO plugin v17.2.1 - https:\/\/yoast.com\/wordpress\/plugins\/seo\/ -->\n<title>Les tests pour l\u2019italien<\/title>\n<meta name=\"robots\" content=\"index, follow, max-snippet:-1, max-image-preview:large, max-video-preview:-1\" \/>\n<link rel=\"canonical\" href=\"https:\/\/global-exam.com\/blog\/fr\/general-italian-apprenez-litalien-en-ligne\/categorie-les-tests-pour-litalien\/\" \/>\n<meta property=\"og:locale\" content=\"fr_FR\" \/>\n<meta property=\"og:type\" content=\"article\" \/>\n<meta property=\"og:title\" content=\"Les tests pour l\u2019italien\" \/>\n<meta property=\"og:description\" content=\"Certifier votre niveau d&rsquo;italien Dans cette cat\u00e9gorie vous pouvez retrouver toutes nos fiches pour pr\u00e9parer les tests pour l\u2019italien. Quel que soit [&hellip;]\" \/>\n<meta property=\"og:url\" content=\"https:\/\/global-exam.com\/blog\/fr\/general-italian-apprenez-litalien-en-ligne\/categorie-les-tests-pour-litalien\/\" \/>\n<meta property=\"og:site_name\" content=\"GlobalExam Blog\" \/>\n<meta property=\"article:publisher\" content=\"https:\/\/www.facebook.com\/Global.Exam\" \/>\n<meta property=\"article:modified_time\" content=\"2022-08-18T14:28:59+00:00\" \/>\n<meta property=\"og:image\" content=\"https:\/\/global-exam.com\/blog\/wp-content\/uploads\/2022\/06\/apprendre-langues-e1656516516331.jpg\" \/>\n\t<meta property=\"og:image:width\" content=\"650\" \/>\n\t<meta property=\"og:image:height\" content=\"650\" \/>\n<meta name=\"twitter:card\" content=\"summary_large_image\" \/>\n<meta name=\"twitter:site\" content=\"@Global_Exam\" \/>\n<meta name=\"twitter:label1\" content=\"Dur\u00e9e de lecture estim\u00e9e\" \/>\n\t<meta name=\"twitter:data1\" content=\"3 minutes\" \/>\n<script type=\"application\/ld+json\" class=\"yoast-schema-graph\">{\"@context\":\"https:\/\/schema.org\",\"@graph\":[{\"@type\":\"WebSite\",\"@id\":\"https:\/\/global-exam.com\/blog\/#website\",\"url\":\"https:\/\/global-exam.com\/blog\/\",\"name\":\"GlobalExam Blog\",\"description\":\"Le blog du sp\\u00e9cialiste de la certification linguistique\",\"potentialAction\":[{\"@type\":\"SearchAction\",\"target\":{\"@type\":\"EntryPoint\",\"urlTemplate\":\"https:\/\/global-exam.com\/blog\/?s={search_term_string}\"},\"query-input\":\"required name=search_term_string\"}],\"inLanguage\":\"fr-FR\"},{\"@type\":\"ImageObject\",\"@id\":\"https:\/\/global-exam.com\/blog\/fr\/general-italian-apprenez-litalien-en-ligne\/categorie-les-tests-pour-litalien\/#primaryimage\",\"inLanguage\":\"fr-FR\",\"url\":\"https:\/\/global-exam.com\/blog\/wp-content\/uploads\/2022\/06\/apprendre-langues-e1656516516331.jpg\",\"contentUrl\":\"https:\/\/global-exam.com\/blog\/wp-content\/uploads\/2022\/06\/apprendre-langues-e1656516516331.jpg\",\"width\":650,\"height\":650,\"caption\":\"Apprendre les langues en ligne\"},{\"@type\":\"WebPage\",\"@id\":\"https:\/\/global-exam.com\/blog\/fr\/general-italian-apprenez-litalien-en-ligne\/categorie-les-tests-pour-litalien\/#webpage\",\"url\":\"https:\/\/global-exam.com\/blog\/fr\/general-italian-apprenez-litalien-en-ligne\/categorie-les-tests-pour-litalien\/\",\"name\":\"Les tests pour l\\u2019italien\",\"isPartOf\":{\"@id\":\"https:\/\/global-exam.com\/blog\/#website\"},\"primaryImageOfPage\":{\"@id\":\"https:\/\/global-exam.com\/blog\/fr\/general-italian-apprenez-litalien-en-ligne\/categorie-les-tests-pour-litalien\/#primaryimage\"},\"datePublished\":\"2021-12-15T10:33:34+00:00\",\"dateModified\":\"2022-08-18T14:28:59+00:00\",\"breadcrumb\":{\"@id\":\"https:\/\/global-exam.com\/blog\/fr\/general-italian-apprenez-litalien-en-ligne\/categorie-les-tests-pour-litalien\/#breadcrumb\"},\"inLanguage\":\"fr-FR\",\"potentialAction\":[{\"@type\":\"ReadAction\",\"target\":[\"https:\/\/global-exam.com\/blog\/fr\/general-italian-apprenez-litalien-en-ligne\/categorie-les-tests-pour-litalien\/\"]}]},{\"@type\":\"BreadcrumbList\",\"@id\":\"https:\/\/global-exam.com\/blog\/fr\/general-italian-apprenez-litalien-en-ligne\/categorie-les-tests-pour-litalien\/#breadcrumb\",\"itemListElement\":[{\"@type\":\"ListItem\",\"position\":1,\"name\":\"Apprentissage des langues\",\"item\":\"https:\/\/global-exam.com\/blog\/fr\/apprentissage-des-langues\/\"},{\"@type\":\"ListItem\",\"position\":2,\"name\":\"Apprenez l&rsquo;italien en ligne : General Italiano\",\"item\":\"https:\/\/global-exam.com\/blog\/fr\/apprentissage-des-langues\/general-italian-apprenez-litalien-en-ligne\/\"},{\"@type\":\"ListItem\",\"position\":3,\"name\":\"Les tests pour l\\u2019italien\"}]}]}<\/script>\n<!-- \/ Yoast SEO plugin. -->","yoast_head_json":{"title":"Les tests pour l\u2019italien","robots":{"index":"index","follow":"follow","max-snippet":"max-snippet:-1","max-image-preview":"max-image-preview:large","max-video-preview":"max-video-preview:-1"},"canonical":"https:\/\/global-exam.com\/blog\/fr\/general-italian-apprenez-litalien-en-ligne\/categorie-les-tests-pour-litalien\/","og_locale":"fr_FR","og_type":"article","og_title":"Les tests pour l\u2019italien","og_description":"Certifier votre niveau d&rsquo;italien Dans cette cat\u00e9gorie vous pouvez retrouver toutes nos fiches pour pr\u00e9parer les tests pour l\u2019italien. Quel que soit [&hellip;]","og_url":"https:\/\/global-exam.com\/blog\/fr\/general-italian-apprenez-litalien-en-ligne\/categorie-les-tests-pour-litalien\/","og_site_name":"GlobalExam Blog","article_publisher":"https:\/\/www.facebook.com\/Global.Exam","article_modified_time":"2022-08-18T14:28:59+00:00","og_image":[{"width":650,"height":650,"url":"https:\/\/global-exam.com\/blog\/wp-content\/uploads\/2022\/06\/apprendre-langues-e1656516516331.jpg","path":"\/home\/forge\/prod-20220704.global-exam.com\/wp-content\/uploads\/2022\/06\/apprendre-langues-e1656516516331.jpg","size":"full","id":77093,"alt":"Apprendre les langues en ligne","pixels":422500,"type":"image\/jpeg"}],"twitter_card":"summary_large_image","twitter_site":"@Global_Exam","twitter_misc":{"Dur\u00e9e de lecture estim\u00e9e":"3 minutes"},"schema":{"@context":"https:\/\/schema.org","@graph":[{"@type":"WebSite","@id":"https:\/\/global-exam.com\/blog\/#website","url":"https:\/\/global-exam.com\/blog\/","name":"GlobalExam Blog","description":"Le blog du sp\u00e9cialiste de la certification linguistique","potentialAction":[{"@type":"SearchAction","target":{"@type":"EntryPoint","urlTemplate":"https:\/\/global-exam.com\/blog\/?s={search_term_string}"},"query-input":"required name=search_term_string"}],"inLanguage":"fr-FR"},{"@type":"ImageObject","@id":"https:\/\/global-exam.com\/blog\/fr\/general-italian-apprenez-litalien-en-ligne\/categorie-les-tests-pour-litalien\/#primaryimage","inLanguage":"fr-FR","url":"https:\/\/global-exam.com\/blog\/wp-content\/uploads\/2022\/06\/apprendre-langues-e1656516516331.jpg","contentUrl":"https:\/\/global-exam.com\/blog\/wp-content\/uploads\/2022\/06\/apprendre-langues-e1656516516331.jpg","width":650,"height":650,"caption":"Apprendre les langues en ligne"},{"@type":"WebPage","@id":"https:\/\/global-exam.com\/blog\/fr\/general-italian-apprenez-litalien-en-ligne\/categorie-les-tests-pour-litalien\/#webpage","url":"https:\/\/global-exam.com\/blog\/fr\/general-italian-apprenez-litalien-en-ligne\/categorie-les-tests-pour-litalien\/","name":"Les tests pour l\u2019italien","isPartOf":{"@id":"https:\/\/global-exam.com\/blog\/#website"},"primaryImageOfPage":{"@id":"https:\/\/global-exam.com\/blog\/fr\/general-italian-apprenez-litalien-en-ligne\/categorie-les-tests-pour-litalien\/#primaryimage"},"datePublished":"2021-12-15T10:33:34+00:00","dateModified":"2022-08-18T14:28:59+00:00","breadcrumb":{"@id":"https:\/\/global-exam.com\/blog\/fr\/general-italian-apprenez-litalien-en-ligne\/categorie-les-tests-pour-litalien\/#breadcrumb"},"inLanguage":"fr-FR","potentialAction":[{"@type":"ReadAction","target":["https:\/\/global-exam.com\/blog\/fr\/general-italian-apprenez-litalien-en-ligne\/categorie-les-tests-pour-litalien\/"]}]},{"@type":"BreadcrumbList","@id":"https:\/\/global-exam.com\/blog\/fr\/general-italian-apprenez-litalien-en-ligne\/categorie-les-tests-pour-litalien\/#breadcrumb","itemListElement":[{"@type":"ListItem","position":1,"name":"Apprentissage des langues","item":"https:\/\/global-exam.com\/blog\/fr\/apprentissage-des-langues\/"},{"@type":"ListItem","position":2,"name":"Apprenez l&rsquo;italien en ligne : General Italiano","item":"https:\/\/global-exam.com\/blog\/fr\/apprentissage-des-langues\/general-italian-apprenez-litalien-en-ligne\/"},{"@type":"ListItem","position":3,"name":"Les tests pour l\u2019italien"}]}]}},"lang":"fr","translations":{"fr":70775},"pll_sync_post":[],"_links":{"self":[{"href":"https:\/\/global-exam.com\/blog\/wp-json\/wp\/v2\/pages\/70775"}],"collection":[{"href":"https:\/\/global-exam.com\/blog\/wp-json\/wp\/v2\/pages"}],"about":[{"href":"https:\/\/global-exam.com\/blog\/wp-json\/wp\/v2\/types\/page"}],"author":[{"embeddable":true,"href":"https:\/\/global-exam.com\/blog\/wp-json\/wp\/v2\/users\/57"}],"replies":[{"embeddable":true,"href":"https:\/\/global-exam.com\/blog\/wp-json\/wp\/v2\/comments?post=70775"}],"version-history":[{"count":7,"href":"https:\/\/global-exam.com\/blog\/wp-json\/wp\/v2\/pages\/70775\/revisions"}],"predecessor-version":[{"id":78251,"href":"https:\/\/global-exam.com\/blog\/wp-json\/wp\/v2\/pages\/70775\/revisions\/78251"}],"up":[{"embeddable":true,"href":"https:\/\/global-exam.com\/blog\/wp-json\/wp\/v2\/pages\/66325"}],"wp:featuredmedia":[{"embeddable":true,"href":"https:\/\/global-exam.com\/blog\/wp-json\/wp\/v2\/media\/77093"}],"wp:attachment":[{"href":"https:\/\/global-exam.com\/blog\/wp-json\/wp\/v2\/media?parent=70775"}],"curies":[{"name":"wp","href":"https:\/\/api.w.org\/{rel}","templated":true}]}}