{"id":70787,"date":"2021-12-15T11:42:49","date_gmt":"2021-12-15T10:42:49","guid":{"rendered":"https:\/\/global-exam.com\/blog\/?page_id=70787"},"modified":"2022-08-18T16:31:08","modified_gmt":"2022-08-18T14:31:08","slug":"categorie-vocabulaire-italien","status":"publish","type":"page","link":"https:\/\/global-exam.com\/blog\/fr\/apprentissage-des-langues\/general-italian-apprenez-litalien-en-ligne\/categorie-vocabulaire-italien\/","title":{"rendered":"Vocabulaire italien"},"content":{"rendered":"<p>Ma\u00eetriser le vocabulaire italien<\/p>\n<p style=\"text-align: left;\"><span style=\"font-weight: 400;\">Dans cette cat\u00e9gorie vous pouvez retrouver <\/span><b>toutes nos fiches de vocabulaire italien pour r\u00e9viser.<\/b><\/p>\n<p style=\"text-align: left;\"><span style=\"font-weight: 400;\">Bien conna\u00eetre le vocabulaire du quotidien et des situations courantes en italien est tr\u00e8s important. Quel que soit votre niveau ou votre objectif, vous aurez \u00e0 un moment besoin de communiquer, de pouvoir vous exprimer et entretenir les conversations \u00e9l\u00e9mentaires avec des Italiens. Cela peut \u00eatre pour vos \u00e9tudes, pour le travail ou encore si vous souhaitez voyager.<\/span><\/p>\n<p style=\"text-align: left;\"><span style=\"font-weight: 400;\">Sur notre blog vous aurez acc\u00e8s \u00e0 <\/span><b>de nombreux conseils et des exemples de phrases pour apprendre le vocabulaire de l\u2019italien<\/b><span style=\"font-weight: 400;\">. Vous aurez \u00e9galement besoin de suivre nos indications pour apprendre l\u2019italien si vous pr\u00e9parez un examen linguistique \u00e9valuant votre <\/span><b>ma\u00eetrise de la langue italienne<\/b><span style=\"font-weight: 400;\">, comme le<\/span><b> CILS, la DITAL, le PLIDA, le CELI<\/b><span style=\"font-weight: 400;\">. Lorsque vous serez \u00e0 l\u2019aise avec les th\u00e8mes que nous proposons, vous pourrez vous exercer en passant \u00e0 la pratique.<\/span><\/p>\n","protected":false},"excerpt":{"rendered":"<p>Ma\u00eetriser le vocabulaire italien Dans cette cat\u00e9gorie vous pouvez retrouver toutes nos fiches de vocabulaire italien pour r\u00e9viser. Bien conna\u00eetre le vocabulaire [&hellip;]<\/p>\n","protected":false},"author":57,"featured_media":77093,"parent":66325,"menu_order":0,"comment_status":"closed","ping_status":"closed","template":"","meta":[],"acf":[],"yoast_head":"<!-- This site is optimized with the Yoast SEO plugin v17.2.1 - https:\/\/yoast.com\/wordpress\/plugins\/seo\/ -->\n<title>Vocabulaire italien<\/title>\n<meta name=\"robots\" content=\"index, follow, max-snippet:-1, max-image-preview:large, max-video-preview:-1\" \/>\n<link rel=\"canonical\" href=\"https:\/\/global-exam.com\/blog\/fr\/apprentissage-des-langues\/general-italian-apprenez-litalien-en-ligne\/categorie-vocabulaire-italien\/\" \/>\n<meta property=\"og:locale\" content=\"fr_FR\" \/>\n<meta property=\"og:type\" content=\"article\" \/>\n<meta property=\"og:title\" content=\"Vocabulaire italien\" \/>\n<meta property=\"og:description\" content=\"Ma\u00eetriser le vocabulaire italien Dans cette cat\u00e9gorie vous pouvez retrouver toutes nos fiches de vocabulaire italien pour r\u00e9viser. Bien conna\u00eetre le vocabulaire [&hellip;]\" \/>\n<meta property=\"og:url\" content=\"https:\/\/global-exam.com\/blog\/fr\/apprentissage-des-langues\/general-italian-apprenez-litalien-en-ligne\/categorie-vocabulaire-italien\/\" \/>\n<meta property=\"og:site_name\" content=\"GlobalExam Blog\" \/>\n<meta property=\"article:publisher\" content=\"https:\/\/www.facebook.com\/Global.Exam\" \/>\n<meta property=\"article:modified_time\" content=\"2022-08-18T14:31:08+00:00\" \/>\n<meta property=\"og:image\" content=\"https:\/\/global-exam.com\/blog\/wp-content\/uploads\/2022\/06\/apprendre-langues-e1656516516331.jpg\" \/>\n\t<meta property=\"og:image:width\" content=\"650\" \/>\n\t<meta property=\"og:image:height\" content=\"650\" \/>\n<meta name=\"twitter:card\" content=\"summary_large_image\" \/>\n<meta name=\"twitter:site\" content=\"@Global_Exam\" \/>\n<meta name=\"twitter:label1\" content=\"Dur\u00e9e de lecture estim\u00e9e\" \/>\n\t<meta name=\"twitter:data1\" content=\"3 minutes\" \/>\n<script type=\"application\/ld+json\" class=\"yoast-schema-graph\">{\"@context\":\"https:\/\/schema.org\",\"@graph\":[{\"@type\":\"WebSite\",\"@id\":\"https:\/\/global-exam.com\/blog\/#website\",\"url\":\"https:\/\/global-exam.com\/blog\/\",\"name\":\"GlobalExam Blog\",\"description\":\"Le blog du sp\\u00e9cialiste de la certification linguistique\",\"potentialAction\":[{\"@type\":\"SearchAction\",\"target\":{\"@type\":\"EntryPoint\",\"urlTemplate\":\"https:\/\/global-exam.com\/blog\/?s={search_term_string}\"},\"query-input\":\"required name=search_term_string\"}],\"inLanguage\":\"fr-FR\"},{\"@type\":\"ImageObject\",\"@id\":\"https:\/\/global-exam.com\/blog\/fr\/apprentissage-des-langues\/general-italian-apprenez-litalien-en-ligne\/categorie-vocabulaire-italien\/#primaryimage\",\"inLanguage\":\"fr-FR\",\"url\":\"https:\/\/global-exam.com\/blog\/wp-content\/uploads\/2022\/06\/apprendre-langues-e1656516516331.jpg\",\"contentUrl\":\"https:\/\/global-exam.com\/blog\/wp-content\/uploads\/2022\/06\/apprendre-langues-e1656516516331.jpg\",\"width\":650,\"height\":650,\"caption\":\"Apprendre les langues en ligne\"},{\"@type\":\"WebPage\",\"@id\":\"https:\/\/global-exam.com\/blog\/fr\/apprentissage-des-langues\/general-italian-apprenez-litalien-en-ligne\/categorie-vocabulaire-italien\/#webpage\",\"url\":\"https:\/\/global-exam.com\/blog\/fr\/apprentissage-des-langues\/general-italian-apprenez-litalien-en-ligne\/categorie-vocabulaire-italien\/\",\"name\":\"Vocabulaire italien\",\"isPartOf\":{\"@id\":\"https:\/\/global-exam.com\/blog\/#website\"},\"primaryImageOfPage\":{\"@id\":\"https:\/\/global-exam.com\/blog\/fr\/apprentissage-des-langues\/general-italian-apprenez-litalien-en-ligne\/categorie-vocabulaire-italien\/#primaryimage\"},\"datePublished\":\"2021-12-15T10:42:49+00:00\",\"dateModified\":\"2022-08-18T14:31:08+00:00\",\"breadcrumb\":{\"@id\":\"https:\/\/global-exam.com\/blog\/fr\/apprentissage-des-langues\/general-italian-apprenez-litalien-en-ligne\/categorie-vocabulaire-italien\/#breadcrumb\"},\"inLanguage\":\"fr-FR\",\"potentialAction\":[{\"@type\":\"ReadAction\",\"target\":[\"https:\/\/global-exam.com\/blog\/fr\/apprentissage-des-langues\/general-italian-apprenez-litalien-en-ligne\/categorie-vocabulaire-italien\/\"]}]},{\"@type\":\"BreadcrumbList\",\"@id\":\"https:\/\/global-exam.com\/blog\/fr\/apprentissage-des-langues\/general-italian-apprenez-litalien-en-ligne\/categorie-vocabulaire-italien\/#breadcrumb\",\"itemListElement\":[{\"@type\":\"ListItem\",\"position\":1,\"name\":\"Apprentissage des langues\",\"item\":\"https:\/\/global-exam.com\/blog\/fr\/apprentissage-des-langues\/\"},{\"@type\":\"ListItem\",\"position\":2,\"name\":\"Apprenez l&rsquo;italien en ligne : General Italiano\",\"item\":\"https:\/\/global-exam.com\/blog\/fr\/apprentissage-des-langues\/general-italian-apprenez-litalien-en-ligne\/\"},{\"@type\":\"ListItem\",\"position\":3,\"name\":\"Vocabulaire italien\"}]}]}<\/script>\n<!-- \/ Yoast SEO plugin. -->","yoast_head_json":{"title":"Vocabulaire italien","robots":{"index":"index","follow":"follow","max-snippet":"max-snippet:-1","max-image-preview":"max-image-preview:large","max-video-preview":"max-video-preview:-1"},"canonical":"https:\/\/global-exam.com\/blog\/fr\/apprentissage-des-langues\/general-italian-apprenez-litalien-en-ligne\/categorie-vocabulaire-italien\/","og_locale":"fr_FR","og_type":"article","og_title":"Vocabulaire italien","og_description":"Ma\u00eetriser le vocabulaire italien Dans cette cat\u00e9gorie vous pouvez retrouver toutes nos fiches de vocabulaire italien pour r\u00e9viser. Bien conna\u00eetre le vocabulaire [&hellip;]","og_url":"https:\/\/global-exam.com\/blog\/fr\/apprentissage-des-langues\/general-italian-apprenez-litalien-en-ligne\/categorie-vocabulaire-italien\/","og_site_name":"GlobalExam Blog","article_publisher":"https:\/\/www.facebook.com\/Global.Exam","article_modified_time":"2022-08-18T14:31:08+00:00","og_image":[{"width":650,"height":650,"url":"https:\/\/global-exam.com\/blog\/wp-content\/uploads\/2022\/06\/apprendre-langues-e1656516516331.jpg","path":"\/home\/forge\/prod-20220704.global-exam.com\/wp-content\/uploads\/2022\/06\/apprendre-langues-e1656516516331.jpg","size":"full","id":77093,"alt":"Apprendre les langues en ligne","pixels":422500,"type":"image\/jpeg"}],"twitter_card":"summary_large_image","twitter_site":"@Global_Exam","twitter_misc":{"Dur\u00e9e de lecture estim\u00e9e":"3 minutes"},"schema":{"@context":"https:\/\/schema.org","@graph":[{"@type":"WebSite","@id":"https:\/\/global-exam.com\/blog\/#website","url":"https:\/\/global-exam.com\/blog\/","name":"GlobalExam Blog","description":"Le blog du sp\u00e9cialiste de la certification linguistique","potentialAction":[{"@type":"SearchAction","target":{"@type":"EntryPoint","urlTemplate":"https:\/\/global-exam.com\/blog\/?s={search_term_string}"},"query-input":"required name=search_term_string"}],"inLanguage":"fr-FR"},{"@type":"ImageObject","@id":"https:\/\/global-exam.com\/blog\/fr\/apprentissage-des-langues\/general-italian-apprenez-litalien-en-ligne\/categorie-vocabulaire-italien\/#primaryimage","inLanguage":"fr-FR","url":"https:\/\/global-exam.com\/blog\/wp-content\/uploads\/2022\/06\/apprendre-langues-e1656516516331.jpg","contentUrl":"https:\/\/global-exam.com\/blog\/wp-content\/uploads\/2022\/06\/apprendre-langues-e1656516516331.jpg","width":650,"height":650,"caption":"Apprendre les langues en ligne"},{"@type":"WebPage","@id":"https:\/\/global-exam.com\/blog\/fr\/apprentissage-des-langues\/general-italian-apprenez-litalien-en-ligne\/categorie-vocabulaire-italien\/#webpage","url":"https:\/\/global-exam.com\/blog\/fr\/apprentissage-des-langues\/general-italian-apprenez-litalien-en-ligne\/categorie-vocabulaire-italien\/","name":"Vocabulaire italien","isPartOf":{"@id":"https:\/\/global-exam.com\/blog\/#website"},"primaryImageOfPage":{"@id":"https:\/\/global-exam.com\/blog\/fr\/apprentissage-des-langues\/general-italian-apprenez-litalien-en-ligne\/categorie-vocabulaire-italien\/#primaryimage"},"datePublished":"2021-12-15T10:42:49+00:00","dateModified":"2022-08-18T14:31:08+00:00","breadcrumb":{"@id":"https:\/\/global-exam.com\/blog\/fr\/apprentissage-des-langues\/general-italian-apprenez-litalien-en-ligne\/categorie-vocabulaire-italien\/#breadcrumb"},"inLanguage":"fr-FR","potentialAction":[{"@type":"ReadAction","target":["https:\/\/global-exam.com\/blog\/fr\/apprentissage-des-langues\/general-italian-apprenez-litalien-en-ligne\/categorie-vocabulaire-italien\/"]}]},{"@type":"BreadcrumbList","@id":"https:\/\/global-exam.com\/blog\/fr\/apprentissage-des-langues\/general-italian-apprenez-litalien-en-ligne\/categorie-vocabulaire-italien\/#breadcrumb","itemListElement":[{"@type":"ListItem","position":1,"name":"Apprentissage des langues","item":"https:\/\/global-exam.com\/blog\/fr\/apprentissage-des-langues\/"},{"@type":"ListItem","position":2,"name":"Apprenez l&rsquo;italien en ligne : General Italiano","item":"https:\/\/global-exam.com\/blog\/fr\/apprentissage-des-langues\/general-italian-apprenez-litalien-en-ligne\/"},{"@type":"ListItem","position":3,"name":"Vocabulaire italien"}]}]}},"lang":"fr","translations":{"fr":70787},"pll_sync_post":[],"_links":{"self":[{"href":"https:\/\/global-exam.com\/blog\/wp-json\/wp\/v2\/pages\/70787"}],"collection":[{"href":"https:\/\/global-exam.com\/blog\/wp-json\/wp\/v2\/pages"}],"about":[{"href":"https:\/\/global-exam.com\/blog\/wp-json\/wp\/v2\/types\/page"}],"author":[{"embeddable":true,"href":"https:\/\/global-exam.com\/blog\/wp-json\/wp\/v2\/users\/57"}],"replies":[{"embeddable":true,"href":"https:\/\/global-exam.com\/blog\/wp-json\/wp\/v2\/comments?post=70787"}],"version-history":[{"count":6,"href":"https:\/\/global-exam.com\/blog\/wp-json\/wp\/v2\/pages\/70787\/revisions"}],"predecessor-version":[{"id":78254,"href":"https:\/\/global-exam.com\/blog\/wp-json\/wp\/v2\/pages\/70787\/revisions\/78254"}],"up":[{"embeddable":true,"href":"https:\/\/global-exam.com\/blog\/wp-json\/wp\/v2\/pages\/66325"}],"wp:featuredmedia":[{"embeddable":true,"href":"https:\/\/global-exam.com\/blog\/wp-json\/wp\/v2\/media\/77093"}],"wp:attachment":[{"href":"https:\/\/global-exam.com\/blog\/wp-json\/wp\/v2\/media?parent=70787"}],"curies":[{"name":"wp","href":"https:\/\/api.w.org\/{rel}","templated":true}]}}