{"id":70800,"date":"2021-12-15T11:58:52","date_gmt":"2021-12-15T10:58:52","guid":{"rendered":"https:\/\/global-exam.com\/blog\/?page_id=70800"},"modified":"2022-08-18T16:29:44","modified_gmt":"2022-08-18T14:29:44","slug":"categorie-methodes-pour-apprendre-litalien","status":"publish","type":"page","link":"https:\/\/global-exam.com\/blog\/fr\/apprentissage-des-langues\/general-italian-apprenez-litalien-en-ligne\/categorie-methodes-pour-apprendre-litalien\/","title":{"rendered":"M\u00e9thodes pour apprendre l&rsquo;italien"},"content":{"rendered":"<p>Les m\u00e9thodes d&rsquo;apprentissage de l&rsquo;italien<\/p>\n<p style=\"text-align: left;\"><span style=\"font-weight: 400;\">Dans cette cat\u00e9gorie vous pouvez retrouver <\/span><b>toutes nos fiches sur les m\u00e9thodes pour apprendre l\u2019italien.<\/b><\/p>\n<p style=\"text-align: left;\"><span style=\"font-weight: 400;\">Nous vous proposons diff\u00e9rentes fiches qui vous offrent <\/span><b>des conseils pour apprendre l\u2019italien<\/b><span style=\"font-weight: 400;\">. En effet, il n\u2019y a pas qu\u2019une seule m\u00e9thode pour apprendre une langue, vous pouvez le faire de multiples fa\u00e7ons et c\u2019est pourquoi vous aurez besoin d\u2019\u00eatre guid\u00e9s. <\/span><\/p>\n<p>Vous retrouverez \u00e9galement un classement des meilleures ressources pour apprendre l&rsquo;italien en fonction de votre niveau. Livre, films, s\u00e9ries, jeux, etc. Tout y est !<br \/>\n<span style=\"font-weight: 400;\">Sur notre blog vous pourrez trouver <\/span><b>des conseils et des fiches sur bien d\u2019autres sujets selon vos besoins<\/b><span style=\"font-weight: 400;\">. Afin de trouver la m\u00e9thode qui vous convient pour apprendre l\u2019italien vous trouverez toutes les informations utiles quel que soit votre projet, que ce soit pour voyager ou pour passer un examen.<\/span><\/p>\n","protected":false},"excerpt":{"rendered":"<p>Les m\u00e9thodes d&rsquo;apprentissage de l&rsquo;italien Dans cette cat\u00e9gorie vous pouvez retrouver toutes nos fiches sur les m\u00e9thodes pour apprendre l\u2019italien. Nous vous [&hellip;]<\/p>\n","protected":false},"author":57,"featured_media":77093,"parent":66325,"menu_order":0,"comment_status":"closed","ping_status":"closed","template":"","meta":[],"acf":[],"yoast_head":"<!-- This site is optimized with the Yoast SEO plugin v17.2.1 - https:\/\/yoast.com\/wordpress\/plugins\/seo\/ -->\n<title>M\u00e9thodes pour apprendre l&#039;italien<\/title>\n<meta name=\"robots\" content=\"index, follow, max-snippet:-1, max-image-preview:large, max-video-preview:-1\" \/>\n<link rel=\"canonical\" href=\"https:\/\/global-exam.com\/blog\/fr\/apprentissage-des-langues\/general-italian-apprenez-litalien-en-ligne\/categorie-methodes-pour-apprendre-litalien\/\" \/>\n<meta property=\"og:locale\" content=\"fr_FR\" \/>\n<meta property=\"og:type\" content=\"article\" \/>\n<meta property=\"og:title\" content=\"M\u00e9thodes pour apprendre l&#039;italien\" \/>\n<meta property=\"og:description\" content=\"Les m\u00e9thodes d&rsquo;apprentissage de l&rsquo;italien Dans cette cat\u00e9gorie vous pouvez retrouver toutes nos fiches sur les m\u00e9thodes pour apprendre l\u2019italien. Nous vous [&hellip;]\" \/>\n<meta property=\"og:url\" content=\"https:\/\/global-exam.com\/blog\/fr\/apprentissage-des-langues\/general-italian-apprenez-litalien-en-ligne\/categorie-methodes-pour-apprendre-litalien\/\" \/>\n<meta property=\"og:site_name\" content=\"GlobalExam Blog\" \/>\n<meta property=\"article:publisher\" content=\"https:\/\/www.facebook.com\/Global.Exam\" \/>\n<meta property=\"article:modified_time\" content=\"2022-08-18T14:29:44+00:00\" \/>\n<meta property=\"og:image\" content=\"https:\/\/global-exam.com\/blog\/wp-content\/uploads\/2022\/06\/apprendre-langues-e1656516516331.jpg\" \/>\n\t<meta property=\"og:image:width\" content=\"650\" \/>\n\t<meta property=\"og:image:height\" content=\"650\" \/>\n<meta name=\"twitter:card\" content=\"summary_large_image\" \/>\n<meta name=\"twitter:site\" content=\"@Global_Exam\" \/>\n<meta name=\"twitter:label1\" content=\"Dur\u00e9e de lecture estim\u00e9e\" \/>\n\t<meta name=\"twitter:data1\" content=\"3 minutes\" \/>\n<script type=\"application\/ld+json\" class=\"yoast-schema-graph\">{\"@context\":\"https:\/\/schema.org\",\"@graph\":[{\"@type\":\"WebSite\",\"@id\":\"https:\/\/global-exam.com\/blog\/#website\",\"url\":\"https:\/\/global-exam.com\/blog\/\",\"name\":\"GlobalExam Blog\",\"description\":\"Le blog du sp\\u00e9cialiste de la certification linguistique\",\"potentialAction\":[{\"@type\":\"SearchAction\",\"target\":{\"@type\":\"EntryPoint\",\"urlTemplate\":\"https:\/\/global-exam.com\/blog\/?s={search_term_string}\"},\"query-input\":\"required name=search_term_string\"}],\"inLanguage\":\"fr-FR\"},{\"@type\":\"ImageObject\",\"@id\":\"https:\/\/global-exam.com\/blog\/fr\/apprentissage-des-langues\/general-italian-apprenez-litalien-en-ligne\/categorie-methodes-pour-apprendre-litalien\/#primaryimage\",\"inLanguage\":\"fr-FR\",\"url\":\"https:\/\/global-exam.com\/blog\/wp-content\/uploads\/2022\/06\/apprendre-langues-e1656516516331.jpg\",\"contentUrl\":\"https:\/\/global-exam.com\/blog\/wp-content\/uploads\/2022\/06\/apprendre-langues-e1656516516331.jpg\",\"width\":650,\"height\":650,\"caption\":\"Apprendre les langues en ligne\"},{\"@type\":\"WebPage\",\"@id\":\"https:\/\/global-exam.com\/blog\/fr\/apprentissage-des-langues\/general-italian-apprenez-litalien-en-ligne\/categorie-methodes-pour-apprendre-litalien\/#webpage\",\"url\":\"https:\/\/global-exam.com\/blog\/fr\/apprentissage-des-langues\/general-italian-apprenez-litalien-en-ligne\/categorie-methodes-pour-apprendre-litalien\/\",\"name\":\"M\\u00e9thodes pour apprendre l'italien\",\"isPartOf\":{\"@id\":\"https:\/\/global-exam.com\/blog\/#website\"},\"primaryImageOfPage\":{\"@id\":\"https:\/\/global-exam.com\/blog\/fr\/apprentissage-des-langues\/general-italian-apprenez-litalien-en-ligne\/categorie-methodes-pour-apprendre-litalien\/#primaryimage\"},\"datePublished\":\"2021-12-15T10:58:52+00:00\",\"dateModified\":\"2022-08-18T14:29:44+00:00\",\"breadcrumb\":{\"@id\":\"https:\/\/global-exam.com\/blog\/fr\/apprentissage-des-langues\/general-italian-apprenez-litalien-en-ligne\/categorie-methodes-pour-apprendre-litalien\/#breadcrumb\"},\"inLanguage\":\"fr-FR\",\"potentialAction\":[{\"@type\":\"ReadAction\",\"target\":[\"https:\/\/global-exam.com\/blog\/fr\/apprentissage-des-langues\/general-italian-apprenez-litalien-en-ligne\/categorie-methodes-pour-apprendre-litalien\/\"]}]},{\"@type\":\"BreadcrumbList\",\"@id\":\"https:\/\/global-exam.com\/blog\/fr\/apprentissage-des-langues\/general-italian-apprenez-litalien-en-ligne\/categorie-methodes-pour-apprendre-litalien\/#breadcrumb\",\"itemListElement\":[{\"@type\":\"ListItem\",\"position\":1,\"name\":\"Apprentissage des langues\",\"item\":\"https:\/\/global-exam.com\/blog\/fr\/apprentissage-des-langues\/\"},{\"@type\":\"ListItem\",\"position\":2,\"name\":\"Apprenez l&rsquo;italien en ligne : General Italiano\",\"item\":\"https:\/\/global-exam.com\/blog\/fr\/apprentissage-des-langues\/general-italian-apprenez-litalien-en-ligne\/\"},{\"@type\":\"ListItem\",\"position\":3,\"name\":\"M\\u00e9thodes pour apprendre l&rsquo;italien\"}]}]}<\/script>\n<!-- \/ Yoast SEO plugin. -->","yoast_head_json":{"title":"M\u00e9thodes pour apprendre l'italien","robots":{"index":"index","follow":"follow","max-snippet":"max-snippet:-1","max-image-preview":"max-image-preview:large","max-video-preview":"max-video-preview:-1"},"canonical":"https:\/\/global-exam.com\/blog\/fr\/apprentissage-des-langues\/general-italian-apprenez-litalien-en-ligne\/categorie-methodes-pour-apprendre-litalien\/","og_locale":"fr_FR","og_type":"article","og_title":"M\u00e9thodes pour apprendre l'italien","og_description":"Les m\u00e9thodes d&rsquo;apprentissage de l&rsquo;italien Dans cette cat\u00e9gorie vous pouvez retrouver toutes nos fiches sur les m\u00e9thodes pour apprendre l\u2019italien. Nous vous [&hellip;]","og_url":"https:\/\/global-exam.com\/blog\/fr\/apprentissage-des-langues\/general-italian-apprenez-litalien-en-ligne\/categorie-methodes-pour-apprendre-litalien\/","og_site_name":"GlobalExam Blog","article_publisher":"https:\/\/www.facebook.com\/Global.Exam","article_modified_time":"2022-08-18T14:29:44+00:00","og_image":[{"width":650,"height":650,"url":"https:\/\/global-exam.com\/blog\/wp-content\/uploads\/2022\/06\/apprendre-langues-e1656516516331.jpg","path":"\/home\/forge\/prod-20220704.global-exam.com\/wp-content\/uploads\/2022\/06\/apprendre-langues-e1656516516331.jpg","size":"full","id":77093,"alt":"Apprendre les langues en ligne","pixels":422500,"type":"image\/jpeg"}],"twitter_card":"summary_large_image","twitter_site":"@Global_Exam","twitter_misc":{"Dur\u00e9e de lecture estim\u00e9e":"3 minutes"},"schema":{"@context":"https:\/\/schema.org","@graph":[{"@type":"WebSite","@id":"https:\/\/global-exam.com\/blog\/#website","url":"https:\/\/global-exam.com\/blog\/","name":"GlobalExam Blog","description":"Le blog du sp\u00e9cialiste de la certification linguistique","potentialAction":[{"@type":"SearchAction","target":{"@type":"EntryPoint","urlTemplate":"https:\/\/global-exam.com\/blog\/?s={search_term_string}"},"query-input":"required name=search_term_string"}],"inLanguage":"fr-FR"},{"@type":"ImageObject","@id":"https:\/\/global-exam.com\/blog\/fr\/apprentissage-des-langues\/general-italian-apprenez-litalien-en-ligne\/categorie-methodes-pour-apprendre-litalien\/#primaryimage","inLanguage":"fr-FR","url":"https:\/\/global-exam.com\/blog\/wp-content\/uploads\/2022\/06\/apprendre-langues-e1656516516331.jpg","contentUrl":"https:\/\/global-exam.com\/blog\/wp-content\/uploads\/2022\/06\/apprendre-langues-e1656516516331.jpg","width":650,"height":650,"caption":"Apprendre les langues en ligne"},{"@type":"WebPage","@id":"https:\/\/global-exam.com\/blog\/fr\/apprentissage-des-langues\/general-italian-apprenez-litalien-en-ligne\/categorie-methodes-pour-apprendre-litalien\/#webpage","url":"https:\/\/global-exam.com\/blog\/fr\/apprentissage-des-langues\/general-italian-apprenez-litalien-en-ligne\/categorie-methodes-pour-apprendre-litalien\/","name":"M\u00e9thodes pour apprendre l'italien","isPartOf":{"@id":"https:\/\/global-exam.com\/blog\/#website"},"primaryImageOfPage":{"@id":"https:\/\/global-exam.com\/blog\/fr\/apprentissage-des-langues\/general-italian-apprenez-litalien-en-ligne\/categorie-methodes-pour-apprendre-litalien\/#primaryimage"},"datePublished":"2021-12-15T10:58:52+00:00","dateModified":"2022-08-18T14:29:44+00:00","breadcrumb":{"@id":"https:\/\/global-exam.com\/blog\/fr\/apprentissage-des-langues\/general-italian-apprenez-litalien-en-ligne\/categorie-methodes-pour-apprendre-litalien\/#breadcrumb"},"inLanguage":"fr-FR","potentialAction":[{"@type":"ReadAction","target":["https:\/\/global-exam.com\/blog\/fr\/apprentissage-des-langues\/general-italian-apprenez-litalien-en-ligne\/categorie-methodes-pour-apprendre-litalien\/"]}]},{"@type":"BreadcrumbList","@id":"https:\/\/global-exam.com\/blog\/fr\/apprentissage-des-langues\/general-italian-apprenez-litalien-en-ligne\/categorie-methodes-pour-apprendre-litalien\/#breadcrumb","itemListElement":[{"@type":"ListItem","position":1,"name":"Apprentissage des langues","item":"https:\/\/global-exam.com\/blog\/fr\/apprentissage-des-langues\/"},{"@type":"ListItem","position":2,"name":"Apprenez l&rsquo;italien en ligne : General Italiano","item":"https:\/\/global-exam.com\/blog\/fr\/apprentissage-des-langues\/general-italian-apprenez-litalien-en-ligne\/"},{"@type":"ListItem","position":3,"name":"M\u00e9thodes pour apprendre l&rsquo;italien"}]}]}},"lang":"fr","translations":{"fr":70800},"pll_sync_post":[],"_links":{"self":[{"href":"https:\/\/global-exam.com\/blog\/wp-json\/wp\/v2\/pages\/70800"}],"collection":[{"href":"https:\/\/global-exam.com\/blog\/wp-json\/wp\/v2\/pages"}],"about":[{"href":"https:\/\/global-exam.com\/blog\/wp-json\/wp\/v2\/types\/page"}],"author":[{"embeddable":true,"href":"https:\/\/global-exam.com\/blog\/wp-json\/wp\/v2\/users\/57"}],"replies":[{"embeddable":true,"href":"https:\/\/global-exam.com\/blog\/wp-json\/wp\/v2\/comments?post=70800"}],"version-history":[{"count":6,"href":"https:\/\/global-exam.com\/blog\/wp-json\/wp\/v2\/pages\/70800\/revisions"}],"predecessor-version":[{"id":78252,"href":"https:\/\/global-exam.com\/blog\/wp-json\/wp\/v2\/pages\/70800\/revisions\/78252"}],"up":[{"embeddable":true,"href":"https:\/\/global-exam.com\/blog\/wp-json\/wp\/v2\/pages\/66325"}],"wp:featuredmedia":[{"embeddable":true,"href":"https:\/\/global-exam.com\/blog\/wp-json\/wp\/v2\/media\/77093"}],"wp:attachment":[{"href":"https:\/\/global-exam.com\/blog\/wp-json\/wp\/v2\/media?parent=70800"}],"curies":[{"name":"wp","href":"https:\/\/api.w.org\/{rel}","templated":true}]}}