{"id":70922,"date":"2021-12-17T14:17:03","date_gmt":"2021-12-17T13:17:03","guid":{"rendered":"https:\/\/global-exam.com\/blog\/?page_id=70922"},"modified":"2022-08-18T16:02:25","modified_gmt":"2022-08-18T14:02:25","slug":"categorie-maitriser-les-situations-de-la-vie-courante-en-allemand","status":"publish","type":"page","link":"https:\/\/global-exam.com\/blog\/fr\/apprentissage-des-langues\/general-german-apprenez-lallemand-en-ligne\/categorie-maitriser-les-situations-de-la-vie-courante-en-allemand\/","title":{"rendered":"Ma\u00eetriser les situations de la vie courante en allemand"},"content":{"rendered":"<p>Utiliser l&rsquo;allemand dans la vie courante<\/p>\n<p style=\"text-align: left;\"><span style=\"font-weight: 400;\">Retrouvez dans cette cat\u00e9gorie <\/span><b>toutes nos fiches de vocabulaire allemand pour vous aider \u00e0 r\u00e9viser.<\/b><\/p>\n<p style=\"text-align: left;\"><span style=\"font-weight: 400;\">Quel que soit votre statut et votre niveau en allemand, savoir s\u2019exprimer pour expliquer ou r\u00e9soudre une situation de la vie courante est primordial. \u00c9tudiant, professionnel ou simple touriste, vous serez forc\u00e9ment amen\u00e9s \u00e0 <\/span><b>communiquer avec des germanophones natifs<\/b><span style=\"font-weight: 400;\"> si vous vous rendez dans un pays dont l\u2019allemand est la langue officielle.<\/span><\/p>\n<p style=\"text-align: left;\"><span style=\"font-weight: 400;\">Il vous sera ainsi primordial de savoir dire bonjour et de vous pr\u00e9senter de fa\u00e7on appropri\u00e9e en fonction de la personne \u00e0 qui vous vous adressez. Vous pourriez \u00e9galement \u00eatre amen\u00e9 par exemple \u00e0 <\/span><b>d\u00e9crire une personne ou un \u00e9v\u00e9nement<\/b><span style=\"font-weight: 400;\">, ou encore \u00e0 donner votre opinion sur un sujet particulier.<\/span><\/p>\n<p style=\"text-align: left;\"><span style=\"font-weight: 400;\">Vous trouverez donc sur notre blog de nombreux conseils et des exemples de phrases pour bien d\u2019autres situations de la vie courante en allemand.<\/span><\/p>\n","protected":false},"excerpt":{"rendered":"<p>Utiliser l&rsquo;allemand dans la vie courante Retrouvez dans cette cat\u00e9gorie toutes nos fiches de vocabulaire allemand pour vous aider \u00e0 r\u00e9viser. Quel [&hellip;]<\/p>\n","protected":false},"author":57,"featured_media":77093,"parent":66322,"menu_order":0,"comment_status":"closed","ping_status":"closed","template":"","meta":[],"acf":[],"yoast_head":"<!-- This site is optimized with the Yoast SEO plugin v17.2.1 - https:\/\/yoast.com\/wordpress\/plugins\/seo\/ -->\n<title>Ma\u00eetriser les situations de la vie courante en allemand<\/title>\n<meta name=\"robots\" content=\"index, follow, max-snippet:-1, max-image-preview:large, max-video-preview:-1\" \/>\n<link rel=\"canonical\" href=\"https:\/\/global-exam.com\/blog\/fr\/apprentissage-des-langues\/general-german-apprenez-lallemand-en-ligne\/categorie-maitriser-les-situations-de-la-vie-courante-en-allemand\/\" \/>\n<meta property=\"og:locale\" content=\"fr_FR\" \/>\n<meta property=\"og:type\" content=\"article\" \/>\n<meta property=\"og:title\" content=\"Ma\u00eetriser les situations de la vie courante en allemand\" \/>\n<meta property=\"og:description\" content=\"Utiliser l&rsquo;allemand dans la vie courante Retrouvez dans cette cat\u00e9gorie toutes nos fiches de vocabulaire allemand pour vous aider \u00e0 r\u00e9viser. Quel [&hellip;]\" \/>\n<meta property=\"og:url\" content=\"https:\/\/global-exam.com\/blog\/fr\/apprentissage-des-langues\/general-german-apprenez-lallemand-en-ligne\/categorie-maitriser-les-situations-de-la-vie-courante-en-allemand\/\" \/>\n<meta property=\"og:site_name\" content=\"GlobalExam Blog\" \/>\n<meta property=\"article:publisher\" content=\"https:\/\/www.facebook.com\/Global.Exam\" \/>\n<meta property=\"article:modified_time\" content=\"2022-08-18T14:02:25+00:00\" \/>\n<meta property=\"og:image\" content=\"https:\/\/global-exam.com\/blog\/wp-content\/uploads\/2022\/06\/apprendre-langues-e1656516516331.jpg\" \/>\n\t<meta property=\"og:image:width\" content=\"650\" \/>\n\t<meta property=\"og:image:height\" content=\"650\" \/>\n<meta name=\"twitter:card\" content=\"summary_large_image\" \/>\n<meta name=\"twitter:site\" content=\"@Global_Exam\" \/>\n<meta name=\"twitter:label1\" content=\"Dur\u00e9e de lecture estim\u00e9e\" \/>\n\t<meta name=\"twitter:data1\" content=\"3 minutes\" \/>\n<script type=\"application\/ld+json\" class=\"yoast-schema-graph\">{\"@context\":\"https:\/\/schema.org\",\"@graph\":[{\"@type\":\"WebSite\",\"@id\":\"https:\/\/global-exam.com\/blog\/#website\",\"url\":\"https:\/\/global-exam.com\/blog\/\",\"name\":\"GlobalExam Blog\",\"description\":\"Le blog du sp\\u00e9cialiste de la certification linguistique\",\"potentialAction\":[{\"@type\":\"SearchAction\",\"target\":{\"@type\":\"EntryPoint\",\"urlTemplate\":\"https:\/\/global-exam.com\/blog\/?s={search_term_string}\"},\"query-input\":\"required name=search_term_string\"}],\"inLanguage\":\"fr-FR\"},{\"@type\":\"ImageObject\",\"@id\":\"https:\/\/global-exam.com\/blog\/fr\/apprentissage-des-langues\/general-german-apprenez-lallemand-en-ligne\/categorie-maitriser-les-situations-de-la-vie-courante-en-allemand\/#primaryimage\",\"inLanguage\":\"fr-FR\",\"url\":\"https:\/\/global-exam.com\/blog\/wp-content\/uploads\/2022\/06\/apprendre-langues-e1656516516331.jpg\",\"contentUrl\":\"https:\/\/global-exam.com\/blog\/wp-content\/uploads\/2022\/06\/apprendre-langues-e1656516516331.jpg\",\"width\":650,\"height\":650,\"caption\":\"Apprendre les langues en ligne\"},{\"@type\":\"WebPage\",\"@id\":\"https:\/\/global-exam.com\/blog\/fr\/apprentissage-des-langues\/general-german-apprenez-lallemand-en-ligne\/categorie-maitriser-les-situations-de-la-vie-courante-en-allemand\/#webpage\",\"url\":\"https:\/\/global-exam.com\/blog\/fr\/apprentissage-des-langues\/general-german-apprenez-lallemand-en-ligne\/categorie-maitriser-les-situations-de-la-vie-courante-en-allemand\/\",\"name\":\"Ma\\u00eetriser les situations de la vie courante en allemand\",\"isPartOf\":{\"@id\":\"https:\/\/global-exam.com\/blog\/#website\"},\"primaryImageOfPage\":{\"@id\":\"https:\/\/global-exam.com\/blog\/fr\/apprentissage-des-langues\/general-german-apprenez-lallemand-en-ligne\/categorie-maitriser-les-situations-de-la-vie-courante-en-allemand\/#primaryimage\"},\"datePublished\":\"2021-12-17T13:17:03+00:00\",\"dateModified\":\"2022-08-18T14:02:25+00:00\",\"breadcrumb\":{\"@id\":\"https:\/\/global-exam.com\/blog\/fr\/apprentissage-des-langues\/general-german-apprenez-lallemand-en-ligne\/categorie-maitriser-les-situations-de-la-vie-courante-en-allemand\/#breadcrumb\"},\"inLanguage\":\"fr-FR\",\"potentialAction\":[{\"@type\":\"ReadAction\",\"target\":[\"https:\/\/global-exam.com\/blog\/fr\/apprentissage-des-langues\/general-german-apprenez-lallemand-en-ligne\/categorie-maitriser-les-situations-de-la-vie-courante-en-allemand\/\"]}]},{\"@type\":\"BreadcrumbList\",\"@id\":\"https:\/\/global-exam.com\/blog\/fr\/apprentissage-des-langues\/general-german-apprenez-lallemand-en-ligne\/categorie-maitriser-les-situations-de-la-vie-courante-en-allemand\/#breadcrumb\",\"itemListElement\":[{\"@type\":\"ListItem\",\"position\":1,\"name\":\"Apprentissage des langues\",\"item\":\"https:\/\/global-exam.com\/blog\/fr\/apprentissage-des-langues\/\"},{\"@type\":\"ListItem\",\"position\":2,\"name\":\"Apprenez l&rsquo;allemand en ligne : General Deutsch\",\"item\":\"https:\/\/global-exam.com\/blog\/fr\/apprentissage-des-langues\/general-german-apprenez-lallemand-en-ligne\/\"},{\"@type\":\"ListItem\",\"position\":3,\"name\":\"Ma\\u00eetriser les situations de la vie courante en allemand\"}]}]}<\/script>\n<!-- \/ Yoast SEO plugin. -->","yoast_head_json":{"title":"Ma\u00eetriser les situations de la vie courante en allemand","robots":{"index":"index","follow":"follow","max-snippet":"max-snippet:-1","max-image-preview":"max-image-preview:large","max-video-preview":"max-video-preview:-1"},"canonical":"https:\/\/global-exam.com\/blog\/fr\/apprentissage-des-langues\/general-german-apprenez-lallemand-en-ligne\/categorie-maitriser-les-situations-de-la-vie-courante-en-allemand\/","og_locale":"fr_FR","og_type":"article","og_title":"Ma\u00eetriser les situations de la vie courante en allemand","og_description":"Utiliser l&rsquo;allemand dans la vie courante Retrouvez dans cette cat\u00e9gorie toutes nos fiches de vocabulaire allemand pour vous aider \u00e0 r\u00e9viser. Quel [&hellip;]","og_url":"https:\/\/global-exam.com\/blog\/fr\/apprentissage-des-langues\/general-german-apprenez-lallemand-en-ligne\/categorie-maitriser-les-situations-de-la-vie-courante-en-allemand\/","og_site_name":"GlobalExam Blog","article_publisher":"https:\/\/www.facebook.com\/Global.Exam","article_modified_time":"2022-08-18T14:02:25+00:00","og_image":[{"width":650,"height":650,"url":"https:\/\/global-exam.com\/blog\/wp-content\/uploads\/2022\/06\/apprendre-langues-e1656516516331.jpg","path":"\/home\/forge\/prod-20220704.global-exam.com\/wp-content\/uploads\/2022\/06\/apprendre-langues-e1656516516331.jpg","size":"full","id":77093,"alt":"Apprendre les langues en ligne","pixels":422500,"type":"image\/jpeg"}],"twitter_card":"summary_large_image","twitter_site":"@Global_Exam","twitter_misc":{"Dur\u00e9e de lecture estim\u00e9e":"3 minutes"},"schema":{"@context":"https:\/\/schema.org","@graph":[{"@type":"WebSite","@id":"https:\/\/global-exam.com\/blog\/#website","url":"https:\/\/global-exam.com\/blog\/","name":"GlobalExam Blog","description":"Le blog du sp\u00e9cialiste de la certification linguistique","potentialAction":[{"@type":"SearchAction","target":{"@type":"EntryPoint","urlTemplate":"https:\/\/global-exam.com\/blog\/?s={search_term_string}"},"query-input":"required name=search_term_string"}],"inLanguage":"fr-FR"},{"@type":"ImageObject","@id":"https:\/\/global-exam.com\/blog\/fr\/apprentissage-des-langues\/general-german-apprenez-lallemand-en-ligne\/categorie-maitriser-les-situations-de-la-vie-courante-en-allemand\/#primaryimage","inLanguage":"fr-FR","url":"https:\/\/global-exam.com\/blog\/wp-content\/uploads\/2022\/06\/apprendre-langues-e1656516516331.jpg","contentUrl":"https:\/\/global-exam.com\/blog\/wp-content\/uploads\/2022\/06\/apprendre-langues-e1656516516331.jpg","width":650,"height":650,"caption":"Apprendre les langues en ligne"},{"@type":"WebPage","@id":"https:\/\/global-exam.com\/blog\/fr\/apprentissage-des-langues\/general-german-apprenez-lallemand-en-ligne\/categorie-maitriser-les-situations-de-la-vie-courante-en-allemand\/#webpage","url":"https:\/\/global-exam.com\/blog\/fr\/apprentissage-des-langues\/general-german-apprenez-lallemand-en-ligne\/categorie-maitriser-les-situations-de-la-vie-courante-en-allemand\/","name":"Ma\u00eetriser les situations de la vie courante en allemand","isPartOf":{"@id":"https:\/\/global-exam.com\/blog\/#website"},"primaryImageOfPage":{"@id":"https:\/\/global-exam.com\/blog\/fr\/apprentissage-des-langues\/general-german-apprenez-lallemand-en-ligne\/categorie-maitriser-les-situations-de-la-vie-courante-en-allemand\/#primaryimage"},"datePublished":"2021-12-17T13:17:03+00:00","dateModified":"2022-08-18T14:02:25+00:00","breadcrumb":{"@id":"https:\/\/global-exam.com\/blog\/fr\/apprentissage-des-langues\/general-german-apprenez-lallemand-en-ligne\/categorie-maitriser-les-situations-de-la-vie-courante-en-allemand\/#breadcrumb"},"inLanguage":"fr-FR","potentialAction":[{"@type":"ReadAction","target":["https:\/\/global-exam.com\/blog\/fr\/apprentissage-des-langues\/general-german-apprenez-lallemand-en-ligne\/categorie-maitriser-les-situations-de-la-vie-courante-en-allemand\/"]}]},{"@type":"BreadcrumbList","@id":"https:\/\/global-exam.com\/blog\/fr\/apprentissage-des-langues\/general-german-apprenez-lallemand-en-ligne\/categorie-maitriser-les-situations-de-la-vie-courante-en-allemand\/#breadcrumb","itemListElement":[{"@type":"ListItem","position":1,"name":"Apprentissage des langues","item":"https:\/\/global-exam.com\/blog\/fr\/apprentissage-des-langues\/"},{"@type":"ListItem","position":2,"name":"Apprenez l&rsquo;allemand en ligne : General Deutsch","item":"https:\/\/global-exam.com\/blog\/fr\/apprentissage-des-langues\/general-german-apprenez-lallemand-en-ligne\/"},{"@type":"ListItem","position":3,"name":"Ma\u00eetriser les situations de la vie courante en allemand"}]}]}},"lang":"fr","translations":{"fr":70922},"pll_sync_post":[],"_links":{"self":[{"href":"https:\/\/global-exam.com\/blog\/wp-json\/wp\/v2\/pages\/70922"}],"collection":[{"href":"https:\/\/global-exam.com\/blog\/wp-json\/wp\/v2\/pages"}],"about":[{"href":"https:\/\/global-exam.com\/blog\/wp-json\/wp\/v2\/types\/page"}],"author":[{"embeddable":true,"href":"https:\/\/global-exam.com\/blog\/wp-json\/wp\/v2\/users\/57"}],"replies":[{"embeddable":true,"href":"https:\/\/global-exam.com\/blog\/wp-json\/wp\/v2\/comments?post=70922"}],"version-history":[{"count":6,"href":"https:\/\/global-exam.com\/blog\/wp-json\/wp\/v2\/pages\/70922\/revisions"}],"predecessor-version":[{"id":78237,"href":"https:\/\/global-exam.com\/blog\/wp-json\/wp\/v2\/pages\/70922\/revisions\/78237"}],"up":[{"embeddable":true,"href":"https:\/\/global-exam.com\/blog\/wp-json\/wp\/v2\/pages\/66322"}],"wp:featuredmedia":[{"embeddable":true,"href":"https:\/\/global-exam.com\/blog\/wp-json\/wp\/v2\/media\/77093"}],"wp:attachment":[{"href":"https:\/\/global-exam.com\/blog\/wp-json\/wp\/v2\/media?parent=70922"}],"curies":[{"name":"wp","href":"https:\/\/api.w.org\/{rel}","templated":true}]}}