{"id":70937,"date":"2021-12-17T15:11:53","date_gmt":"2021-12-17T14:11:53","guid":{"rendered":"https:\/\/global-exam.com\/blog\/?page_id=70937"},"modified":"2022-08-18T16:04:25","modified_gmt":"2022-08-18T14:04:25","slug":"categorie-test-de-placement-en-allemand-quest-ce-que-le-cecrl","status":"publish","type":"page","link":"https:\/\/global-exam.com\/blog\/fr\/general-german-apprenez-lallemand-en-ligne\/categorie-test-de-placement-en-allemand-quest-ce-que-le-cecrl\/","title":{"rendered":"Test de placement en allemand : qu\u2019est-ce que le CECRL ?"},"content":{"rendered":"<p>Conna\u00eetre les diff\u00e9rents niveaux en allemand<\/p>\n<p style=\"text-align: left;\"><span style=\"font-weight: 400;\">Le <\/span><b>Cadre europ\u00e9en commun de r\u00e9f\u00e9rence pour les langues<\/b><span style=\"font-weight: 400;\"> (CECRL) d\u00e9termine votre niveau de langue selon des crit\u00e8res internationaux standardis\u00e9s. Ce niveau peut \u00eatre \u00e9valu\u00e9 en passant des examens linguistiques tels que le WiDaF ou le Bright Deutsch pour l\u2019allemand.<\/span><\/p>\n<p style=\"text-align: left;\"><span style=\"font-weight: 400;\">Les niveaux CECRL sont class\u00e9s du niveau A1 (\u00e9l\u00e9mentaire) au C2 (bilingue). \u00c0 chacun de ces niveaux correspond un certain nombre de comp\u00e9tences acquises.<\/span><\/p>\n<p>Dans cette cat\u00e9gorie, vous d\u00e9couvrirez quelles comp\u00e9tences en allemand sont attendues pour chaque niveau du CECRL. <span style=\"font-weight: 400;\">Une personne de <strong>niveau A1 en allemand<\/strong> sera capable de se pr\u00e9senter, de poser des questions ou d\u2019y r\u00e9pondre si ces derni\u00e8res concernent des sujets basiques. Au contraire, l<\/span><span style=\"font-weight: 400;\">e <strong>niveau C2<\/strong> signifie que la personne est bilingue et ma\u00eetrise parfaitement l\u2019allemand : elle comprend et s\u2019exprime sans effort, \u00e0 l\u2019\u00e9crit comme \u00e0 l\u2019oral.<\/span><\/p>\n","protected":false},"excerpt":{"rendered":"<p>Conna\u00eetre les diff\u00e9rents niveaux en allemand Le Cadre europ\u00e9en commun de r\u00e9f\u00e9rence pour les langues (CECRL) d\u00e9termine votre niveau de langue selon [&hellip;]<\/p>\n","protected":false},"author":57,"featured_media":77093,"parent":66322,"menu_order":0,"comment_status":"closed","ping_status":"closed","template":"","meta":[],"acf":[],"yoast_head":"<!-- This site is optimized with the Yoast SEO plugin v17.2.1 - https:\/\/yoast.com\/wordpress\/plugins\/seo\/ -->\n<title>Test de placement en allemand : qu\u2019est-ce que le CECRL ?<\/title>\n<meta name=\"robots\" content=\"index, follow, max-snippet:-1, max-image-preview:large, max-video-preview:-1\" \/>\n<link rel=\"canonical\" href=\"https:\/\/global-exam.com\/blog\/fr\/general-german-apprenez-lallemand-en-ligne\/categorie-test-de-placement-en-allemand-quest-ce-que-le-cecrl\/\" \/>\n<meta property=\"og:locale\" content=\"fr_FR\" \/>\n<meta property=\"og:type\" content=\"article\" \/>\n<meta property=\"og:title\" content=\"Test de placement en allemand : qu\u2019est-ce que le CECRL ?\" \/>\n<meta property=\"og:description\" content=\"Conna\u00eetre les diff\u00e9rents niveaux en allemand Le Cadre europ\u00e9en commun de r\u00e9f\u00e9rence pour les langues (CECRL) d\u00e9termine votre niveau de langue selon [&hellip;]\" \/>\n<meta property=\"og:url\" content=\"https:\/\/global-exam.com\/blog\/fr\/general-german-apprenez-lallemand-en-ligne\/categorie-test-de-placement-en-allemand-quest-ce-que-le-cecrl\/\" \/>\n<meta property=\"og:site_name\" content=\"GlobalExam Blog\" \/>\n<meta property=\"article:publisher\" content=\"https:\/\/www.facebook.com\/Global.Exam\" \/>\n<meta property=\"article:modified_time\" content=\"2022-08-18T14:04:25+00:00\" \/>\n<meta property=\"og:image\" content=\"https:\/\/global-exam.com\/blog\/wp-content\/uploads\/2022\/06\/apprendre-langues-e1656516516331.jpg\" \/>\n\t<meta property=\"og:image:width\" content=\"650\" \/>\n\t<meta property=\"og:image:height\" content=\"650\" \/>\n<meta name=\"twitter:card\" content=\"summary_large_image\" \/>\n<meta name=\"twitter:site\" content=\"@Global_Exam\" \/>\n<meta name=\"twitter:label1\" content=\"Dur\u00e9e de lecture estim\u00e9e\" \/>\n\t<meta name=\"twitter:data1\" content=\"1 minute\" \/>\n<script type=\"application\/ld+json\" class=\"yoast-schema-graph\">{\"@context\":\"https:\/\/schema.org\",\"@graph\":[{\"@type\":\"WebSite\",\"@id\":\"https:\/\/global-exam.com\/blog\/#website\",\"url\":\"https:\/\/global-exam.com\/blog\/\",\"name\":\"GlobalExam Blog\",\"description\":\"Le blog du sp\\u00e9cialiste de la certification linguistique\",\"potentialAction\":[{\"@type\":\"SearchAction\",\"target\":{\"@type\":\"EntryPoint\",\"urlTemplate\":\"https:\/\/global-exam.com\/blog\/?s={search_term_string}\"},\"query-input\":\"required name=search_term_string\"}],\"inLanguage\":\"fr-FR\"},{\"@type\":\"ImageObject\",\"@id\":\"https:\/\/global-exam.com\/blog\/fr\/general-german-apprenez-lallemand-en-ligne\/categorie-test-de-placement-en-allemand-quest-ce-que-le-cecrl\/#primaryimage\",\"inLanguage\":\"fr-FR\",\"url\":\"https:\/\/global-exam.com\/blog\/wp-content\/uploads\/2022\/06\/apprendre-langues-e1656516516331.jpg\",\"contentUrl\":\"https:\/\/global-exam.com\/blog\/wp-content\/uploads\/2022\/06\/apprendre-langues-e1656516516331.jpg\",\"width\":650,\"height\":650,\"caption\":\"Apprendre les langues en ligne\"},{\"@type\":\"WebPage\",\"@id\":\"https:\/\/global-exam.com\/blog\/fr\/general-german-apprenez-lallemand-en-ligne\/categorie-test-de-placement-en-allemand-quest-ce-que-le-cecrl\/#webpage\",\"url\":\"https:\/\/global-exam.com\/blog\/fr\/general-german-apprenez-lallemand-en-ligne\/categorie-test-de-placement-en-allemand-quest-ce-que-le-cecrl\/\",\"name\":\"Test de placement en allemand : qu\\u2019est-ce que le CECRL ?\",\"isPartOf\":{\"@id\":\"https:\/\/global-exam.com\/blog\/#website\"},\"primaryImageOfPage\":{\"@id\":\"https:\/\/global-exam.com\/blog\/fr\/general-german-apprenez-lallemand-en-ligne\/categorie-test-de-placement-en-allemand-quest-ce-que-le-cecrl\/#primaryimage\"},\"datePublished\":\"2021-12-17T14:11:53+00:00\",\"dateModified\":\"2022-08-18T14:04:25+00:00\",\"breadcrumb\":{\"@id\":\"https:\/\/global-exam.com\/blog\/fr\/general-german-apprenez-lallemand-en-ligne\/categorie-test-de-placement-en-allemand-quest-ce-que-le-cecrl\/#breadcrumb\"},\"inLanguage\":\"fr-FR\",\"potentialAction\":[{\"@type\":\"ReadAction\",\"target\":[\"https:\/\/global-exam.com\/blog\/fr\/general-german-apprenez-lallemand-en-ligne\/categorie-test-de-placement-en-allemand-quest-ce-que-le-cecrl\/\"]}]},{\"@type\":\"BreadcrumbList\",\"@id\":\"https:\/\/global-exam.com\/blog\/fr\/general-german-apprenez-lallemand-en-ligne\/categorie-test-de-placement-en-allemand-quest-ce-que-le-cecrl\/#breadcrumb\",\"itemListElement\":[{\"@type\":\"ListItem\",\"position\":1,\"name\":\"Apprentissage des langues\",\"item\":\"https:\/\/global-exam.com\/blog\/fr\/apprentissage-des-langues\/\"},{\"@type\":\"ListItem\",\"position\":2,\"name\":\"Apprenez l&rsquo;allemand en ligne : General Deutsch\",\"item\":\"https:\/\/global-exam.com\/blog\/fr\/apprentissage-des-langues\/general-german-apprenez-lallemand-en-ligne\/\"},{\"@type\":\"ListItem\",\"position\":3,\"name\":\"Test de placement en allemand : qu\\u2019est-ce que le CECRL ?\"}]}]}<\/script>\n<!-- \/ Yoast SEO plugin. -->","yoast_head_json":{"title":"Test de placement en allemand : qu\u2019est-ce que le CECRL ?","robots":{"index":"index","follow":"follow","max-snippet":"max-snippet:-1","max-image-preview":"max-image-preview:large","max-video-preview":"max-video-preview:-1"},"canonical":"https:\/\/global-exam.com\/blog\/fr\/general-german-apprenez-lallemand-en-ligne\/categorie-test-de-placement-en-allemand-quest-ce-que-le-cecrl\/","og_locale":"fr_FR","og_type":"article","og_title":"Test de placement en allemand : qu\u2019est-ce que le CECRL ?","og_description":"Conna\u00eetre les diff\u00e9rents niveaux en allemand Le Cadre europ\u00e9en commun de r\u00e9f\u00e9rence pour les langues (CECRL) d\u00e9termine votre niveau de langue selon [&hellip;]","og_url":"https:\/\/global-exam.com\/blog\/fr\/general-german-apprenez-lallemand-en-ligne\/categorie-test-de-placement-en-allemand-quest-ce-que-le-cecrl\/","og_site_name":"GlobalExam Blog","article_publisher":"https:\/\/www.facebook.com\/Global.Exam","article_modified_time":"2022-08-18T14:04:25+00:00","og_image":[{"width":650,"height":650,"url":"https:\/\/global-exam.com\/blog\/wp-content\/uploads\/2022\/06\/apprendre-langues-e1656516516331.jpg","path":"\/home\/forge\/prod-20220704.global-exam.com\/wp-content\/uploads\/2022\/06\/apprendre-langues-e1656516516331.jpg","size":"full","id":77093,"alt":"Apprendre les langues en ligne","pixels":422500,"type":"image\/jpeg"}],"twitter_card":"summary_large_image","twitter_site":"@Global_Exam","twitter_misc":{"Dur\u00e9e de lecture estim\u00e9e":"1 minute"},"schema":{"@context":"https:\/\/schema.org","@graph":[{"@type":"WebSite","@id":"https:\/\/global-exam.com\/blog\/#website","url":"https:\/\/global-exam.com\/blog\/","name":"GlobalExam Blog","description":"Le blog du sp\u00e9cialiste de la certification linguistique","potentialAction":[{"@type":"SearchAction","target":{"@type":"EntryPoint","urlTemplate":"https:\/\/global-exam.com\/blog\/?s={search_term_string}"},"query-input":"required name=search_term_string"}],"inLanguage":"fr-FR"},{"@type":"ImageObject","@id":"https:\/\/global-exam.com\/blog\/fr\/general-german-apprenez-lallemand-en-ligne\/categorie-test-de-placement-en-allemand-quest-ce-que-le-cecrl\/#primaryimage","inLanguage":"fr-FR","url":"https:\/\/global-exam.com\/blog\/wp-content\/uploads\/2022\/06\/apprendre-langues-e1656516516331.jpg","contentUrl":"https:\/\/global-exam.com\/blog\/wp-content\/uploads\/2022\/06\/apprendre-langues-e1656516516331.jpg","width":650,"height":650,"caption":"Apprendre les langues en ligne"},{"@type":"WebPage","@id":"https:\/\/global-exam.com\/blog\/fr\/general-german-apprenez-lallemand-en-ligne\/categorie-test-de-placement-en-allemand-quest-ce-que-le-cecrl\/#webpage","url":"https:\/\/global-exam.com\/blog\/fr\/general-german-apprenez-lallemand-en-ligne\/categorie-test-de-placement-en-allemand-quest-ce-que-le-cecrl\/","name":"Test de placement en allemand : qu\u2019est-ce que le CECRL ?","isPartOf":{"@id":"https:\/\/global-exam.com\/blog\/#website"},"primaryImageOfPage":{"@id":"https:\/\/global-exam.com\/blog\/fr\/general-german-apprenez-lallemand-en-ligne\/categorie-test-de-placement-en-allemand-quest-ce-que-le-cecrl\/#primaryimage"},"datePublished":"2021-12-17T14:11:53+00:00","dateModified":"2022-08-18T14:04:25+00:00","breadcrumb":{"@id":"https:\/\/global-exam.com\/blog\/fr\/general-german-apprenez-lallemand-en-ligne\/categorie-test-de-placement-en-allemand-quest-ce-que-le-cecrl\/#breadcrumb"},"inLanguage":"fr-FR","potentialAction":[{"@type":"ReadAction","target":["https:\/\/global-exam.com\/blog\/fr\/general-german-apprenez-lallemand-en-ligne\/categorie-test-de-placement-en-allemand-quest-ce-que-le-cecrl\/"]}]},{"@type":"BreadcrumbList","@id":"https:\/\/global-exam.com\/blog\/fr\/general-german-apprenez-lallemand-en-ligne\/categorie-test-de-placement-en-allemand-quest-ce-que-le-cecrl\/#breadcrumb","itemListElement":[{"@type":"ListItem","position":1,"name":"Apprentissage des langues","item":"https:\/\/global-exam.com\/blog\/fr\/apprentissage-des-langues\/"},{"@type":"ListItem","position":2,"name":"Apprenez l&rsquo;allemand en ligne : General Deutsch","item":"https:\/\/global-exam.com\/blog\/fr\/apprentissage-des-langues\/general-german-apprenez-lallemand-en-ligne\/"},{"@type":"ListItem","position":3,"name":"Test de placement en allemand : qu\u2019est-ce que le CECRL ?"}]}]}},"lang":"fr","translations":{"fr":70937},"pll_sync_post":[],"_links":{"self":[{"href":"https:\/\/global-exam.com\/blog\/wp-json\/wp\/v2\/pages\/70937"}],"collection":[{"href":"https:\/\/global-exam.com\/blog\/wp-json\/wp\/v2\/pages"}],"about":[{"href":"https:\/\/global-exam.com\/blog\/wp-json\/wp\/v2\/types\/page"}],"author":[{"embeddable":true,"href":"https:\/\/global-exam.com\/blog\/wp-json\/wp\/v2\/users\/57"}],"replies":[{"embeddable":true,"href":"https:\/\/global-exam.com\/blog\/wp-json\/wp\/v2\/comments?post=70937"}],"version-history":[{"count":7,"href":"https:\/\/global-exam.com\/blog\/wp-json\/wp\/v2\/pages\/70937\/revisions"}],"predecessor-version":[{"id":78239,"href":"https:\/\/global-exam.com\/blog\/wp-json\/wp\/v2\/pages\/70937\/revisions\/78239"}],"up":[{"embeddable":true,"href":"https:\/\/global-exam.com\/blog\/wp-json\/wp\/v2\/pages\/66322"}],"wp:featuredmedia":[{"embeddable":true,"href":"https:\/\/global-exam.com\/blog\/wp-json\/wp\/v2\/media\/77093"}],"wp:attachment":[{"href":"https:\/\/global-exam.com\/blog\/wp-json\/wp\/v2\/media?parent=70937"}],"curies":[{"name":"wp","href":"https:\/\/api.w.org\/{rel}","templated":true}]}}