{"id":70941,"date":"2021-12-17T15:16:48","date_gmt":"2021-12-17T14:16:48","guid":{"rendered":"https:\/\/global-exam.com\/blog\/?page_id=70941"},"modified":"2022-08-18T16:03:04","modified_gmt":"2022-08-18T14:03:04","slug":"categorie-pourquoi-et-comment-apprendre-le-vocabulaire-allemand","status":"publish","type":"page","link":"https:\/\/global-exam.com\/blog\/fr\/apprentissage-des-langues\/general-german-apprenez-lallemand-en-ligne\/categorie-pourquoi-et-comment-apprendre-le-vocabulaire-allemand\/","title":{"rendered":"Pourquoi et comment apprendre le vocabulaire allemand ?"},"content":{"rendered":"<p>Am\u00e9liorer son vocabulaire allemand<\/p>\n<p style=\"text-align: left;\"><span style=\"font-weight: 400;\">Vous trouverez sur notre blog de nombreuses fiches de vocabulaire permettant d\u2019<\/span><b>apprendre des mots en allemand correspondant \u00e0 des th\u00e8mes pr\u00e9cis. <\/b><span style=\"font-weight: 400;\">En fonction de vos besoins et de votre envie d\u2019apprendre pour les consulter, il vous suffit de cr\u00e9er un compte gratuitement.<\/span><\/p>\n<p style=\"text-align: left;\"><span style=\"font-weight: 400;\">Nos r\u00e9dacteurs vous proposent une liste d\u2019articles sp\u00e9cialis\u00e9s vous permettant d\u2019apprendre le vocabulaire allemand par th\u00e9matiques. Vous y trouverez des exemples de phrases utilisant les mots de vocabulaire concern\u00e9s, ainsi que des conseils pour <b>apprendre de fa\u00e7on efficace<\/b>.<\/span><\/p>\n<p style=\"text-align: left;\"><span style=\"font-weight: 400;\">Que vous souhaitiez apprendre l\u2019allemand pour des raisons professionnelles ou personnelles, GlobalExam vous propose les solutions pour atteindre vos objectifs. Nous vous accompagnons \u00e9galement dans votre pr\u00e9paration aux examens linguistiques tels que le WiDaF ou le BRIGHT Deutsch.<\/span><\/p>\n","protected":false},"excerpt":{"rendered":"<p>Am\u00e9liorer son vocabulaire allemand Vous trouverez sur notre blog de nombreuses fiches de vocabulaire permettant d\u2019apprendre des mots en allemand correspondant \u00e0 [&hellip;]<\/p>\n","protected":false},"author":57,"featured_media":77093,"parent":66322,"menu_order":0,"comment_status":"closed","ping_status":"closed","template":"","meta":[],"acf":[],"yoast_head":"<!-- This site is optimized with the Yoast SEO plugin v17.2.1 - https:\/\/yoast.com\/wordpress\/plugins\/seo\/ -->\n<title>Pourquoi et comment apprendre le vocabulaire allemand ?<\/title>\n<meta name=\"robots\" content=\"index, follow, max-snippet:-1, max-image-preview:large, max-video-preview:-1\" \/>\n<link rel=\"canonical\" href=\"https:\/\/global-exam.com\/blog\/fr\/apprentissage-des-langues\/general-german-apprenez-lallemand-en-ligne\/categorie-pourquoi-et-comment-apprendre-le-vocabulaire-allemand\/\" \/>\n<meta property=\"og:locale\" content=\"fr_FR\" \/>\n<meta property=\"og:type\" content=\"article\" \/>\n<meta property=\"og:title\" content=\"Pourquoi et comment apprendre le vocabulaire allemand ?\" \/>\n<meta property=\"og:description\" content=\"Am\u00e9liorer son vocabulaire allemand Vous trouverez sur notre blog de nombreuses fiches de vocabulaire permettant d\u2019apprendre des mots en allemand correspondant \u00e0 [&hellip;]\" \/>\n<meta property=\"og:url\" content=\"https:\/\/global-exam.com\/blog\/fr\/apprentissage-des-langues\/general-german-apprenez-lallemand-en-ligne\/categorie-pourquoi-et-comment-apprendre-le-vocabulaire-allemand\/\" \/>\n<meta property=\"og:site_name\" content=\"GlobalExam Blog\" \/>\n<meta property=\"article:publisher\" content=\"https:\/\/www.facebook.com\/Global.Exam\" \/>\n<meta property=\"article:modified_time\" content=\"2022-08-18T14:03:04+00:00\" \/>\n<meta property=\"og:image\" content=\"https:\/\/global-exam.com\/blog\/wp-content\/uploads\/2022\/06\/apprendre-langues-e1656516516331.jpg\" \/>\n\t<meta property=\"og:image:width\" content=\"650\" \/>\n\t<meta property=\"og:image:height\" content=\"650\" \/>\n<meta name=\"twitter:card\" content=\"summary_large_image\" \/>\n<meta name=\"twitter:site\" content=\"@Global_Exam\" \/>\n<meta name=\"twitter:label1\" content=\"Dur\u00e9e de lecture estim\u00e9e\" \/>\n\t<meta name=\"twitter:data1\" content=\"3 minutes\" \/>\n<script type=\"application\/ld+json\" class=\"yoast-schema-graph\">{\"@context\":\"https:\/\/schema.org\",\"@graph\":[{\"@type\":\"WebSite\",\"@id\":\"https:\/\/global-exam.com\/blog\/#website\",\"url\":\"https:\/\/global-exam.com\/blog\/\",\"name\":\"GlobalExam Blog\",\"description\":\"Le blog du sp\\u00e9cialiste de la certification linguistique\",\"potentialAction\":[{\"@type\":\"SearchAction\",\"target\":{\"@type\":\"EntryPoint\",\"urlTemplate\":\"https:\/\/global-exam.com\/blog\/?s={search_term_string}\"},\"query-input\":\"required name=search_term_string\"}],\"inLanguage\":\"fr-FR\"},{\"@type\":\"ImageObject\",\"@id\":\"https:\/\/global-exam.com\/blog\/fr\/apprentissage-des-langues\/general-german-apprenez-lallemand-en-ligne\/categorie-pourquoi-et-comment-apprendre-le-vocabulaire-allemand\/#primaryimage\",\"inLanguage\":\"fr-FR\",\"url\":\"https:\/\/global-exam.com\/blog\/wp-content\/uploads\/2022\/06\/apprendre-langues-e1656516516331.jpg\",\"contentUrl\":\"https:\/\/global-exam.com\/blog\/wp-content\/uploads\/2022\/06\/apprendre-langues-e1656516516331.jpg\",\"width\":650,\"height\":650,\"caption\":\"Apprendre les langues en ligne\"},{\"@type\":\"WebPage\",\"@id\":\"https:\/\/global-exam.com\/blog\/fr\/apprentissage-des-langues\/general-german-apprenez-lallemand-en-ligne\/categorie-pourquoi-et-comment-apprendre-le-vocabulaire-allemand\/#webpage\",\"url\":\"https:\/\/global-exam.com\/blog\/fr\/apprentissage-des-langues\/general-german-apprenez-lallemand-en-ligne\/categorie-pourquoi-et-comment-apprendre-le-vocabulaire-allemand\/\",\"name\":\"Pourquoi et comment apprendre le vocabulaire allemand ?\",\"isPartOf\":{\"@id\":\"https:\/\/global-exam.com\/blog\/#website\"},\"primaryImageOfPage\":{\"@id\":\"https:\/\/global-exam.com\/blog\/fr\/apprentissage-des-langues\/general-german-apprenez-lallemand-en-ligne\/categorie-pourquoi-et-comment-apprendre-le-vocabulaire-allemand\/#primaryimage\"},\"datePublished\":\"2021-12-17T14:16:48+00:00\",\"dateModified\":\"2022-08-18T14:03:04+00:00\",\"breadcrumb\":{\"@id\":\"https:\/\/global-exam.com\/blog\/fr\/apprentissage-des-langues\/general-german-apprenez-lallemand-en-ligne\/categorie-pourquoi-et-comment-apprendre-le-vocabulaire-allemand\/#breadcrumb\"},\"inLanguage\":\"fr-FR\",\"potentialAction\":[{\"@type\":\"ReadAction\",\"target\":[\"https:\/\/global-exam.com\/blog\/fr\/apprentissage-des-langues\/general-german-apprenez-lallemand-en-ligne\/categorie-pourquoi-et-comment-apprendre-le-vocabulaire-allemand\/\"]}]},{\"@type\":\"BreadcrumbList\",\"@id\":\"https:\/\/global-exam.com\/blog\/fr\/apprentissage-des-langues\/general-german-apprenez-lallemand-en-ligne\/categorie-pourquoi-et-comment-apprendre-le-vocabulaire-allemand\/#breadcrumb\",\"itemListElement\":[{\"@type\":\"ListItem\",\"position\":1,\"name\":\"Apprentissage des langues\",\"item\":\"https:\/\/global-exam.com\/blog\/fr\/apprentissage-des-langues\/\"},{\"@type\":\"ListItem\",\"position\":2,\"name\":\"Apprenez l&rsquo;allemand en ligne : General Deutsch\",\"item\":\"https:\/\/global-exam.com\/blog\/fr\/apprentissage-des-langues\/general-german-apprenez-lallemand-en-ligne\/\"},{\"@type\":\"ListItem\",\"position\":3,\"name\":\"Pourquoi et comment apprendre le vocabulaire allemand ?\"}]}]}<\/script>\n<!-- \/ Yoast SEO plugin. -->","yoast_head_json":{"title":"Pourquoi et comment apprendre le vocabulaire allemand ?","robots":{"index":"index","follow":"follow","max-snippet":"max-snippet:-1","max-image-preview":"max-image-preview:large","max-video-preview":"max-video-preview:-1"},"canonical":"https:\/\/global-exam.com\/blog\/fr\/apprentissage-des-langues\/general-german-apprenez-lallemand-en-ligne\/categorie-pourquoi-et-comment-apprendre-le-vocabulaire-allemand\/","og_locale":"fr_FR","og_type":"article","og_title":"Pourquoi et comment apprendre le vocabulaire allemand ?","og_description":"Am\u00e9liorer son vocabulaire allemand Vous trouverez sur notre blog de nombreuses fiches de vocabulaire permettant d\u2019apprendre des mots en allemand correspondant \u00e0 [&hellip;]","og_url":"https:\/\/global-exam.com\/blog\/fr\/apprentissage-des-langues\/general-german-apprenez-lallemand-en-ligne\/categorie-pourquoi-et-comment-apprendre-le-vocabulaire-allemand\/","og_site_name":"GlobalExam Blog","article_publisher":"https:\/\/www.facebook.com\/Global.Exam","article_modified_time":"2022-08-18T14:03:04+00:00","og_image":[{"width":650,"height":650,"url":"https:\/\/global-exam.com\/blog\/wp-content\/uploads\/2022\/06\/apprendre-langues-e1656516516331.jpg","path":"\/home\/forge\/prod-20220704.global-exam.com\/wp-content\/uploads\/2022\/06\/apprendre-langues-e1656516516331.jpg","size":"full","id":77093,"alt":"Apprendre les langues en ligne","pixels":422500,"type":"image\/jpeg"}],"twitter_card":"summary_large_image","twitter_site":"@Global_Exam","twitter_misc":{"Dur\u00e9e de lecture estim\u00e9e":"3 minutes"},"schema":{"@context":"https:\/\/schema.org","@graph":[{"@type":"WebSite","@id":"https:\/\/global-exam.com\/blog\/#website","url":"https:\/\/global-exam.com\/blog\/","name":"GlobalExam Blog","description":"Le blog du sp\u00e9cialiste de la certification linguistique","potentialAction":[{"@type":"SearchAction","target":{"@type":"EntryPoint","urlTemplate":"https:\/\/global-exam.com\/blog\/?s={search_term_string}"},"query-input":"required name=search_term_string"}],"inLanguage":"fr-FR"},{"@type":"ImageObject","@id":"https:\/\/global-exam.com\/blog\/fr\/apprentissage-des-langues\/general-german-apprenez-lallemand-en-ligne\/categorie-pourquoi-et-comment-apprendre-le-vocabulaire-allemand\/#primaryimage","inLanguage":"fr-FR","url":"https:\/\/global-exam.com\/blog\/wp-content\/uploads\/2022\/06\/apprendre-langues-e1656516516331.jpg","contentUrl":"https:\/\/global-exam.com\/blog\/wp-content\/uploads\/2022\/06\/apprendre-langues-e1656516516331.jpg","width":650,"height":650,"caption":"Apprendre les langues en ligne"},{"@type":"WebPage","@id":"https:\/\/global-exam.com\/blog\/fr\/apprentissage-des-langues\/general-german-apprenez-lallemand-en-ligne\/categorie-pourquoi-et-comment-apprendre-le-vocabulaire-allemand\/#webpage","url":"https:\/\/global-exam.com\/blog\/fr\/apprentissage-des-langues\/general-german-apprenez-lallemand-en-ligne\/categorie-pourquoi-et-comment-apprendre-le-vocabulaire-allemand\/","name":"Pourquoi et comment apprendre le vocabulaire allemand ?","isPartOf":{"@id":"https:\/\/global-exam.com\/blog\/#website"},"primaryImageOfPage":{"@id":"https:\/\/global-exam.com\/blog\/fr\/apprentissage-des-langues\/general-german-apprenez-lallemand-en-ligne\/categorie-pourquoi-et-comment-apprendre-le-vocabulaire-allemand\/#primaryimage"},"datePublished":"2021-12-17T14:16:48+00:00","dateModified":"2022-08-18T14:03:04+00:00","breadcrumb":{"@id":"https:\/\/global-exam.com\/blog\/fr\/apprentissage-des-langues\/general-german-apprenez-lallemand-en-ligne\/categorie-pourquoi-et-comment-apprendre-le-vocabulaire-allemand\/#breadcrumb"},"inLanguage":"fr-FR","potentialAction":[{"@type":"ReadAction","target":["https:\/\/global-exam.com\/blog\/fr\/apprentissage-des-langues\/general-german-apprenez-lallemand-en-ligne\/categorie-pourquoi-et-comment-apprendre-le-vocabulaire-allemand\/"]}]},{"@type":"BreadcrumbList","@id":"https:\/\/global-exam.com\/blog\/fr\/apprentissage-des-langues\/general-german-apprenez-lallemand-en-ligne\/categorie-pourquoi-et-comment-apprendre-le-vocabulaire-allemand\/#breadcrumb","itemListElement":[{"@type":"ListItem","position":1,"name":"Apprentissage des langues","item":"https:\/\/global-exam.com\/blog\/fr\/apprentissage-des-langues\/"},{"@type":"ListItem","position":2,"name":"Apprenez l&rsquo;allemand en ligne : General Deutsch","item":"https:\/\/global-exam.com\/blog\/fr\/apprentissage-des-langues\/general-german-apprenez-lallemand-en-ligne\/"},{"@type":"ListItem","position":3,"name":"Pourquoi et comment apprendre le vocabulaire allemand ?"}]}]}},"lang":"fr","translations":{"fr":70941},"pll_sync_post":[],"_links":{"self":[{"href":"https:\/\/global-exam.com\/blog\/wp-json\/wp\/v2\/pages\/70941"}],"collection":[{"href":"https:\/\/global-exam.com\/blog\/wp-json\/wp\/v2\/pages"}],"about":[{"href":"https:\/\/global-exam.com\/blog\/wp-json\/wp\/v2\/types\/page"}],"author":[{"embeddable":true,"href":"https:\/\/global-exam.com\/blog\/wp-json\/wp\/v2\/users\/57"}],"replies":[{"embeddable":true,"href":"https:\/\/global-exam.com\/blog\/wp-json\/wp\/v2\/comments?post=70941"}],"version-history":[{"count":6,"href":"https:\/\/global-exam.com\/blog\/wp-json\/wp\/v2\/pages\/70941\/revisions"}],"predecessor-version":[{"id":78238,"href":"https:\/\/global-exam.com\/blog\/wp-json\/wp\/v2\/pages\/70941\/revisions\/78238"}],"up":[{"embeddable":true,"href":"https:\/\/global-exam.com\/blog\/wp-json\/wp\/v2\/pages\/66322"}],"wp:featuredmedia":[{"embeddable":true,"href":"https:\/\/global-exam.com\/blog\/wp-json\/wp\/v2\/media\/77093"}],"wp:attachment":[{"href":"https:\/\/global-exam.com\/blog\/wp-json\/wp\/v2\/media?parent=70941"}],"curies":[{"name":"wp","href":"https:\/\/api.w.org\/{rel}","templated":true}]}}