{"id":70944,"date":"2021-12-17T15:22:00","date_gmt":"2021-12-17T14:22:00","guid":{"rendered":"https:\/\/global-exam.com\/blog\/?page_id=70944"},"modified":"2022-08-18T16:01:36","modified_gmt":"2022-08-18T14:01:36","slug":"categorie-apprendre-lallemand-preparation-active-et-passive","status":"publish","type":"page","link":"https:\/\/global-exam.com\/blog\/fr\/apprentissage-des-langues\/general-german-apprenez-lallemand-en-ligne\/categorie-apprendre-lallemand-preparation-active-et-passive\/","title":{"rendered":"Apprendre l\u2019allemand : pr\u00e9paration active et passive"},"content":{"rendered":"<p>Nos conseils pour apprendre l&rsquo;allemand<\/p>\n<p style=\"text-align: left;\"><span style=\"font-weight: 400;\">Dans cette cat\u00e9gorie, nous vous donnons <\/span><b>des astuces et des id\u00e9es pour mieux apprendre <\/b><span style=\"font-weight: 400;\">l\u2019allemand, de la grammaire au vocabulaire en passant par les situations de la vie courante. Vous y trouverez des m\u00e9thodes de pr\u00e9paration active (applications, remise \u00e0 niveau\u2026) ou passive (livres, films, s\u00e9ries\u2026) qui vous permettront de joindre l\u2019utile \u00e0 l\u2019agr\u00e9able.<\/span><\/p>\n<p style=\"text-align: left;\"><span style=\"font-weight: 400;\">\u00c0 chaque langue et \u00e0 chaque personne correspond une fa\u00e7on d\u2019apprendre privil\u00e9gi\u00e9e. C\u2019est pour cela que dans cet article<\/span><b> nous proposons le moyen qui vous aidera le mieux \u00e0 apprendre l\u2019allemand.<\/b><span style=\"font-weight: 400;\"> Nous vous offrons nos meilleurs conseils et les approches les plus efficaces pour bien progresser. Que vous ayez d\u00e9j\u00e0 un niveau de base en allemand mais souhaitez faire une remise \u00e0 niveau ou que vous partiez de z\u00e9ro, nous vous proposerons une m\u00e9thodologie r\u00e9pondant \u00e0 vos besoins.<\/span><\/p>\n","protected":false},"excerpt":{"rendered":"<p>Nos conseils pour apprendre l&rsquo;allemand Dans cette cat\u00e9gorie, nous vous donnons des astuces et des id\u00e9es pour mieux apprendre l\u2019allemand, de la [&hellip;]<\/p>\n","protected":false},"author":57,"featured_media":77093,"parent":66322,"menu_order":0,"comment_status":"closed","ping_status":"closed","template":"","meta":[],"acf":[],"yoast_head":"<!-- This site is optimized with the Yoast SEO plugin v17.2.1 - https:\/\/yoast.com\/wordpress\/plugins\/seo\/ -->\n<title>Apprendre l\u2019allemand : pr\u00e9paration active et passive<\/title>\n<meta name=\"robots\" content=\"index, follow, max-snippet:-1, max-image-preview:large, max-video-preview:-1\" \/>\n<link rel=\"canonical\" href=\"https:\/\/global-exam.com\/blog\/fr\/apprentissage-des-langues\/general-german-apprenez-lallemand-en-ligne\/categorie-apprendre-lallemand-preparation-active-et-passive\/\" \/>\n<meta property=\"og:locale\" content=\"fr_FR\" \/>\n<meta property=\"og:type\" content=\"article\" \/>\n<meta property=\"og:title\" content=\"Apprendre l\u2019allemand : pr\u00e9paration active et passive\" \/>\n<meta property=\"og:description\" content=\"Nos conseils pour apprendre l&rsquo;allemand Dans cette cat\u00e9gorie, nous vous donnons des astuces et des id\u00e9es pour mieux apprendre l\u2019allemand, de la [&hellip;]\" \/>\n<meta property=\"og:url\" content=\"https:\/\/global-exam.com\/blog\/fr\/apprentissage-des-langues\/general-german-apprenez-lallemand-en-ligne\/categorie-apprendre-lallemand-preparation-active-et-passive\/\" \/>\n<meta property=\"og:site_name\" content=\"GlobalExam Blog\" \/>\n<meta property=\"article:publisher\" content=\"https:\/\/www.facebook.com\/Global.Exam\" \/>\n<meta property=\"article:modified_time\" content=\"2022-08-18T14:01:36+00:00\" \/>\n<meta property=\"og:image\" content=\"https:\/\/global-exam.com\/blog\/wp-content\/uploads\/2022\/06\/apprendre-langues-e1656516516331.jpg\" \/>\n\t<meta property=\"og:image:width\" content=\"650\" \/>\n\t<meta property=\"og:image:height\" content=\"650\" \/>\n<meta name=\"twitter:card\" content=\"summary_large_image\" \/>\n<meta name=\"twitter:site\" content=\"@Global_Exam\" \/>\n<meta name=\"twitter:label1\" content=\"Dur\u00e9e de lecture estim\u00e9e\" \/>\n\t<meta name=\"twitter:data1\" content=\"1 minute\" \/>\n<script type=\"application\/ld+json\" class=\"yoast-schema-graph\">{\"@context\":\"https:\/\/schema.org\",\"@graph\":[{\"@type\":\"WebSite\",\"@id\":\"https:\/\/global-exam.com\/blog\/#website\",\"url\":\"https:\/\/global-exam.com\/blog\/\",\"name\":\"GlobalExam Blog\",\"description\":\"Le blog du sp\\u00e9cialiste de la certification linguistique\",\"potentialAction\":[{\"@type\":\"SearchAction\",\"target\":{\"@type\":\"EntryPoint\",\"urlTemplate\":\"https:\/\/global-exam.com\/blog\/?s={search_term_string}\"},\"query-input\":\"required name=search_term_string\"}],\"inLanguage\":\"fr-FR\"},{\"@type\":\"ImageObject\",\"@id\":\"https:\/\/global-exam.com\/blog\/fr\/apprentissage-des-langues\/general-german-apprenez-lallemand-en-ligne\/categorie-apprendre-lallemand-preparation-active-et-passive\/#primaryimage\",\"inLanguage\":\"fr-FR\",\"url\":\"https:\/\/global-exam.com\/blog\/wp-content\/uploads\/2022\/06\/apprendre-langues-e1656516516331.jpg\",\"contentUrl\":\"https:\/\/global-exam.com\/blog\/wp-content\/uploads\/2022\/06\/apprendre-langues-e1656516516331.jpg\",\"width\":650,\"height\":650,\"caption\":\"Apprendre les langues en ligne\"},{\"@type\":\"WebPage\",\"@id\":\"https:\/\/global-exam.com\/blog\/fr\/apprentissage-des-langues\/general-german-apprenez-lallemand-en-ligne\/categorie-apprendre-lallemand-preparation-active-et-passive\/#webpage\",\"url\":\"https:\/\/global-exam.com\/blog\/fr\/apprentissage-des-langues\/general-german-apprenez-lallemand-en-ligne\/categorie-apprendre-lallemand-preparation-active-et-passive\/\",\"name\":\"Apprendre l\\u2019allemand : pr\\u00e9paration active et passive\",\"isPartOf\":{\"@id\":\"https:\/\/global-exam.com\/blog\/#website\"},\"primaryImageOfPage\":{\"@id\":\"https:\/\/global-exam.com\/blog\/fr\/apprentissage-des-langues\/general-german-apprenez-lallemand-en-ligne\/categorie-apprendre-lallemand-preparation-active-et-passive\/#primaryimage\"},\"datePublished\":\"2021-12-17T14:22:00+00:00\",\"dateModified\":\"2022-08-18T14:01:36+00:00\",\"breadcrumb\":{\"@id\":\"https:\/\/global-exam.com\/blog\/fr\/apprentissage-des-langues\/general-german-apprenez-lallemand-en-ligne\/categorie-apprendre-lallemand-preparation-active-et-passive\/#breadcrumb\"},\"inLanguage\":\"fr-FR\",\"potentialAction\":[{\"@type\":\"ReadAction\",\"target\":[\"https:\/\/global-exam.com\/blog\/fr\/apprentissage-des-langues\/general-german-apprenez-lallemand-en-ligne\/categorie-apprendre-lallemand-preparation-active-et-passive\/\"]}]},{\"@type\":\"BreadcrumbList\",\"@id\":\"https:\/\/global-exam.com\/blog\/fr\/apprentissage-des-langues\/general-german-apprenez-lallemand-en-ligne\/categorie-apprendre-lallemand-preparation-active-et-passive\/#breadcrumb\",\"itemListElement\":[{\"@type\":\"ListItem\",\"position\":1,\"name\":\"Apprentissage des langues\",\"item\":\"https:\/\/global-exam.com\/blog\/fr\/apprentissage-des-langues\/\"},{\"@type\":\"ListItem\",\"position\":2,\"name\":\"Apprenez l&rsquo;allemand en ligne : General Deutsch\",\"item\":\"https:\/\/global-exam.com\/blog\/fr\/apprentissage-des-langues\/general-german-apprenez-lallemand-en-ligne\/\"},{\"@type\":\"ListItem\",\"position\":3,\"name\":\"Apprendre l\\u2019allemand : pr\\u00e9paration active et passive\"}]}]}<\/script>\n<!-- \/ Yoast SEO plugin. -->","yoast_head_json":{"title":"Apprendre l\u2019allemand : pr\u00e9paration active et passive","robots":{"index":"index","follow":"follow","max-snippet":"max-snippet:-1","max-image-preview":"max-image-preview:large","max-video-preview":"max-video-preview:-1"},"canonical":"https:\/\/global-exam.com\/blog\/fr\/apprentissage-des-langues\/general-german-apprenez-lallemand-en-ligne\/categorie-apprendre-lallemand-preparation-active-et-passive\/","og_locale":"fr_FR","og_type":"article","og_title":"Apprendre l\u2019allemand : pr\u00e9paration active et passive","og_description":"Nos conseils pour apprendre l&rsquo;allemand Dans cette cat\u00e9gorie, nous vous donnons des astuces et des id\u00e9es pour mieux apprendre l\u2019allemand, de la [&hellip;]","og_url":"https:\/\/global-exam.com\/blog\/fr\/apprentissage-des-langues\/general-german-apprenez-lallemand-en-ligne\/categorie-apprendre-lallemand-preparation-active-et-passive\/","og_site_name":"GlobalExam Blog","article_publisher":"https:\/\/www.facebook.com\/Global.Exam","article_modified_time":"2022-08-18T14:01:36+00:00","og_image":[{"width":650,"height":650,"url":"https:\/\/global-exam.com\/blog\/wp-content\/uploads\/2022\/06\/apprendre-langues-e1656516516331.jpg","path":"\/home\/forge\/prod-20220704.global-exam.com\/wp-content\/uploads\/2022\/06\/apprendre-langues-e1656516516331.jpg","size":"full","id":77093,"alt":"Apprendre les langues en ligne","pixels":422500,"type":"image\/jpeg"}],"twitter_card":"summary_large_image","twitter_site":"@Global_Exam","twitter_misc":{"Dur\u00e9e de lecture estim\u00e9e":"1 minute"},"schema":{"@context":"https:\/\/schema.org","@graph":[{"@type":"WebSite","@id":"https:\/\/global-exam.com\/blog\/#website","url":"https:\/\/global-exam.com\/blog\/","name":"GlobalExam Blog","description":"Le blog du sp\u00e9cialiste de la certification linguistique","potentialAction":[{"@type":"SearchAction","target":{"@type":"EntryPoint","urlTemplate":"https:\/\/global-exam.com\/blog\/?s={search_term_string}"},"query-input":"required name=search_term_string"}],"inLanguage":"fr-FR"},{"@type":"ImageObject","@id":"https:\/\/global-exam.com\/blog\/fr\/apprentissage-des-langues\/general-german-apprenez-lallemand-en-ligne\/categorie-apprendre-lallemand-preparation-active-et-passive\/#primaryimage","inLanguage":"fr-FR","url":"https:\/\/global-exam.com\/blog\/wp-content\/uploads\/2022\/06\/apprendre-langues-e1656516516331.jpg","contentUrl":"https:\/\/global-exam.com\/blog\/wp-content\/uploads\/2022\/06\/apprendre-langues-e1656516516331.jpg","width":650,"height":650,"caption":"Apprendre les langues en ligne"},{"@type":"WebPage","@id":"https:\/\/global-exam.com\/blog\/fr\/apprentissage-des-langues\/general-german-apprenez-lallemand-en-ligne\/categorie-apprendre-lallemand-preparation-active-et-passive\/#webpage","url":"https:\/\/global-exam.com\/blog\/fr\/apprentissage-des-langues\/general-german-apprenez-lallemand-en-ligne\/categorie-apprendre-lallemand-preparation-active-et-passive\/","name":"Apprendre l\u2019allemand : pr\u00e9paration active et passive","isPartOf":{"@id":"https:\/\/global-exam.com\/blog\/#website"},"primaryImageOfPage":{"@id":"https:\/\/global-exam.com\/blog\/fr\/apprentissage-des-langues\/general-german-apprenez-lallemand-en-ligne\/categorie-apprendre-lallemand-preparation-active-et-passive\/#primaryimage"},"datePublished":"2021-12-17T14:22:00+00:00","dateModified":"2022-08-18T14:01:36+00:00","breadcrumb":{"@id":"https:\/\/global-exam.com\/blog\/fr\/apprentissage-des-langues\/general-german-apprenez-lallemand-en-ligne\/categorie-apprendre-lallemand-preparation-active-et-passive\/#breadcrumb"},"inLanguage":"fr-FR","potentialAction":[{"@type":"ReadAction","target":["https:\/\/global-exam.com\/blog\/fr\/apprentissage-des-langues\/general-german-apprenez-lallemand-en-ligne\/categorie-apprendre-lallemand-preparation-active-et-passive\/"]}]},{"@type":"BreadcrumbList","@id":"https:\/\/global-exam.com\/blog\/fr\/apprentissage-des-langues\/general-german-apprenez-lallemand-en-ligne\/categorie-apprendre-lallemand-preparation-active-et-passive\/#breadcrumb","itemListElement":[{"@type":"ListItem","position":1,"name":"Apprentissage des langues","item":"https:\/\/global-exam.com\/blog\/fr\/apprentissage-des-langues\/"},{"@type":"ListItem","position":2,"name":"Apprenez l&rsquo;allemand en ligne : General Deutsch","item":"https:\/\/global-exam.com\/blog\/fr\/apprentissage-des-langues\/general-german-apprenez-lallemand-en-ligne\/"},{"@type":"ListItem","position":3,"name":"Apprendre l\u2019allemand : pr\u00e9paration active et passive"}]}]}},"lang":"fr","translations":{"fr":70944},"pll_sync_post":[],"_links":{"self":[{"href":"https:\/\/global-exam.com\/blog\/wp-json\/wp\/v2\/pages\/70944"}],"collection":[{"href":"https:\/\/global-exam.com\/blog\/wp-json\/wp\/v2\/pages"}],"about":[{"href":"https:\/\/global-exam.com\/blog\/wp-json\/wp\/v2\/types\/page"}],"author":[{"embeddable":true,"href":"https:\/\/global-exam.com\/blog\/wp-json\/wp\/v2\/users\/57"}],"replies":[{"embeddable":true,"href":"https:\/\/global-exam.com\/blog\/wp-json\/wp\/v2\/comments?post=70944"}],"version-history":[{"count":6,"href":"https:\/\/global-exam.com\/blog\/wp-json\/wp\/v2\/pages\/70944\/revisions"}],"predecessor-version":[{"id":78236,"href":"https:\/\/global-exam.com\/blog\/wp-json\/wp\/v2\/pages\/70944\/revisions\/78236"}],"up":[{"embeddable":true,"href":"https:\/\/global-exam.com\/blog\/wp-json\/wp\/v2\/pages\/66322"}],"wp:featuredmedia":[{"embeddable":true,"href":"https:\/\/global-exam.com\/blog\/wp-json\/wp\/v2\/media\/77093"}],"wp:attachment":[{"href":"https:\/\/global-exam.com\/blog\/wp-json\/wp\/v2\/media?parent=70944"}],"curies":[{"name":"wp","href":"https:\/\/api.w.org\/{rel}","templated":true}]}}