{"id":71681,"date":"2021-12-22T16:58:42","date_gmt":"2021-12-22T15:58:42","guid":{"rendered":"https:\/\/global-exam.com\/blog\/?page_id=71681"},"modified":"2022-09-16T11:29:18","modified_gmt":"2022-09-16T09:29:18","slug":"categoria-ielts-practice-tests","status":"publish","type":"page","link":"https:\/\/global-exam.com\/blog\/es\/examenes\/ielts\/categoria-ielts-practice-tests\/","title":{"rendered":"IELTS practice tests"},"content":{"rendered":"<p><span style=\"font-weight: 400;\">Ejercicios para practicar antes el examen<\/span><\/p>\n<p><span style=\"font-weight: 400;\">\u00bfEst\u00e1s interesado en tomar el <\/span><b>IELTS<\/b><span style=\"font-weight: 400;\"> para certificarte en ingl\u00e9s? Ya sea para realizar <\/span><b>estudios<\/b><span style=\"font-weight: 400;\"> fuera o para <\/span><b>trabajar en el extranjero<\/b><span style=\"font-weight: 400;\">, esta prueba es una de las certificaciones en ingl\u00e9s por excelencia que podr\u00e1s usar para <\/span><b>demostrar tu nivel de ingl\u00e9s<\/b><span style=\"font-weight: 400;\"> en tanto que hablante no nativo de esta lengua.\u00a0<\/span><\/p>\n<p><span style=\"font-weight: 400;\">En efecto, el <\/span><b>International English Language Testing System<\/b><span style=\"font-weight: 400;\"> es reconocido no solo en el <strong>Reino Unido<\/strong> sino tambi\u00e9n en muchos pa\u00edses y entidades de <strong>habla inglesa<\/strong>. Entre ellos, encontrar\u00e1s <\/span><b>instituciones acad\u00e9micas y profesionales<\/b><span style=\"font-weight: 400;\">, tanto del sector p\u00fablico como del privado. Esta prueba cuenta con dos formatos disponibles, el <\/span><b>IELTS Academic<\/b><span style=\"font-weight: 400;\"> y el <\/span><b>IELTS General<\/b><span style=\"font-weight: 400;\">. Aseg\u00farate de escoger el que m\u00e1s se adapte a tus necesidades y seg\u00fan lo que te pidan las entidades extranjeras.\u00a0<\/span><\/p>\n<p><span style=\"font-weight: 400;\">En esta secci\u00f3n, te presentamos una serie de materiales de pr\u00e1ctica para que puedas prepararte para cada secci\u00f3n del examen: <\/span><b>Reading<\/b><span style=\"font-weight: 400;\">, <\/span><b>Writing<\/b><span style=\"font-weight: 400;\">, <\/span><b>Listening<\/b><span style=\"font-weight: 400;\">, <\/span><b>Speaking<\/b><span style=\"font-weight: 400;\">. Encontrar\u00e1s fichas de repaso sobre cada tipo de ejercicio de cada una de estas cuatro <\/span><b>destrezas evaluadas<\/b><span style=\"font-weight: 400;\"> en la prueba para que puedas mejorar en las que m\u00e1s tienes dificultades. Tambi\u00e9n encontrar\u00e1s art\u00edculos sobre los temas m\u00e1s comunes de una parte de la prueba, como el Speaking, para <\/span><b>que no te sorprendan el d\u00eda de la prueba<\/b><span style=\"font-weight: 400;\">. Con este tipo de certificaciones, lo mejor es prepararse todo lo posible para evitar errores.\u00a0<\/span><\/p>\n<p><span style=\"font-weight: 400;\">Si necesitas ahondar a\u00fan m\u00e1s en tu repaso, \u00a1\u00fanete a nosotros! Contamos con una <\/span><b>plataforma 100\u00a0% online<\/b><span style=\"font-weight: 400;\">, en la que podr\u00e1s entrenarte en ingl\u00e9s cuando quieras, donde quieras. \u00a1Solo necesitas una conexi\u00f3n a internet! Podr\u00e1s realizar ejercicios modelo del IELTS y recibir <\/span><b>correcciones autom\u00e1ticas<\/b><span style=\"font-weight: 400;\"> con explicaciones para que puedas mejorar. Adem\u00e1s, podr\u00e1s hacer un <\/span><b>seguimiento de tu avance<\/b><span style=\"font-weight: 400;\"> con las estad\u00edsticas que te brindamos sobre tu progreso, ya que podr\u00e1s <\/span><b>programar tu estudio<\/b><span style=\"font-weight: 400;\"> seg\u00fan el tiempo con el que cuentas para <\/span><b>prepararte para el examen<\/b><span style=\"font-weight: 400;\">. \u00bfQu\u00e9 esperas? \u00a1Empieza hoy!\u00a0<\/span><\/p>\n","protected":false},"excerpt":{"rendered":"<p>Ejercicios para practicar antes el examen \u00bfEst\u00e1s interesado en tomar el IELTS para certificarte en ingl\u00e9s? Ya sea para realizar estudios fuera [&hellip;]<\/p>\n","protected":false},"author":24,"featured_media":0,"parent":18396,"menu_order":0,"comment_status":"closed","ping_status":"closed","template":"","meta":[],"acf":[],"yoast_head":"<!-- This site is optimized with the Yoast SEO plugin v17.2.1 - https:\/\/yoast.com\/wordpress\/plugins\/seo\/ -->\n<title>IELTS practice tests<\/title>\n<meta name=\"robots\" content=\"index, follow, max-snippet:-1, max-image-preview:large, max-video-preview:-1\" \/>\n<link rel=\"canonical\" href=\"https:\/\/global-exam.com\/blog\/es\/examenes\/ielts\/categoria-ielts-practice-tests\/\" \/>\n<meta property=\"og:locale\" content=\"fr_FR\" \/>\n<meta property=\"og:type\" content=\"article\" \/>\n<meta property=\"og:title\" content=\"IELTS practice tests\" \/>\n<meta property=\"og:description\" content=\"Ejercicios para practicar antes el examen \u00bfEst\u00e1s interesado en tomar el IELTS para certificarte en ingl\u00e9s? Ya sea para realizar estudios fuera [&hellip;]\" \/>\n<meta property=\"og:url\" content=\"https:\/\/global-exam.com\/blog\/es\/examenes\/ielts\/categoria-ielts-practice-tests\/\" \/>\n<meta property=\"og:site_name\" content=\"GlobalExam Blog\" \/>\n<meta property=\"article:publisher\" content=\"https:\/\/www.facebook.com\/Global.Exam\" \/>\n<meta property=\"article:modified_time\" content=\"2022-09-16T09:29:18+00:00\" \/>\n<meta name=\"twitter:card\" content=\"summary_large_image\" \/>\n<meta name=\"twitter:site\" content=\"@Global_Exam\" \/>\n<meta name=\"twitter:label1\" content=\"Dur\u00e9e de lecture estim\u00e9e\" \/>\n\t<meta name=\"twitter:data1\" content=\"2 minutes\" \/>\n<script type=\"application\/ld+json\" class=\"yoast-schema-graph\">{\"@context\":\"https:\/\/schema.org\",\"@graph\":[{\"@type\":\"WebSite\",\"@id\":\"https:\/\/global-exam.com\/blog\/#website\",\"url\":\"https:\/\/global-exam.com\/blog\/\",\"name\":\"GlobalExam Blog\",\"description\":\"Le blog du sp\\u00e9cialiste de la certification linguistique\",\"potentialAction\":[{\"@type\":\"SearchAction\",\"target\":{\"@type\":\"EntryPoint\",\"urlTemplate\":\"https:\/\/global-exam.com\/blog\/?s={search_term_string}\"},\"query-input\":\"required name=search_term_string\"}],\"inLanguage\":\"fr-FR\"},{\"@type\":\"WebPage\",\"@id\":\"https:\/\/global-exam.com\/blog\/es\/examenes\/ielts\/categoria-ielts-practice-tests\/#webpage\",\"url\":\"https:\/\/global-exam.com\/blog\/es\/examenes\/ielts\/categoria-ielts-practice-tests\/\",\"name\":\"IELTS practice tests\",\"isPartOf\":{\"@id\":\"https:\/\/global-exam.com\/blog\/#website\"},\"datePublished\":\"2021-12-22T15:58:42+00:00\",\"dateModified\":\"2022-09-16T09:29:18+00:00\",\"breadcrumb\":{\"@id\":\"https:\/\/global-exam.com\/blog\/es\/examenes\/ielts\/categoria-ielts-practice-tests\/#breadcrumb\"},\"inLanguage\":\"fr-FR\",\"potentialAction\":[{\"@type\":\"ReadAction\",\"target\":[\"https:\/\/global-exam.com\/blog\/es\/examenes\/ielts\/categoria-ielts-practice-tests\/\"]}]},{\"@type\":\"BreadcrumbList\",\"@id\":\"https:\/\/global-exam.com\/blog\/es\/examenes\/ielts\/categoria-ielts-practice-tests\/#breadcrumb\",\"itemListElement\":[{\"@type\":\"ListItem\",\"position\":1,\"name\":\"Ex\\u00e1menes de idioma\",\"item\":\"https:\/\/global-exam.com\/blog\/es\/examenes\/\"},{\"@type\":\"ListItem\",\"position\":2,\"name\":\"IELTS\",\"item\":\"https:\/\/global-exam.com\/blog\/es\/examenes\/ielts\/\"},{\"@type\":\"ListItem\",\"position\":3,\"name\":\"IELTS practice tests\"}]}]}<\/script>\n<!-- \/ Yoast SEO plugin. -->","yoast_head_json":{"title":"IELTS practice tests","robots":{"index":"index","follow":"follow","max-snippet":"max-snippet:-1","max-image-preview":"max-image-preview:large","max-video-preview":"max-video-preview:-1"},"canonical":"https:\/\/global-exam.com\/blog\/es\/examenes\/ielts\/categoria-ielts-practice-tests\/","og_locale":"fr_FR","og_type":"article","og_title":"IELTS practice tests","og_description":"Ejercicios para practicar antes el examen \u00bfEst\u00e1s interesado en tomar el IELTS para certificarte en ingl\u00e9s? Ya sea para realizar estudios fuera [&hellip;]","og_url":"https:\/\/global-exam.com\/blog\/es\/examenes\/ielts\/categoria-ielts-practice-tests\/","og_site_name":"GlobalExam Blog","article_publisher":"https:\/\/www.facebook.com\/Global.Exam","article_modified_time":"2022-09-16T09:29:18+00:00","twitter_card":"summary_large_image","twitter_site":"@Global_Exam","twitter_misc":{"Dur\u00e9e de lecture estim\u00e9e":"2 minutes"},"schema":{"@context":"https:\/\/schema.org","@graph":[{"@type":"WebSite","@id":"https:\/\/global-exam.com\/blog\/#website","url":"https:\/\/global-exam.com\/blog\/","name":"GlobalExam Blog","description":"Le blog du sp\u00e9cialiste de la certification linguistique","potentialAction":[{"@type":"SearchAction","target":{"@type":"EntryPoint","urlTemplate":"https:\/\/global-exam.com\/blog\/?s={search_term_string}"},"query-input":"required name=search_term_string"}],"inLanguage":"fr-FR"},{"@type":"WebPage","@id":"https:\/\/global-exam.com\/blog\/es\/examenes\/ielts\/categoria-ielts-practice-tests\/#webpage","url":"https:\/\/global-exam.com\/blog\/es\/examenes\/ielts\/categoria-ielts-practice-tests\/","name":"IELTS practice tests","isPartOf":{"@id":"https:\/\/global-exam.com\/blog\/#website"},"datePublished":"2021-12-22T15:58:42+00:00","dateModified":"2022-09-16T09:29:18+00:00","breadcrumb":{"@id":"https:\/\/global-exam.com\/blog\/es\/examenes\/ielts\/categoria-ielts-practice-tests\/#breadcrumb"},"inLanguage":"fr-FR","potentialAction":[{"@type":"ReadAction","target":["https:\/\/global-exam.com\/blog\/es\/examenes\/ielts\/categoria-ielts-practice-tests\/"]}]},{"@type":"BreadcrumbList","@id":"https:\/\/global-exam.com\/blog\/es\/examenes\/ielts\/categoria-ielts-practice-tests\/#breadcrumb","itemListElement":[{"@type":"ListItem","position":1,"name":"Ex\u00e1menes de idioma","item":"https:\/\/global-exam.com\/blog\/es\/examenes\/"},{"@type":"ListItem","position":2,"name":"IELTS","item":"https:\/\/global-exam.com\/blog\/es\/examenes\/ielts\/"},{"@type":"ListItem","position":3,"name":"IELTS practice tests"}]}]}},"lang":"es","translations":{"es":71681},"pll_sync_post":[],"_links":{"self":[{"href":"https:\/\/global-exam.com\/blog\/wp-json\/wp\/v2\/pages\/71681"}],"collection":[{"href":"https:\/\/global-exam.com\/blog\/wp-json\/wp\/v2\/pages"}],"about":[{"href":"https:\/\/global-exam.com\/blog\/wp-json\/wp\/v2\/types\/page"}],"author":[{"embeddable":true,"href":"https:\/\/global-exam.com\/blog\/wp-json\/wp\/v2\/users\/24"}],"replies":[{"embeddable":true,"href":"https:\/\/global-exam.com\/blog\/wp-json\/wp\/v2\/comments?post=71681"}],"version-history":[{"count":7,"href":"https:\/\/global-exam.com\/blog\/wp-json\/wp\/v2\/pages\/71681\/revisions"}],"predecessor-version":[{"id":79514,"href":"https:\/\/global-exam.com\/blog\/wp-json\/wp\/v2\/pages\/71681\/revisions\/79514"}],"up":[{"embeddable":true,"href":"https:\/\/global-exam.com\/blog\/wp-json\/wp\/v2\/pages\/18396"}],"wp:attachment":[{"href":"https:\/\/global-exam.com\/blog\/wp-json\/wp\/v2\/media?parent=71681"}],"curies":[{"name":"wp","href":"https:\/\/api.w.org\/{rel}","templated":true}]}}