{"id":73132,"date":"2022-01-03T14:40:36","date_gmt":"2022-01-03T13:40:36","guid":{"rendered":"https:\/\/global-exam.com\/blog\/?page_id=73132"},"modified":"2022-06-27T16:43:47","modified_gmt":"2022-06-27T14:43:47","slug":"categoria-presentazione-del-test-dele","status":"publish","type":"page","link":"https:\/\/global-exam.com\/blog\/it\/esami\/dele\/categoria-presentazione-del-test-dele\/","title":{"rendered":"Presentazione del test DELE"},"content":{"rendered":"<p><strong>Iscriversi al DELE<\/strong>: come fare? Per\u00a0<strong>quale livello DELE<\/strong>\u00a0sostenere l\u2019esame? Niente paura: ti spieghiamo tutto quello che devi sapere su questo esame di lingua!<\/p>\n<p><strong>L\u2019iscrizione al DELE \u00e8 una procedura semplice<\/strong>. Dovrai eseguire pochi passaggi prima di sostenere l\u2019esame. Ma ricorda: scegli bene la sessione d\u2019esame, poich\u00e9 dovrai preparare il test con un certo anticipo. Infatti, la preparazione \u00e8 importante per massimizzare le tue probabilit\u00e0 di successo.<\/p>\n<p>Altro aspetto da considerare \u00e8\u00a0<strong>la scelta del livello per cui sostenere l\u2019esame: A1, A2, B1, B2, C1 o C2.<\/strong>\u00a0Negli articoli che seguono, ti aiutiamo a individuare il livello di lingua che ti corrisponde meglio e quindi a scegliere l\u2019esame in base al tuo livello della lingua.<\/p>\n<p>Puoi capire se sei davvero in grado di sostenere il test DELE per il livello scelto, in particolare ti spieghiamo quali sono le competenze e abilit\u00e0 linguistiche richieste per il livello A2, B1, B2 e C1. Scopri tutti i requisiti per il tuo livello DELE e preparati ad affrontare l\u2019esame al meglio!<\/p>\n<p>E poi, ti aiutiamo a familiarizzare con il test DELE specifico per il tuo livello presentandoti la struttura dell\u2019esame e la descrizione delle prove, in modo da sapere cosa aspettarti all\u2019esame.<\/p>\n<p>Qualunque sia il livello DELE che sceglierai, dovrai esercitarti in maniera efficace: noi di GlobalExam possiamo aiutarti in questo, proponendoti ogni giorno tantissimi esercizi sulla nostra piattaforma di allenamento online.<\/p>\n","protected":false},"excerpt":{"rendered":"<p>Iscriversi al DELE: come fare? Per\u00a0quale livello DELE\u00a0sostenere l\u2019esame? Niente paura: ti spieghiamo tutto quello che devi sapere su questo esame di [&hellip;]<\/p>\n","protected":false},"author":24,"featured_media":0,"parent":21135,"menu_order":0,"comment_status":"closed","ping_status":"closed","template":"","meta":[],"acf":[],"yoast_head":"<!-- This site is optimized with the Yoast SEO plugin v17.2.1 - https:\/\/yoast.com\/wordpress\/plugins\/seo\/ -->\n<title>Presentazione del test DELE<\/title>\n<meta name=\"robots\" content=\"index, follow, max-snippet:-1, max-image-preview:large, max-video-preview:-1\" \/>\n<link rel=\"canonical\" href=\"https:\/\/global-exam.com\/blog\/it\/esami\/dele\/categoria-presentazione-del-test-dele\/\" \/>\n<meta property=\"og:locale\" content=\"fr_FR\" \/>\n<meta property=\"og:type\" content=\"article\" \/>\n<meta property=\"og:title\" content=\"Presentazione del test DELE\" \/>\n<meta property=\"og:description\" content=\"Iscriversi al DELE: come fare? Per\u00a0quale livello DELE\u00a0sostenere l\u2019esame? Niente paura: ti spieghiamo tutto quello che devi sapere su questo esame di [&hellip;]\" \/>\n<meta property=\"og:url\" content=\"https:\/\/global-exam.com\/blog\/it\/esami\/dele\/categoria-presentazione-del-test-dele\/\" \/>\n<meta property=\"og:site_name\" content=\"GlobalExam Blog\" \/>\n<meta property=\"article:publisher\" content=\"https:\/\/www.facebook.com\/Global.Exam\" \/>\n<meta property=\"article:modified_time\" content=\"2022-06-27T14:43:47+00:00\" \/>\n<meta name=\"twitter:card\" content=\"summary_large_image\" \/>\n<meta name=\"twitter:site\" content=\"@Global_Exam\" \/>\n<meta name=\"twitter:label1\" content=\"Dur\u00e9e de lecture estim\u00e9e\" \/>\n\t<meta name=\"twitter:data1\" content=\"3 minutes\" \/>\n<script type=\"application\/ld+json\" class=\"yoast-schema-graph\">{\"@context\":\"https:\/\/schema.org\",\"@graph\":[{\"@type\":\"WebSite\",\"@id\":\"https:\/\/global-exam.com\/blog\/#website\",\"url\":\"https:\/\/global-exam.com\/blog\/\",\"name\":\"GlobalExam Blog\",\"description\":\"Le blog du sp\\u00e9cialiste de la certification linguistique\",\"potentialAction\":[{\"@type\":\"SearchAction\",\"target\":{\"@type\":\"EntryPoint\",\"urlTemplate\":\"https:\/\/global-exam.com\/blog\/?s={search_term_string}\"},\"query-input\":\"required name=search_term_string\"}],\"inLanguage\":\"fr-FR\"},{\"@type\":\"WebPage\",\"@id\":\"https:\/\/global-exam.com\/blog\/it\/esami\/dele\/categoria-presentazione-del-test-dele\/#webpage\",\"url\":\"https:\/\/global-exam.com\/blog\/it\/esami\/dele\/categoria-presentazione-del-test-dele\/\",\"name\":\"Presentazione del test DELE\",\"isPartOf\":{\"@id\":\"https:\/\/global-exam.com\/blog\/#website\"},\"datePublished\":\"2022-01-03T13:40:36+00:00\",\"dateModified\":\"2022-06-27T14:43:47+00:00\",\"breadcrumb\":{\"@id\":\"https:\/\/global-exam.com\/blog\/it\/esami\/dele\/categoria-presentazione-del-test-dele\/#breadcrumb\"},\"inLanguage\":\"fr-FR\",\"potentialAction\":[{\"@type\":\"ReadAction\",\"target\":[\"https:\/\/global-exam.com\/blog\/it\/esami\/dele\/categoria-presentazione-del-test-dele\/\"]}]},{\"@type\":\"BreadcrumbList\",\"@id\":\"https:\/\/global-exam.com\/blog\/it\/esami\/dele\/categoria-presentazione-del-test-dele\/#breadcrumb\",\"itemListElement\":[{\"@type\":\"ListItem\",\"position\":1,\"name\":\"Esami\",\"item\":\"https:\/\/global-exam.com\/blog\/it\/esami\/\"},{\"@type\":\"ListItem\",\"position\":2,\"name\":\"DELE\",\"item\":\"https:\/\/global-exam.com\/blog\/it\/esami\/dele\/\"},{\"@type\":\"ListItem\",\"position\":3,\"name\":\"Presentazione del test DELE\"}]}]}<\/script>\n<!-- \/ Yoast SEO plugin. -->","yoast_head_json":{"title":"Presentazione del test DELE","robots":{"index":"index","follow":"follow","max-snippet":"max-snippet:-1","max-image-preview":"max-image-preview:large","max-video-preview":"max-video-preview:-1"},"canonical":"https:\/\/global-exam.com\/blog\/it\/esami\/dele\/categoria-presentazione-del-test-dele\/","og_locale":"fr_FR","og_type":"article","og_title":"Presentazione del test DELE","og_description":"Iscriversi al DELE: come fare? Per\u00a0quale livello DELE\u00a0sostenere l\u2019esame? Niente paura: ti spieghiamo tutto quello che devi sapere su questo esame di [&hellip;]","og_url":"https:\/\/global-exam.com\/blog\/it\/esami\/dele\/categoria-presentazione-del-test-dele\/","og_site_name":"GlobalExam Blog","article_publisher":"https:\/\/www.facebook.com\/Global.Exam","article_modified_time":"2022-06-27T14:43:47+00:00","twitter_card":"summary_large_image","twitter_site":"@Global_Exam","twitter_misc":{"Dur\u00e9e de lecture estim\u00e9e":"3 minutes"},"schema":{"@context":"https:\/\/schema.org","@graph":[{"@type":"WebSite","@id":"https:\/\/global-exam.com\/blog\/#website","url":"https:\/\/global-exam.com\/blog\/","name":"GlobalExam Blog","description":"Le blog du sp\u00e9cialiste de la certification linguistique","potentialAction":[{"@type":"SearchAction","target":{"@type":"EntryPoint","urlTemplate":"https:\/\/global-exam.com\/blog\/?s={search_term_string}"},"query-input":"required name=search_term_string"}],"inLanguage":"fr-FR"},{"@type":"WebPage","@id":"https:\/\/global-exam.com\/blog\/it\/esami\/dele\/categoria-presentazione-del-test-dele\/#webpage","url":"https:\/\/global-exam.com\/blog\/it\/esami\/dele\/categoria-presentazione-del-test-dele\/","name":"Presentazione del test DELE","isPartOf":{"@id":"https:\/\/global-exam.com\/blog\/#website"},"datePublished":"2022-01-03T13:40:36+00:00","dateModified":"2022-06-27T14:43:47+00:00","breadcrumb":{"@id":"https:\/\/global-exam.com\/blog\/it\/esami\/dele\/categoria-presentazione-del-test-dele\/#breadcrumb"},"inLanguage":"fr-FR","potentialAction":[{"@type":"ReadAction","target":["https:\/\/global-exam.com\/blog\/it\/esami\/dele\/categoria-presentazione-del-test-dele\/"]}]},{"@type":"BreadcrumbList","@id":"https:\/\/global-exam.com\/blog\/it\/esami\/dele\/categoria-presentazione-del-test-dele\/#breadcrumb","itemListElement":[{"@type":"ListItem","position":1,"name":"Esami","item":"https:\/\/global-exam.com\/blog\/it\/esami\/"},{"@type":"ListItem","position":2,"name":"DELE","item":"https:\/\/global-exam.com\/blog\/it\/esami\/dele\/"},{"@type":"ListItem","position":3,"name":"Presentazione del test DELE"}]}]}},"lang":"it","translations":{"it":73132},"pll_sync_post":[],"_links":{"self":[{"href":"https:\/\/global-exam.com\/blog\/wp-json\/wp\/v2\/pages\/73132"}],"collection":[{"href":"https:\/\/global-exam.com\/blog\/wp-json\/wp\/v2\/pages"}],"about":[{"href":"https:\/\/global-exam.com\/blog\/wp-json\/wp\/v2\/types\/page"}],"author":[{"embeddable":true,"href":"https:\/\/global-exam.com\/blog\/wp-json\/wp\/v2\/users\/24"}],"replies":[{"embeddable":true,"href":"https:\/\/global-exam.com\/blog\/wp-json\/wp\/v2\/comments?post=73132"}],"version-history":[{"count":6,"href":"https:\/\/global-exam.com\/blog\/wp-json\/wp\/v2\/pages\/73132\/revisions"}],"predecessor-version":[{"id":76570,"href":"https:\/\/global-exam.com\/blog\/wp-json\/wp\/v2\/pages\/73132\/revisions\/76570"}],"up":[{"embeddable":true,"href":"https:\/\/global-exam.com\/blog\/wp-json\/wp\/v2\/pages\/21135"}],"wp:attachment":[{"href":"https:\/\/global-exam.com\/blog\/wp-json\/wp\/v2\/media?parent=73132"}],"curies":[{"name":"wp","href":"https:\/\/api.w.org\/{rel}","templated":true}]}}