{"id":73167,"date":"2022-01-03T15:08:28","date_gmt":"2022-01-03T14:08:28","guid":{"rendered":"https:\/\/global-exam.com\/blog\/?page_id=73167"},"modified":"2022-06-27T16:43:46","modified_gmt":"2022-06-27T14:43:46","slug":"categoria-istruzioni-dellesame-dele","status":"publish","type":"page","link":"https:\/\/global-exam.com\/blog\/it\/esami\/dele\/categoria-istruzioni-dellesame-dele\/","title":{"rendered":"Istruzioni dell\u2019esame DELE"},"content":{"rendered":"<p>Hai deciso di sostenere l\u2019esame DELE? Scopri quali sono le<strong>\u00a0istruzioni del test\u00a0<\/strong>e preparati all\u2019esame nel modo migliore!<\/p>\n<p>In questa categoria del blog, ti sveliamo\u00a0<strong>tutto quello che ti serve sapere sull\u2019esame DELE<\/strong>: le prove che lo compongono, i diversi livelli, il punteggio minimo richiesto per ottenere il diploma DELE sono alcune delle informazioni che potrai trovare leggendo i nostri articoli.<\/p>\n<p><strong>Puoi sostenere sei tipi di esame DELE\u00a0<\/strong>che corrispondono ai 6 livelli di lingua del Quadro Comune Europeo di Riferimento per le Lingue (QCERL). In questa sezione, ti aiutiamo a\u00a0<strong>capire quale esame sostenere<\/strong>\u00a0in base al tuo livello della lingua, fornendoti una descrizione dettagliata per i vari livelli, dal livello A1 (base) al livello C2 (avanzato). Individuare il tuo livello della lingua \u00e8 semplice e immediato!<\/p>\n<p>Vuoi sapere qualcosa in pi\u00f9 sulla prova orale del DELE? Ti diamo tutte le informazioni sulla struttura della\u00a0prova DELE \u2013 Espressione orale. Questa prova, che serve a valutare la capacit\u00e0 di espressione orale dei candidati, pu\u00f2 mettere in difficolt\u00e0, pertanto \u00e8 cruciale prepararsi al meglio. In questa sezione, ti forniamo alcuni consigli utili per aiutarti a superare questa prova con successo.<\/p>\n<p>Allenarsi al DELE in modo efficace: su GlobalExam, puoi prepararti online all\u2019esame DELE grazie a numerosi esercizi e prove pratiche. Accedi alla versione di prova gratuita per sfruttare questa funzionalit\u00e0!<\/p>\n","protected":false},"excerpt":{"rendered":"<p>Hai deciso di sostenere l\u2019esame DELE? Scopri quali sono le\u00a0istruzioni del test\u00a0e preparati all\u2019esame nel modo migliore! In questa categoria del blog, [&hellip;]<\/p>\n","protected":false},"author":24,"featured_media":0,"parent":21135,"menu_order":0,"comment_status":"closed","ping_status":"closed","template":"","meta":[],"acf":[],"yoast_head":"<!-- This site is optimized with the Yoast SEO plugin v17.2.1 - https:\/\/yoast.com\/wordpress\/plugins\/seo\/ -->\n<title>Istruzioni dell\u2019esame DELE<\/title>\n<meta name=\"robots\" content=\"index, follow, max-snippet:-1, max-image-preview:large, max-video-preview:-1\" \/>\n<link rel=\"canonical\" href=\"https:\/\/global-exam.com\/blog\/it\/esami\/dele\/categoria-istruzioni-dellesame-dele\/\" \/>\n<meta property=\"og:locale\" content=\"fr_FR\" \/>\n<meta property=\"og:type\" content=\"article\" \/>\n<meta property=\"og:title\" content=\"Istruzioni dell\u2019esame DELE\" \/>\n<meta property=\"og:description\" content=\"Hai deciso di sostenere l\u2019esame DELE? Scopri quali sono le\u00a0istruzioni del test\u00a0e preparati all\u2019esame nel modo migliore! In questa categoria del blog, [&hellip;]\" \/>\n<meta property=\"og:url\" content=\"https:\/\/global-exam.com\/blog\/it\/esami\/dele\/categoria-istruzioni-dellesame-dele\/\" \/>\n<meta property=\"og:site_name\" content=\"GlobalExam Blog\" \/>\n<meta property=\"article:publisher\" content=\"https:\/\/www.facebook.com\/Global.Exam\" \/>\n<meta property=\"article:modified_time\" content=\"2022-06-27T14:43:46+00:00\" \/>\n<meta name=\"twitter:card\" content=\"summary_large_image\" \/>\n<meta name=\"twitter:site\" content=\"@Global_Exam\" \/>\n<meta name=\"twitter:label1\" content=\"Dur\u00e9e de lecture estim\u00e9e\" \/>\n\t<meta name=\"twitter:data1\" content=\"1 minute\" \/>\n<script type=\"application\/ld+json\" class=\"yoast-schema-graph\">{\"@context\":\"https:\/\/schema.org\",\"@graph\":[{\"@type\":\"WebSite\",\"@id\":\"https:\/\/global-exam.com\/blog\/#website\",\"url\":\"https:\/\/global-exam.com\/blog\/\",\"name\":\"GlobalExam Blog\",\"description\":\"Le blog du sp\\u00e9cialiste de la certification linguistique\",\"potentialAction\":[{\"@type\":\"SearchAction\",\"target\":{\"@type\":\"EntryPoint\",\"urlTemplate\":\"https:\/\/global-exam.com\/blog\/?s={search_term_string}\"},\"query-input\":\"required name=search_term_string\"}],\"inLanguage\":\"fr-FR\"},{\"@type\":\"WebPage\",\"@id\":\"https:\/\/global-exam.com\/blog\/it\/esami\/dele\/categoria-istruzioni-dellesame-dele\/#webpage\",\"url\":\"https:\/\/global-exam.com\/blog\/it\/esami\/dele\/categoria-istruzioni-dellesame-dele\/\",\"name\":\"Istruzioni dell\\u2019esame DELE\",\"isPartOf\":{\"@id\":\"https:\/\/global-exam.com\/blog\/#website\"},\"datePublished\":\"2022-01-03T14:08:28+00:00\",\"dateModified\":\"2022-06-27T14:43:46+00:00\",\"breadcrumb\":{\"@id\":\"https:\/\/global-exam.com\/blog\/it\/esami\/dele\/categoria-istruzioni-dellesame-dele\/#breadcrumb\"},\"inLanguage\":\"fr-FR\",\"potentialAction\":[{\"@type\":\"ReadAction\",\"target\":[\"https:\/\/global-exam.com\/blog\/it\/esami\/dele\/categoria-istruzioni-dellesame-dele\/\"]}]},{\"@type\":\"BreadcrumbList\",\"@id\":\"https:\/\/global-exam.com\/blog\/it\/esami\/dele\/categoria-istruzioni-dellesame-dele\/#breadcrumb\",\"itemListElement\":[{\"@type\":\"ListItem\",\"position\":1,\"name\":\"Esami\",\"item\":\"https:\/\/global-exam.com\/blog\/it\/esami\/\"},{\"@type\":\"ListItem\",\"position\":2,\"name\":\"DELE\",\"item\":\"https:\/\/global-exam.com\/blog\/it\/esami\/dele\/\"},{\"@type\":\"ListItem\",\"position\":3,\"name\":\"Istruzioni dell\\u2019esame DELE\"}]}]}<\/script>\n<!-- \/ Yoast SEO plugin. -->","yoast_head_json":{"title":"Istruzioni dell\u2019esame DELE","robots":{"index":"index","follow":"follow","max-snippet":"max-snippet:-1","max-image-preview":"max-image-preview:large","max-video-preview":"max-video-preview:-1"},"canonical":"https:\/\/global-exam.com\/blog\/it\/esami\/dele\/categoria-istruzioni-dellesame-dele\/","og_locale":"fr_FR","og_type":"article","og_title":"Istruzioni dell\u2019esame DELE","og_description":"Hai deciso di sostenere l\u2019esame DELE? Scopri quali sono le\u00a0istruzioni del test\u00a0e preparati all\u2019esame nel modo migliore! In questa categoria del blog, [&hellip;]","og_url":"https:\/\/global-exam.com\/blog\/it\/esami\/dele\/categoria-istruzioni-dellesame-dele\/","og_site_name":"GlobalExam Blog","article_publisher":"https:\/\/www.facebook.com\/Global.Exam","article_modified_time":"2022-06-27T14:43:46+00:00","twitter_card":"summary_large_image","twitter_site":"@Global_Exam","twitter_misc":{"Dur\u00e9e de lecture estim\u00e9e":"1 minute"},"schema":{"@context":"https:\/\/schema.org","@graph":[{"@type":"WebSite","@id":"https:\/\/global-exam.com\/blog\/#website","url":"https:\/\/global-exam.com\/blog\/","name":"GlobalExam Blog","description":"Le blog du sp\u00e9cialiste de la certification linguistique","potentialAction":[{"@type":"SearchAction","target":{"@type":"EntryPoint","urlTemplate":"https:\/\/global-exam.com\/blog\/?s={search_term_string}"},"query-input":"required name=search_term_string"}],"inLanguage":"fr-FR"},{"@type":"WebPage","@id":"https:\/\/global-exam.com\/blog\/it\/esami\/dele\/categoria-istruzioni-dellesame-dele\/#webpage","url":"https:\/\/global-exam.com\/blog\/it\/esami\/dele\/categoria-istruzioni-dellesame-dele\/","name":"Istruzioni dell\u2019esame DELE","isPartOf":{"@id":"https:\/\/global-exam.com\/blog\/#website"},"datePublished":"2022-01-03T14:08:28+00:00","dateModified":"2022-06-27T14:43:46+00:00","breadcrumb":{"@id":"https:\/\/global-exam.com\/blog\/it\/esami\/dele\/categoria-istruzioni-dellesame-dele\/#breadcrumb"},"inLanguage":"fr-FR","potentialAction":[{"@type":"ReadAction","target":["https:\/\/global-exam.com\/blog\/it\/esami\/dele\/categoria-istruzioni-dellesame-dele\/"]}]},{"@type":"BreadcrumbList","@id":"https:\/\/global-exam.com\/blog\/it\/esami\/dele\/categoria-istruzioni-dellesame-dele\/#breadcrumb","itemListElement":[{"@type":"ListItem","position":1,"name":"Esami","item":"https:\/\/global-exam.com\/blog\/it\/esami\/"},{"@type":"ListItem","position":2,"name":"DELE","item":"https:\/\/global-exam.com\/blog\/it\/esami\/dele\/"},{"@type":"ListItem","position":3,"name":"Istruzioni dell\u2019esame DELE"}]}]}},"lang":"it","translations":{"it":73167},"pll_sync_post":[],"_links":{"self":[{"href":"https:\/\/global-exam.com\/blog\/wp-json\/wp\/v2\/pages\/73167"}],"collection":[{"href":"https:\/\/global-exam.com\/blog\/wp-json\/wp\/v2\/pages"}],"about":[{"href":"https:\/\/global-exam.com\/blog\/wp-json\/wp\/v2\/types\/page"}],"author":[{"embeddable":true,"href":"https:\/\/global-exam.com\/blog\/wp-json\/wp\/v2\/users\/24"}],"replies":[{"embeddable":true,"href":"https:\/\/global-exam.com\/blog\/wp-json\/wp\/v2\/comments?post=73167"}],"version-history":[{"count":4,"href":"https:\/\/global-exam.com\/blog\/wp-json\/wp\/v2\/pages\/73167\/revisions"}],"predecessor-version":[{"id":76569,"href":"https:\/\/global-exam.com\/blog\/wp-json\/wp\/v2\/pages\/73167\/revisions\/76569"}],"up":[{"embeddable":true,"href":"https:\/\/global-exam.com\/blog\/wp-json\/wp\/v2\/pages\/21135"}],"wp:attachment":[{"href":"https:\/\/global-exam.com\/blog\/wp-json\/wp\/v2\/media?parent=73167"}],"curies":[{"name":"wp","href":"https:\/\/api.w.org\/{rel}","templated":true}]}}