{"id":73184,"date":"2022-01-03T15:20:21","date_gmt":"2022-01-03T14:20:21","guid":{"rendered":"https:\/\/global-exam.com\/blog\/?page_id=73184"},"modified":"2022-06-27T16:43:45","modified_gmt":"2022-06-27T14:43:45","slug":"categoria-materiali-per-allenarsi-dele","status":"publish","type":"page","link":"https:\/\/global-exam.com\/blog\/it\/esami\/dele\/categoria-materiali-per-allenarsi-dele\/","title":{"rendered":"Materiali per allenarsi DELE"},"content":{"rendered":"<p>Consulta gli articoli di questa sezione per conoscere i\u00a0<strong>materiali utili per esercitarsi al DELE!<\/strong><\/p>\n<p>L\u2019esame DELE viene utilizzato per\u00a0<strong>certificare la conoscenza della lingua spagnola<\/strong>\u00a0di un candidato, sia nella vita quotidiana che nel contesto professionale. Se vuoi essere certo di\u00a0<strong>superare l\u2019esame con successo<\/strong>, dovrai allenarti regolarmente, sfruttando i materiali specifici per la preparazione del DELE.<\/p>\n<p>I\u00a0<strong>materiali di formazione gratuiti del DELE<\/strong>, che siano validi e di qualit\u00e0, sono piuttosto difficili da reperire. Tra questi, la soluzione pi\u00f9 utile \u00e8 quella proposta dall\u2019Istituto Cervantes, che eroga le certificazioni linguistiche del DELE. Ti spieghiamo esattamente come funziona in questa sezione del blog, inclusi i vantaggi e gli svantaggi di questa soluzione!<\/p>\n<p><strong>Esistono altri\u00a0test gratuiti che puoi utilizzare per allenarti al DELE<\/strong>, in maniera semplice ed efficace. Sulla nostra piattaforma, ti diamo l\u2019opportunit\u00e0 di realizzare numerosi esercizi tipo e prove pratiche, per aiutarti ad arrivare preparato il giorno dell\u2019esame! Nella versione di prova gratuita, sono incluse anche schede di revisione del lessico e della grammatica e correzioni degli esercizi svolti: un modo efficace per allenarsi e fare progressi. Ti abbiamo incuriosito? Leggi subito gli articoli che seguono per maggiori informazioni sui nostri allenamenti gratuiti al test DELE!<\/p>\n","protected":false},"excerpt":{"rendered":"<p>Consulta gli articoli di questa sezione per conoscere i\u00a0materiali utili per esercitarsi al DELE! L\u2019esame DELE viene utilizzato per\u00a0certificare la conoscenza della [&hellip;]<\/p>\n","protected":false},"author":24,"featured_media":0,"parent":21135,"menu_order":0,"comment_status":"closed","ping_status":"closed","template":"","meta":[],"acf":[],"yoast_head":"<!-- This site is optimized with the Yoast SEO plugin v17.2.1 - https:\/\/yoast.com\/wordpress\/plugins\/seo\/ -->\n<title>Materiali per allenarsi DELE<\/title>\n<meta name=\"robots\" content=\"index, follow, max-snippet:-1, max-image-preview:large, max-video-preview:-1\" \/>\n<link rel=\"canonical\" href=\"https:\/\/global-exam.com\/blog\/it\/esami\/dele\/categoria-materiali-per-allenarsi-dele\/\" \/>\n<meta property=\"og:locale\" content=\"fr_FR\" \/>\n<meta property=\"og:type\" content=\"article\" \/>\n<meta property=\"og:title\" content=\"Materiali per allenarsi DELE\" \/>\n<meta property=\"og:description\" content=\"Consulta gli articoli di questa sezione per conoscere i\u00a0materiali utili per esercitarsi al DELE! L\u2019esame DELE viene utilizzato per\u00a0certificare la conoscenza della [&hellip;]\" \/>\n<meta property=\"og:url\" content=\"https:\/\/global-exam.com\/blog\/it\/esami\/dele\/categoria-materiali-per-allenarsi-dele\/\" \/>\n<meta property=\"og:site_name\" content=\"GlobalExam Blog\" \/>\n<meta property=\"article:publisher\" content=\"https:\/\/www.facebook.com\/Global.Exam\" \/>\n<meta property=\"article:modified_time\" content=\"2022-06-27T14:43:45+00:00\" \/>\n<meta name=\"twitter:card\" content=\"summary_large_image\" \/>\n<meta name=\"twitter:site\" content=\"@Global_Exam\" \/>\n<meta name=\"twitter:label1\" content=\"Dur\u00e9e de lecture estim\u00e9e\" \/>\n\t<meta name=\"twitter:data1\" content=\"1 minute\" \/>\n<script type=\"application\/ld+json\" class=\"yoast-schema-graph\">{\"@context\":\"https:\/\/schema.org\",\"@graph\":[{\"@type\":\"WebSite\",\"@id\":\"https:\/\/global-exam.com\/blog\/#website\",\"url\":\"https:\/\/global-exam.com\/blog\/\",\"name\":\"GlobalExam Blog\",\"description\":\"Le blog du sp\\u00e9cialiste de la certification linguistique\",\"potentialAction\":[{\"@type\":\"SearchAction\",\"target\":{\"@type\":\"EntryPoint\",\"urlTemplate\":\"https:\/\/global-exam.com\/blog\/?s={search_term_string}\"},\"query-input\":\"required name=search_term_string\"}],\"inLanguage\":\"fr-FR\"},{\"@type\":\"WebPage\",\"@id\":\"https:\/\/global-exam.com\/blog\/it\/esami\/dele\/categoria-materiali-per-allenarsi-dele\/#webpage\",\"url\":\"https:\/\/global-exam.com\/blog\/it\/esami\/dele\/categoria-materiali-per-allenarsi-dele\/\",\"name\":\"Materiali per allenarsi DELE\",\"isPartOf\":{\"@id\":\"https:\/\/global-exam.com\/blog\/#website\"},\"datePublished\":\"2022-01-03T14:20:21+00:00\",\"dateModified\":\"2022-06-27T14:43:45+00:00\",\"breadcrumb\":{\"@id\":\"https:\/\/global-exam.com\/blog\/it\/esami\/dele\/categoria-materiali-per-allenarsi-dele\/#breadcrumb\"},\"inLanguage\":\"fr-FR\",\"potentialAction\":[{\"@type\":\"ReadAction\",\"target\":[\"https:\/\/global-exam.com\/blog\/it\/esami\/dele\/categoria-materiali-per-allenarsi-dele\/\"]}]},{\"@type\":\"BreadcrumbList\",\"@id\":\"https:\/\/global-exam.com\/blog\/it\/esami\/dele\/categoria-materiali-per-allenarsi-dele\/#breadcrumb\",\"itemListElement\":[{\"@type\":\"ListItem\",\"position\":1,\"name\":\"Esami\",\"item\":\"https:\/\/global-exam.com\/blog\/it\/esami\/\"},{\"@type\":\"ListItem\",\"position\":2,\"name\":\"DELE\",\"item\":\"https:\/\/global-exam.com\/blog\/it\/esami\/dele\/\"},{\"@type\":\"ListItem\",\"position\":3,\"name\":\"Materiali per allenarsi DELE\"}]}]}<\/script>\n<!-- \/ Yoast SEO plugin. -->","yoast_head_json":{"title":"Materiali per allenarsi DELE","robots":{"index":"index","follow":"follow","max-snippet":"max-snippet:-1","max-image-preview":"max-image-preview:large","max-video-preview":"max-video-preview:-1"},"canonical":"https:\/\/global-exam.com\/blog\/it\/esami\/dele\/categoria-materiali-per-allenarsi-dele\/","og_locale":"fr_FR","og_type":"article","og_title":"Materiali per allenarsi DELE","og_description":"Consulta gli articoli di questa sezione per conoscere i\u00a0materiali utili per esercitarsi al DELE! L\u2019esame DELE viene utilizzato per\u00a0certificare la conoscenza della [&hellip;]","og_url":"https:\/\/global-exam.com\/blog\/it\/esami\/dele\/categoria-materiali-per-allenarsi-dele\/","og_site_name":"GlobalExam Blog","article_publisher":"https:\/\/www.facebook.com\/Global.Exam","article_modified_time":"2022-06-27T14:43:45+00:00","twitter_card":"summary_large_image","twitter_site":"@Global_Exam","twitter_misc":{"Dur\u00e9e de lecture estim\u00e9e":"1 minute"},"schema":{"@context":"https:\/\/schema.org","@graph":[{"@type":"WebSite","@id":"https:\/\/global-exam.com\/blog\/#website","url":"https:\/\/global-exam.com\/blog\/","name":"GlobalExam Blog","description":"Le blog du sp\u00e9cialiste de la certification linguistique","potentialAction":[{"@type":"SearchAction","target":{"@type":"EntryPoint","urlTemplate":"https:\/\/global-exam.com\/blog\/?s={search_term_string}"},"query-input":"required name=search_term_string"}],"inLanguage":"fr-FR"},{"@type":"WebPage","@id":"https:\/\/global-exam.com\/blog\/it\/esami\/dele\/categoria-materiali-per-allenarsi-dele\/#webpage","url":"https:\/\/global-exam.com\/blog\/it\/esami\/dele\/categoria-materiali-per-allenarsi-dele\/","name":"Materiali per allenarsi DELE","isPartOf":{"@id":"https:\/\/global-exam.com\/blog\/#website"},"datePublished":"2022-01-03T14:20:21+00:00","dateModified":"2022-06-27T14:43:45+00:00","breadcrumb":{"@id":"https:\/\/global-exam.com\/blog\/it\/esami\/dele\/categoria-materiali-per-allenarsi-dele\/#breadcrumb"},"inLanguage":"fr-FR","potentialAction":[{"@type":"ReadAction","target":["https:\/\/global-exam.com\/blog\/it\/esami\/dele\/categoria-materiali-per-allenarsi-dele\/"]}]},{"@type":"BreadcrumbList","@id":"https:\/\/global-exam.com\/blog\/it\/esami\/dele\/categoria-materiali-per-allenarsi-dele\/#breadcrumb","itemListElement":[{"@type":"ListItem","position":1,"name":"Esami","item":"https:\/\/global-exam.com\/blog\/it\/esami\/"},{"@type":"ListItem","position":2,"name":"DELE","item":"https:\/\/global-exam.com\/blog\/it\/esami\/dele\/"},{"@type":"ListItem","position":3,"name":"Materiali per allenarsi DELE"}]}]}},"lang":"it","translations":{"it":73184},"pll_sync_post":[],"_links":{"self":[{"href":"https:\/\/global-exam.com\/blog\/wp-json\/wp\/v2\/pages\/73184"}],"collection":[{"href":"https:\/\/global-exam.com\/blog\/wp-json\/wp\/v2\/pages"}],"about":[{"href":"https:\/\/global-exam.com\/blog\/wp-json\/wp\/v2\/types\/page"}],"author":[{"embeddable":true,"href":"https:\/\/global-exam.com\/blog\/wp-json\/wp\/v2\/users\/24"}],"replies":[{"embeddable":true,"href":"https:\/\/global-exam.com\/blog\/wp-json\/wp\/v2\/comments?post=73184"}],"version-history":[{"count":6,"href":"https:\/\/global-exam.com\/blog\/wp-json\/wp\/v2\/pages\/73184\/revisions"}],"predecessor-version":[{"id":76567,"href":"https:\/\/global-exam.com\/blog\/wp-json\/wp\/v2\/pages\/73184\/revisions\/76567"}],"up":[{"embeddable":true,"href":"https:\/\/global-exam.com\/blog\/wp-json\/wp\/v2\/pages\/21135"}],"wp:attachment":[{"href":"https:\/\/global-exam.com\/blog\/wp-json\/wp\/v2\/media?parent=73184"}],"curies":[{"name":"wp","href":"https:\/\/api.w.org\/{rel}","templated":true}]}}