{"id":73198,"date":"2022-01-03T15:27:19","date_gmt":"2022-01-03T14:27:19","guid":{"rendered":"https:\/\/global-exam.com\/blog\/?page_id=73198"},"modified":"2022-06-27T16:43:45","modified_gmt":"2022-06-27T14:43:45","slug":"categoria-presentazione-del-test-delf","status":"publish","type":"page","link":"https:\/\/global-exam.com\/blog\/it\/esami\/delf\/categoria-presentazione-del-test-delf\/","title":{"rendered":"Presentazione del test DELF"},"content":{"rendered":"<p>Hai deciso di sostenere il\u00a0<strong>test DELF<\/strong>? Consulta gli articoli di questa sezione per scoprire tutto quello che ti serve sapere su questa certificazione!<\/p>\n<p>Se non sai\u00a0<strong>cos\u2019\u00e8 il DELF<\/strong>, ti spieghiamo nel dettaglio in cosa consiste l\u2019esame, a chi \u00e8 rivolto e perch\u00e9 \u00e8 cos\u00ec importante. Ad ogni modo, la padronanza della lingua francese \u00e8 sempre pi\u00f9 richiesta in diversi contesti: professionali, di studio, ecc. Grazie a questa certificazione, puoi dimostrare di saper gestire svariate situazioni della vita quotidiana in un contesto francofono. Il diploma \u00e8 quindi molto utile se intendi trasferirti a studiare o lavorare in un Paese di lingua francofona, oppure prendere la cittadinanza francese.<\/p>\n<p>Devi sapere che esistono diverse <strong>tipologie del DELF<\/strong>, per cui dovrai scegliere bene a quale tipologia DELF iscriverti in base al tuo profilo. Esistono infatti esami DELF dedicati agli studenti ed esami DELF dedicati agli adulti e ai professionisti. Non temere, ti spieghiamo tutto negli articoli che seguono.<\/p>\n<p>Parliamo anche delle <strong>modifiche apportate al DELF<\/strong> nel 2020 da parte del CIEP, l\u2019ente certificatore del DELF. Le modifiche sono state apportate solo ai test per i livelli A2, B1 e B2, e ti spieghiamo nel dettaglio in cosa consistono.<\/p>\n","protected":false},"excerpt":{"rendered":"<p>Hai deciso di sostenere il\u00a0test DELF? Consulta gli articoli di questa sezione per scoprire tutto quello che ti serve sapere su questa [&hellip;]<\/p>\n","protected":false},"author":24,"featured_media":0,"parent":21137,"menu_order":0,"comment_status":"closed","ping_status":"closed","template":"","meta":[],"acf":[],"yoast_head":"<!-- This site is optimized with the Yoast SEO plugin v17.2.1 - https:\/\/yoast.com\/wordpress\/plugins\/seo\/ -->\n<title>Presentazione del test DELF<\/title>\n<meta name=\"robots\" content=\"index, follow, max-snippet:-1, max-image-preview:large, max-video-preview:-1\" \/>\n<link rel=\"canonical\" href=\"https:\/\/global-exam.com\/blog\/it\/esami\/delf\/categoria-presentazione-del-test-delf\/\" \/>\n<meta property=\"og:locale\" content=\"fr_FR\" \/>\n<meta property=\"og:type\" content=\"article\" \/>\n<meta property=\"og:title\" content=\"Presentazione del test DELF\" \/>\n<meta property=\"og:description\" content=\"Hai deciso di sostenere il\u00a0test DELF? Consulta gli articoli di questa sezione per scoprire tutto quello che ti serve sapere su questa [&hellip;]\" \/>\n<meta property=\"og:url\" content=\"https:\/\/global-exam.com\/blog\/it\/esami\/delf\/categoria-presentazione-del-test-delf\/\" \/>\n<meta property=\"og:site_name\" content=\"GlobalExam Blog\" \/>\n<meta property=\"article:publisher\" content=\"https:\/\/www.facebook.com\/Global.Exam\" \/>\n<meta property=\"article:modified_time\" content=\"2022-06-27T14:43:45+00:00\" \/>\n<meta name=\"twitter:card\" content=\"summary_large_image\" \/>\n<meta name=\"twitter:site\" content=\"@Global_Exam\" \/>\n<meta name=\"twitter:label1\" content=\"Dur\u00e9e de lecture estim\u00e9e\" \/>\n\t<meta name=\"twitter:data1\" content=\"1 minute\" \/>\n<script type=\"application\/ld+json\" class=\"yoast-schema-graph\">{\"@context\":\"https:\/\/schema.org\",\"@graph\":[{\"@type\":\"WebSite\",\"@id\":\"https:\/\/global-exam.com\/blog\/#website\",\"url\":\"https:\/\/global-exam.com\/blog\/\",\"name\":\"GlobalExam Blog\",\"description\":\"Le blog du sp\\u00e9cialiste de la certification linguistique\",\"potentialAction\":[{\"@type\":\"SearchAction\",\"target\":{\"@type\":\"EntryPoint\",\"urlTemplate\":\"https:\/\/global-exam.com\/blog\/?s={search_term_string}\"},\"query-input\":\"required name=search_term_string\"}],\"inLanguage\":\"fr-FR\"},{\"@type\":\"WebPage\",\"@id\":\"https:\/\/global-exam.com\/blog\/it\/esami\/delf\/categoria-presentazione-del-test-delf\/#webpage\",\"url\":\"https:\/\/global-exam.com\/blog\/it\/esami\/delf\/categoria-presentazione-del-test-delf\/\",\"name\":\"Presentazione del test DELF\",\"isPartOf\":{\"@id\":\"https:\/\/global-exam.com\/blog\/#website\"},\"datePublished\":\"2022-01-03T14:27:19+00:00\",\"dateModified\":\"2022-06-27T14:43:45+00:00\",\"breadcrumb\":{\"@id\":\"https:\/\/global-exam.com\/blog\/it\/esami\/delf\/categoria-presentazione-del-test-delf\/#breadcrumb\"},\"inLanguage\":\"fr-FR\",\"potentialAction\":[{\"@type\":\"ReadAction\",\"target\":[\"https:\/\/global-exam.com\/blog\/it\/esami\/delf\/categoria-presentazione-del-test-delf\/\"]}]},{\"@type\":\"BreadcrumbList\",\"@id\":\"https:\/\/global-exam.com\/blog\/it\/esami\/delf\/categoria-presentazione-del-test-delf\/#breadcrumb\",\"itemListElement\":[{\"@type\":\"ListItem\",\"position\":1,\"name\":\"Esami\",\"item\":\"https:\/\/global-exam.com\/blog\/it\/esami\/\"},{\"@type\":\"ListItem\",\"position\":2,\"name\":\"DELF\",\"item\":\"https:\/\/global-exam.com\/blog\/it\/esami\/delf\/\"},{\"@type\":\"ListItem\",\"position\":3,\"name\":\"Presentazione del test DELF\"}]}]}<\/script>\n<!-- \/ Yoast SEO plugin. -->","yoast_head_json":{"title":"Presentazione del test DELF","robots":{"index":"index","follow":"follow","max-snippet":"max-snippet:-1","max-image-preview":"max-image-preview:large","max-video-preview":"max-video-preview:-1"},"canonical":"https:\/\/global-exam.com\/blog\/it\/esami\/delf\/categoria-presentazione-del-test-delf\/","og_locale":"fr_FR","og_type":"article","og_title":"Presentazione del test DELF","og_description":"Hai deciso di sostenere il\u00a0test DELF? Consulta gli articoli di questa sezione per scoprire tutto quello che ti serve sapere su questa [&hellip;]","og_url":"https:\/\/global-exam.com\/blog\/it\/esami\/delf\/categoria-presentazione-del-test-delf\/","og_site_name":"GlobalExam Blog","article_publisher":"https:\/\/www.facebook.com\/Global.Exam","article_modified_time":"2022-06-27T14:43:45+00:00","twitter_card":"summary_large_image","twitter_site":"@Global_Exam","twitter_misc":{"Dur\u00e9e de lecture estim\u00e9e":"1 minute"},"schema":{"@context":"https:\/\/schema.org","@graph":[{"@type":"WebSite","@id":"https:\/\/global-exam.com\/blog\/#website","url":"https:\/\/global-exam.com\/blog\/","name":"GlobalExam Blog","description":"Le blog du sp\u00e9cialiste de la certification linguistique","potentialAction":[{"@type":"SearchAction","target":{"@type":"EntryPoint","urlTemplate":"https:\/\/global-exam.com\/blog\/?s={search_term_string}"},"query-input":"required name=search_term_string"}],"inLanguage":"fr-FR"},{"@type":"WebPage","@id":"https:\/\/global-exam.com\/blog\/it\/esami\/delf\/categoria-presentazione-del-test-delf\/#webpage","url":"https:\/\/global-exam.com\/blog\/it\/esami\/delf\/categoria-presentazione-del-test-delf\/","name":"Presentazione del test DELF","isPartOf":{"@id":"https:\/\/global-exam.com\/blog\/#website"},"datePublished":"2022-01-03T14:27:19+00:00","dateModified":"2022-06-27T14:43:45+00:00","breadcrumb":{"@id":"https:\/\/global-exam.com\/blog\/it\/esami\/delf\/categoria-presentazione-del-test-delf\/#breadcrumb"},"inLanguage":"fr-FR","potentialAction":[{"@type":"ReadAction","target":["https:\/\/global-exam.com\/blog\/it\/esami\/delf\/categoria-presentazione-del-test-delf\/"]}]},{"@type":"BreadcrumbList","@id":"https:\/\/global-exam.com\/blog\/it\/esami\/delf\/categoria-presentazione-del-test-delf\/#breadcrumb","itemListElement":[{"@type":"ListItem","position":1,"name":"Esami","item":"https:\/\/global-exam.com\/blog\/it\/esami\/"},{"@type":"ListItem","position":2,"name":"DELF","item":"https:\/\/global-exam.com\/blog\/it\/esami\/delf\/"},{"@type":"ListItem","position":3,"name":"Presentazione del test DELF"}]}]}},"lang":"it","translations":{"it":73198},"pll_sync_post":[],"_links":{"self":[{"href":"https:\/\/global-exam.com\/blog\/wp-json\/wp\/v2\/pages\/73198"}],"collection":[{"href":"https:\/\/global-exam.com\/blog\/wp-json\/wp\/v2\/pages"}],"about":[{"href":"https:\/\/global-exam.com\/blog\/wp-json\/wp\/v2\/types\/page"}],"author":[{"embeddable":true,"href":"https:\/\/global-exam.com\/blog\/wp-json\/wp\/v2\/users\/24"}],"replies":[{"embeddable":true,"href":"https:\/\/global-exam.com\/blog\/wp-json\/wp\/v2\/comments?post=73198"}],"version-history":[{"count":3,"href":"https:\/\/global-exam.com\/blog\/wp-json\/wp\/v2\/pages\/73198\/revisions"}],"predecessor-version":[{"id":76566,"href":"https:\/\/global-exam.com\/blog\/wp-json\/wp\/v2\/pages\/73198\/revisions\/76566"}],"up":[{"embeddable":true,"href":"https:\/\/global-exam.com\/blog\/wp-json\/wp\/v2\/pages\/21137"}],"wp:attachment":[{"href":"https:\/\/global-exam.com\/blog\/wp-json\/wp\/v2\/media?parent=73198"}],"curies":[{"name":"wp","href":"https:\/\/api.w.org\/{rel}","templated":true}]}}