{"id":73220,"date":"2022-01-03T15:41:49","date_gmt":"2022-01-03T14:41:49","guid":{"rendered":"https:\/\/global-exam.com\/blog\/?page_id=73220"},"modified":"2022-06-27T16:43:43","modified_gmt":"2022-06-27T14:43:43","slug":"categoria-avere-un-buon-punteggio-delf","status":"publish","type":"page","link":"https:\/\/global-exam.com\/blog\/it\/esami\/delf\/categoria-avere-un-buon-punteggio-delf\/","title":{"rendered":"Avere un buon punteggio DELF"},"content":{"rendered":"<p>Scopri tutto quello che devi sapere sul\u00a0<strong>punteggio del DELF!<\/strong><\/p>\n<p>Il test DELF serve a certificare la propria conoscenza della lingua francese. L\u2019esame DELF valuta le competenze linguistiche del candidato:\u00a0<strong>comprensione scritta e orale, espressione scritta e orale, interazione orale<\/strong>. Il test \u00e8 composto da varie prove di difficolt\u00e0 progressiva, dal livello A1 al livello B2. Per ogni prova \u00e8 necessario\u00a0<strong>totalizzare un punteggio minimo<\/strong>: se questo non viene raggiunto, non si ricever\u00e0 la certificazione per quel determinato livello, n\u00e9 per il livello inferiore. Consulta gli articoli di questa sezione per conoscere i punteggi minimi richiesti per ciascuna delle prove dell\u2019esame DELF.<\/p>\n<p>Dovrai iscriverti al test DELF per il livello di lingua che pi\u00f9 ti corrisponde. Non temere, in questa sezione ti spieghiamo a quali competenze corrispondono i livelli da A1 a C2 del QCERL, e quindi dei test DELF. E in pi\u00f9, parliamo anche del nostro test DELF gratuito: una <strong>simulazione d\u2019esame completa e gratuita<\/strong> che ti aiuter\u00e0 ad individuare il tuo livello della lingua!<\/p>\n<p>Prima di sostenere l\u2019esame DELF devi conoscere <strong>qual \u00e8 il punteggio minimo<\/strong> richiesto per superare l\u2019esame e, soprattutto, individuare correttamente il tuo livello della lingua. Sul nostro blog, ti diamo tutte le informazioni che ti servono sul punteggio del DELF!<\/p>\n","protected":false},"excerpt":{"rendered":"<p>Scopri tutto quello che devi sapere sul\u00a0punteggio del DELF! Il test DELF serve a certificare la propria conoscenza della lingua francese. L\u2019esame [&hellip;]<\/p>\n","protected":false},"author":24,"featured_media":0,"parent":21137,"menu_order":0,"comment_status":"closed","ping_status":"closed","template":"","meta":[],"acf":[],"yoast_head":"<!-- This site is optimized with the Yoast SEO plugin v17.2.1 - https:\/\/yoast.com\/wordpress\/plugins\/seo\/ -->\n<title>Avere un buon punteggio DELF<\/title>\n<meta name=\"robots\" content=\"index, follow, max-snippet:-1, max-image-preview:large, max-video-preview:-1\" \/>\n<link rel=\"canonical\" href=\"https:\/\/global-exam.com\/blog\/it\/esami\/delf\/categoria-avere-un-buon-punteggio-delf\/\" \/>\n<meta property=\"og:locale\" content=\"fr_FR\" \/>\n<meta property=\"og:type\" content=\"article\" \/>\n<meta property=\"og:title\" content=\"Avere un buon punteggio DELF\" \/>\n<meta property=\"og:description\" content=\"Scopri tutto quello che devi sapere sul\u00a0punteggio del DELF! Il test DELF serve a certificare la propria conoscenza della lingua francese. L\u2019esame [&hellip;]\" \/>\n<meta property=\"og:url\" content=\"https:\/\/global-exam.com\/blog\/it\/esami\/delf\/categoria-avere-un-buon-punteggio-delf\/\" \/>\n<meta property=\"og:site_name\" content=\"GlobalExam Blog\" \/>\n<meta property=\"article:publisher\" content=\"https:\/\/www.facebook.com\/Global.Exam\" \/>\n<meta property=\"article:modified_time\" content=\"2022-06-27T14:43:43+00:00\" \/>\n<meta name=\"twitter:card\" content=\"summary_large_image\" \/>\n<meta name=\"twitter:site\" content=\"@Global_Exam\" \/>\n<meta name=\"twitter:label1\" content=\"Dur\u00e9e de lecture estim\u00e9e\" \/>\n\t<meta name=\"twitter:data1\" content=\"1 minute\" \/>\n<script type=\"application\/ld+json\" class=\"yoast-schema-graph\">{\"@context\":\"https:\/\/schema.org\",\"@graph\":[{\"@type\":\"WebSite\",\"@id\":\"https:\/\/global-exam.com\/blog\/#website\",\"url\":\"https:\/\/global-exam.com\/blog\/\",\"name\":\"GlobalExam Blog\",\"description\":\"Le blog du sp\\u00e9cialiste de la certification linguistique\",\"potentialAction\":[{\"@type\":\"SearchAction\",\"target\":{\"@type\":\"EntryPoint\",\"urlTemplate\":\"https:\/\/global-exam.com\/blog\/?s={search_term_string}\"},\"query-input\":\"required name=search_term_string\"}],\"inLanguage\":\"fr-FR\"},{\"@type\":\"WebPage\",\"@id\":\"https:\/\/global-exam.com\/blog\/it\/esami\/delf\/categoria-avere-un-buon-punteggio-delf\/#webpage\",\"url\":\"https:\/\/global-exam.com\/blog\/it\/esami\/delf\/categoria-avere-un-buon-punteggio-delf\/\",\"name\":\"Avere un buon punteggio DELF\",\"isPartOf\":{\"@id\":\"https:\/\/global-exam.com\/blog\/#website\"},\"datePublished\":\"2022-01-03T14:41:49+00:00\",\"dateModified\":\"2022-06-27T14:43:43+00:00\",\"breadcrumb\":{\"@id\":\"https:\/\/global-exam.com\/blog\/it\/esami\/delf\/categoria-avere-un-buon-punteggio-delf\/#breadcrumb\"},\"inLanguage\":\"fr-FR\",\"potentialAction\":[{\"@type\":\"ReadAction\",\"target\":[\"https:\/\/global-exam.com\/blog\/it\/esami\/delf\/categoria-avere-un-buon-punteggio-delf\/\"]}]},{\"@type\":\"BreadcrumbList\",\"@id\":\"https:\/\/global-exam.com\/blog\/it\/esami\/delf\/categoria-avere-un-buon-punteggio-delf\/#breadcrumb\",\"itemListElement\":[{\"@type\":\"ListItem\",\"position\":1,\"name\":\"Esami\",\"item\":\"https:\/\/global-exam.com\/blog\/it\/esami\/\"},{\"@type\":\"ListItem\",\"position\":2,\"name\":\"DELF\",\"item\":\"https:\/\/global-exam.com\/blog\/it\/esami\/delf\/\"},{\"@type\":\"ListItem\",\"position\":3,\"name\":\"Avere un buon punteggio DELF\"}]}]}<\/script>\n<!-- \/ Yoast SEO plugin. -->","yoast_head_json":{"title":"Avere un buon punteggio DELF","robots":{"index":"index","follow":"follow","max-snippet":"max-snippet:-1","max-image-preview":"max-image-preview:large","max-video-preview":"max-video-preview:-1"},"canonical":"https:\/\/global-exam.com\/blog\/it\/esami\/delf\/categoria-avere-un-buon-punteggio-delf\/","og_locale":"fr_FR","og_type":"article","og_title":"Avere un buon punteggio DELF","og_description":"Scopri tutto quello che devi sapere sul\u00a0punteggio del DELF! Il test DELF serve a certificare la propria conoscenza della lingua francese. L\u2019esame [&hellip;]","og_url":"https:\/\/global-exam.com\/blog\/it\/esami\/delf\/categoria-avere-un-buon-punteggio-delf\/","og_site_name":"GlobalExam Blog","article_publisher":"https:\/\/www.facebook.com\/Global.Exam","article_modified_time":"2022-06-27T14:43:43+00:00","twitter_card":"summary_large_image","twitter_site":"@Global_Exam","twitter_misc":{"Dur\u00e9e de lecture estim\u00e9e":"1 minute"},"schema":{"@context":"https:\/\/schema.org","@graph":[{"@type":"WebSite","@id":"https:\/\/global-exam.com\/blog\/#website","url":"https:\/\/global-exam.com\/blog\/","name":"GlobalExam Blog","description":"Le blog du sp\u00e9cialiste de la certification linguistique","potentialAction":[{"@type":"SearchAction","target":{"@type":"EntryPoint","urlTemplate":"https:\/\/global-exam.com\/blog\/?s={search_term_string}"},"query-input":"required name=search_term_string"}],"inLanguage":"fr-FR"},{"@type":"WebPage","@id":"https:\/\/global-exam.com\/blog\/it\/esami\/delf\/categoria-avere-un-buon-punteggio-delf\/#webpage","url":"https:\/\/global-exam.com\/blog\/it\/esami\/delf\/categoria-avere-un-buon-punteggio-delf\/","name":"Avere un buon punteggio DELF","isPartOf":{"@id":"https:\/\/global-exam.com\/blog\/#website"},"datePublished":"2022-01-03T14:41:49+00:00","dateModified":"2022-06-27T14:43:43+00:00","breadcrumb":{"@id":"https:\/\/global-exam.com\/blog\/it\/esami\/delf\/categoria-avere-un-buon-punteggio-delf\/#breadcrumb"},"inLanguage":"fr-FR","potentialAction":[{"@type":"ReadAction","target":["https:\/\/global-exam.com\/blog\/it\/esami\/delf\/categoria-avere-un-buon-punteggio-delf\/"]}]},{"@type":"BreadcrumbList","@id":"https:\/\/global-exam.com\/blog\/it\/esami\/delf\/categoria-avere-un-buon-punteggio-delf\/#breadcrumb","itemListElement":[{"@type":"ListItem","position":1,"name":"Esami","item":"https:\/\/global-exam.com\/blog\/it\/esami\/"},{"@type":"ListItem","position":2,"name":"DELF","item":"https:\/\/global-exam.com\/blog\/it\/esami\/delf\/"},{"@type":"ListItem","position":3,"name":"Avere un buon punteggio DELF"}]}]}},"lang":"it","translations":{"it":73220},"pll_sync_post":[],"_links":{"self":[{"href":"https:\/\/global-exam.com\/blog\/wp-json\/wp\/v2\/pages\/73220"}],"collection":[{"href":"https:\/\/global-exam.com\/blog\/wp-json\/wp\/v2\/pages"}],"about":[{"href":"https:\/\/global-exam.com\/blog\/wp-json\/wp\/v2\/types\/page"}],"author":[{"embeddable":true,"href":"https:\/\/global-exam.com\/blog\/wp-json\/wp\/v2\/users\/24"}],"replies":[{"embeddable":true,"href":"https:\/\/global-exam.com\/blog\/wp-json\/wp\/v2\/comments?post=73220"}],"version-history":[{"count":4,"href":"https:\/\/global-exam.com\/blog\/wp-json\/wp\/v2\/pages\/73220\/revisions"}],"predecessor-version":[{"id":76563,"href":"https:\/\/global-exam.com\/blog\/wp-json\/wp\/v2\/pages\/73220\/revisions\/76563"}],"up":[{"embeddable":true,"href":"https:\/\/global-exam.com\/blog\/wp-json\/wp\/v2\/pages\/21137"}],"wp:attachment":[{"href":"https:\/\/global-exam.com\/blog\/wp-json\/wp\/v2\/media?parent=73220"}],"curies":[{"name":"wp","href":"https:\/\/api.w.org\/{rel}","templated":true}]}}