{"id":73235,"date":"2022-01-03T15:49:40","date_gmt":"2022-01-03T14:49:40","guid":{"rendered":"https:\/\/global-exam.com\/blog\/?page_id=73235"},"modified":"2022-06-27T16:43:42","modified_gmt":"2022-06-27T14:43:42","slug":"categoria-presentazione-del-test-ielts","status":"publish","type":"page","link":"https:\/\/global-exam.com\/blog\/it\/esami\/ielts\/categoria-presentazione-del-test-ielts\/","title":{"rendered":"Presentazione del test IELTS"},"content":{"rendered":"<p>Ti presentiamo uno dei test linguistici pi\u00f9 popolari al mondo:\u00a0<strong>il test IELTS.<\/strong><\/p>\n<p>Se hai deciso di proseguire gli studi o desideri lavorare in un contesto di lingua inglese, la certificazione IELTS \u00e8 quello che ti serve. Si tratta, infatti, di un test linguistico che permette di\u00a0<strong>certificare il proprio livello di inglese e avviare una carriera internazionale.<\/strong><\/p>\n<p>Vale la pena, dunque,\u00a0<strong>approfondire tutto quello che c\u2019\u00e8 da sapere sul test IELTS<\/strong>: versioni dell\u2019esame, struttura, tempo disponibile, temi affrontati nella prova. Niente paura: ti spieghiamo tutto negli articoli di questa sezione del blog!<\/p>\n<p>E poi, se ti interessa sapere <strong>dove sostenere il test IELTS<\/strong> oppure conoscere il <strong>costo dell\u2019esame<\/strong>, negli articoli che seguono trovi tutte queste informazioni.<\/p>\n<p>E non finisce qui: se non sai <strong>quale esame scegliere tra il test IELTS e il test TOEFL<\/strong>, ti basta leggere il nostro articolo dedicato al confronto tra le due certificazioni. Ti servir\u00e0 a capire quale esame \u00e8 pi\u00f9 adatto alle tue esigenze, e quindi optare per una preparazione mirata.<\/p>\n<p>Ad ogni modo, su GlobalExam trovi tanti <strong>esercizi che riprendono la struttura reale del test IELTS<\/strong> e di molti altri test linguistici. Con la versione di prova gratuita, puoi anche svolgere una prova pratica completa!<\/p>\n","protected":false},"excerpt":{"rendered":"<p>Ti presentiamo uno dei test linguistici pi\u00f9 popolari al mondo:\u00a0il test IELTS. Se hai deciso di proseguire gli studi o desideri lavorare [&hellip;]<\/p>\n","protected":false},"author":24,"featured_media":0,"parent":21133,"menu_order":0,"comment_status":"closed","ping_status":"closed","template":"","meta":[],"acf":[],"yoast_head":"<!-- This site is optimized with the Yoast SEO plugin v17.2.1 - https:\/\/yoast.com\/wordpress\/plugins\/seo\/ -->\n<title>Presentazione del test IELTS<\/title>\n<meta name=\"robots\" content=\"index, follow, max-snippet:-1, max-image-preview:large, max-video-preview:-1\" \/>\n<link rel=\"canonical\" href=\"https:\/\/global-exam.com\/blog\/it\/esami\/ielts\/categoria-presentazione-del-test-ielts\/\" \/>\n<meta property=\"og:locale\" content=\"fr_FR\" \/>\n<meta property=\"og:type\" content=\"article\" \/>\n<meta property=\"og:title\" content=\"Presentazione del test IELTS\" \/>\n<meta property=\"og:description\" content=\"Ti presentiamo uno dei test linguistici pi\u00f9 popolari al mondo:\u00a0il test IELTS. Se hai deciso di proseguire gli studi o desideri lavorare [&hellip;]\" \/>\n<meta property=\"og:url\" content=\"https:\/\/global-exam.com\/blog\/it\/esami\/ielts\/categoria-presentazione-del-test-ielts\/\" \/>\n<meta property=\"og:site_name\" content=\"GlobalExam Blog\" \/>\n<meta property=\"article:publisher\" content=\"https:\/\/www.facebook.com\/Global.Exam\" \/>\n<meta property=\"article:modified_time\" content=\"2022-06-27T14:43:42+00:00\" \/>\n<meta name=\"twitter:card\" content=\"summary_large_image\" \/>\n<meta name=\"twitter:site\" content=\"@Global_Exam\" \/>\n<meta name=\"twitter:label1\" content=\"Dur\u00e9e de lecture estim\u00e9e\" \/>\n\t<meta name=\"twitter:data1\" content=\"1 minute\" \/>\n<script type=\"application\/ld+json\" class=\"yoast-schema-graph\">{\"@context\":\"https:\/\/schema.org\",\"@graph\":[{\"@type\":\"WebSite\",\"@id\":\"https:\/\/global-exam.com\/blog\/#website\",\"url\":\"https:\/\/global-exam.com\/blog\/\",\"name\":\"GlobalExam Blog\",\"description\":\"Le blog du sp\\u00e9cialiste de la certification linguistique\",\"potentialAction\":[{\"@type\":\"SearchAction\",\"target\":{\"@type\":\"EntryPoint\",\"urlTemplate\":\"https:\/\/global-exam.com\/blog\/?s={search_term_string}\"},\"query-input\":\"required name=search_term_string\"}],\"inLanguage\":\"fr-FR\"},{\"@type\":\"WebPage\",\"@id\":\"https:\/\/global-exam.com\/blog\/it\/esami\/ielts\/categoria-presentazione-del-test-ielts\/#webpage\",\"url\":\"https:\/\/global-exam.com\/blog\/it\/esami\/ielts\/categoria-presentazione-del-test-ielts\/\",\"name\":\"Presentazione del test IELTS\",\"isPartOf\":{\"@id\":\"https:\/\/global-exam.com\/blog\/#website\"},\"datePublished\":\"2022-01-03T14:49:40+00:00\",\"dateModified\":\"2022-06-27T14:43:42+00:00\",\"breadcrumb\":{\"@id\":\"https:\/\/global-exam.com\/blog\/it\/esami\/ielts\/categoria-presentazione-del-test-ielts\/#breadcrumb\"},\"inLanguage\":\"fr-FR\",\"potentialAction\":[{\"@type\":\"ReadAction\",\"target\":[\"https:\/\/global-exam.com\/blog\/it\/esami\/ielts\/categoria-presentazione-del-test-ielts\/\"]}]},{\"@type\":\"BreadcrumbList\",\"@id\":\"https:\/\/global-exam.com\/blog\/it\/esami\/ielts\/categoria-presentazione-del-test-ielts\/#breadcrumb\",\"itemListElement\":[{\"@type\":\"ListItem\",\"position\":1,\"name\":\"Esami\",\"item\":\"https:\/\/global-exam.com\/blog\/it\/esami\/\"},{\"@type\":\"ListItem\",\"position\":2,\"name\":\"IELTS\",\"item\":\"https:\/\/global-exam.com\/blog\/it\/esami\/ielts\/\"},{\"@type\":\"ListItem\",\"position\":3,\"name\":\"Presentazione del test IELTS\"}]}]}<\/script>\n<!-- \/ Yoast SEO plugin. -->","yoast_head_json":{"title":"Presentazione del test IELTS","robots":{"index":"index","follow":"follow","max-snippet":"max-snippet:-1","max-image-preview":"max-image-preview:large","max-video-preview":"max-video-preview:-1"},"canonical":"https:\/\/global-exam.com\/blog\/it\/esami\/ielts\/categoria-presentazione-del-test-ielts\/","og_locale":"fr_FR","og_type":"article","og_title":"Presentazione del test IELTS","og_description":"Ti presentiamo uno dei test linguistici pi\u00f9 popolari al mondo:\u00a0il test IELTS. Se hai deciso di proseguire gli studi o desideri lavorare [&hellip;]","og_url":"https:\/\/global-exam.com\/blog\/it\/esami\/ielts\/categoria-presentazione-del-test-ielts\/","og_site_name":"GlobalExam Blog","article_publisher":"https:\/\/www.facebook.com\/Global.Exam","article_modified_time":"2022-06-27T14:43:42+00:00","twitter_card":"summary_large_image","twitter_site":"@Global_Exam","twitter_misc":{"Dur\u00e9e de lecture estim\u00e9e":"1 minute"},"schema":{"@context":"https:\/\/schema.org","@graph":[{"@type":"WebSite","@id":"https:\/\/global-exam.com\/blog\/#website","url":"https:\/\/global-exam.com\/blog\/","name":"GlobalExam Blog","description":"Le blog du sp\u00e9cialiste de la certification linguistique","potentialAction":[{"@type":"SearchAction","target":{"@type":"EntryPoint","urlTemplate":"https:\/\/global-exam.com\/blog\/?s={search_term_string}"},"query-input":"required name=search_term_string"}],"inLanguage":"fr-FR"},{"@type":"WebPage","@id":"https:\/\/global-exam.com\/blog\/it\/esami\/ielts\/categoria-presentazione-del-test-ielts\/#webpage","url":"https:\/\/global-exam.com\/blog\/it\/esami\/ielts\/categoria-presentazione-del-test-ielts\/","name":"Presentazione del test IELTS","isPartOf":{"@id":"https:\/\/global-exam.com\/blog\/#website"},"datePublished":"2022-01-03T14:49:40+00:00","dateModified":"2022-06-27T14:43:42+00:00","breadcrumb":{"@id":"https:\/\/global-exam.com\/blog\/it\/esami\/ielts\/categoria-presentazione-del-test-ielts\/#breadcrumb"},"inLanguage":"fr-FR","potentialAction":[{"@type":"ReadAction","target":["https:\/\/global-exam.com\/blog\/it\/esami\/ielts\/categoria-presentazione-del-test-ielts\/"]}]},{"@type":"BreadcrumbList","@id":"https:\/\/global-exam.com\/blog\/it\/esami\/ielts\/categoria-presentazione-del-test-ielts\/#breadcrumb","itemListElement":[{"@type":"ListItem","position":1,"name":"Esami","item":"https:\/\/global-exam.com\/blog\/it\/esami\/"},{"@type":"ListItem","position":2,"name":"IELTS","item":"https:\/\/global-exam.com\/blog\/it\/esami\/ielts\/"},{"@type":"ListItem","position":3,"name":"Presentazione del test IELTS"}]}]}},"lang":"it","translations":{"it":73235},"pll_sync_post":[],"_links":{"self":[{"href":"https:\/\/global-exam.com\/blog\/wp-json\/wp\/v2\/pages\/73235"}],"collection":[{"href":"https:\/\/global-exam.com\/blog\/wp-json\/wp\/v2\/pages"}],"about":[{"href":"https:\/\/global-exam.com\/blog\/wp-json\/wp\/v2\/types\/page"}],"author":[{"embeddable":true,"href":"https:\/\/global-exam.com\/blog\/wp-json\/wp\/v2\/users\/24"}],"replies":[{"embeddable":true,"href":"https:\/\/global-exam.com\/blog\/wp-json\/wp\/v2\/comments?post=73235"}],"version-history":[{"count":3,"href":"https:\/\/global-exam.com\/blog\/wp-json\/wp\/v2\/pages\/73235\/revisions"}],"predecessor-version":[{"id":76561,"href":"https:\/\/global-exam.com\/blog\/wp-json\/wp\/v2\/pages\/73235\/revisions\/76561"}],"up":[{"embeddable":true,"href":"https:\/\/global-exam.com\/blog\/wp-json\/wp\/v2\/pages\/21133"}],"wp:attachment":[{"href":"https:\/\/global-exam.com\/blog\/wp-json\/wp\/v2\/media?parent=73235"}],"curies":[{"name":"wp","href":"https:\/\/api.w.org\/{rel}","templated":true}]}}