{"id":73245,"date":"2022-01-03T15:56:47","date_gmt":"2022-01-03T14:56:47","guid":{"rendered":"https:\/\/global-exam.com\/blog\/?page_id=73245"},"modified":"2022-06-27T16:43:41","modified_gmt":"2022-06-27T14:43:41","slug":"categoria-avere-un-buon-punteggio","status":"publish","type":"page","link":"https:\/\/global-exam.com\/blog\/it\/esami\/ielts\/categoria-avere-un-buon-punteggio\/","title":{"rendered":"Avere un buon punteggio"},"content":{"rendered":"<p>In questa categoria dedicata al\u00a0<strong>punteggio IELTS<\/strong>\u00a0ti spieghiamo quanti punti d\u00e0 l\u2019esame IELTS, cosa rappresenta questo valore e anche quali punteggi vengono richiesti per l\u2019ammissione alle universit\u00e0 internazionali. Leggi subito gli articoli qui di seguito per non lasciarti sfuggire le informazioni chiave sul punteggio del test!<\/p>\n<p><strong>Il punteggio complessivo dell\u2019esame IELTS va da 0 (o 1) a 9 (esperto)<\/strong>\u00a0e deriva dalla media dei punteggi ottenuti in ciascuna prova d\u2019esame (listening, reading, writing, speaking).\u00a0<strong>Per ottenere un buon score allo IELTS \u00e8 necessario totalizzare un punteggio compreso tra 6 e 9.<\/strong><\/p>\n<p><strong>Per l\u2019ammissione all\u2019universit\u00e0 viene richiesto un voto superiore a 6<\/strong>. Se il tuo obiettivo \u00e8 quello di accedere a una formazione prestigiosa, dovrai conseguire un punteggio superiore a 7. Pertanto, l\u2019esame IELTS \u00e8 un test fondamentale se intendi candidarti per una formazione all\u2019estero, oppure fare domanda di ammissione in un\u2019universit\u00e0 straniera. Un buon allenamento, quindi, \u00e8 la chiave per superare questo esame con successo.<\/p>\n<p><strong>GlobalExam \u00e8 il valido alleato per la tua preparazione<\/strong>: grazie a moltissimi esercizi e prove pratiche che riprendono esattamente il formato d\u2019esame, potrai esercitarti allo IELTS in maniera semplice ed efficace. Tutte queste funzionalit\u00e0 sono incluse nella versione di prova gratuita, cos\u00ec potrai testare la piattaforma e capire se \u00e8 adatta alle tue esigenze.<\/p>\n","protected":false},"excerpt":{"rendered":"<p>In questa categoria dedicata al\u00a0punteggio IELTS\u00a0ti spieghiamo quanti punti d\u00e0 l\u2019esame IELTS, cosa rappresenta questo valore e anche quali punteggi vengono richiesti [&hellip;]<\/p>\n","protected":false},"author":24,"featured_media":0,"parent":21133,"menu_order":0,"comment_status":"closed","ping_status":"closed","template":"","meta":[],"acf":[],"yoast_head":"<!-- This site is optimized with the Yoast SEO plugin v17.2.1 - https:\/\/yoast.com\/wordpress\/plugins\/seo\/ -->\n<title>Avere un buon punteggio<\/title>\n<meta name=\"robots\" content=\"index, follow, max-snippet:-1, max-image-preview:large, max-video-preview:-1\" \/>\n<link rel=\"canonical\" href=\"https:\/\/global-exam.com\/blog\/it\/esami\/ielts\/categoria-avere-un-buon-punteggio\/\" \/>\n<meta property=\"og:locale\" content=\"fr_FR\" \/>\n<meta property=\"og:type\" content=\"article\" \/>\n<meta property=\"og:title\" content=\"Avere un buon punteggio\" \/>\n<meta property=\"og:description\" content=\"In questa categoria dedicata al\u00a0punteggio IELTS\u00a0ti spieghiamo quanti punti d\u00e0 l\u2019esame IELTS, cosa rappresenta questo valore e anche quali punteggi vengono richiesti [&hellip;]\" \/>\n<meta property=\"og:url\" content=\"https:\/\/global-exam.com\/blog\/it\/esami\/ielts\/categoria-avere-un-buon-punteggio\/\" \/>\n<meta property=\"og:site_name\" content=\"GlobalExam Blog\" \/>\n<meta property=\"article:publisher\" content=\"https:\/\/www.facebook.com\/Global.Exam\" \/>\n<meta property=\"article:modified_time\" content=\"2022-06-27T14:43:41+00:00\" \/>\n<meta name=\"twitter:card\" content=\"summary_large_image\" \/>\n<meta name=\"twitter:site\" content=\"@Global_Exam\" \/>\n<meta name=\"twitter:label1\" content=\"Dur\u00e9e de lecture estim\u00e9e\" \/>\n\t<meta name=\"twitter:data1\" content=\"1 minute\" \/>\n<script type=\"application\/ld+json\" class=\"yoast-schema-graph\">{\"@context\":\"https:\/\/schema.org\",\"@graph\":[{\"@type\":\"WebSite\",\"@id\":\"https:\/\/global-exam.com\/blog\/#website\",\"url\":\"https:\/\/global-exam.com\/blog\/\",\"name\":\"GlobalExam Blog\",\"description\":\"Le blog du sp\\u00e9cialiste de la certification linguistique\",\"potentialAction\":[{\"@type\":\"SearchAction\",\"target\":{\"@type\":\"EntryPoint\",\"urlTemplate\":\"https:\/\/global-exam.com\/blog\/?s={search_term_string}\"},\"query-input\":\"required name=search_term_string\"}],\"inLanguage\":\"fr-FR\"},{\"@type\":\"WebPage\",\"@id\":\"https:\/\/global-exam.com\/blog\/it\/esami\/ielts\/categoria-avere-un-buon-punteggio\/#webpage\",\"url\":\"https:\/\/global-exam.com\/blog\/it\/esami\/ielts\/categoria-avere-un-buon-punteggio\/\",\"name\":\"Avere un buon punteggio\",\"isPartOf\":{\"@id\":\"https:\/\/global-exam.com\/blog\/#website\"},\"datePublished\":\"2022-01-03T14:56:47+00:00\",\"dateModified\":\"2022-06-27T14:43:41+00:00\",\"breadcrumb\":{\"@id\":\"https:\/\/global-exam.com\/blog\/it\/esami\/ielts\/categoria-avere-un-buon-punteggio\/#breadcrumb\"},\"inLanguage\":\"fr-FR\",\"potentialAction\":[{\"@type\":\"ReadAction\",\"target\":[\"https:\/\/global-exam.com\/blog\/it\/esami\/ielts\/categoria-avere-un-buon-punteggio\/\"]}]},{\"@type\":\"BreadcrumbList\",\"@id\":\"https:\/\/global-exam.com\/blog\/it\/esami\/ielts\/categoria-avere-un-buon-punteggio\/#breadcrumb\",\"itemListElement\":[{\"@type\":\"ListItem\",\"position\":1,\"name\":\"Esami\",\"item\":\"https:\/\/global-exam.com\/blog\/it\/esami\/\"},{\"@type\":\"ListItem\",\"position\":2,\"name\":\"IELTS\",\"item\":\"https:\/\/global-exam.com\/blog\/it\/esami\/ielts\/\"},{\"@type\":\"ListItem\",\"position\":3,\"name\":\"Avere un buon punteggio\"}]}]}<\/script>\n<!-- \/ Yoast SEO plugin. -->","yoast_head_json":{"title":"Avere un buon punteggio","robots":{"index":"index","follow":"follow","max-snippet":"max-snippet:-1","max-image-preview":"max-image-preview:large","max-video-preview":"max-video-preview:-1"},"canonical":"https:\/\/global-exam.com\/blog\/it\/esami\/ielts\/categoria-avere-un-buon-punteggio\/","og_locale":"fr_FR","og_type":"article","og_title":"Avere un buon punteggio","og_description":"In questa categoria dedicata al\u00a0punteggio IELTS\u00a0ti spieghiamo quanti punti d\u00e0 l\u2019esame IELTS, cosa rappresenta questo valore e anche quali punteggi vengono richiesti [&hellip;]","og_url":"https:\/\/global-exam.com\/blog\/it\/esami\/ielts\/categoria-avere-un-buon-punteggio\/","og_site_name":"GlobalExam Blog","article_publisher":"https:\/\/www.facebook.com\/Global.Exam","article_modified_time":"2022-06-27T14:43:41+00:00","twitter_card":"summary_large_image","twitter_site":"@Global_Exam","twitter_misc":{"Dur\u00e9e de lecture estim\u00e9e":"1 minute"},"schema":{"@context":"https:\/\/schema.org","@graph":[{"@type":"WebSite","@id":"https:\/\/global-exam.com\/blog\/#website","url":"https:\/\/global-exam.com\/blog\/","name":"GlobalExam Blog","description":"Le blog du sp\u00e9cialiste de la certification linguistique","potentialAction":[{"@type":"SearchAction","target":{"@type":"EntryPoint","urlTemplate":"https:\/\/global-exam.com\/blog\/?s={search_term_string}"},"query-input":"required name=search_term_string"}],"inLanguage":"fr-FR"},{"@type":"WebPage","@id":"https:\/\/global-exam.com\/blog\/it\/esami\/ielts\/categoria-avere-un-buon-punteggio\/#webpage","url":"https:\/\/global-exam.com\/blog\/it\/esami\/ielts\/categoria-avere-un-buon-punteggio\/","name":"Avere un buon punteggio","isPartOf":{"@id":"https:\/\/global-exam.com\/blog\/#website"},"datePublished":"2022-01-03T14:56:47+00:00","dateModified":"2022-06-27T14:43:41+00:00","breadcrumb":{"@id":"https:\/\/global-exam.com\/blog\/it\/esami\/ielts\/categoria-avere-un-buon-punteggio\/#breadcrumb"},"inLanguage":"fr-FR","potentialAction":[{"@type":"ReadAction","target":["https:\/\/global-exam.com\/blog\/it\/esami\/ielts\/categoria-avere-un-buon-punteggio\/"]}]},{"@type":"BreadcrumbList","@id":"https:\/\/global-exam.com\/blog\/it\/esami\/ielts\/categoria-avere-un-buon-punteggio\/#breadcrumb","itemListElement":[{"@type":"ListItem","position":1,"name":"Esami","item":"https:\/\/global-exam.com\/blog\/it\/esami\/"},{"@type":"ListItem","position":2,"name":"IELTS","item":"https:\/\/global-exam.com\/blog\/it\/esami\/ielts\/"},{"@type":"ListItem","position":3,"name":"Avere un buon punteggio"}]}]}},"lang":"it","translations":{"it":73245},"pll_sync_post":[],"_links":{"self":[{"href":"https:\/\/global-exam.com\/blog\/wp-json\/wp\/v2\/pages\/73245"}],"collection":[{"href":"https:\/\/global-exam.com\/blog\/wp-json\/wp\/v2\/pages"}],"about":[{"href":"https:\/\/global-exam.com\/blog\/wp-json\/wp\/v2\/types\/page"}],"author":[{"embeddable":true,"href":"https:\/\/global-exam.com\/blog\/wp-json\/wp\/v2\/users\/24"}],"replies":[{"embeddable":true,"href":"https:\/\/global-exam.com\/blog\/wp-json\/wp\/v2\/comments?post=73245"}],"version-history":[{"count":3,"href":"https:\/\/global-exam.com\/blog\/wp-json\/wp\/v2\/pages\/73245\/revisions"}],"predecessor-version":[{"id":76559,"href":"https:\/\/global-exam.com\/blog\/wp-json\/wp\/v2\/pages\/73245\/revisions\/76559"}],"up":[{"embeddable":true,"href":"https:\/\/global-exam.com\/blog\/wp-json\/wp\/v2\/pages\/21133"}],"wp:attachment":[{"href":"https:\/\/global-exam.com\/blog\/wp-json\/wp\/v2\/media?parent=73245"}],"curies":[{"name":"wp","href":"https:\/\/api.w.org\/{rel}","templated":true}]}}