{"id":73276,"date":"2022-01-03T16:44:06","date_gmt":"2022-01-03T15:44:06","guid":{"rendered":"https:\/\/global-exam.com\/blog\/?page_id=73276"},"modified":"2022-06-27T16:43:37","modified_gmt":"2022-06-27T14:43:37","slug":"categoria-presentazione-del-test-fce","status":"publish","type":"page","link":"https:\/\/global-exam.com\/blog\/it\/esami\/cambridge-fce\/categoria-presentazione-del-test-fce\/","title":{"rendered":"Presentazione del test FCE"},"content":{"rendered":"<p>\u00c8 dai tempi delle scuole superiori che ti consigliano il FCE, ma devi ancora capire cosa si cela dietro questo acronimo? Se \u00e8 cos\u00ec, non ti preoccupare: negli articoli di questa sezione ti spiegheremo tutto quello che c\u2019\u00e8 da sapere!<\/p>\n<p><strong>FCE<\/strong>\u00a0sta per\u00a0<strong>First Certificate of English<\/strong>\u00a0ed \u00e8 un esame del Cambridge che\u00a0<strong>attesta una conoscenza intermedia-alta della lingua inglese<\/strong>. Se stai pensando di trasferirti in un paese anglofono, o se desideri semplicemente attestare la tua padronanza dell\u2019inglese, con il FCE avrai la possibilit\u00e0 di dimostrare il tuo livello, tanto nello scritto quanto nel parlato. Il FCE \u00e8 una delle certificazioni linguistiche pi\u00f9 diffuse a livello internazionale, ed \u00e8 richiesta molto spesso per motivi di studio o di lavoro.<\/p>\n<p>Un altro aspetto importante di cui devi tenere conto \u00e8 che l\u2019esame FCE \u00e8 caratterizzato dal superamento della prova nella sua complessit\u00e0: questo implica che per essere promosso, dovrai ottenere un punteggio sufficiente in ciascuna delle\u00a0<strong>4 prove<\/strong>\u00a0che ti saranno sottoposte. Proprio per questa ragione, conviene sapere in anticipo in cosa consiste il test, quali sono le varie prove previste e il tempo che avrai a disposizione per ognuna di essere, dove e quando \u00e8 possibile sostenere l\u2019esame, come ci si pu\u00f2 preparare per ottenere il miglior punteggio.<\/p>\n<p>Se sei curioso di testare il tuo inglese in vista dell\u2019esame, su <strong>GlobalExam<\/strong> mettiamo a disposizione molti esercizi che riprendono fedelmente la struttura del Cambridge FCE: con la versione di prova gratuita, potrai svolgere una prova pratica completa! Inoltre, offriamo delle soluzioni personalizzate a pagamento per offrirti la possibilit\u00e0 di fare progressi secondo le tue esigenze e il tuo ritmo personale: usufruendo di queste soluzioni, avrai insomma dei consigli calzanti da parte dei nostri professori qualificati, oltre a ricevere delle statistiche dettagliati sui tuoi progressi e accedere a delle simulazioni nelle condizioni reali della prova d\u2019esame.<\/p>\n<p>Vuoi saperne di pi\u00f9 sul FCE? Leggi gli articoli qui sotto: troverai la risposta ad ogni tuo dubbio o curiosit\u00e0!<\/p>\n","protected":false},"excerpt":{"rendered":"<p>\u00c8 dai tempi delle scuole superiori che ti consigliano il FCE, ma devi ancora capire cosa si cela dietro questo acronimo? Se [&hellip;]<\/p>\n","protected":false},"author":24,"featured_media":0,"parent":42319,"menu_order":0,"comment_status":"closed","ping_status":"closed","template":"","meta":[],"acf":[],"yoast_head":"<!-- This site is optimized with the Yoast SEO plugin v17.2.1 - https:\/\/yoast.com\/wordpress\/plugins\/seo\/ -->\n<title>Presentazione del test FCE<\/title>\n<meta name=\"robots\" content=\"index, follow, max-snippet:-1, max-image-preview:large, max-video-preview:-1\" \/>\n<link rel=\"canonical\" href=\"https:\/\/global-exam.com\/blog\/it\/esami\/cambridge-fce\/categoria-presentazione-del-test-fce\/\" \/>\n<meta property=\"og:locale\" content=\"fr_FR\" \/>\n<meta property=\"og:type\" content=\"article\" \/>\n<meta property=\"og:title\" content=\"Presentazione del test FCE\" \/>\n<meta property=\"og:description\" content=\"\u00c8 dai tempi delle scuole superiori che ti consigliano il FCE, ma devi ancora capire cosa si cela dietro questo acronimo? Se [&hellip;]\" \/>\n<meta property=\"og:url\" content=\"https:\/\/global-exam.com\/blog\/it\/esami\/cambridge-fce\/categoria-presentazione-del-test-fce\/\" \/>\n<meta property=\"og:site_name\" content=\"GlobalExam Blog\" \/>\n<meta property=\"article:publisher\" content=\"https:\/\/www.facebook.com\/Global.Exam\" \/>\n<meta property=\"article:modified_time\" content=\"2022-06-27T14:43:37+00:00\" \/>\n<meta name=\"twitter:card\" content=\"summary_large_image\" \/>\n<meta name=\"twitter:site\" content=\"@Global_Exam\" \/>\n<meta name=\"twitter:label1\" content=\"Dur\u00e9e de lecture estim\u00e9e\" \/>\n\t<meta name=\"twitter:data1\" content=\"2 minutes\" \/>\n<script type=\"application\/ld+json\" class=\"yoast-schema-graph\">{\"@context\":\"https:\/\/schema.org\",\"@graph\":[{\"@type\":\"WebSite\",\"@id\":\"https:\/\/global-exam.com\/blog\/#website\",\"url\":\"https:\/\/global-exam.com\/blog\/\",\"name\":\"GlobalExam Blog\",\"description\":\"Le blog du sp\\u00e9cialiste de la certification linguistique\",\"potentialAction\":[{\"@type\":\"SearchAction\",\"target\":{\"@type\":\"EntryPoint\",\"urlTemplate\":\"https:\/\/global-exam.com\/blog\/?s={search_term_string}\"},\"query-input\":\"required name=search_term_string\"}],\"inLanguage\":\"fr-FR\"},{\"@type\":\"WebPage\",\"@id\":\"https:\/\/global-exam.com\/blog\/it\/esami\/cambridge-fce\/categoria-presentazione-del-test-fce\/#webpage\",\"url\":\"https:\/\/global-exam.com\/blog\/it\/esami\/cambridge-fce\/categoria-presentazione-del-test-fce\/\",\"name\":\"Presentazione del test FCE\",\"isPartOf\":{\"@id\":\"https:\/\/global-exam.com\/blog\/#website\"},\"datePublished\":\"2022-01-03T15:44:06+00:00\",\"dateModified\":\"2022-06-27T14:43:37+00:00\",\"breadcrumb\":{\"@id\":\"https:\/\/global-exam.com\/blog\/it\/esami\/cambridge-fce\/categoria-presentazione-del-test-fce\/#breadcrumb\"},\"inLanguage\":\"fr-FR\",\"potentialAction\":[{\"@type\":\"ReadAction\",\"target\":[\"https:\/\/global-exam.com\/blog\/it\/esami\/cambridge-fce\/categoria-presentazione-del-test-fce\/\"]}]},{\"@type\":\"BreadcrumbList\",\"@id\":\"https:\/\/global-exam.com\/blog\/it\/esami\/cambridge-fce\/categoria-presentazione-del-test-fce\/#breadcrumb\",\"itemListElement\":[{\"@type\":\"ListItem\",\"position\":1,\"name\":\"Esami\",\"item\":\"https:\/\/global-exam.com\/blog\/it\/esami\/\"},{\"@type\":\"ListItem\",\"position\":2,\"name\":\"Cambridge FCE\",\"item\":\"https:\/\/global-exam.com\/blog\/it\/esami\/cambridge-fce\/\"},{\"@type\":\"ListItem\",\"position\":3,\"name\":\"Presentazione del test FCE\"}]}]}<\/script>\n<!-- \/ Yoast SEO plugin. -->","yoast_head_json":{"title":"Presentazione del test FCE","robots":{"index":"index","follow":"follow","max-snippet":"max-snippet:-1","max-image-preview":"max-image-preview:large","max-video-preview":"max-video-preview:-1"},"canonical":"https:\/\/global-exam.com\/blog\/it\/esami\/cambridge-fce\/categoria-presentazione-del-test-fce\/","og_locale":"fr_FR","og_type":"article","og_title":"Presentazione del test FCE","og_description":"\u00c8 dai tempi delle scuole superiori che ti consigliano il FCE, ma devi ancora capire cosa si cela dietro questo acronimo? Se [&hellip;]","og_url":"https:\/\/global-exam.com\/blog\/it\/esami\/cambridge-fce\/categoria-presentazione-del-test-fce\/","og_site_name":"GlobalExam Blog","article_publisher":"https:\/\/www.facebook.com\/Global.Exam","article_modified_time":"2022-06-27T14:43:37+00:00","twitter_card":"summary_large_image","twitter_site":"@Global_Exam","twitter_misc":{"Dur\u00e9e de lecture estim\u00e9e":"2 minutes"},"schema":{"@context":"https:\/\/schema.org","@graph":[{"@type":"WebSite","@id":"https:\/\/global-exam.com\/blog\/#website","url":"https:\/\/global-exam.com\/blog\/","name":"GlobalExam Blog","description":"Le blog du sp\u00e9cialiste de la certification linguistique","potentialAction":[{"@type":"SearchAction","target":{"@type":"EntryPoint","urlTemplate":"https:\/\/global-exam.com\/blog\/?s={search_term_string}"},"query-input":"required name=search_term_string"}],"inLanguage":"fr-FR"},{"@type":"WebPage","@id":"https:\/\/global-exam.com\/blog\/it\/esami\/cambridge-fce\/categoria-presentazione-del-test-fce\/#webpage","url":"https:\/\/global-exam.com\/blog\/it\/esami\/cambridge-fce\/categoria-presentazione-del-test-fce\/","name":"Presentazione del test FCE","isPartOf":{"@id":"https:\/\/global-exam.com\/blog\/#website"},"datePublished":"2022-01-03T15:44:06+00:00","dateModified":"2022-06-27T14:43:37+00:00","breadcrumb":{"@id":"https:\/\/global-exam.com\/blog\/it\/esami\/cambridge-fce\/categoria-presentazione-del-test-fce\/#breadcrumb"},"inLanguage":"fr-FR","potentialAction":[{"@type":"ReadAction","target":["https:\/\/global-exam.com\/blog\/it\/esami\/cambridge-fce\/categoria-presentazione-del-test-fce\/"]}]},{"@type":"BreadcrumbList","@id":"https:\/\/global-exam.com\/blog\/it\/esami\/cambridge-fce\/categoria-presentazione-del-test-fce\/#breadcrumb","itemListElement":[{"@type":"ListItem","position":1,"name":"Esami","item":"https:\/\/global-exam.com\/blog\/it\/esami\/"},{"@type":"ListItem","position":2,"name":"Cambridge FCE","item":"https:\/\/global-exam.com\/blog\/it\/esami\/cambridge-fce\/"},{"@type":"ListItem","position":3,"name":"Presentazione del test FCE"}]}]}},"lang":"it","translations":{"it":73276},"pll_sync_post":[],"_links":{"self":[{"href":"https:\/\/global-exam.com\/blog\/wp-json\/wp\/v2\/pages\/73276"}],"collection":[{"href":"https:\/\/global-exam.com\/blog\/wp-json\/wp\/v2\/pages"}],"about":[{"href":"https:\/\/global-exam.com\/blog\/wp-json\/wp\/v2\/types\/page"}],"author":[{"embeddable":true,"href":"https:\/\/global-exam.com\/blog\/wp-json\/wp\/v2\/users\/24"}],"replies":[{"embeddable":true,"href":"https:\/\/global-exam.com\/blog\/wp-json\/wp\/v2\/comments?post=73276"}],"version-history":[{"count":4,"href":"https:\/\/global-exam.com\/blog\/wp-json\/wp\/v2\/pages\/73276\/revisions"}],"predecessor-version":[{"id":76553,"href":"https:\/\/global-exam.com\/blog\/wp-json\/wp\/v2\/pages\/73276\/revisions\/76553"}],"up":[{"embeddable":true,"href":"https:\/\/global-exam.com\/blog\/wp-json\/wp\/v2\/pages\/42319"}],"wp:attachment":[{"href":"https:\/\/global-exam.com\/blog\/wp-json\/wp\/v2\/media?parent=73276"}],"curies":[{"name":"wp","href":"https:\/\/api.w.org\/{rel}","templated":true}]}}