{"id":73280,"date":"2022-01-03T16:48:55","date_gmt":"2022-01-03T15:48:55","guid":{"rendered":"https:\/\/global-exam.com\/blog\/?page_id=73280"},"modified":"2022-06-27T16:43:37","modified_gmt":"2022-06-27T14:43:37","slug":"categoria-avere-un-buon-punteggio-fce","status":"publish","type":"page","link":"https:\/\/global-exam.com\/blog\/it\/esami\/cambridge-fce\/categoria-avere-un-buon-punteggio-fce\/","title":{"rendered":"Avere un buon punteggio FCE"},"content":{"rendered":"<p>Negli articoli di questa sezione del blog ti spiegheremo tutti i dettagli sulla\u00a0<strong>valutazione dell\u2019esame FCE<\/strong>: non solo scoprirai come viene calcolato il punteggio delle singole prove e il punteggio complessivo, ma avrai anche tutti i nostri tips per ottenere il miglior score!<\/p>\n<p>Innanzitutto, devi sapere che, come tutti i test del Cambridge, il\u00a0<strong>FCE \u00e8 un esame che pu\u00f2 essere superato o non superato<\/strong>, implicando per i candidati l\u2019ipotesi di bocciatura: solo coloro che superano la prova nella sua interezza otterranno l\u2019attestato. In particolare, per ciascuna delle 4 aree esaminate (Reading, Writing, Listening, Speaking) riceverai un risultato, che ti dar\u00e0 una visione precisa del tuo livello in ogni abilit\u00e0; riceverai in seguito una<strong>\u00a0valutazione complessiva<\/strong>, che corrisponder\u00e0 alla\u00a0<strong>media dei voti ottenuti nelle 4 singole prove<\/strong>.<\/p>\n<p>Pu\u00f2 accadere che alcune universit\u00e0, corsi o enti internazionali richiedano di aver conseguito un determinato punteggio al FCE: ti presentiamo velocemente la scala a cui potrebbero fare riferimento.<\/p>\n<p>Per un punteggio compreso <strong>tra 180 e 190<\/strong> il tuo voto sar\u00e0 una A e il corrispondente livello <strong>CEFR C1<\/strong>. Per un punteggio compreso tra <strong>173 e 179<\/strong> il tuo voto sar\u00e0 una B e il corrispondente livello CEFR <strong>B2.<\/strong> Per un punteggio compreso <strong>tra 160 e 172<\/strong> il tuo voto sar\u00e0 una C e il corrispondente livello <strong>CEFR B2<\/strong>. Per un punteggio compreso <strong>tra 140 e 159<\/strong> il tuo voto sar\u00e0 una B1 e il corrispondente livello <strong>CEFR B1<\/strong>.<\/p>\n<p>L\u2019esame <strong>FCE<\/strong> si basa infatti su un livello <strong>CEFR B2<\/strong>, ma d\u00e0 eventualmente riferimenti anche per il raggiungimento di altri livelli (pi\u00f9 alti o pi\u00f9 bassi). Ti segnaliamo che con punteggi che vanno dal 122 al 139 non ti sar\u00e0 rilasciato l\u2019attestato, ma ti sar\u00e0 comunque possibile conoscere il punteggio che hai raggiunto nelle varie prove.<\/p>\n<p>Per superare il test e ottenere il punteggio pi\u00f9 alto, sar\u00e0 fondamentale conoscere bene le consegne e le tempistiche delle singole sezioni. Come? \u00c8 semplice! Con <strong>GlobalExam<\/strong> avrai la possibilit\u00e0 di accedere a delle vere e proprie simulazioni della prova d\u2019esame: non solo potrai usufruire gratuitamente di molti esercizi, ma potrai anche accedere a tantissime altre funzionalit\u00e0 a pagamento, pensate su misura per te.<\/p>\n<p>Certo, l\u2019importante \u00e8 partecipare\u2026 Ma non d\u00e0 forse pi\u00f9 soddisfazione vincere? In altre parole: perch\u00e9 accontentarsi della sufficienza, quando puoi tranquillamente ambire ad avere il <strong>punteggio pi\u00f9 alto<\/strong>? Leggi i nostri articoli per scoprire come ottenere il massimo score al FCE!<\/p>\n","protected":false},"excerpt":{"rendered":"<p>Negli articoli di questa sezione del blog ti spiegheremo tutti i dettagli sulla\u00a0valutazione dell\u2019esame FCE: non solo scoprirai come viene calcolato il [&hellip;]<\/p>\n","protected":false},"author":24,"featured_media":0,"parent":42319,"menu_order":0,"comment_status":"closed","ping_status":"closed","template":"","meta":[],"acf":[],"yoast_head":"<!-- This site is optimized with the Yoast SEO plugin v17.2.1 - https:\/\/yoast.com\/wordpress\/plugins\/seo\/ -->\n<title>Avere un buon punteggio FCE<\/title>\n<meta name=\"robots\" content=\"index, follow, max-snippet:-1, max-image-preview:large, max-video-preview:-1\" \/>\n<link rel=\"canonical\" href=\"https:\/\/global-exam.com\/blog\/it\/esami\/cambridge-fce\/categoria-avere-un-buon-punteggio-fce\/\" \/>\n<meta property=\"og:locale\" content=\"fr_FR\" \/>\n<meta property=\"og:type\" content=\"article\" \/>\n<meta property=\"og:title\" content=\"Avere un buon punteggio FCE\" \/>\n<meta property=\"og:description\" content=\"Negli articoli di questa sezione del blog ti spiegheremo tutti i dettagli sulla\u00a0valutazione dell\u2019esame FCE: non solo scoprirai come viene calcolato il [&hellip;]\" \/>\n<meta property=\"og:url\" content=\"https:\/\/global-exam.com\/blog\/it\/esami\/cambridge-fce\/categoria-avere-un-buon-punteggio-fce\/\" \/>\n<meta property=\"og:site_name\" content=\"GlobalExam Blog\" \/>\n<meta property=\"article:publisher\" content=\"https:\/\/www.facebook.com\/Global.Exam\" \/>\n<meta property=\"article:modified_time\" content=\"2022-06-27T14:43:37+00:00\" \/>\n<meta name=\"twitter:card\" content=\"summary_large_image\" \/>\n<meta name=\"twitter:site\" content=\"@Global_Exam\" \/>\n<meta name=\"twitter:label1\" content=\"Dur\u00e9e de lecture estim\u00e9e\" \/>\n\t<meta name=\"twitter:data1\" content=\"2 minutes\" \/>\n<script type=\"application\/ld+json\" class=\"yoast-schema-graph\">{\"@context\":\"https:\/\/schema.org\",\"@graph\":[{\"@type\":\"WebSite\",\"@id\":\"https:\/\/global-exam.com\/blog\/#website\",\"url\":\"https:\/\/global-exam.com\/blog\/\",\"name\":\"GlobalExam Blog\",\"description\":\"Le blog du sp\\u00e9cialiste de la certification linguistique\",\"potentialAction\":[{\"@type\":\"SearchAction\",\"target\":{\"@type\":\"EntryPoint\",\"urlTemplate\":\"https:\/\/global-exam.com\/blog\/?s={search_term_string}\"},\"query-input\":\"required name=search_term_string\"}],\"inLanguage\":\"fr-FR\"},{\"@type\":\"WebPage\",\"@id\":\"https:\/\/global-exam.com\/blog\/it\/esami\/cambridge-fce\/categoria-avere-un-buon-punteggio-fce\/#webpage\",\"url\":\"https:\/\/global-exam.com\/blog\/it\/esami\/cambridge-fce\/categoria-avere-un-buon-punteggio-fce\/\",\"name\":\"Avere un buon punteggio FCE\",\"isPartOf\":{\"@id\":\"https:\/\/global-exam.com\/blog\/#website\"},\"datePublished\":\"2022-01-03T15:48:55+00:00\",\"dateModified\":\"2022-06-27T14:43:37+00:00\",\"breadcrumb\":{\"@id\":\"https:\/\/global-exam.com\/blog\/it\/esami\/cambridge-fce\/categoria-avere-un-buon-punteggio-fce\/#breadcrumb\"},\"inLanguage\":\"fr-FR\",\"potentialAction\":[{\"@type\":\"ReadAction\",\"target\":[\"https:\/\/global-exam.com\/blog\/it\/esami\/cambridge-fce\/categoria-avere-un-buon-punteggio-fce\/\"]}]},{\"@type\":\"BreadcrumbList\",\"@id\":\"https:\/\/global-exam.com\/blog\/it\/esami\/cambridge-fce\/categoria-avere-un-buon-punteggio-fce\/#breadcrumb\",\"itemListElement\":[{\"@type\":\"ListItem\",\"position\":1,\"name\":\"Esami\",\"item\":\"https:\/\/global-exam.com\/blog\/it\/esami\/\"},{\"@type\":\"ListItem\",\"position\":2,\"name\":\"Cambridge FCE\",\"item\":\"https:\/\/global-exam.com\/blog\/it\/esami\/cambridge-fce\/\"},{\"@type\":\"ListItem\",\"position\":3,\"name\":\"Avere un buon punteggio FCE\"}]}]}<\/script>\n<!-- \/ Yoast SEO plugin. -->","yoast_head_json":{"title":"Avere un buon punteggio FCE","robots":{"index":"index","follow":"follow","max-snippet":"max-snippet:-1","max-image-preview":"max-image-preview:large","max-video-preview":"max-video-preview:-1"},"canonical":"https:\/\/global-exam.com\/blog\/it\/esami\/cambridge-fce\/categoria-avere-un-buon-punteggio-fce\/","og_locale":"fr_FR","og_type":"article","og_title":"Avere un buon punteggio FCE","og_description":"Negli articoli di questa sezione del blog ti spiegheremo tutti i dettagli sulla\u00a0valutazione dell\u2019esame FCE: non solo scoprirai come viene calcolato il [&hellip;]","og_url":"https:\/\/global-exam.com\/blog\/it\/esami\/cambridge-fce\/categoria-avere-un-buon-punteggio-fce\/","og_site_name":"GlobalExam Blog","article_publisher":"https:\/\/www.facebook.com\/Global.Exam","article_modified_time":"2022-06-27T14:43:37+00:00","twitter_card":"summary_large_image","twitter_site":"@Global_Exam","twitter_misc":{"Dur\u00e9e de lecture estim\u00e9e":"2 minutes"},"schema":{"@context":"https:\/\/schema.org","@graph":[{"@type":"WebSite","@id":"https:\/\/global-exam.com\/blog\/#website","url":"https:\/\/global-exam.com\/blog\/","name":"GlobalExam Blog","description":"Le blog du sp\u00e9cialiste de la certification linguistique","potentialAction":[{"@type":"SearchAction","target":{"@type":"EntryPoint","urlTemplate":"https:\/\/global-exam.com\/blog\/?s={search_term_string}"},"query-input":"required name=search_term_string"}],"inLanguage":"fr-FR"},{"@type":"WebPage","@id":"https:\/\/global-exam.com\/blog\/it\/esami\/cambridge-fce\/categoria-avere-un-buon-punteggio-fce\/#webpage","url":"https:\/\/global-exam.com\/blog\/it\/esami\/cambridge-fce\/categoria-avere-un-buon-punteggio-fce\/","name":"Avere un buon punteggio FCE","isPartOf":{"@id":"https:\/\/global-exam.com\/blog\/#website"},"datePublished":"2022-01-03T15:48:55+00:00","dateModified":"2022-06-27T14:43:37+00:00","breadcrumb":{"@id":"https:\/\/global-exam.com\/blog\/it\/esami\/cambridge-fce\/categoria-avere-un-buon-punteggio-fce\/#breadcrumb"},"inLanguage":"fr-FR","potentialAction":[{"@type":"ReadAction","target":["https:\/\/global-exam.com\/blog\/it\/esami\/cambridge-fce\/categoria-avere-un-buon-punteggio-fce\/"]}]},{"@type":"BreadcrumbList","@id":"https:\/\/global-exam.com\/blog\/it\/esami\/cambridge-fce\/categoria-avere-un-buon-punteggio-fce\/#breadcrumb","itemListElement":[{"@type":"ListItem","position":1,"name":"Esami","item":"https:\/\/global-exam.com\/blog\/it\/esami\/"},{"@type":"ListItem","position":2,"name":"Cambridge FCE","item":"https:\/\/global-exam.com\/blog\/it\/esami\/cambridge-fce\/"},{"@type":"ListItem","position":3,"name":"Avere un buon punteggio FCE"}]}]}},"lang":"it","translations":{"it":73280},"pll_sync_post":[],"_links":{"self":[{"href":"https:\/\/global-exam.com\/blog\/wp-json\/wp\/v2\/pages\/73280"}],"collection":[{"href":"https:\/\/global-exam.com\/blog\/wp-json\/wp\/v2\/pages"}],"about":[{"href":"https:\/\/global-exam.com\/blog\/wp-json\/wp\/v2\/types\/page"}],"author":[{"embeddable":true,"href":"https:\/\/global-exam.com\/blog\/wp-json\/wp\/v2\/users\/24"}],"replies":[{"embeddable":true,"href":"https:\/\/global-exam.com\/blog\/wp-json\/wp\/v2\/comments?post=73280"}],"version-history":[{"count":3,"href":"https:\/\/global-exam.com\/blog\/wp-json\/wp\/v2\/pages\/73280\/revisions"}],"predecessor-version":[{"id":76552,"href":"https:\/\/global-exam.com\/blog\/wp-json\/wp\/v2\/pages\/73280\/revisions\/76552"}],"up":[{"embeddable":true,"href":"https:\/\/global-exam.com\/blog\/wp-json\/wp\/v2\/pages\/42319"}],"wp:attachment":[{"href":"https:\/\/global-exam.com\/blog\/wp-json\/wp\/v2\/media?parent=73280"}],"curies":[{"name":"wp","href":"https:\/\/api.w.org\/{rel}","templated":true}]}}