{"id":73294,"date":"2022-01-03T17:06:44","date_gmt":"2022-01-03T16:06:44","guid":{"rendered":"https:\/\/global-exam.com\/blog\/?page_id=73294"},"modified":"2022-06-27T16:43:35","modified_gmt":"2022-06-27T14:43:35","slug":"categoria-grammatica-cambridge-fce","status":"publish","type":"page","link":"https:\/\/global-exam.com\/blog\/it\/esami\/cambridge-fce\/categoria-grammatica-cambridge-fce\/","title":{"rendered":"Grammatica Cambridge FCE"},"content":{"rendered":"<p>Conoscere bene la grammatica inglese e tutte le insidie che pu\u00f2 nascondere \u00e8 indispensabile se vuoi raggiungere il punteggio pi\u00f9 alto all\u2019esame FCE. Per aiutarti a superare al meglio il test, troverai qui degli\u00a0<strong>articoli<\/strong>\u00a0ricchi di\u00a0<strong>consigli preziosi<\/strong>, oltre a delle<strong>\u00a0schede grammaticali<\/strong>\u00a0concepite ad hoc dai nostri insegnanti qualificati.<\/p>\n<p>Una cosa \u00e8 certa: all\u2019esame non ti sar\u00e0 concesso di arrivare impreparato. Perch\u00e9 te lo diciamo? \u00c8 semplice! Il FCE \u00e8 un test di lingua standardizzato, e in quanto tale non potr\u00e0 presentare sorprese: la struttura e le prove previste sono prestabilite in via ufficiale e tendenzialmente sono sempre le stesse. Proprio per questo motivo, il\u00a0<strong>segreto<\/strong>\u00a0per ottenere un buon risultato \u00e8 quello di\u00a0<strong>conoscere bene gli esercizi<\/strong>\u00a0che ti aspettano e di\u00a0<strong>fare molta pratica<\/strong>. Una volta raggiunto il livello di inglese richiesto, il Cambridge FCE non ti sembrer\u00e0 pi\u00f9 cos\u00ec insidioso come prima!<\/p>\n<p>A questo scopo, su GlobalExam ti proponiamo vari esercizi di grammatica (e non solo) per misurare il tuo livello, e per individuare subito gli eventuali \u201cpunti deboli\u201d sui quali \u00e8 necessario lavorare in vista dell\u2019esame FCE. Per fare pratica, potrai dunque accedere sia ai nostri esercizi e test online gratuiti, sia ai nostri servizi a pagamento personalizzati, grazie ai quali avrai a disposizione delle fedeli simulazioni nelle reali condizioni dell\u2019esame. Ma non finisce qui, perch\u00e9 con i servizi personalizzati di GlobalExam ti saranno inviati dei <strong>consigli e report sui tuoi progressi<\/strong>: un metodo infallibile per superare il FCE con il voto migliore!<\/p>\n<p>Esercitando la grammatica, ti sentirai in effetti molto pi\u00f9 sicuro quando dovrai affrontare la prova d\u2019esame. In questa sezione, scoprirai molti trucchi e consigli efficaci per padroneggiare con maestria le regole grammaticali, anche quelle pi\u00f9 difficili, e <strong>migliorare cos\u00ec il tuo livello di comprensione sia scritta che orale<\/strong>. Cosa stai aspettando? Unisciti all\u2019avventura: GlobalExam \u00e8 con te!<\/p>\n","protected":false},"excerpt":{"rendered":"<p>Conoscere bene la grammatica inglese e tutte le insidie che pu\u00f2 nascondere \u00e8 indispensabile se vuoi raggiungere il punteggio pi\u00f9 alto all\u2019esame [&hellip;]<\/p>\n","protected":false},"author":24,"featured_media":0,"parent":42319,"menu_order":0,"comment_status":"closed","ping_status":"closed","template":"","meta":[],"acf":[],"yoast_head":"<!-- This site is optimized with the Yoast SEO plugin v17.2.1 - https:\/\/yoast.com\/wordpress\/plugins\/seo\/ -->\n<title>Grammatica Cambridge FCE<\/title>\n<meta name=\"robots\" content=\"index, follow, max-snippet:-1, max-image-preview:large, max-video-preview:-1\" \/>\n<link rel=\"canonical\" href=\"https:\/\/global-exam.com\/blog\/it\/esami\/cambridge-fce\/categoria-grammatica-cambridge-fce\/\" \/>\n<meta property=\"og:locale\" content=\"fr_FR\" \/>\n<meta property=\"og:type\" content=\"article\" \/>\n<meta property=\"og:title\" content=\"Grammatica Cambridge FCE\" \/>\n<meta property=\"og:description\" content=\"Conoscere bene la grammatica inglese e tutte le insidie che pu\u00f2 nascondere \u00e8 indispensabile se vuoi raggiungere il punteggio pi\u00f9 alto all\u2019esame [&hellip;]\" \/>\n<meta property=\"og:url\" content=\"https:\/\/global-exam.com\/blog\/it\/esami\/cambridge-fce\/categoria-grammatica-cambridge-fce\/\" \/>\n<meta property=\"og:site_name\" content=\"GlobalExam Blog\" \/>\n<meta property=\"article:publisher\" content=\"https:\/\/www.facebook.com\/Global.Exam\" \/>\n<meta property=\"article:modified_time\" content=\"2022-06-27T14:43:35+00:00\" \/>\n<meta name=\"twitter:card\" content=\"summary_large_image\" \/>\n<meta name=\"twitter:site\" content=\"@Global_Exam\" \/>\n<meta name=\"twitter:label1\" content=\"Dur\u00e9e de lecture estim\u00e9e\" \/>\n\t<meta name=\"twitter:data1\" content=\"2 minutes\" \/>\n<script type=\"application\/ld+json\" class=\"yoast-schema-graph\">{\"@context\":\"https:\/\/schema.org\",\"@graph\":[{\"@type\":\"WebSite\",\"@id\":\"https:\/\/global-exam.com\/blog\/#website\",\"url\":\"https:\/\/global-exam.com\/blog\/\",\"name\":\"GlobalExam Blog\",\"description\":\"Le blog du sp\\u00e9cialiste de la certification linguistique\",\"potentialAction\":[{\"@type\":\"SearchAction\",\"target\":{\"@type\":\"EntryPoint\",\"urlTemplate\":\"https:\/\/global-exam.com\/blog\/?s={search_term_string}\"},\"query-input\":\"required name=search_term_string\"}],\"inLanguage\":\"fr-FR\"},{\"@type\":\"WebPage\",\"@id\":\"https:\/\/global-exam.com\/blog\/it\/esami\/cambridge-fce\/categoria-grammatica-cambridge-fce\/#webpage\",\"url\":\"https:\/\/global-exam.com\/blog\/it\/esami\/cambridge-fce\/categoria-grammatica-cambridge-fce\/\",\"name\":\"Grammatica Cambridge FCE\",\"isPartOf\":{\"@id\":\"https:\/\/global-exam.com\/blog\/#website\"},\"datePublished\":\"2022-01-03T16:06:44+00:00\",\"dateModified\":\"2022-06-27T14:43:35+00:00\",\"breadcrumb\":{\"@id\":\"https:\/\/global-exam.com\/blog\/it\/esami\/cambridge-fce\/categoria-grammatica-cambridge-fce\/#breadcrumb\"},\"inLanguage\":\"fr-FR\",\"potentialAction\":[{\"@type\":\"ReadAction\",\"target\":[\"https:\/\/global-exam.com\/blog\/it\/esami\/cambridge-fce\/categoria-grammatica-cambridge-fce\/\"]}]},{\"@type\":\"BreadcrumbList\",\"@id\":\"https:\/\/global-exam.com\/blog\/it\/esami\/cambridge-fce\/categoria-grammatica-cambridge-fce\/#breadcrumb\",\"itemListElement\":[{\"@type\":\"ListItem\",\"position\":1,\"name\":\"Esami\",\"item\":\"https:\/\/global-exam.com\/blog\/it\/esami\/\"},{\"@type\":\"ListItem\",\"position\":2,\"name\":\"Cambridge FCE\",\"item\":\"https:\/\/global-exam.com\/blog\/it\/esami\/cambridge-fce\/\"},{\"@type\":\"ListItem\",\"position\":3,\"name\":\"Grammatica Cambridge FCE\"}]}]}<\/script>\n<!-- \/ Yoast SEO plugin. -->","yoast_head_json":{"title":"Grammatica Cambridge FCE","robots":{"index":"index","follow":"follow","max-snippet":"max-snippet:-1","max-image-preview":"max-image-preview:large","max-video-preview":"max-video-preview:-1"},"canonical":"https:\/\/global-exam.com\/blog\/it\/esami\/cambridge-fce\/categoria-grammatica-cambridge-fce\/","og_locale":"fr_FR","og_type":"article","og_title":"Grammatica Cambridge FCE","og_description":"Conoscere bene la grammatica inglese e tutte le insidie che pu\u00f2 nascondere \u00e8 indispensabile se vuoi raggiungere il punteggio pi\u00f9 alto all\u2019esame [&hellip;]","og_url":"https:\/\/global-exam.com\/blog\/it\/esami\/cambridge-fce\/categoria-grammatica-cambridge-fce\/","og_site_name":"GlobalExam Blog","article_publisher":"https:\/\/www.facebook.com\/Global.Exam","article_modified_time":"2022-06-27T14:43:35+00:00","twitter_card":"summary_large_image","twitter_site":"@Global_Exam","twitter_misc":{"Dur\u00e9e de lecture estim\u00e9e":"2 minutes"},"schema":{"@context":"https:\/\/schema.org","@graph":[{"@type":"WebSite","@id":"https:\/\/global-exam.com\/blog\/#website","url":"https:\/\/global-exam.com\/blog\/","name":"GlobalExam Blog","description":"Le blog du sp\u00e9cialiste de la certification linguistique","potentialAction":[{"@type":"SearchAction","target":{"@type":"EntryPoint","urlTemplate":"https:\/\/global-exam.com\/blog\/?s={search_term_string}"},"query-input":"required name=search_term_string"}],"inLanguage":"fr-FR"},{"@type":"WebPage","@id":"https:\/\/global-exam.com\/blog\/it\/esami\/cambridge-fce\/categoria-grammatica-cambridge-fce\/#webpage","url":"https:\/\/global-exam.com\/blog\/it\/esami\/cambridge-fce\/categoria-grammatica-cambridge-fce\/","name":"Grammatica Cambridge FCE","isPartOf":{"@id":"https:\/\/global-exam.com\/blog\/#website"},"datePublished":"2022-01-03T16:06:44+00:00","dateModified":"2022-06-27T14:43:35+00:00","breadcrumb":{"@id":"https:\/\/global-exam.com\/blog\/it\/esami\/cambridge-fce\/categoria-grammatica-cambridge-fce\/#breadcrumb"},"inLanguage":"fr-FR","potentialAction":[{"@type":"ReadAction","target":["https:\/\/global-exam.com\/blog\/it\/esami\/cambridge-fce\/categoria-grammatica-cambridge-fce\/"]}]},{"@type":"BreadcrumbList","@id":"https:\/\/global-exam.com\/blog\/it\/esami\/cambridge-fce\/categoria-grammatica-cambridge-fce\/#breadcrumb","itemListElement":[{"@type":"ListItem","position":1,"name":"Esami","item":"https:\/\/global-exam.com\/blog\/it\/esami\/"},{"@type":"ListItem","position":2,"name":"Cambridge FCE","item":"https:\/\/global-exam.com\/blog\/it\/esami\/cambridge-fce\/"},{"@type":"ListItem","position":3,"name":"Grammatica Cambridge FCE"}]}]}},"lang":"it","translations":{"it":73294},"pll_sync_post":[],"_links":{"self":[{"href":"https:\/\/global-exam.com\/blog\/wp-json\/wp\/v2\/pages\/73294"}],"collection":[{"href":"https:\/\/global-exam.com\/blog\/wp-json\/wp\/v2\/pages"}],"about":[{"href":"https:\/\/global-exam.com\/blog\/wp-json\/wp\/v2\/types\/page"}],"author":[{"embeddable":true,"href":"https:\/\/global-exam.com\/blog\/wp-json\/wp\/v2\/users\/24"}],"replies":[{"embeddable":true,"href":"https:\/\/global-exam.com\/blog\/wp-json\/wp\/v2\/comments?post=73294"}],"version-history":[{"count":3,"href":"https:\/\/global-exam.com\/blog\/wp-json\/wp\/v2\/pages\/73294\/revisions"}],"predecessor-version":[{"id":76548,"href":"https:\/\/global-exam.com\/blog\/wp-json\/wp\/v2\/pages\/73294\/revisions\/76548"}],"up":[{"embeddable":true,"href":"https:\/\/global-exam.com\/blog\/wp-json\/wp\/v2\/pages\/42319"}],"wp:attachment":[{"href":"https:\/\/global-exam.com\/blog\/wp-json\/wp\/v2\/media?parent=73294"}],"curies":[{"name":"wp","href":"https:\/\/api.w.org\/{rel}","templated":true}]}}