{"id":73305,"date":"2022-01-03T17:26:27","date_gmt":"2022-01-03T16:26:27","guid":{"rendered":"https:\/\/global-exam.com\/blog\/?page_id=73305"},"modified":"2022-06-27T16:43:33","modified_gmt":"2022-06-27T14:43:33","slug":"categoria-avere-un-buon-punteggio-cae","status":"publish","type":"page","link":"https:\/\/global-exam.com\/blog\/it\/esami\/c1-advanced\/categoria-avere-un-buon-punteggio-cae\/","title":{"rendered":"Avere un buon punteggio CAE"},"content":{"rendered":"<p>Il Cambridge CAE (<strong>Certificate in Advanced English<\/strong>) attesta un livello di conoscenza della lingua inglese avanzato, permettendoti di esprimerti in modo\u00a0<strong>strutturato e fluente<\/strong>, disporre di un\u00a0<strong>vasto vocabolario<\/strong>, comprendere\u00a0<strong>testi impegnativi<\/strong>, redigere elaborati complessi in cui siano declinate molte sfumature testuali. Prepararti a questo esame ti permetter\u00e0 di raggiungere un livello elevato di conoscenza dell\u2019inglese, fondamentale se desideri spiccare nel panorama accademico e lavorativo.<\/p>\n<p>Devi sapere inoltre che, in tutto il mondo, sono pi\u00f9 di 8.000 gli istituti, le aziende ed organizzazioni che richiedono la certificazione Cambridge CAE livello C1 come attestato di padronanza della lingua inglese. Ma come affrontare l\u2019esame e, soprattutto,\u00a0<strong>come ottenere un buon punteggio<\/strong>? Il Cambridge CAE \u00e8 una prova che si supera o non si supera, in cui si \u00e8 quindi\u00a0<strong>promossi o bocciati<\/strong>: solo coloro che superano il test in tutte le sue singole prove potranno ottenere la certificazione.<\/p>\n<p>In particolare, per ciascuna delle<strong>\u00a0quattro abilit\u00e0 linguistiche valutate\u00a0<\/strong>(Reading, Writing, Listening, Speaking) e per la sezione Use of English riceverai un risultato parziale: sommando i risultati ottenuti, avrai il tuo punteggio complessivo. Con punteggi che vanno dal 142 al 159 l\u2019esame non \u00e8 superato, e non ti sar\u00e0 possibile ricevere la certificazione (sar\u00e0 tuttavia possibile conoscere il punteggio raggiunto).<\/p>\n<p>Per prepararti all\u2019esame CAE e superarlo con il migliore punteggio, fare pratica \u00e8 uno strumento essenziale: proprio per questo, abbiamo pensato di suggerirti la nostra\u00a0<strong>piattaforma e-learning, GlobalExam<\/strong>. Qui potrai accedere a moltissime esercitazioni online strutturate sul modello della prova d\u2019esame e svolgere gratuitamente un\u00a0test per <strong>valutare il tuo livello<\/strong>\u00a0<strong>di inglese<\/strong>, oltre ad avere delle soluzioni e dei consigli personalizzati a pagamento da parte dei nostri professori qualificati.<\/p>\n<p>Vuoi saperne di pi\u00f9 sul CAE e sul metodo GlobalExam? Leggi gli articoli qui sotto: troverai la risposta ad ogni tuo dubbio o curiosit\u00e0!<\/p>\n","protected":false},"excerpt":{"rendered":"<p>Il Cambridge CAE (Certificate in Advanced English) attesta un livello di conoscenza della lingua inglese avanzato, permettendoti di esprimerti in modo\u00a0strutturato e [&hellip;]<\/p>\n","protected":false},"author":24,"featured_media":0,"parent":45101,"menu_order":0,"comment_status":"closed","ping_status":"closed","template":"","meta":[],"acf":[],"yoast_head":"<!-- This site is optimized with the Yoast SEO plugin v17.2.1 - https:\/\/yoast.com\/wordpress\/plugins\/seo\/ -->\n<title>Avere un buon punteggio CAE<\/title>\n<meta name=\"robots\" content=\"index, follow, max-snippet:-1, max-image-preview:large, max-video-preview:-1\" \/>\n<link rel=\"canonical\" href=\"https:\/\/global-exam.com\/blog\/it\/esami\/c1-advanced\/categoria-avere-un-buon-punteggio-cae\/\" \/>\n<meta property=\"og:locale\" content=\"fr_FR\" \/>\n<meta property=\"og:type\" content=\"article\" \/>\n<meta property=\"og:title\" content=\"Avere un buon punteggio CAE\" \/>\n<meta property=\"og:description\" content=\"Il Cambridge CAE (Certificate in Advanced English) attesta un livello di conoscenza della lingua inglese avanzato, permettendoti di esprimerti in modo\u00a0strutturato e [&hellip;]\" \/>\n<meta property=\"og:url\" content=\"https:\/\/global-exam.com\/blog\/it\/esami\/c1-advanced\/categoria-avere-un-buon-punteggio-cae\/\" \/>\n<meta property=\"og:site_name\" content=\"GlobalExam Blog\" \/>\n<meta property=\"article:publisher\" content=\"https:\/\/www.facebook.com\/Global.Exam\" \/>\n<meta property=\"article:modified_time\" content=\"2022-06-27T14:43:33+00:00\" \/>\n<meta name=\"twitter:card\" content=\"summary_large_image\" \/>\n<meta name=\"twitter:site\" content=\"@Global_Exam\" \/>\n<meta name=\"twitter:label1\" content=\"Dur\u00e9e de lecture estim\u00e9e\" \/>\n\t<meta name=\"twitter:data1\" content=\"1 minute\" \/>\n<script type=\"application\/ld+json\" class=\"yoast-schema-graph\">{\"@context\":\"https:\/\/schema.org\",\"@graph\":[{\"@type\":\"WebSite\",\"@id\":\"https:\/\/global-exam.com\/blog\/#website\",\"url\":\"https:\/\/global-exam.com\/blog\/\",\"name\":\"GlobalExam Blog\",\"description\":\"Le blog du sp\\u00e9cialiste de la certification linguistique\",\"potentialAction\":[{\"@type\":\"SearchAction\",\"target\":{\"@type\":\"EntryPoint\",\"urlTemplate\":\"https:\/\/global-exam.com\/blog\/?s={search_term_string}\"},\"query-input\":\"required name=search_term_string\"}],\"inLanguage\":\"fr-FR\"},{\"@type\":\"WebPage\",\"@id\":\"https:\/\/global-exam.com\/blog\/it\/esami\/c1-advanced\/categoria-avere-un-buon-punteggio-cae\/#webpage\",\"url\":\"https:\/\/global-exam.com\/blog\/it\/esami\/c1-advanced\/categoria-avere-un-buon-punteggio-cae\/\",\"name\":\"Avere un buon punteggio CAE\",\"isPartOf\":{\"@id\":\"https:\/\/global-exam.com\/blog\/#website\"},\"datePublished\":\"2022-01-03T16:26:27+00:00\",\"dateModified\":\"2022-06-27T14:43:33+00:00\",\"breadcrumb\":{\"@id\":\"https:\/\/global-exam.com\/blog\/it\/esami\/c1-advanced\/categoria-avere-un-buon-punteggio-cae\/#breadcrumb\"},\"inLanguage\":\"fr-FR\",\"potentialAction\":[{\"@type\":\"ReadAction\",\"target\":[\"https:\/\/global-exam.com\/blog\/it\/esami\/c1-advanced\/categoria-avere-un-buon-punteggio-cae\/\"]}]},{\"@type\":\"BreadcrumbList\",\"@id\":\"https:\/\/global-exam.com\/blog\/it\/esami\/c1-advanced\/categoria-avere-un-buon-punteggio-cae\/#breadcrumb\",\"itemListElement\":[{\"@type\":\"ListItem\",\"position\":1,\"name\":\"Esami\",\"item\":\"https:\/\/global-exam.com\/blog\/it\/esami\/\"},{\"@type\":\"ListItem\",\"position\":2,\"name\":\"C1 Advanced\",\"item\":\"https:\/\/global-exam.com\/blog\/it\/esami\/c1-advanced\/\"},{\"@type\":\"ListItem\",\"position\":3,\"name\":\"Avere un buon punteggio CAE\"}]}]}<\/script>\n<!-- \/ Yoast SEO plugin. -->","yoast_head_json":{"title":"Avere un buon punteggio CAE","robots":{"index":"index","follow":"follow","max-snippet":"max-snippet:-1","max-image-preview":"max-image-preview:large","max-video-preview":"max-video-preview:-1"},"canonical":"https:\/\/global-exam.com\/blog\/it\/esami\/c1-advanced\/categoria-avere-un-buon-punteggio-cae\/","og_locale":"fr_FR","og_type":"article","og_title":"Avere un buon punteggio CAE","og_description":"Il Cambridge CAE (Certificate in Advanced English) attesta un livello di conoscenza della lingua inglese avanzato, permettendoti di esprimerti in modo\u00a0strutturato e [&hellip;]","og_url":"https:\/\/global-exam.com\/blog\/it\/esami\/c1-advanced\/categoria-avere-un-buon-punteggio-cae\/","og_site_name":"GlobalExam Blog","article_publisher":"https:\/\/www.facebook.com\/Global.Exam","article_modified_time":"2022-06-27T14:43:33+00:00","twitter_card":"summary_large_image","twitter_site":"@Global_Exam","twitter_misc":{"Dur\u00e9e de lecture estim\u00e9e":"1 minute"},"schema":{"@context":"https:\/\/schema.org","@graph":[{"@type":"WebSite","@id":"https:\/\/global-exam.com\/blog\/#website","url":"https:\/\/global-exam.com\/blog\/","name":"GlobalExam Blog","description":"Le blog du sp\u00e9cialiste de la certification linguistique","potentialAction":[{"@type":"SearchAction","target":{"@type":"EntryPoint","urlTemplate":"https:\/\/global-exam.com\/blog\/?s={search_term_string}"},"query-input":"required name=search_term_string"}],"inLanguage":"fr-FR"},{"@type":"WebPage","@id":"https:\/\/global-exam.com\/blog\/it\/esami\/c1-advanced\/categoria-avere-un-buon-punteggio-cae\/#webpage","url":"https:\/\/global-exam.com\/blog\/it\/esami\/c1-advanced\/categoria-avere-un-buon-punteggio-cae\/","name":"Avere un buon punteggio CAE","isPartOf":{"@id":"https:\/\/global-exam.com\/blog\/#website"},"datePublished":"2022-01-03T16:26:27+00:00","dateModified":"2022-06-27T14:43:33+00:00","breadcrumb":{"@id":"https:\/\/global-exam.com\/blog\/it\/esami\/c1-advanced\/categoria-avere-un-buon-punteggio-cae\/#breadcrumb"},"inLanguage":"fr-FR","potentialAction":[{"@type":"ReadAction","target":["https:\/\/global-exam.com\/blog\/it\/esami\/c1-advanced\/categoria-avere-un-buon-punteggio-cae\/"]}]},{"@type":"BreadcrumbList","@id":"https:\/\/global-exam.com\/blog\/it\/esami\/c1-advanced\/categoria-avere-un-buon-punteggio-cae\/#breadcrumb","itemListElement":[{"@type":"ListItem","position":1,"name":"Esami","item":"https:\/\/global-exam.com\/blog\/it\/esami\/"},{"@type":"ListItem","position":2,"name":"C1 Advanced","item":"https:\/\/global-exam.com\/blog\/it\/esami\/c1-advanced\/"},{"@type":"ListItem","position":3,"name":"Avere un buon punteggio CAE"}]}]}},"lang":"it","translations":{"it":73305},"pll_sync_post":[],"_links":{"self":[{"href":"https:\/\/global-exam.com\/blog\/wp-json\/wp\/v2\/pages\/73305"}],"collection":[{"href":"https:\/\/global-exam.com\/blog\/wp-json\/wp\/v2\/pages"}],"about":[{"href":"https:\/\/global-exam.com\/blog\/wp-json\/wp\/v2\/types\/page"}],"author":[{"embeddable":true,"href":"https:\/\/global-exam.com\/blog\/wp-json\/wp\/v2\/users\/24"}],"replies":[{"embeddable":true,"href":"https:\/\/global-exam.com\/blog\/wp-json\/wp\/v2\/comments?post=73305"}],"version-history":[{"count":3,"href":"https:\/\/global-exam.com\/blog\/wp-json\/wp\/v2\/pages\/73305\/revisions"}],"predecessor-version":[{"id":76545,"href":"https:\/\/global-exam.com\/blog\/wp-json\/wp\/v2\/pages\/73305\/revisions\/76545"}],"up":[{"embeddable":true,"href":"https:\/\/global-exam.com\/blog\/wp-json\/wp\/v2\/pages\/45101"}],"wp:attachment":[{"href":"https:\/\/global-exam.com\/blog\/wp-json\/wp\/v2\/media?parent=73305"}],"curies":[{"name":"wp","href":"https:\/\/api.w.org\/{rel}","templated":true}]}}