{"id":73315,"date":"2022-01-03T17:37:38","date_gmt":"2022-01-03T16:37:38","guid":{"rendered":"https:\/\/global-exam.com\/blog\/?page_id=73315"},"modified":"2022-06-27T16:43:31","modified_gmt":"2022-06-27T14:43:31","slug":"categoria-grammatica-cambridge-cae","status":"publish","type":"page","link":"https:\/\/global-exam.com\/blog\/it\/esami\/c1-advanced\/categoria-grammatica-cambridge-cae\/","title":{"rendered":"Grammatica Cambridge CAE"},"content":{"rendered":"<p>Quando si impara una nuova lingua, l\u2019ostacolo pi\u00f9 grande \u00e8 solitamente rappresentato dalla\u00a0<strong>grammatica<\/strong>: tutte quelle regole, tutti quegli esercizi\u2026 Studiarla pu\u00f2 essere davvero difficile! Eppure, si sa, imparare la grammatica e saperla padroneggiare \u00e8 imprescindibile se si vuole progredire e raggiungere un livello avanzato. Se stai cercando<strong>\u00a0metodi coinvolgenti ed efficaci\u00a0<\/strong>per assimilare al meglio le regole grammaticali in vista del test\u00a0<strong>Cambridge CAE<\/strong>, sei approdato in un porto sicuro: in questa sezione del blog, ti illustreremo infatti tutto quello che c\u2019\u00e8 da sapere sull\u2019esame e sulle varie prove, dandoti delle indicazioni affidabili sugli strumenti e le risorse utili per affrontarlo. Troverai anche delle\u00a0<strong>schede grammaticali\u00a0<\/strong>realizzate dai nostri insegnanti certificati, oltre a numerose esercitazioni e spiegazioni incisive che ti permetteranno di rafforzare le tue competenze linguistiche.<\/p>\n<p>Come certamente saprai, il CAE \u00e8 un <strong>test di lingua standardizzato<\/strong>: ci\u00f2 implica che la sua struttura e le sue consegne sono predeterminate in modo ufficiale, ed \u00e8 pertanto impossibile arrivare impreparati al giorno della prova. Cosa significa? \u00c8 molto semplice: se vuoi ottenere un ottimo punteggio, ti sar\u00e0 sufficiente <strong>fare pratica<\/strong>, esercitandoti sulla base degli esercizi che ti aspettano. Una volta raggiunto il livello di inglese richiesto dal CAE, affrontarlo e superarlo sar\u00e0 una cosa naturale. Proprio in quest\u2019ottica, con i nostri servizi GlobalExam ti proponiamo <strong>numerosi esercizi di grammatica<\/strong> per valutare la tua conoscenza della lingua inglese, individuando subito quali potrebbero essere i tuoi talloni d\u2019Achille, per evitare di incappare in errori ricorrenti e andare a rafforzare eventuali lacune prima dell\u2019esame.<\/p>\n<p>Allenando e consolidando la grammatica, potrai dimostrare con sicurezza di saperti destreggiare con l\u2019inglese, tanto allo scritto quanto all\u2019orale. Ti sar\u00e0 sufficiente iscriverti al nostro <strong>test d\u2019inglese online gratuito<\/strong>, oppure accedere a pagamento alle nostre <strong>soluzioni personalizzate<\/strong>, che ti permetteranno non solo di usufruire di autentiche simulazioni d\u2019esame, ma anche di ricevere consigli e statistiche sui tuoi progressi. Affidati a GlobalExam, il successo \u00e8 assicurato!<\/p>\n","protected":false},"excerpt":{"rendered":"<p>Quando si impara una nuova lingua, l\u2019ostacolo pi\u00f9 grande \u00e8 solitamente rappresentato dalla\u00a0grammatica: tutte quelle regole, tutti quegli esercizi\u2026 Studiarla pu\u00f2 essere [&hellip;]<\/p>\n","protected":false},"author":24,"featured_media":0,"parent":45101,"menu_order":0,"comment_status":"closed","ping_status":"closed","template":"","meta":[],"acf":[],"yoast_head":"<!-- This site is optimized with the Yoast SEO plugin v17.2.1 - https:\/\/yoast.com\/wordpress\/plugins\/seo\/ -->\n<title>Grammatica Cambridge CAE<\/title>\n<meta name=\"robots\" content=\"index, follow, max-snippet:-1, max-image-preview:large, max-video-preview:-1\" \/>\n<link rel=\"canonical\" href=\"https:\/\/global-exam.com\/blog\/it\/esami\/c1-advanced\/categoria-grammatica-cambridge-cae\/\" \/>\n<meta property=\"og:locale\" content=\"fr_FR\" \/>\n<meta property=\"og:type\" content=\"article\" \/>\n<meta property=\"og:title\" content=\"Grammatica Cambridge CAE\" \/>\n<meta property=\"og:description\" content=\"Quando si impara una nuova lingua, l\u2019ostacolo pi\u00f9 grande \u00e8 solitamente rappresentato dalla\u00a0grammatica: tutte quelle regole, tutti quegli esercizi\u2026 Studiarla pu\u00f2 essere [&hellip;]\" \/>\n<meta property=\"og:url\" content=\"https:\/\/global-exam.com\/blog\/it\/esami\/c1-advanced\/categoria-grammatica-cambridge-cae\/\" \/>\n<meta property=\"og:site_name\" content=\"GlobalExam Blog\" \/>\n<meta property=\"article:publisher\" content=\"https:\/\/www.facebook.com\/Global.Exam\" \/>\n<meta property=\"article:modified_time\" content=\"2022-06-27T14:43:31+00:00\" \/>\n<meta name=\"twitter:card\" content=\"summary_large_image\" \/>\n<meta name=\"twitter:site\" content=\"@Global_Exam\" \/>\n<meta name=\"twitter:label1\" content=\"Dur\u00e9e de lecture estim\u00e9e\" \/>\n\t<meta name=\"twitter:data1\" content=\"2 minutes\" \/>\n<script type=\"application\/ld+json\" class=\"yoast-schema-graph\">{\"@context\":\"https:\/\/schema.org\",\"@graph\":[{\"@type\":\"WebSite\",\"@id\":\"https:\/\/global-exam.com\/blog\/#website\",\"url\":\"https:\/\/global-exam.com\/blog\/\",\"name\":\"GlobalExam Blog\",\"description\":\"Le blog du sp\\u00e9cialiste de la certification linguistique\",\"potentialAction\":[{\"@type\":\"SearchAction\",\"target\":{\"@type\":\"EntryPoint\",\"urlTemplate\":\"https:\/\/global-exam.com\/blog\/?s={search_term_string}\"},\"query-input\":\"required name=search_term_string\"}],\"inLanguage\":\"fr-FR\"},{\"@type\":\"WebPage\",\"@id\":\"https:\/\/global-exam.com\/blog\/it\/esami\/c1-advanced\/categoria-grammatica-cambridge-cae\/#webpage\",\"url\":\"https:\/\/global-exam.com\/blog\/it\/esami\/c1-advanced\/categoria-grammatica-cambridge-cae\/\",\"name\":\"Grammatica Cambridge CAE\",\"isPartOf\":{\"@id\":\"https:\/\/global-exam.com\/blog\/#website\"},\"datePublished\":\"2022-01-03T16:37:38+00:00\",\"dateModified\":\"2022-06-27T14:43:31+00:00\",\"breadcrumb\":{\"@id\":\"https:\/\/global-exam.com\/blog\/it\/esami\/c1-advanced\/categoria-grammatica-cambridge-cae\/#breadcrumb\"},\"inLanguage\":\"fr-FR\",\"potentialAction\":[{\"@type\":\"ReadAction\",\"target\":[\"https:\/\/global-exam.com\/blog\/it\/esami\/c1-advanced\/categoria-grammatica-cambridge-cae\/\"]}]},{\"@type\":\"BreadcrumbList\",\"@id\":\"https:\/\/global-exam.com\/blog\/it\/esami\/c1-advanced\/categoria-grammatica-cambridge-cae\/#breadcrumb\",\"itemListElement\":[{\"@type\":\"ListItem\",\"position\":1,\"name\":\"Esami\",\"item\":\"https:\/\/global-exam.com\/blog\/it\/esami\/\"},{\"@type\":\"ListItem\",\"position\":2,\"name\":\"C1 Advanced\",\"item\":\"https:\/\/global-exam.com\/blog\/it\/esami\/c1-advanced\/\"},{\"@type\":\"ListItem\",\"position\":3,\"name\":\"Grammatica Cambridge CAE\"}]}]}<\/script>\n<!-- \/ Yoast SEO plugin. -->","yoast_head_json":{"title":"Grammatica Cambridge CAE","robots":{"index":"index","follow":"follow","max-snippet":"max-snippet:-1","max-image-preview":"max-image-preview:large","max-video-preview":"max-video-preview:-1"},"canonical":"https:\/\/global-exam.com\/blog\/it\/esami\/c1-advanced\/categoria-grammatica-cambridge-cae\/","og_locale":"fr_FR","og_type":"article","og_title":"Grammatica Cambridge CAE","og_description":"Quando si impara una nuova lingua, l\u2019ostacolo pi\u00f9 grande \u00e8 solitamente rappresentato dalla\u00a0grammatica: tutte quelle regole, tutti quegli esercizi\u2026 Studiarla pu\u00f2 essere [&hellip;]","og_url":"https:\/\/global-exam.com\/blog\/it\/esami\/c1-advanced\/categoria-grammatica-cambridge-cae\/","og_site_name":"GlobalExam Blog","article_publisher":"https:\/\/www.facebook.com\/Global.Exam","article_modified_time":"2022-06-27T14:43:31+00:00","twitter_card":"summary_large_image","twitter_site":"@Global_Exam","twitter_misc":{"Dur\u00e9e de lecture estim\u00e9e":"2 minutes"},"schema":{"@context":"https:\/\/schema.org","@graph":[{"@type":"WebSite","@id":"https:\/\/global-exam.com\/blog\/#website","url":"https:\/\/global-exam.com\/blog\/","name":"GlobalExam Blog","description":"Le blog du sp\u00e9cialiste de la certification linguistique","potentialAction":[{"@type":"SearchAction","target":{"@type":"EntryPoint","urlTemplate":"https:\/\/global-exam.com\/blog\/?s={search_term_string}"},"query-input":"required name=search_term_string"}],"inLanguage":"fr-FR"},{"@type":"WebPage","@id":"https:\/\/global-exam.com\/blog\/it\/esami\/c1-advanced\/categoria-grammatica-cambridge-cae\/#webpage","url":"https:\/\/global-exam.com\/blog\/it\/esami\/c1-advanced\/categoria-grammatica-cambridge-cae\/","name":"Grammatica Cambridge CAE","isPartOf":{"@id":"https:\/\/global-exam.com\/blog\/#website"},"datePublished":"2022-01-03T16:37:38+00:00","dateModified":"2022-06-27T14:43:31+00:00","breadcrumb":{"@id":"https:\/\/global-exam.com\/blog\/it\/esami\/c1-advanced\/categoria-grammatica-cambridge-cae\/#breadcrumb"},"inLanguage":"fr-FR","potentialAction":[{"@type":"ReadAction","target":["https:\/\/global-exam.com\/blog\/it\/esami\/c1-advanced\/categoria-grammatica-cambridge-cae\/"]}]},{"@type":"BreadcrumbList","@id":"https:\/\/global-exam.com\/blog\/it\/esami\/c1-advanced\/categoria-grammatica-cambridge-cae\/#breadcrumb","itemListElement":[{"@type":"ListItem","position":1,"name":"Esami","item":"https:\/\/global-exam.com\/blog\/it\/esami\/"},{"@type":"ListItem","position":2,"name":"C1 Advanced","item":"https:\/\/global-exam.com\/blog\/it\/esami\/c1-advanced\/"},{"@type":"ListItem","position":3,"name":"Grammatica Cambridge CAE"}]}]}},"lang":"it","translations":{"it":73315},"pll_sync_post":[],"_links":{"self":[{"href":"https:\/\/global-exam.com\/blog\/wp-json\/wp\/v2\/pages\/73315"}],"collection":[{"href":"https:\/\/global-exam.com\/blog\/wp-json\/wp\/v2\/pages"}],"about":[{"href":"https:\/\/global-exam.com\/blog\/wp-json\/wp\/v2\/types\/page"}],"author":[{"embeddable":true,"href":"https:\/\/global-exam.com\/blog\/wp-json\/wp\/v2\/users\/24"}],"replies":[{"embeddable":true,"href":"https:\/\/global-exam.com\/blog\/wp-json\/wp\/v2\/comments?post=73315"}],"version-history":[{"count":3,"href":"https:\/\/global-exam.com\/blog\/wp-json\/wp\/v2\/pages\/73315\/revisions"}],"predecessor-version":[{"id":76542,"href":"https:\/\/global-exam.com\/blog\/wp-json\/wp\/v2\/pages\/73315\/revisions\/76542"}],"up":[{"embeddable":true,"href":"https:\/\/global-exam.com\/blog\/wp-json\/wp\/v2\/pages\/45101"}],"wp:attachment":[{"href":"https:\/\/global-exam.com\/blog\/wp-json\/wp\/v2\/media?parent=73315"}],"curies":[{"name":"wp","href":"https:\/\/api.w.org\/{rel}","templated":true}]}}