{"id":73318,"date":"2022-01-03T17:41:49","date_gmt":"2022-01-03T16:41:49","guid":{"rendered":"https:\/\/global-exam.com\/blog\/?page_id=73318"},"modified":"2022-06-27T16:43:31","modified_gmt":"2022-06-27T14:43:31","slug":"categoria-vocabolario-cambridge-cae","status":"publish","type":"page","link":"https:\/\/global-exam.com\/blog\/it\/esami\/c1-advanced\/categoria-vocabolario-cambridge-cae\/","title":{"rendered":"Vocabolario Cambridge CAE"},"content":{"rendered":"<p>Parole, parole, parole\u2026 Ti piacerebbe poter ricorrere ad un ampio ventaglio di vocaboli per esprimerti correttamente in vista del\u00a0<strong>Cambridge CAE<\/strong>, dando colore e sfumatura ad ogni tuo pensiero e discorso? Se ti ritrovi in questa descrizione, sei capitato nella sezione giusta! Gli articoli di questa categoria del blog ti aiuteranno ad assimilare metodi per\u00a0<strong>arricchire il tuo lessico<\/strong>\u00a0in inglese in preparazione al test CAE.<\/p>\n<p>In effetti, memorizzare nuovi vocaboli in una lingua che non \u00e8 la tua pu\u00f2 essere un\u2019impresa difficile, tanto pi\u00f9 se si tratta di una terminologia di livello avanzato. Anche in questo caso, tutto quello che puoi, o meglio devi fare \u00e8 allenarti. Fortunatamente avrai a tua disposizione un\u2019<strong>infinit\u00e0 di risorse<\/strong>\u00a0per estendere il tuo lessico: libri, film, serie TV, video, canzoni\u2026 Tutto pu\u00f2 rivelarsi estremamente utile, basta sapere come usarlo. Se ti stai chiedendo quali potrebbero essere i metodi d\u2019apprendimento pi\u00f9 adatti a te non ti preoccupare, ti daremo volentieri qualche spunto!<\/p>\n<p>Come prima cosa devi sapere che noi di\u00a0<strong>GlobalExam<\/strong>\u00a0abbiamo concepito una\u00a0<strong>piattaforma di e-learning<\/strong>\u00a0proprio per permettere agli studenti e candidati come te di usufruire di risorse e strumenti lessicali funzionali e versatili, di grande utilit\u00e0 per preparare l\u2019esame Cambridge CAE, ma non solo: in effetti, l\u2019inglese \u00e8 la lingua pi\u00f9 importante a livello internazionale ed \u00e8 anche la lingua del web, per cui capirlo e saperlo parlare diventa una prerogativa necessaria per muoversi con disinvoltura in ogni ambito della vita di tutti i giorni; conoscere pi\u00f9 parole ti consentir\u00e0 di\u00a0<strong>sviluppare la tua abilit\u00e0 comunicativa<\/strong>, tanto all\u2019orale quanto allo scritto.<\/p>\n<p>Con gli articoli che troverai all\u2019interno di questa sezione potrai prepararti al CAE senza dubbi n\u00e9 paure: ti daremo tutte le indicazioni necessarie per praticare il tuo lessico, ampliarlo e consolidarlo prima della prova d\u2019esame. Se segui i consigli di GlobalExam, superare il Cambridge CAE con il punteggio pi\u00f9 alto sar\u00e0 un vero gioco da ragazzi!<\/p>\n","protected":false},"excerpt":{"rendered":"<p>Parole, parole, parole\u2026 Ti piacerebbe poter ricorrere ad un ampio ventaglio di vocaboli per esprimerti correttamente in vista del\u00a0Cambridge CAE, dando colore [&hellip;]<\/p>\n","protected":false},"author":24,"featured_media":0,"parent":45101,"menu_order":0,"comment_status":"closed","ping_status":"closed","template":"","meta":[],"acf":[],"yoast_head":"<!-- This site is optimized with the Yoast SEO plugin v17.2.1 - https:\/\/yoast.com\/wordpress\/plugins\/seo\/ -->\n<title>Vocabolario Cambridge CAE<\/title>\n<meta name=\"robots\" content=\"index, follow, max-snippet:-1, max-image-preview:large, max-video-preview:-1\" \/>\n<link rel=\"canonical\" href=\"https:\/\/global-exam.com\/blog\/it\/esami\/c1-advanced\/categoria-vocabolario-cambridge-cae\/\" \/>\n<meta property=\"og:locale\" content=\"fr_FR\" \/>\n<meta property=\"og:type\" content=\"article\" \/>\n<meta property=\"og:title\" content=\"Vocabolario Cambridge CAE\" \/>\n<meta property=\"og:description\" content=\"Parole, parole, parole\u2026 Ti piacerebbe poter ricorrere ad un ampio ventaglio di vocaboli per esprimerti correttamente in vista del\u00a0Cambridge CAE, dando colore [&hellip;]\" \/>\n<meta property=\"og:url\" content=\"https:\/\/global-exam.com\/blog\/it\/esami\/c1-advanced\/categoria-vocabolario-cambridge-cae\/\" \/>\n<meta property=\"og:site_name\" content=\"GlobalExam Blog\" \/>\n<meta property=\"article:publisher\" content=\"https:\/\/www.facebook.com\/Global.Exam\" \/>\n<meta property=\"article:modified_time\" content=\"2022-06-27T14:43:31+00:00\" \/>\n<meta name=\"twitter:card\" content=\"summary_large_image\" \/>\n<meta name=\"twitter:site\" content=\"@Global_Exam\" \/>\n<meta name=\"twitter:label1\" content=\"Dur\u00e9e de lecture estim\u00e9e\" \/>\n\t<meta name=\"twitter:data1\" content=\"2 minutes\" \/>\n<script type=\"application\/ld+json\" class=\"yoast-schema-graph\">{\"@context\":\"https:\/\/schema.org\",\"@graph\":[{\"@type\":\"WebSite\",\"@id\":\"https:\/\/global-exam.com\/blog\/#website\",\"url\":\"https:\/\/global-exam.com\/blog\/\",\"name\":\"GlobalExam Blog\",\"description\":\"Le blog du sp\\u00e9cialiste de la certification linguistique\",\"potentialAction\":[{\"@type\":\"SearchAction\",\"target\":{\"@type\":\"EntryPoint\",\"urlTemplate\":\"https:\/\/global-exam.com\/blog\/?s={search_term_string}\"},\"query-input\":\"required name=search_term_string\"}],\"inLanguage\":\"fr-FR\"},{\"@type\":\"WebPage\",\"@id\":\"https:\/\/global-exam.com\/blog\/it\/esami\/c1-advanced\/categoria-vocabolario-cambridge-cae\/#webpage\",\"url\":\"https:\/\/global-exam.com\/blog\/it\/esami\/c1-advanced\/categoria-vocabolario-cambridge-cae\/\",\"name\":\"Vocabolario Cambridge CAE\",\"isPartOf\":{\"@id\":\"https:\/\/global-exam.com\/blog\/#website\"},\"datePublished\":\"2022-01-03T16:41:49+00:00\",\"dateModified\":\"2022-06-27T14:43:31+00:00\",\"breadcrumb\":{\"@id\":\"https:\/\/global-exam.com\/blog\/it\/esami\/c1-advanced\/categoria-vocabolario-cambridge-cae\/#breadcrumb\"},\"inLanguage\":\"fr-FR\",\"potentialAction\":[{\"@type\":\"ReadAction\",\"target\":[\"https:\/\/global-exam.com\/blog\/it\/esami\/c1-advanced\/categoria-vocabolario-cambridge-cae\/\"]}]},{\"@type\":\"BreadcrumbList\",\"@id\":\"https:\/\/global-exam.com\/blog\/it\/esami\/c1-advanced\/categoria-vocabolario-cambridge-cae\/#breadcrumb\",\"itemListElement\":[{\"@type\":\"ListItem\",\"position\":1,\"name\":\"Esami\",\"item\":\"https:\/\/global-exam.com\/blog\/it\/esami\/\"},{\"@type\":\"ListItem\",\"position\":2,\"name\":\"C1 Advanced\",\"item\":\"https:\/\/global-exam.com\/blog\/it\/esami\/c1-advanced\/\"},{\"@type\":\"ListItem\",\"position\":3,\"name\":\"Vocabolario Cambridge CAE\"}]}]}<\/script>\n<!-- \/ Yoast SEO plugin. -->","yoast_head_json":{"title":"Vocabolario Cambridge CAE","robots":{"index":"index","follow":"follow","max-snippet":"max-snippet:-1","max-image-preview":"max-image-preview:large","max-video-preview":"max-video-preview:-1"},"canonical":"https:\/\/global-exam.com\/blog\/it\/esami\/c1-advanced\/categoria-vocabolario-cambridge-cae\/","og_locale":"fr_FR","og_type":"article","og_title":"Vocabolario Cambridge CAE","og_description":"Parole, parole, parole\u2026 Ti piacerebbe poter ricorrere ad un ampio ventaglio di vocaboli per esprimerti correttamente in vista del\u00a0Cambridge CAE, dando colore [&hellip;]","og_url":"https:\/\/global-exam.com\/blog\/it\/esami\/c1-advanced\/categoria-vocabolario-cambridge-cae\/","og_site_name":"GlobalExam Blog","article_publisher":"https:\/\/www.facebook.com\/Global.Exam","article_modified_time":"2022-06-27T14:43:31+00:00","twitter_card":"summary_large_image","twitter_site":"@Global_Exam","twitter_misc":{"Dur\u00e9e de lecture estim\u00e9e":"2 minutes"},"schema":{"@context":"https:\/\/schema.org","@graph":[{"@type":"WebSite","@id":"https:\/\/global-exam.com\/blog\/#website","url":"https:\/\/global-exam.com\/blog\/","name":"GlobalExam Blog","description":"Le blog du sp\u00e9cialiste de la certification linguistique","potentialAction":[{"@type":"SearchAction","target":{"@type":"EntryPoint","urlTemplate":"https:\/\/global-exam.com\/blog\/?s={search_term_string}"},"query-input":"required name=search_term_string"}],"inLanguage":"fr-FR"},{"@type":"WebPage","@id":"https:\/\/global-exam.com\/blog\/it\/esami\/c1-advanced\/categoria-vocabolario-cambridge-cae\/#webpage","url":"https:\/\/global-exam.com\/blog\/it\/esami\/c1-advanced\/categoria-vocabolario-cambridge-cae\/","name":"Vocabolario Cambridge CAE","isPartOf":{"@id":"https:\/\/global-exam.com\/blog\/#website"},"datePublished":"2022-01-03T16:41:49+00:00","dateModified":"2022-06-27T14:43:31+00:00","breadcrumb":{"@id":"https:\/\/global-exam.com\/blog\/it\/esami\/c1-advanced\/categoria-vocabolario-cambridge-cae\/#breadcrumb"},"inLanguage":"fr-FR","potentialAction":[{"@type":"ReadAction","target":["https:\/\/global-exam.com\/blog\/it\/esami\/c1-advanced\/categoria-vocabolario-cambridge-cae\/"]}]},{"@type":"BreadcrumbList","@id":"https:\/\/global-exam.com\/blog\/it\/esami\/c1-advanced\/categoria-vocabolario-cambridge-cae\/#breadcrumb","itemListElement":[{"@type":"ListItem","position":1,"name":"Esami","item":"https:\/\/global-exam.com\/blog\/it\/esami\/"},{"@type":"ListItem","position":2,"name":"C1 Advanced","item":"https:\/\/global-exam.com\/blog\/it\/esami\/c1-advanced\/"},{"@type":"ListItem","position":3,"name":"Vocabolario Cambridge CAE"}]}]}},"lang":"it","translations":{"it":73318},"pll_sync_post":[],"_links":{"self":[{"href":"https:\/\/global-exam.com\/blog\/wp-json\/wp\/v2\/pages\/73318"}],"collection":[{"href":"https:\/\/global-exam.com\/blog\/wp-json\/wp\/v2\/pages"}],"about":[{"href":"https:\/\/global-exam.com\/blog\/wp-json\/wp\/v2\/types\/page"}],"author":[{"embeddable":true,"href":"https:\/\/global-exam.com\/blog\/wp-json\/wp\/v2\/users\/24"}],"replies":[{"embeddable":true,"href":"https:\/\/global-exam.com\/blog\/wp-json\/wp\/v2\/comments?post=73318"}],"version-history":[{"count":4,"href":"https:\/\/global-exam.com\/blog\/wp-json\/wp\/v2\/pages\/73318\/revisions"}],"predecessor-version":[{"id":76541,"href":"https:\/\/global-exam.com\/blog\/wp-json\/wp\/v2\/pages\/73318\/revisions\/76541"}],"up":[{"embeddable":true,"href":"https:\/\/global-exam.com\/blog\/wp-json\/wp\/v2\/pages\/45101"}],"wp:attachment":[{"href":"https:\/\/global-exam.com\/blog\/wp-json\/wp\/v2\/media?parent=73318"}],"curies":[{"name":"wp","href":"https:\/\/api.w.org\/{rel}","templated":true}]}}