{"id":73339,"date":"2022-01-04T10:16:27","date_gmt":"2022-01-04T09:16:27","guid":{"rendered":"https:\/\/global-exam.com\/blog\/?page_id=73339"},"modified":"2022-06-27T16:43:30","modified_gmt":"2022-06-27T14:43:30","slug":"categoria-presentazione-del-test-linguaskill","status":"publish","type":"page","link":"https:\/\/global-exam.com\/blog\/it\/esami\/linguaskill-bulats\/categoria-presentazione-del-test-linguaskill\/","title":{"rendered":"Presentazione del test Linguaskill"},"content":{"rendered":"<p>Vuoi lanciarti nell\u2019avventura di un lavoro all\u2019estero o hai deciso di tentare l<strong>\u2019iscrizione in un\u2019universit\u00e0 anglofona<\/strong>? Il\u00a0<strong>Cambridge Linguaskill<\/strong>\u00a0(ex Bulats) potrebbe essere la carta vincente per realizzare i tuoi sogni. Questa autorevole certificazione rappresenta un vero\u00a0<strong>passe-partout per dare prestigio alle tue competenze nell\u2019inglese degli affari<\/strong>.<\/p>\n<p>Ma in cosa consiste il Linguaskill,<strong>\u00a0da quante e quali prove \u00e8 composto<\/strong>\u00a0e dove pu\u00f2 sostenersi? Se ti sembra di non avere ancora sufficienti informazioni su questo esame di inglese, in questa sezione del nostro blog troverai tanti articoli utili, oltre che<strong>\u00a0consigli, costi e indicazioni sui centri abilitati<\/strong>\u00a0delle varie citt\u00e0 italiane.<\/p>\n<p>L\u2019inglese, la lingua pi\u00f9 parlata al mondo, pu\u00f2 aprirti le porte verso infinite opportunit\u00e0. Un\u2019importante azienda internazionale propone un posto di lavoro allettante e un curriculum che provi il tuo livello d\u2019inglese in ambito professionale avr\u00e0 certamente una marcia in pi\u00f9. In qualit\u00e0 di studente hai l\u2019occasione di far parte di un interessante corso di studi presso un\u2019universit\u00e0 straniera ma per il bando d\u2019iscrizione \u00e8 previsto il possesso di un diploma d\u2019inglese. Nel nostro blog ti racconteremo <strong>a chi pu\u00f2 essere utile il test Linguaskill e come affrontarlo al meglio.<\/strong><\/p>\n<p>Che tu sia quindi un lavoratore, uno studente o semplicemente un viaggiatore curioso di scoprire il mondo, noi di <strong>GlobalExam<\/strong> ti aiuteremo ad <strong>affrontare l\u2019esame Cambridge Linguaskill<\/strong> nel migliore dei modi. La nostra piattaforma online, ben organizzata e facile da usare, ti dar\u00e0 infatti la possibilit\u00e0 di <strong>testare gratuitamente il tuo livello d\u2019inglese<\/strong> grazie ai suoi pratici esercizi. Con una formula su misura a pagamento potrai inoltre accedere a vere e proprie <strong>simulazioni d\u2019esame<\/strong> e alle <strong>statistiche<\/strong> che ti aggiorneranno sui tuoi progressi in inglese. Non solo, un team di validissimi professionisti sar\u00e0 sempre a tua disposizione con tanti utili consigli.<\/p>\n","protected":false},"excerpt":{"rendered":"<p>Vuoi lanciarti nell\u2019avventura di un lavoro all\u2019estero o hai deciso di tentare l\u2019iscrizione in un\u2019universit\u00e0 anglofona? Il\u00a0Cambridge Linguaskill\u00a0(ex Bulats) potrebbe essere la [&hellip;]<\/p>\n","protected":false},"author":24,"featured_media":0,"parent":50548,"menu_order":0,"comment_status":"closed","ping_status":"closed","template":"","meta":[],"acf":[],"yoast_head":"<!-- This site is optimized with the Yoast SEO plugin v17.2.1 - https:\/\/yoast.com\/wordpress\/plugins\/seo\/ -->\n<title>Presentazione del test Linguaskill<\/title>\n<meta name=\"robots\" content=\"index, follow, max-snippet:-1, max-image-preview:large, max-video-preview:-1\" \/>\n<link rel=\"canonical\" href=\"https:\/\/global-exam.com\/blog\/it\/esami\/linguaskill-bulats\/categoria-presentazione-del-test-linguaskill\/\" \/>\n<meta property=\"og:locale\" content=\"fr_FR\" \/>\n<meta property=\"og:type\" content=\"article\" \/>\n<meta property=\"og:title\" content=\"Presentazione del test Linguaskill\" \/>\n<meta property=\"og:description\" content=\"Vuoi lanciarti nell\u2019avventura di un lavoro all\u2019estero o hai deciso di tentare l\u2019iscrizione in un\u2019universit\u00e0 anglofona? Il\u00a0Cambridge Linguaskill\u00a0(ex Bulats) potrebbe essere la [&hellip;]\" \/>\n<meta property=\"og:url\" content=\"https:\/\/global-exam.com\/blog\/it\/esami\/linguaskill-bulats\/categoria-presentazione-del-test-linguaskill\/\" \/>\n<meta property=\"og:site_name\" content=\"GlobalExam Blog\" \/>\n<meta property=\"article:publisher\" content=\"https:\/\/www.facebook.com\/Global.Exam\" \/>\n<meta property=\"article:modified_time\" content=\"2022-06-27T14:43:30+00:00\" \/>\n<meta name=\"twitter:card\" content=\"summary_large_image\" \/>\n<meta name=\"twitter:site\" content=\"@Global_Exam\" \/>\n<meta name=\"twitter:label1\" content=\"Dur\u00e9e de lecture estim\u00e9e\" \/>\n\t<meta name=\"twitter:data1\" content=\"2 minutes\" \/>\n<script type=\"application\/ld+json\" class=\"yoast-schema-graph\">{\"@context\":\"https:\/\/schema.org\",\"@graph\":[{\"@type\":\"WebSite\",\"@id\":\"https:\/\/global-exam.com\/blog\/#website\",\"url\":\"https:\/\/global-exam.com\/blog\/\",\"name\":\"GlobalExam Blog\",\"description\":\"Le blog du sp\\u00e9cialiste de la certification linguistique\",\"potentialAction\":[{\"@type\":\"SearchAction\",\"target\":{\"@type\":\"EntryPoint\",\"urlTemplate\":\"https:\/\/global-exam.com\/blog\/?s={search_term_string}\"},\"query-input\":\"required name=search_term_string\"}],\"inLanguage\":\"fr-FR\"},{\"@type\":\"WebPage\",\"@id\":\"https:\/\/global-exam.com\/blog\/it\/esami\/linguaskill-bulats\/categoria-presentazione-del-test-linguaskill\/#webpage\",\"url\":\"https:\/\/global-exam.com\/blog\/it\/esami\/linguaskill-bulats\/categoria-presentazione-del-test-linguaskill\/\",\"name\":\"Presentazione del test Linguaskill\",\"isPartOf\":{\"@id\":\"https:\/\/global-exam.com\/blog\/#website\"},\"datePublished\":\"2022-01-04T09:16:27+00:00\",\"dateModified\":\"2022-06-27T14:43:30+00:00\",\"breadcrumb\":{\"@id\":\"https:\/\/global-exam.com\/blog\/it\/esami\/linguaskill-bulats\/categoria-presentazione-del-test-linguaskill\/#breadcrumb\"},\"inLanguage\":\"fr-FR\",\"potentialAction\":[{\"@type\":\"ReadAction\",\"target\":[\"https:\/\/global-exam.com\/blog\/it\/esami\/linguaskill-bulats\/categoria-presentazione-del-test-linguaskill\/\"]}]},{\"@type\":\"BreadcrumbList\",\"@id\":\"https:\/\/global-exam.com\/blog\/it\/esami\/linguaskill-bulats\/categoria-presentazione-del-test-linguaskill\/#breadcrumb\",\"itemListElement\":[{\"@type\":\"ListItem\",\"position\":1,\"name\":\"Esami\",\"item\":\"https:\/\/global-exam.com\/blog\/it\/esami\/\"},{\"@type\":\"ListItem\",\"position\":2,\"name\":\"Linguaskill (Bulats)\",\"item\":\"https:\/\/global-exam.com\/blog\/it\/esami\/linguaskill-bulats\/\"},{\"@type\":\"ListItem\",\"position\":3,\"name\":\"Presentazione del test Linguaskill\"}]}]}<\/script>\n<!-- \/ Yoast SEO plugin. -->","yoast_head_json":{"title":"Presentazione del test Linguaskill","robots":{"index":"index","follow":"follow","max-snippet":"max-snippet:-1","max-image-preview":"max-image-preview:large","max-video-preview":"max-video-preview:-1"},"canonical":"https:\/\/global-exam.com\/blog\/it\/esami\/linguaskill-bulats\/categoria-presentazione-del-test-linguaskill\/","og_locale":"fr_FR","og_type":"article","og_title":"Presentazione del test Linguaskill","og_description":"Vuoi lanciarti nell\u2019avventura di un lavoro all\u2019estero o hai deciso di tentare l\u2019iscrizione in un\u2019universit\u00e0 anglofona? Il\u00a0Cambridge Linguaskill\u00a0(ex Bulats) potrebbe essere la [&hellip;]","og_url":"https:\/\/global-exam.com\/blog\/it\/esami\/linguaskill-bulats\/categoria-presentazione-del-test-linguaskill\/","og_site_name":"GlobalExam Blog","article_publisher":"https:\/\/www.facebook.com\/Global.Exam","article_modified_time":"2022-06-27T14:43:30+00:00","twitter_card":"summary_large_image","twitter_site":"@Global_Exam","twitter_misc":{"Dur\u00e9e de lecture estim\u00e9e":"2 minutes"},"schema":{"@context":"https:\/\/schema.org","@graph":[{"@type":"WebSite","@id":"https:\/\/global-exam.com\/blog\/#website","url":"https:\/\/global-exam.com\/blog\/","name":"GlobalExam Blog","description":"Le blog du sp\u00e9cialiste de la certification linguistique","potentialAction":[{"@type":"SearchAction","target":{"@type":"EntryPoint","urlTemplate":"https:\/\/global-exam.com\/blog\/?s={search_term_string}"},"query-input":"required name=search_term_string"}],"inLanguage":"fr-FR"},{"@type":"WebPage","@id":"https:\/\/global-exam.com\/blog\/it\/esami\/linguaskill-bulats\/categoria-presentazione-del-test-linguaskill\/#webpage","url":"https:\/\/global-exam.com\/blog\/it\/esami\/linguaskill-bulats\/categoria-presentazione-del-test-linguaskill\/","name":"Presentazione del test Linguaskill","isPartOf":{"@id":"https:\/\/global-exam.com\/blog\/#website"},"datePublished":"2022-01-04T09:16:27+00:00","dateModified":"2022-06-27T14:43:30+00:00","breadcrumb":{"@id":"https:\/\/global-exam.com\/blog\/it\/esami\/linguaskill-bulats\/categoria-presentazione-del-test-linguaskill\/#breadcrumb"},"inLanguage":"fr-FR","potentialAction":[{"@type":"ReadAction","target":["https:\/\/global-exam.com\/blog\/it\/esami\/linguaskill-bulats\/categoria-presentazione-del-test-linguaskill\/"]}]},{"@type":"BreadcrumbList","@id":"https:\/\/global-exam.com\/blog\/it\/esami\/linguaskill-bulats\/categoria-presentazione-del-test-linguaskill\/#breadcrumb","itemListElement":[{"@type":"ListItem","position":1,"name":"Esami","item":"https:\/\/global-exam.com\/blog\/it\/esami\/"},{"@type":"ListItem","position":2,"name":"Linguaskill (Bulats)","item":"https:\/\/global-exam.com\/blog\/it\/esami\/linguaskill-bulats\/"},{"@type":"ListItem","position":3,"name":"Presentazione del test Linguaskill"}]}]}},"lang":"it","translations":{"it":73339},"pll_sync_post":[],"_links":{"self":[{"href":"https:\/\/global-exam.com\/blog\/wp-json\/wp\/v2\/pages\/73339"}],"collection":[{"href":"https:\/\/global-exam.com\/blog\/wp-json\/wp\/v2\/pages"}],"about":[{"href":"https:\/\/global-exam.com\/blog\/wp-json\/wp\/v2\/types\/page"}],"author":[{"embeddable":true,"href":"https:\/\/global-exam.com\/blog\/wp-json\/wp\/v2\/users\/24"}],"replies":[{"embeddable":true,"href":"https:\/\/global-exam.com\/blog\/wp-json\/wp\/v2\/comments?post=73339"}],"version-history":[{"count":3,"href":"https:\/\/global-exam.com\/blog\/wp-json\/wp\/v2\/pages\/73339\/revisions"}],"predecessor-version":[{"id":76540,"href":"https:\/\/global-exam.com\/blog\/wp-json\/wp\/v2\/pages\/73339\/revisions\/76540"}],"up":[{"embeddable":true,"href":"https:\/\/global-exam.com\/blog\/wp-json\/wp\/v2\/pages\/50548"}],"wp:attachment":[{"href":"https:\/\/global-exam.com\/blog\/wp-json\/wp\/v2\/media?parent=73339"}],"curies":[{"name":"wp","href":"https:\/\/api.w.org\/{rel}","templated":true}]}}