{"id":73342,"date":"2022-01-04T10:21:11","date_gmt":"2022-01-04T09:21:11","guid":{"rendered":"https:\/\/global-exam.com\/blog\/?page_id=73342"},"modified":"2022-06-27T16:43:30","modified_gmt":"2022-06-27T14:43:30","slug":"categoria-istruzioni-dellesame-linguaskill","status":"publish","type":"page","link":"https:\/\/global-exam.com\/blog\/it\/esami\/linguaskill-bulats\/categoria-istruzioni-dellesame-linguaskill\/","title":{"rendered":"Istruzioni dell\u2019esame Linguaskill"},"content":{"rendered":"<p><strong>L\u2019inglese \u00e8 la lingua pi\u00f9 parlata del mondo<\/strong>\u00a0e conoscerla \u00e8 ormai considerato indispensabile per innumerevoli ragioni. Visitare paesi stranieri,\u00a0<strong>inviare un curriculum a una prestigiosa societ\u00e0 internazionale, iscriversi all\u2019universit\u00e0<\/strong>\u2026 ti verr\u00e0 chiesto in moltissime occasioni e fasi della vita di dimostrare il tuo livello di conoscenza dell\u2019inglese. La certificazione\u00a0<strong>Cambridge Linguaskill<\/strong>\u00a0\u00e8 senza dubbio un diploma all\u2019altezza di tutte queste esigenze e il nostro blog \u00e8 qui apposta per spiegarti quante sono e come vengono organizzate e strutturate le prove che verrai chiamato ad affrontare sostenendo questo esame.<\/p>\n<p>Nei nostri articoli approfondiremo infatti ogni dettaglio relativo ai moduli da cui \u00e8 composto il Linguaskill (ex Bulats). Le diverse fasi che compongono l\u2019esame, ossia <strong>Listening, Reading, Writing e Speaking<\/strong>, non avranno pi\u00f9 segreti per te. <strong>Ti forniremo tutte le informazioni e i consigli<\/strong> che ti serviranno per fronteggiare al meglio una o tutte queste prove. Avrai inoltre indicazioni pratiche su come si svolge ognuno di questi test, nonch\u00e9 la loro durata e alcuni esempi concreti del loro contenuto. A volte la struttura di queste certificazioni di inglese pu\u00f2 sembrare molto articolata; ti dimostreremo che non \u00e8 cos\u00ec.<\/p>\n<p>I nostri articoli ti aiuteranno ad avere <strong>le idee chiare su ogni prova<\/strong> e senza dubbio ti permetteranno di scegliere con maggiore chiarezza a quale modulo iscriverti. Non avrai pi\u00f9 la preoccupazione di andare a cercare in giro per il web le informazioni pi\u00f9 importanti sul Linguaskill: il blog di GlobalExam te le elencher\u00e0 tutte, insieme con <strong>tanti piccoli trucchi e consigli su come affrontare al meglio queste prove<\/strong>. Insieme ai nostri articoli, la piattaforma online di <strong>GlobalExam<\/strong> ti permetter\u00e0 di valutare il tuo livello d\u2019inglese gratuitamente e di usufruire, se ritieni che possa esserti pi\u00f9 utile, di un programma personalizzato a pagamento con simulazioni d\u2019esame e statistiche dei tuoi progressi.<\/p>\n","protected":false},"excerpt":{"rendered":"<p>L\u2019inglese \u00e8 la lingua pi\u00f9 parlata del mondo\u00a0e conoscerla \u00e8 ormai considerato indispensabile per innumerevoli ragioni. Visitare paesi stranieri,\u00a0inviare un curriculum a [&hellip;]<\/p>\n","protected":false},"author":24,"featured_media":0,"parent":50548,"menu_order":0,"comment_status":"closed","ping_status":"closed","template":"","meta":[],"acf":[],"yoast_head":"<!-- This site is optimized with the Yoast SEO plugin v17.2.1 - https:\/\/yoast.com\/wordpress\/plugins\/seo\/ -->\n<title>Istruzioni dell\u2019esame Linguaskill<\/title>\n<meta name=\"robots\" content=\"index, follow, max-snippet:-1, max-image-preview:large, max-video-preview:-1\" \/>\n<link rel=\"canonical\" href=\"https:\/\/global-exam.com\/blog\/it\/esami\/linguaskill-bulats\/categoria-istruzioni-dellesame-linguaskill\/\" \/>\n<meta property=\"og:locale\" content=\"fr_FR\" \/>\n<meta property=\"og:type\" content=\"article\" \/>\n<meta property=\"og:title\" content=\"Istruzioni dell\u2019esame Linguaskill\" \/>\n<meta property=\"og:description\" content=\"L\u2019inglese \u00e8 la lingua pi\u00f9 parlata del mondo\u00a0e conoscerla \u00e8 ormai considerato indispensabile per innumerevoli ragioni. Visitare paesi stranieri,\u00a0inviare un curriculum a [&hellip;]\" \/>\n<meta property=\"og:url\" content=\"https:\/\/global-exam.com\/blog\/it\/esami\/linguaskill-bulats\/categoria-istruzioni-dellesame-linguaskill\/\" \/>\n<meta property=\"og:site_name\" content=\"GlobalExam Blog\" \/>\n<meta property=\"article:publisher\" content=\"https:\/\/www.facebook.com\/Global.Exam\" \/>\n<meta property=\"article:modified_time\" content=\"2022-06-27T14:43:30+00:00\" \/>\n<meta name=\"twitter:card\" content=\"summary_large_image\" \/>\n<meta name=\"twitter:site\" content=\"@Global_Exam\" \/>\n<meta name=\"twitter:label1\" content=\"Dur\u00e9e de lecture estim\u00e9e\" \/>\n\t<meta name=\"twitter:data1\" content=\"1 minute\" \/>\n<script type=\"application\/ld+json\" class=\"yoast-schema-graph\">{\"@context\":\"https:\/\/schema.org\",\"@graph\":[{\"@type\":\"WebSite\",\"@id\":\"https:\/\/global-exam.com\/blog\/#website\",\"url\":\"https:\/\/global-exam.com\/blog\/\",\"name\":\"GlobalExam Blog\",\"description\":\"Le blog du sp\\u00e9cialiste de la certification linguistique\",\"potentialAction\":[{\"@type\":\"SearchAction\",\"target\":{\"@type\":\"EntryPoint\",\"urlTemplate\":\"https:\/\/global-exam.com\/blog\/?s={search_term_string}\"},\"query-input\":\"required name=search_term_string\"}],\"inLanguage\":\"fr-FR\"},{\"@type\":\"WebPage\",\"@id\":\"https:\/\/global-exam.com\/blog\/it\/esami\/linguaskill-bulats\/categoria-istruzioni-dellesame-linguaskill\/#webpage\",\"url\":\"https:\/\/global-exam.com\/blog\/it\/esami\/linguaskill-bulats\/categoria-istruzioni-dellesame-linguaskill\/\",\"name\":\"Istruzioni dell\\u2019esame Linguaskill\",\"isPartOf\":{\"@id\":\"https:\/\/global-exam.com\/blog\/#website\"},\"datePublished\":\"2022-01-04T09:21:11+00:00\",\"dateModified\":\"2022-06-27T14:43:30+00:00\",\"breadcrumb\":{\"@id\":\"https:\/\/global-exam.com\/blog\/it\/esami\/linguaskill-bulats\/categoria-istruzioni-dellesame-linguaskill\/#breadcrumb\"},\"inLanguage\":\"fr-FR\",\"potentialAction\":[{\"@type\":\"ReadAction\",\"target\":[\"https:\/\/global-exam.com\/blog\/it\/esami\/linguaskill-bulats\/categoria-istruzioni-dellesame-linguaskill\/\"]}]},{\"@type\":\"BreadcrumbList\",\"@id\":\"https:\/\/global-exam.com\/blog\/it\/esami\/linguaskill-bulats\/categoria-istruzioni-dellesame-linguaskill\/#breadcrumb\",\"itemListElement\":[{\"@type\":\"ListItem\",\"position\":1,\"name\":\"Esami\",\"item\":\"https:\/\/global-exam.com\/blog\/it\/esami\/\"},{\"@type\":\"ListItem\",\"position\":2,\"name\":\"Linguaskill (Bulats)\",\"item\":\"https:\/\/global-exam.com\/blog\/it\/esami\/linguaskill-bulats\/\"},{\"@type\":\"ListItem\",\"position\":3,\"name\":\"Istruzioni dell\\u2019esame Linguaskill\"}]}]}<\/script>\n<!-- \/ Yoast SEO plugin. -->","yoast_head_json":{"title":"Istruzioni dell\u2019esame Linguaskill","robots":{"index":"index","follow":"follow","max-snippet":"max-snippet:-1","max-image-preview":"max-image-preview:large","max-video-preview":"max-video-preview:-1"},"canonical":"https:\/\/global-exam.com\/blog\/it\/esami\/linguaskill-bulats\/categoria-istruzioni-dellesame-linguaskill\/","og_locale":"fr_FR","og_type":"article","og_title":"Istruzioni dell\u2019esame Linguaskill","og_description":"L\u2019inglese \u00e8 la lingua pi\u00f9 parlata del mondo\u00a0e conoscerla \u00e8 ormai considerato indispensabile per innumerevoli ragioni. Visitare paesi stranieri,\u00a0inviare un curriculum a [&hellip;]","og_url":"https:\/\/global-exam.com\/blog\/it\/esami\/linguaskill-bulats\/categoria-istruzioni-dellesame-linguaskill\/","og_site_name":"GlobalExam Blog","article_publisher":"https:\/\/www.facebook.com\/Global.Exam","article_modified_time":"2022-06-27T14:43:30+00:00","twitter_card":"summary_large_image","twitter_site":"@Global_Exam","twitter_misc":{"Dur\u00e9e de lecture estim\u00e9e":"1 minute"},"schema":{"@context":"https:\/\/schema.org","@graph":[{"@type":"WebSite","@id":"https:\/\/global-exam.com\/blog\/#website","url":"https:\/\/global-exam.com\/blog\/","name":"GlobalExam Blog","description":"Le blog du sp\u00e9cialiste de la certification linguistique","potentialAction":[{"@type":"SearchAction","target":{"@type":"EntryPoint","urlTemplate":"https:\/\/global-exam.com\/blog\/?s={search_term_string}"},"query-input":"required name=search_term_string"}],"inLanguage":"fr-FR"},{"@type":"WebPage","@id":"https:\/\/global-exam.com\/blog\/it\/esami\/linguaskill-bulats\/categoria-istruzioni-dellesame-linguaskill\/#webpage","url":"https:\/\/global-exam.com\/blog\/it\/esami\/linguaskill-bulats\/categoria-istruzioni-dellesame-linguaskill\/","name":"Istruzioni dell\u2019esame Linguaskill","isPartOf":{"@id":"https:\/\/global-exam.com\/blog\/#website"},"datePublished":"2022-01-04T09:21:11+00:00","dateModified":"2022-06-27T14:43:30+00:00","breadcrumb":{"@id":"https:\/\/global-exam.com\/blog\/it\/esami\/linguaskill-bulats\/categoria-istruzioni-dellesame-linguaskill\/#breadcrumb"},"inLanguage":"fr-FR","potentialAction":[{"@type":"ReadAction","target":["https:\/\/global-exam.com\/blog\/it\/esami\/linguaskill-bulats\/categoria-istruzioni-dellesame-linguaskill\/"]}]},{"@type":"BreadcrumbList","@id":"https:\/\/global-exam.com\/blog\/it\/esami\/linguaskill-bulats\/categoria-istruzioni-dellesame-linguaskill\/#breadcrumb","itemListElement":[{"@type":"ListItem","position":1,"name":"Esami","item":"https:\/\/global-exam.com\/blog\/it\/esami\/"},{"@type":"ListItem","position":2,"name":"Linguaskill (Bulats)","item":"https:\/\/global-exam.com\/blog\/it\/esami\/linguaskill-bulats\/"},{"@type":"ListItem","position":3,"name":"Istruzioni dell\u2019esame Linguaskill"}]}]}},"lang":"it","translations":{"it":73342},"pll_sync_post":[],"_links":{"self":[{"href":"https:\/\/global-exam.com\/blog\/wp-json\/wp\/v2\/pages\/73342"}],"collection":[{"href":"https:\/\/global-exam.com\/blog\/wp-json\/wp\/v2\/pages"}],"about":[{"href":"https:\/\/global-exam.com\/blog\/wp-json\/wp\/v2\/types\/page"}],"author":[{"embeddable":true,"href":"https:\/\/global-exam.com\/blog\/wp-json\/wp\/v2\/users\/24"}],"replies":[{"embeddable":true,"href":"https:\/\/global-exam.com\/blog\/wp-json\/wp\/v2\/comments?post=73342"}],"version-history":[{"count":4,"href":"https:\/\/global-exam.com\/blog\/wp-json\/wp\/v2\/pages\/73342\/revisions"}],"predecessor-version":[{"id":76539,"href":"https:\/\/global-exam.com\/blog\/wp-json\/wp\/v2\/pages\/73342\/revisions\/76539"}],"up":[{"embeddable":true,"href":"https:\/\/global-exam.com\/blog\/wp-json\/wp\/v2\/pages\/50548"}],"wp:attachment":[{"href":"https:\/\/global-exam.com\/blog\/wp-json\/wp\/v2\/media?parent=73342"}],"curies":[{"name":"wp","href":"https:\/\/api.w.org\/{rel}","templated":true}]}}