{"id":73353,"date":"2022-01-04T10:36:55","date_gmt":"2022-01-04T09:36:55","guid":{"rendered":"https:\/\/global-exam.com\/blog\/?page_id=73353"},"modified":"2022-06-27T16:43:28","modified_gmt":"2022-06-27T14:43:28","slug":"categoria-centri-desame-in-italia-linguaskill","status":"publish","type":"page","link":"https:\/\/global-exam.com\/blog\/it\/esami\/linguaskill-bulats\/categoria-centri-desame-in-italia-linguaskill\/","title":{"rendered":"Centri d\u2019esame in Italia Linguaskill"},"content":{"rendered":"<p>Se hai ormai preso la decisione di affrontare<strong>\u00a0l\u2019esame del Cambridge Linguaskill\u00a0<\/strong>per ottenere un diploma di prestigio in inglese, ti starai forse chiedendo\u00a0<strong>come fare per iscriverti<\/strong>\u00a0e soprattutto se esistono e dove si trovano i<strong>\u00a0centri d\u2019esame italiani pi\u00f9 vicini a te<\/strong>. Non dovrai perdere tempo a cercare nel web, gli articoli del nostro blog sui centri d\u2019esame in Italia sapranno dirti tutto quello che ti serve.<\/p>\n<p>Hai deciso di inviare un curriculum all\u2019azienda in cui sogni di lavorare da sempre o desideri superare a tutti i costi l\u2019esame di ammissione a quel corso di studi che tanto ti interessa?\u00a0<strong>Il Linguaskill<\/strong>\u00a0\u00e8 la scelta migliore per queste ed altre esigenze perch\u00e9 ti consentir\u00e0 di possedere una certificazione che\u00a0<strong>attesta le tue competenze in inglese<\/strong>. Ma dove puoi sostenere le prove online del Linguaskill? Esistono anche\u00a0<strong>in Italia strutture autorizzate<\/strong>\u00a0dal prestigioso Cambridge Assessment English presso cui affrontare i test di lingua?<\/p>\n<p>Certo che s\u00ec e gli articoli del nostro blog te ne parleranno dettagliatamente, elencandoti anche\u00a0<strong>i principali centri\u00a0<\/strong>disseminati sul territorio nazionale. Ti parleremo dell\u2019<strong>iter di iscrizione<\/strong>\u00a0al Linguaskill, delle\u00a0<strong>modalit\u00e0 di pagamento<\/strong>\u00a0e di tutti gli altri particolari che faciliteranno la tua iscrizione presso uno dei centri d\u2019esame.<\/p>\n<p>Se poi prima di registrarti al Linguaskill, ritieni che ti sia utile un allenamento completo, la nostra\u00a0<strong>piattaforma online GlobalExam<\/strong>, metter\u00e0 alla prova gratuitamente il tuo livello d\u2019inglese con\u00a0<strong>tanti pratici esercizi<\/strong>\u00a0a cui potrai accedere senza problemi, grazie a un sito intuitivo e di facile utilizzo. Se invece sei alla ricerca di un programma studiato appositamente per te e le tue esigenze, GlobalExam metter\u00e0 a disposizione una\u00a0<strong>formula personalizzata<\/strong>\u00a0per chi desidera essere seguito \u201cpi\u00f9 da vicino\u201d:\u00a0<strong>simulazioni d\u2019esame<\/strong>\u00a0che riprodurranno alla perfezione una vero modulo Linguaskill,\u00a0<strong>statistiche<\/strong>\u00a0che ti serviranno a tener conto dei tuoi\u00a0<strong>progressi<\/strong>\u00a0e uno staff qualificato sempre a tua disposizione.<\/p>\n","protected":false},"excerpt":{"rendered":"<p>Se hai ormai preso la decisione di affrontare\u00a0l\u2019esame del Cambridge Linguaskill\u00a0per ottenere un diploma di prestigio in inglese, ti starai forse chiedendo\u00a0come [&hellip;]<\/p>\n","protected":false},"author":24,"featured_media":0,"parent":50548,"menu_order":0,"comment_status":"closed","ping_status":"closed","template":"","meta":[],"acf":[],"yoast_head":"<!-- This site is optimized with the Yoast SEO plugin v17.2.1 - https:\/\/yoast.com\/wordpress\/plugins\/seo\/ -->\n<title>Centri d\u2019esame in Italia Linguaskill<\/title>\n<meta name=\"robots\" content=\"index, follow, max-snippet:-1, max-image-preview:large, max-video-preview:-1\" \/>\n<link rel=\"canonical\" href=\"https:\/\/global-exam.com\/blog\/it\/esami\/linguaskill-bulats\/categoria-centri-desame-in-italia-linguaskill\/\" \/>\n<meta property=\"og:locale\" content=\"fr_FR\" \/>\n<meta property=\"og:type\" content=\"article\" \/>\n<meta property=\"og:title\" content=\"Centri d\u2019esame in Italia Linguaskill\" \/>\n<meta property=\"og:description\" content=\"Se hai ormai preso la decisione di affrontare\u00a0l\u2019esame del Cambridge Linguaskill\u00a0per ottenere un diploma di prestigio in inglese, ti starai forse chiedendo\u00a0come [&hellip;]\" \/>\n<meta property=\"og:url\" content=\"https:\/\/global-exam.com\/blog\/it\/esami\/linguaskill-bulats\/categoria-centri-desame-in-italia-linguaskill\/\" \/>\n<meta property=\"og:site_name\" content=\"GlobalExam Blog\" \/>\n<meta property=\"article:publisher\" content=\"https:\/\/www.facebook.com\/Global.Exam\" \/>\n<meta property=\"article:modified_time\" content=\"2022-06-27T14:43:28+00:00\" \/>\n<meta name=\"twitter:card\" content=\"summary_large_image\" \/>\n<meta name=\"twitter:site\" content=\"@Global_Exam\" \/>\n<meta name=\"twitter:label1\" content=\"Dur\u00e9e de lecture estim\u00e9e\" \/>\n\t<meta name=\"twitter:data1\" content=\"2 minutes\" \/>\n<script type=\"application\/ld+json\" class=\"yoast-schema-graph\">{\"@context\":\"https:\/\/schema.org\",\"@graph\":[{\"@type\":\"WebSite\",\"@id\":\"https:\/\/global-exam.com\/blog\/#website\",\"url\":\"https:\/\/global-exam.com\/blog\/\",\"name\":\"GlobalExam Blog\",\"description\":\"Le blog du sp\\u00e9cialiste de la certification linguistique\",\"potentialAction\":[{\"@type\":\"SearchAction\",\"target\":{\"@type\":\"EntryPoint\",\"urlTemplate\":\"https:\/\/global-exam.com\/blog\/?s={search_term_string}\"},\"query-input\":\"required name=search_term_string\"}],\"inLanguage\":\"fr-FR\"},{\"@type\":\"WebPage\",\"@id\":\"https:\/\/global-exam.com\/blog\/it\/esami\/linguaskill-bulats\/categoria-centri-desame-in-italia-linguaskill\/#webpage\",\"url\":\"https:\/\/global-exam.com\/blog\/it\/esami\/linguaskill-bulats\/categoria-centri-desame-in-italia-linguaskill\/\",\"name\":\"Centri d\\u2019esame in Italia Linguaskill\",\"isPartOf\":{\"@id\":\"https:\/\/global-exam.com\/blog\/#website\"},\"datePublished\":\"2022-01-04T09:36:55+00:00\",\"dateModified\":\"2022-06-27T14:43:28+00:00\",\"breadcrumb\":{\"@id\":\"https:\/\/global-exam.com\/blog\/it\/esami\/linguaskill-bulats\/categoria-centri-desame-in-italia-linguaskill\/#breadcrumb\"},\"inLanguage\":\"fr-FR\",\"potentialAction\":[{\"@type\":\"ReadAction\",\"target\":[\"https:\/\/global-exam.com\/blog\/it\/esami\/linguaskill-bulats\/categoria-centri-desame-in-italia-linguaskill\/\"]}]},{\"@type\":\"BreadcrumbList\",\"@id\":\"https:\/\/global-exam.com\/blog\/it\/esami\/linguaskill-bulats\/categoria-centri-desame-in-italia-linguaskill\/#breadcrumb\",\"itemListElement\":[{\"@type\":\"ListItem\",\"position\":1,\"name\":\"Esami\",\"item\":\"https:\/\/global-exam.com\/blog\/it\/esami\/\"},{\"@type\":\"ListItem\",\"position\":2,\"name\":\"Linguaskill (Bulats)\",\"item\":\"https:\/\/global-exam.com\/blog\/it\/esami\/linguaskill-bulats\/\"},{\"@type\":\"ListItem\",\"position\":3,\"name\":\"Centri d\\u2019esame in Italia Linguaskill\"}]}]}<\/script>\n<!-- \/ Yoast SEO plugin. -->","yoast_head_json":{"title":"Centri d\u2019esame in Italia Linguaskill","robots":{"index":"index","follow":"follow","max-snippet":"max-snippet:-1","max-image-preview":"max-image-preview:large","max-video-preview":"max-video-preview:-1"},"canonical":"https:\/\/global-exam.com\/blog\/it\/esami\/linguaskill-bulats\/categoria-centri-desame-in-italia-linguaskill\/","og_locale":"fr_FR","og_type":"article","og_title":"Centri d\u2019esame in Italia Linguaskill","og_description":"Se hai ormai preso la decisione di affrontare\u00a0l\u2019esame del Cambridge Linguaskill\u00a0per ottenere un diploma di prestigio in inglese, ti starai forse chiedendo\u00a0come [&hellip;]","og_url":"https:\/\/global-exam.com\/blog\/it\/esami\/linguaskill-bulats\/categoria-centri-desame-in-italia-linguaskill\/","og_site_name":"GlobalExam Blog","article_publisher":"https:\/\/www.facebook.com\/Global.Exam","article_modified_time":"2022-06-27T14:43:28+00:00","twitter_card":"summary_large_image","twitter_site":"@Global_Exam","twitter_misc":{"Dur\u00e9e de lecture estim\u00e9e":"2 minutes"},"schema":{"@context":"https:\/\/schema.org","@graph":[{"@type":"WebSite","@id":"https:\/\/global-exam.com\/blog\/#website","url":"https:\/\/global-exam.com\/blog\/","name":"GlobalExam Blog","description":"Le blog du sp\u00e9cialiste de la certification linguistique","potentialAction":[{"@type":"SearchAction","target":{"@type":"EntryPoint","urlTemplate":"https:\/\/global-exam.com\/blog\/?s={search_term_string}"},"query-input":"required name=search_term_string"}],"inLanguage":"fr-FR"},{"@type":"WebPage","@id":"https:\/\/global-exam.com\/blog\/it\/esami\/linguaskill-bulats\/categoria-centri-desame-in-italia-linguaskill\/#webpage","url":"https:\/\/global-exam.com\/blog\/it\/esami\/linguaskill-bulats\/categoria-centri-desame-in-italia-linguaskill\/","name":"Centri d\u2019esame in Italia Linguaskill","isPartOf":{"@id":"https:\/\/global-exam.com\/blog\/#website"},"datePublished":"2022-01-04T09:36:55+00:00","dateModified":"2022-06-27T14:43:28+00:00","breadcrumb":{"@id":"https:\/\/global-exam.com\/blog\/it\/esami\/linguaskill-bulats\/categoria-centri-desame-in-italia-linguaskill\/#breadcrumb"},"inLanguage":"fr-FR","potentialAction":[{"@type":"ReadAction","target":["https:\/\/global-exam.com\/blog\/it\/esami\/linguaskill-bulats\/categoria-centri-desame-in-italia-linguaskill\/"]}]},{"@type":"BreadcrumbList","@id":"https:\/\/global-exam.com\/blog\/it\/esami\/linguaskill-bulats\/categoria-centri-desame-in-italia-linguaskill\/#breadcrumb","itemListElement":[{"@type":"ListItem","position":1,"name":"Esami","item":"https:\/\/global-exam.com\/blog\/it\/esami\/"},{"@type":"ListItem","position":2,"name":"Linguaskill (Bulats)","item":"https:\/\/global-exam.com\/blog\/it\/esami\/linguaskill-bulats\/"},{"@type":"ListItem","position":3,"name":"Centri d\u2019esame in Italia Linguaskill"}]}]}},"lang":"it","translations":{"it":73353},"pll_sync_post":[],"_links":{"self":[{"href":"https:\/\/global-exam.com\/blog\/wp-json\/wp\/v2\/pages\/73353"}],"collection":[{"href":"https:\/\/global-exam.com\/blog\/wp-json\/wp\/v2\/pages"}],"about":[{"href":"https:\/\/global-exam.com\/blog\/wp-json\/wp\/v2\/types\/page"}],"author":[{"embeddable":true,"href":"https:\/\/global-exam.com\/blog\/wp-json\/wp\/v2\/users\/24"}],"replies":[{"embeddable":true,"href":"https:\/\/global-exam.com\/blog\/wp-json\/wp\/v2\/comments?post=73353"}],"version-history":[{"count":3,"href":"https:\/\/global-exam.com\/blog\/wp-json\/wp\/v2\/pages\/73353\/revisions"}],"predecessor-version":[{"id":76536,"href":"https:\/\/global-exam.com\/blog\/wp-json\/wp\/v2\/pages\/73353\/revisions\/76536"}],"up":[{"embeddable":true,"href":"https:\/\/global-exam.com\/blog\/wp-json\/wp\/v2\/pages\/50548"}],"wp:attachment":[{"href":"https:\/\/global-exam.com\/blog\/wp-json\/wp\/v2\/media?parent=73353"}],"curies":[{"name":"wp","href":"https:\/\/api.w.org\/{rel}","templated":true}]}}