{"id":73375,"date":"2022-01-04T10:57:09","date_gmt":"2022-01-04T09:57:09","guid":{"rendered":"https:\/\/global-exam.com\/blog\/?page_id=73375"},"modified":"2022-06-27T16:43:27","modified_gmt":"2022-06-27T14:43:27","slug":"categoria-presentazione-del-test-toefl-ibt","status":"publish","type":"page","link":"https:\/\/global-exam.com\/blog\/it\/esami\/toefl-ibt\/categoria-presentazione-del-test-toefl-ibt\/","title":{"rendered":"Presentazione del test TOEFL IBT"},"content":{"rendered":"<p>Da tempo stai valutando di attestare il tuo livello di inglese, ma sei ancora indeciso sulla certificazione per cui optare? Se \u00e8 cos\u00ec, leggi gli articoli di questa sezione: ti parleremo nel dettaglio del\u00a0<strong>TOEFL<\/strong>, uno degli attestati linguistici pi\u00f9 conosciuti al mondo! TOEFL sta per\u00a0<strong>Test of English as a Foreign Language<\/strong>\u00a0ed \u00e8 un esame di propriet\u00e0 dell\u2019ente americano ETS (Educational Testing Service) che serve a certificare una conoscenza intermedia-alta della lingua inglese.<\/p>\n<p>Grazie al TOEFL, avrai la possibilit\u00e0 di provare su carta le tue competenze in inglese, tanto allo scritto quanto all\u2019orale. Che tu debba trasferirti per lavoro o per studio in un paese anglofono come<strong>\u00a0Stati Uniti, Canada, Australia o Gran Bretagna<\/strong>, o che desideri pi\u00f9 semplicemente attestare la tua conoscenza dell\u2019inglese, con il TOEFL potrai andare ovunque, proprio perch\u00e9 gode di un\u2019importante fama a livello internazionale.<\/p>\n<p>A differenza di altri esami linguistici standardizzati, <strong>il TOEFL rilascia sempre la certificazione con il punteggio raggiunto<\/strong>: pi\u00f9 alto sar\u00e0 il punteggio, migliore sar\u00e0 la valutazione finale. Per questo motivo, conviene sapere in anticipo come si articola il test, quali sono le prove previste e il tempo che avrai a disposizione per ognuna, dove e quando \u00e8 possibile sostenere l\u2019esame in Italia, quali sono i supporti e le tecniche per ottenere il punteggio pi\u00f9 alto. Se desideri misurare il tuo livello di inglese in vista dell\u2019esame, iscriviti a <strong>GlobalExam!<\/strong><\/p>\n<p>Sulla nostra piattaforma online avrai disposizione molte esercitazioni che <strong>riprendono fedelmente la struttura del TOEFL<\/strong>: avrai accesso a delle <strong>schede di ripasso per vocabolario e grammatica<\/strong>, a delle simulazioni nelle condizioni reali della prova d\u2019esame, e potrai usufruire di <strong>soluzioni personalizzate<\/strong> per migliorare secondo le tue esigenze e il tuo ritmo personale. Inoltre, potrai ricevere delle <strong>statistiche dettagliate sui tuoi progressi<\/strong>, accompagnate da consigli calzanti da parte dei nostri esperti linguistici qualificati. Vuoi saperne di pi\u00f9 sul TOEFL? Leggi gli articoli qui sotto: troverai la risposta a qualsiasi tua curiosit\u00e0!<\/p>\n","protected":false},"excerpt":{"rendered":"<p>Da tempo stai valutando di attestare il tuo livello di inglese, ma sei ancora indeciso sulla certificazione per cui optare? Se \u00e8 [&hellip;]<\/p>\n","protected":false},"author":24,"featured_media":0,"parent":47642,"menu_order":0,"comment_status":"closed","ping_status":"closed","template":"","meta":[],"acf":[],"yoast_head":"<!-- This site is optimized with the Yoast SEO plugin v17.2.1 - https:\/\/yoast.com\/wordpress\/plugins\/seo\/ -->\n<title>Presentazione del test TOEFL IBT<\/title>\n<meta name=\"robots\" content=\"index, follow, max-snippet:-1, max-image-preview:large, max-video-preview:-1\" \/>\n<link rel=\"canonical\" href=\"https:\/\/global-exam.com\/blog\/it\/esami\/toefl-ibt\/categoria-presentazione-del-test-toefl-ibt\/\" \/>\n<meta property=\"og:locale\" content=\"fr_FR\" \/>\n<meta property=\"og:type\" content=\"article\" \/>\n<meta property=\"og:title\" content=\"Presentazione del test TOEFL IBT\" \/>\n<meta property=\"og:description\" content=\"Da tempo stai valutando di attestare il tuo livello di inglese, ma sei ancora indeciso sulla certificazione per cui optare? Se \u00e8 [&hellip;]\" \/>\n<meta property=\"og:url\" content=\"https:\/\/global-exam.com\/blog\/it\/esami\/toefl-ibt\/categoria-presentazione-del-test-toefl-ibt\/\" \/>\n<meta property=\"og:site_name\" content=\"GlobalExam Blog\" \/>\n<meta property=\"article:publisher\" content=\"https:\/\/www.facebook.com\/Global.Exam\" \/>\n<meta property=\"article:modified_time\" content=\"2022-06-27T14:43:27+00:00\" \/>\n<meta name=\"twitter:card\" content=\"summary_large_image\" \/>\n<meta name=\"twitter:site\" content=\"@Global_Exam\" \/>\n<meta name=\"twitter:label1\" content=\"Dur\u00e9e de lecture estim\u00e9e\" \/>\n\t<meta name=\"twitter:data1\" content=\"2 minutes\" \/>\n<script type=\"application\/ld+json\" class=\"yoast-schema-graph\">{\"@context\":\"https:\/\/schema.org\",\"@graph\":[{\"@type\":\"WebSite\",\"@id\":\"https:\/\/global-exam.com\/blog\/#website\",\"url\":\"https:\/\/global-exam.com\/blog\/\",\"name\":\"GlobalExam Blog\",\"description\":\"Le blog du sp\\u00e9cialiste de la certification linguistique\",\"potentialAction\":[{\"@type\":\"SearchAction\",\"target\":{\"@type\":\"EntryPoint\",\"urlTemplate\":\"https:\/\/global-exam.com\/blog\/?s={search_term_string}\"},\"query-input\":\"required name=search_term_string\"}],\"inLanguage\":\"fr-FR\"},{\"@type\":\"WebPage\",\"@id\":\"https:\/\/global-exam.com\/blog\/it\/esami\/toefl-ibt\/categoria-presentazione-del-test-toefl-ibt\/#webpage\",\"url\":\"https:\/\/global-exam.com\/blog\/it\/esami\/toefl-ibt\/categoria-presentazione-del-test-toefl-ibt\/\",\"name\":\"Presentazione del test TOEFL IBT\",\"isPartOf\":{\"@id\":\"https:\/\/global-exam.com\/blog\/#website\"},\"datePublished\":\"2022-01-04T09:57:09+00:00\",\"dateModified\":\"2022-06-27T14:43:27+00:00\",\"breadcrumb\":{\"@id\":\"https:\/\/global-exam.com\/blog\/it\/esami\/toefl-ibt\/categoria-presentazione-del-test-toefl-ibt\/#breadcrumb\"},\"inLanguage\":\"fr-FR\",\"potentialAction\":[{\"@type\":\"ReadAction\",\"target\":[\"https:\/\/global-exam.com\/blog\/it\/esami\/toefl-ibt\/categoria-presentazione-del-test-toefl-ibt\/\"]}]},{\"@type\":\"BreadcrumbList\",\"@id\":\"https:\/\/global-exam.com\/blog\/it\/esami\/toefl-ibt\/categoria-presentazione-del-test-toefl-ibt\/#breadcrumb\",\"itemListElement\":[{\"@type\":\"ListItem\",\"position\":1,\"name\":\"Esami\",\"item\":\"https:\/\/global-exam.com\/blog\/it\/esami\/\"},{\"@type\":\"ListItem\",\"position\":2,\"name\":\"TOEFL IBT\",\"item\":\"https:\/\/global-exam.com\/blog\/it\/esami\/toefl-ibt\/\"},{\"@type\":\"ListItem\",\"position\":3,\"name\":\"Presentazione del test TOEFL IBT\"}]}]}<\/script>\n<!-- \/ Yoast SEO plugin. -->","yoast_head_json":{"title":"Presentazione del test TOEFL IBT","robots":{"index":"index","follow":"follow","max-snippet":"max-snippet:-1","max-image-preview":"max-image-preview:large","max-video-preview":"max-video-preview:-1"},"canonical":"https:\/\/global-exam.com\/blog\/it\/esami\/toefl-ibt\/categoria-presentazione-del-test-toefl-ibt\/","og_locale":"fr_FR","og_type":"article","og_title":"Presentazione del test TOEFL IBT","og_description":"Da tempo stai valutando di attestare il tuo livello di inglese, ma sei ancora indeciso sulla certificazione per cui optare? Se \u00e8 [&hellip;]","og_url":"https:\/\/global-exam.com\/blog\/it\/esami\/toefl-ibt\/categoria-presentazione-del-test-toefl-ibt\/","og_site_name":"GlobalExam Blog","article_publisher":"https:\/\/www.facebook.com\/Global.Exam","article_modified_time":"2022-06-27T14:43:27+00:00","twitter_card":"summary_large_image","twitter_site":"@Global_Exam","twitter_misc":{"Dur\u00e9e de lecture estim\u00e9e":"2 minutes"},"schema":{"@context":"https:\/\/schema.org","@graph":[{"@type":"WebSite","@id":"https:\/\/global-exam.com\/blog\/#website","url":"https:\/\/global-exam.com\/blog\/","name":"GlobalExam Blog","description":"Le blog du sp\u00e9cialiste de la certification linguistique","potentialAction":[{"@type":"SearchAction","target":{"@type":"EntryPoint","urlTemplate":"https:\/\/global-exam.com\/blog\/?s={search_term_string}"},"query-input":"required name=search_term_string"}],"inLanguage":"fr-FR"},{"@type":"WebPage","@id":"https:\/\/global-exam.com\/blog\/it\/esami\/toefl-ibt\/categoria-presentazione-del-test-toefl-ibt\/#webpage","url":"https:\/\/global-exam.com\/blog\/it\/esami\/toefl-ibt\/categoria-presentazione-del-test-toefl-ibt\/","name":"Presentazione del test TOEFL IBT","isPartOf":{"@id":"https:\/\/global-exam.com\/blog\/#website"},"datePublished":"2022-01-04T09:57:09+00:00","dateModified":"2022-06-27T14:43:27+00:00","breadcrumb":{"@id":"https:\/\/global-exam.com\/blog\/it\/esami\/toefl-ibt\/categoria-presentazione-del-test-toefl-ibt\/#breadcrumb"},"inLanguage":"fr-FR","potentialAction":[{"@type":"ReadAction","target":["https:\/\/global-exam.com\/blog\/it\/esami\/toefl-ibt\/categoria-presentazione-del-test-toefl-ibt\/"]}]},{"@type":"BreadcrumbList","@id":"https:\/\/global-exam.com\/blog\/it\/esami\/toefl-ibt\/categoria-presentazione-del-test-toefl-ibt\/#breadcrumb","itemListElement":[{"@type":"ListItem","position":1,"name":"Esami","item":"https:\/\/global-exam.com\/blog\/it\/esami\/"},{"@type":"ListItem","position":2,"name":"TOEFL IBT","item":"https:\/\/global-exam.com\/blog\/it\/esami\/toefl-ibt\/"},{"@type":"ListItem","position":3,"name":"Presentazione del test TOEFL IBT"}]}]}},"lang":"it","translations":{"it":73375},"pll_sync_post":[],"_links":{"self":[{"href":"https:\/\/global-exam.com\/blog\/wp-json\/wp\/v2\/pages\/73375"}],"collection":[{"href":"https:\/\/global-exam.com\/blog\/wp-json\/wp\/v2\/pages"}],"about":[{"href":"https:\/\/global-exam.com\/blog\/wp-json\/wp\/v2\/types\/page"}],"author":[{"embeddable":true,"href":"https:\/\/global-exam.com\/blog\/wp-json\/wp\/v2\/users\/24"}],"replies":[{"embeddable":true,"href":"https:\/\/global-exam.com\/blog\/wp-json\/wp\/v2\/comments?post=73375"}],"version-history":[{"count":4,"href":"https:\/\/global-exam.com\/blog\/wp-json\/wp\/v2\/pages\/73375\/revisions"}],"predecessor-version":[{"id":76535,"href":"https:\/\/global-exam.com\/blog\/wp-json\/wp\/v2\/pages\/73375\/revisions\/76535"}],"up":[{"embeddable":true,"href":"https:\/\/global-exam.com\/blog\/wp-json\/wp\/v2\/pages\/47642"}],"wp:attachment":[{"href":"https:\/\/global-exam.com\/blog\/wp-json\/wp\/v2\/media?parent=73375"}],"curies":[{"name":"wp","href":"https:\/\/api.w.org\/{rel}","templated":true}]}}