{"id":73382,"date":"2022-01-04T11:02:52","date_gmt":"2022-01-04T10:02:52","guid":{"rendered":"https:\/\/global-exam.com\/blog\/?page_id=73382"},"modified":"2022-06-27T16:43:27","modified_gmt":"2022-06-27T14:43:27","slug":"categoria-istruzioni-dellesame-toefl-ibt","status":"publish","type":"page","link":"https:\/\/global-exam.com\/blog\/it\/esami\/toefl-ibt\/categoria-istruzioni-dellesame-toefl-ibt\/","title":{"rendered":"Istruzioni dell\u2019esame TOEFL IBT"},"content":{"rendered":"<p><strong>Il TOEFL \u00e8 un test di lingua inglese standardizzato<\/strong>\u00a0e questo implica che il suo assetto e le sue consegne siano prestabilite in via ufficiale. Ad oggi, la versione pi\u00f9 comune \u00e8 il TOEFL iBT (Internet Based Test), da svolgersi online. Come saprai, \u00e8 un esame che serve a verificare il tuo livello di inglese nelle<strong>\u00a04 abilit\u00e0 linguistiche<\/strong>\u00a0principali: lettura, produzione scritta, comprensione ed espressione orale. Conoscere in anticipo la struttura dell\u2019esame e le consegne delle singole prove, cos\u00ec come le relative tempistiche, pu\u00f2 rappresentare un enorme vantaggio, oltre a permetterti di sfruttare al meglio il tempo che avrai a disposizione il giorno dell\u2019esame. A questo proposito, ti ricordiamo le 4 sezioni del test, spiegandoti velocemente cosa cosa prevedono:<\/p>\n<ul>\n<li><strong>Reading<\/strong>\u00a0(comprensione scritta): in questa sezione dovrai dimostrare di essere a tuo agio con la lettura e la comprensione di testi di natura accademica<\/li>\n<li><strong>Listening<\/strong>\u00a0(comprensione orale): questa prova dell\u2019esame serve a verificare la tua capacit\u00e0 di seguire e comprendere conversazioni di varia natura, dalle conversazioni di carattere quotidiano a quelle di ambito accademico<\/li>\n<li><strong>Writing<\/strong>\u00a0(produzione scritta): in questa sezione, sar\u00e0 verificata la tua abilit\u00e0 di produrre diversi tipi di elaborati in lingua inglese, fra cui lettere, report, recensioni e saggi<\/li>\n<li><strong>Speaking<\/strong>\u00a0(espressione orale): \u00e8 la parte destinata a verificare la tua abilit\u00e0 nel comunicare in maniera fluida ed efficace in vari contesti<\/li>\n<\/ul>\n<p>Leggendo gli articoli di questa categoria, non avrai solo delle informazioni specifiche e approfondite sulle varie parti che compongono il test TOEFL, ma scoprirai anche in che modo usufruire delle <strong>esercitazioni online<\/strong> e dei nostri <strong>consigli per ottenere il massimo punteggio<\/strong>. Per ognuna delle 4 sezioni, ti daremo infatti delle risposte precise riguardo la durata, il numero di domande, il tipo di consegna, e ti offriremo la possibilit\u00e0 di fare pratica con il nostro test di posizionamento e le simulazioni d\u2019esame. <strong>Affidati a GlobalExam<\/strong>, lo specialista delle certificazioni: ti illustreremo tutto quello che c\u2019\u00e8 da sapere sul TOEFL per arrivare preparato all\u2019esame e superarlo a occhi chiusi!<\/p>\n","protected":false},"excerpt":{"rendered":"<p>Il TOEFL \u00e8 un test di lingua inglese standardizzato\u00a0e questo implica che il suo assetto e le sue consegne siano prestabilite in [&hellip;]<\/p>\n","protected":false},"author":24,"featured_media":0,"parent":47642,"menu_order":0,"comment_status":"closed","ping_status":"closed","template":"","meta":[],"acf":[],"yoast_head":"<!-- This site is optimized with the Yoast SEO plugin v17.2.1 - https:\/\/yoast.com\/wordpress\/plugins\/seo\/ -->\n<title>Istruzioni dell\u2019esame TOEFL IBT<\/title>\n<meta name=\"robots\" content=\"index, follow, max-snippet:-1, max-image-preview:large, max-video-preview:-1\" \/>\n<link rel=\"canonical\" href=\"https:\/\/global-exam.com\/blog\/it\/esami\/toefl-ibt\/categoria-istruzioni-dellesame-toefl-ibt\/\" \/>\n<meta property=\"og:locale\" content=\"fr_FR\" \/>\n<meta property=\"og:type\" content=\"article\" \/>\n<meta property=\"og:title\" content=\"Istruzioni dell\u2019esame TOEFL IBT\" \/>\n<meta property=\"og:description\" content=\"Il TOEFL \u00e8 un test di lingua inglese standardizzato\u00a0e questo implica che il suo assetto e le sue consegne siano prestabilite in [&hellip;]\" \/>\n<meta property=\"og:url\" content=\"https:\/\/global-exam.com\/blog\/it\/esami\/toefl-ibt\/categoria-istruzioni-dellesame-toefl-ibt\/\" \/>\n<meta property=\"og:site_name\" content=\"GlobalExam Blog\" \/>\n<meta property=\"article:publisher\" content=\"https:\/\/www.facebook.com\/Global.Exam\" \/>\n<meta property=\"article:modified_time\" content=\"2022-06-27T14:43:27+00:00\" \/>\n<meta name=\"twitter:card\" content=\"summary_large_image\" \/>\n<meta name=\"twitter:site\" content=\"@Global_Exam\" \/>\n<meta name=\"twitter:label1\" content=\"Dur\u00e9e de lecture estim\u00e9e\" \/>\n\t<meta name=\"twitter:data1\" content=\"2 minutes\" \/>\n<script type=\"application\/ld+json\" class=\"yoast-schema-graph\">{\"@context\":\"https:\/\/schema.org\",\"@graph\":[{\"@type\":\"WebSite\",\"@id\":\"https:\/\/global-exam.com\/blog\/#website\",\"url\":\"https:\/\/global-exam.com\/blog\/\",\"name\":\"GlobalExam Blog\",\"description\":\"Le blog du sp\\u00e9cialiste de la certification linguistique\",\"potentialAction\":[{\"@type\":\"SearchAction\",\"target\":{\"@type\":\"EntryPoint\",\"urlTemplate\":\"https:\/\/global-exam.com\/blog\/?s={search_term_string}\"},\"query-input\":\"required name=search_term_string\"}],\"inLanguage\":\"fr-FR\"},{\"@type\":\"WebPage\",\"@id\":\"https:\/\/global-exam.com\/blog\/it\/esami\/toefl-ibt\/categoria-istruzioni-dellesame-toefl-ibt\/#webpage\",\"url\":\"https:\/\/global-exam.com\/blog\/it\/esami\/toefl-ibt\/categoria-istruzioni-dellesame-toefl-ibt\/\",\"name\":\"Istruzioni dell\\u2019esame TOEFL IBT\",\"isPartOf\":{\"@id\":\"https:\/\/global-exam.com\/blog\/#website\"},\"datePublished\":\"2022-01-04T10:02:52+00:00\",\"dateModified\":\"2022-06-27T14:43:27+00:00\",\"breadcrumb\":{\"@id\":\"https:\/\/global-exam.com\/blog\/it\/esami\/toefl-ibt\/categoria-istruzioni-dellesame-toefl-ibt\/#breadcrumb\"},\"inLanguage\":\"fr-FR\",\"potentialAction\":[{\"@type\":\"ReadAction\",\"target\":[\"https:\/\/global-exam.com\/blog\/it\/esami\/toefl-ibt\/categoria-istruzioni-dellesame-toefl-ibt\/\"]}]},{\"@type\":\"BreadcrumbList\",\"@id\":\"https:\/\/global-exam.com\/blog\/it\/esami\/toefl-ibt\/categoria-istruzioni-dellesame-toefl-ibt\/#breadcrumb\",\"itemListElement\":[{\"@type\":\"ListItem\",\"position\":1,\"name\":\"Esami\",\"item\":\"https:\/\/global-exam.com\/blog\/it\/esami\/\"},{\"@type\":\"ListItem\",\"position\":2,\"name\":\"TOEFL IBT\",\"item\":\"https:\/\/global-exam.com\/blog\/it\/esami\/toefl-ibt\/\"},{\"@type\":\"ListItem\",\"position\":3,\"name\":\"Istruzioni dell\\u2019esame TOEFL IBT\"}]}]}<\/script>\n<!-- \/ Yoast SEO plugin. -->","yoast_head_json":{"title":"Istruzioni dell\u2019esame TOEFL IBT","robots":{"index":"index","follow":"follow","max-snippet":"max-snippet:-1","max-image-preview":"max-image-preview:large","max-video-preview":"max-video-preview:-1"},"canonical":"https:\/\/global-exam.com\/blog\/it\/esami\/toefl-ibt\/categoria-istruzioni-dellesame-toefl-ibt\/","og_locale":"fr_FR","og_type":"article","og_title":"Istruzioni dell\u2019esame TOEFL IBT","og_description":"Il TOEFL \u00e8 un test di lingua inglese standardizzato\u00a0e questo implica che il suo assetto e le sue consegne siano prestabilite in [&hellip;]","og_url":"https:\/\/global-exam.com\/blog\/it\/esami\/toefl-ibt\/categoria-istruzioni-dellesame-toefl-ibt\/","og_site_name":"GlobalExam Blog","article_publisher":"https:\/\/www.facebook.com\/Global.Exam","article_modified_time":"2022-06-27T14:43:27+00:00","twitter_card":"summary_large_image","twitter_site":"@Global_Exam","twitter_misc":{"Dur\u00e9e de lecture estim\u00e9e":"2 minutes"},"schema":{"@context":"https:\/\/schema.org","@graph":[{"@type":"WebSite","@id":"https:\/\/global-exam.com\/blog\/#website","url":"https:\/\/global-exam.com\/blog\/","name":"GlobalExam Blog","description":"Le blog du sp\u00e9cialiste de la certification linguistique","potentialAction":[{"@type":"SearchAction","target":{"@type":"EntryPoint","urlTemplate":"https:\/\/global-exam.com\/blog\/?s={search_term_string}"},"query-input":"required name=search_term_string"}],"inLanguage":"fr-FR"},{"@type":"WebPage","@id":"https:\/\/global-exam.com\/blog\/it\/esami\/toefl-ibt\/categoria-istruzioni-dellesame-toefl-ibt\/#webpage","url":"https:\/\/global-exam.com\/blog\/it\/esami\/toefl-ibt\/categoria-istruzioni-dellesame-toefl-ibt\/","name":"Istruzioni dell\u2019esame TOEFL IBT","isPartOf":{"@id":"https:\/\/global-exam.com\/blog\/#website"},"datePublished":"2022-01-04T10:02:52+00:00","dateModified":"2022-06-27T14:43:27+00:00","breadcrumb":{"@id":"https:\/\/global-exam.com\/blog\/it\/esami\/toefl-ibt\/categoria-istruzioni-dellesame-toefl-ibt\/#breadcrumb"},"inLanguage":"fr-FR","potentialAction":[{"@type":"ReadAction","target":["https:\/\/global-exam.com\/blog\/it\/esami\/toefl-ibt\/categoria-istruzioni-dellesame-toefl-ibt\/"]}]},{"@type":"BreadcrumbList","@id":"https:\/\/global-exam.com\/blog\/it\/esami\/toefl-ibt\/categoria-istruzioni-dellesame-toefl-ibt\/#breadcrumb","itemListElement":[{"@type":"ListItem","position":1,"name":"Esami","item":"https:\/\/global-exam.com\/blog\/it\/esami\/"},{"@type":"ListItem","position":2,"name":"TOEFL IBT","item":"https:\/\/global-exam.com\/blog\/it\/esami\/toefl-ibt\/"},{"@type":"ListItem","position":3,"name":"Istruzioni dell\u2019esame TOEFL IBT"}]}]}},"lang":"it","translations":{"it":73382},"pll_sync_post":[],"_links":{"self":[{"href":"https:\/\/global-exam.com\/blog\/wp-json\/wp\/v2\/pages\/73382"}],"collection":[{"href":"https:\/\/global-exam.com\/blog\/wp-json\/wp\/v2\/pages"}],"about":[{"href":"https:\/\/global-exam.com\/blog\/wp-json\/wp\/v2\/types\/page"}],"author":[{"embeddable":true,"href":"https:\/\/global-exam.com\/blog\/wp-json\/wp\/v2\/users\/24"}],"replies":[{"embeddable":true,"href":"https:\/\/global-exam.com\/blog\/wp-json\/wp\/v2\/comments?post=73382"}],"version-history":[{"count":3,"href":"https:\/\/global-exam.com\/blog\/wp-json\/wp\/v2\/pages\/73382\/revisions"}],"predecessor-version":[{"id":76534,"href":"https:\/\/global-exam.com\/blog\/wp-json\/wp\/v2\/pages\/73382\/revisions\/76534"}],"up":[{"embeddable":true,"href":"https:\/\/global-exam.com\/blog\/wp-json\/wp\/v2\/pages\/47642"}],"wp:attachment":[{"href":"https:\/\/global-exam.com\/blog\/wp-json\/wp\/v2\/media?parent=73382"}],"curies":[{"name":"wp","href":"https:\/\/api.w.org\/{rel}","templated":true}]}}