{"id":73393,"date":"2022-01-04T11:06:18","date_gmt":"2022-01-04T10:06:18","guid":{"rendered":"https:\/\/global-exam.com\/blog\/?page_id=73393"},"modified":"2022-06-27T16:43:26","modified_gmt":"2022-06-27T14:43:26","slug":"categoria-avere-un-buon-punteggio-toefl-ibt","status":"publish","type":"page","link":"https:\/\/global-exam.com\/blog\/it\/esami\/toefl-ibt\/categoria-avere-un-buon-punteggio-toefl-ibt\/","title":{"rendered":"Avere un buon punteggio TOEFL IBT"},"content":{"rendered":"<p>Negli articoli di questa sezione del blog ti diremo tutto ci\u00f2 che devi sapere sulla\u00a0<strong>valutazione<\/strong>\u00a0della prova TOEFL: non solo scoprirai come viene calcolato il punteggio delle singole sezioni del test e il punteggio complessivo, ma riceverai anche tutti i nostri consigli\u00a0<strong>per superare l\u2019esame a pieni voti!<\/strong><\/p>\n<p>Innanzitutto, devi tenere presente che, per ciascuna delle 4 discipline esaminate \u2013\u00a0<strong>Reading, Listening, Writing, Speaking<\/strong>\u00a0\u2013 riceverai un risultato, che ti dar\u00e0 una visione precisa del tuo livello in ogni abilit\u00e0, dalla lettura all\u2019ascolto, dalla scrittura all\u2019espressione orale; riceverai in seguito una valutazione globale, che corrisponder\u00e0 alla media dei voti ottenuti nelle 4 singole prove.<\/p>\n<p>In particolare,<strong>\u00a0ciascuna delle 4 parti sar\u00e0 valutata in base ad una scala che va da 0 a 30 punti<\/strong>, misurata su 4\/5 livelli: a seconda del numero di risposte corrette e della qualit\u00e0 del tuo inglese scritto e orale, ti sar\u00e0 assegnato un voto pi\u00f9 o meno alto.\u00a0<strong>La somma dei 4 singoli punteggi che riceverai dar\u00e0 poi il voto finale<\/strong>, che pu\u00f2 andare\u00a0<strong>da 0 a 120 punti<\/strong>.<\/p>\n<p>Pu\u00f2 accadere che alcune universit\u00e0, corsi o enti internazionali richiedano di aver conseguito un punteggio minimo al TOEFL: per esempio, <strong>le universit\u00e0 richiedono generalmente un minimo di 70-100 punti<\/strong>, che nel <strong>QCER<\/strong> (Quadro comune di riferimento per la conoscenza delle lingue) corrisponde ad un <strong>B2\/C1<\/strong>. Per ottenere il punteggio pi\u00f9 alto al TOEFL, sar\u00e0 imprescindibile conoscere bene le consegne e le tempistiche delle singole sezioni. E come? Ma ovvio, con GlobalExam!<\/p>\n<p><strong>GlobalExam<\/strong> ti d\u00e0 la possibilit\u00e0 di accedere a delle vere e proprie <strong>simulazioni della prova d\u2019esame<\/strong>: non solo potrai usufruire gratuitamente di esercitazioni e schede di ripasso per vocabolario e grammatica, ma potrai anche sbloccare tantissime altre funzionalit\u00e0 a pagamento, ritagliate su misura per te. Perch\u00e9 accontentarsi della sufficienza, quando puoi tranquillamente puntare al massimo? Leggi tutti i nostri articoli per raggiungere il successo al TOEFL!<\/p>\n","protected":false},"excerpt":{"rendered":"<p>Negli articoli di questa sezione del blog ti diremo tutto ci\u00f2 che devi sapere sulla\u00a0valutazione\u00a0della prova TOEFL: non solo scoprirai come viene [&hellip;]<\/p>\n","protected":false},"author":24,"featured_media":0,"parent":47642,"menu_order":0,"comment_status":"closed","ping_status":"closed","template":"","meta":[],"acf":[],"yoast_head":"<!-- This site is optimized with the Yoast SEO plugin v17.2.1 - https:\/\/yoast.com\/wordpress\/plugins\/seo\/ -->\n<title>Avere un buon punteggio TOEFL IBT<\/title>\n<meta name=\"robots\" content=\"index, follow, max-snippet:-1, max-image-preview:large, max-video-preview:-1\" \/>\n<link rel=\"canonical\" href=\"https:\/\/global-exam.com\/blog\/it\/esami\/toefl-ibt\/categoria-avere-un-buon-punteggio-toefl-ibt\/\" \/>\n<meta property=\"og:locale\" content=\"fr_FR\" \/>\n<meta property=\"og:type\" content=\"article\" \/>\n<meta property=\"og:title\" content=\"Avere un buon punteggio TOEFL IBT\" \/>\n<meta property=\"og:description\" content=\"Negli articoli di questa sezione del blog ti diremo tutto ci\u00f2 che devi sapere sulla\u00a0valutazione\u00a0della prova TOEFL: non solo scoprirai come viene [&hellip;]\" \/>\n<meta property=\"og:url\" content=\"https:\/\/global-exam.com\/blog\/it\/esami\/toefl-ibt\/categoria-avere-un-buon-punteggio-toefl-ibt\/\" \/>\n<meta property=\"og:site_name\" content=\"GlobalExam Blog\" \/>\n<meta property=\"article:publisher\" content=\"https:\/\/www.facebook.com\/Global.Exam\" \/>\n<meta property=\"article:modified_time\" content=\"2022-06-27T14:43:26+00:00\" \/>\n<meta name=\"twitter:card\" content=\"summary_large_image\" \/>\n<meta name=\"twitter:site\" content=\"@Global_Exam\" \/>\n<meta name=\"twitter:label1\" content=\"Dur\u00e9e de lecture estim\u00e9e\" \/>\n\t<meta name=\"twitter:data1\" content=\"2 minutes\" \/>\n<script type=\"application\/ld+json\" class=\"yoast-schema-graph\">{\"@context\":\"https:\/\/schema.org\",\"@graph\":[{\"@type\":\"WebSite\",\"@id\":\"https:\/\/global-exam.com\/blog\/#website\",\"url\":\"https:\/\/global-exam.com\/blog\/\",\"name\":\"GlobalExam Blog\",\"description\":\"Le blog du sp\\u00e9cialiste de la certification linguistique\",\"potentialAction\":[{\"@type\":\"SearchAction\",\"target\":{\"@type\":\"EntryPoint\",\"urlTemplate\":\"https:\/\/global-exam.com\/blog\/?s={search_term_string}\"},\"query-input\":\"required name=search_term_string\"}],\"inLanguage\":\"fr-FR\"},{\"@type\":\"WebPage\",\"@id\":\"https:\/\/global-exam.com\/blog\/it\/esami\/toefl-ibt\/categoria-avere-un-buon-punteggio-toefl-ibt\/#webpage\",\"url\":\"https:\/\/global-exam.com\/blog\/it\/esami\/toefl-ibt\/categoria-avere-un-buon-punteggio-toefl-ibt\/\",\"name\":\"Avere un buon punteggio TOEFL IBT\",\"isPartOf\":{\"@id\":\"https:\/\/global-exam.com\/blog\/#website\"},\"datePublished\":\"2022-01-04T10:06:18+00:00\",\"dateModified\":\"2022-06-27T14:43:26+00:00\",\"breadcrumb\":{\"@id\":\"https:\/\/global-exam.com\/blog\/it\/esami\/toefl-ibt\/categoria-avere-un-buon-punteggio-toefl-ibt\/#breadcrumb\"},\"inLanguage\":\"fr-FR\",\"potentialAction\":[{\"@type\":\"ReadAction\",\"target\":[\"https:\/\/global-exam.com\/blog\/it\/esami\/toefl-ibt\/categoria-avere-un-buon-punteggio-toefl-ibt\/\"]}]},{\"@type\":\"BreadcrumbList\",\"@id\":\"https:\/\/global-exam.com\/blog\/it\/esami\/toefl-ibt\/categoria-avere-un-buon-punteggio-toefl-ibt\/#breadcrumb\",\"itemListElement\":[{\"@type\":\"ListItem\",\"position\":1,\"name\":\"Esami\",\"item\":\"https:\/\/global-exam.com\/blog\/it\/esami\/\"},{\"@type\":\"ListItem\",\"position\":2,\"name\":\"TOEFL IBT\",\"item\":\"https:\/\/global-exam.com\/blog\/it\/esami\/toefl-ibt\/\"},{\"@type\":\"ListItem\",\"position\":3,\"name\":\"Avere un buon punteggio TOEFL IBT\"}]}]}<\/script>\n<!-- \/ Yoast SEO plugin. -->","yoast_head_json":{"title":"Avere un buon punteggio TOEFL IBT","robots":{"index":"index","follow":"follow","max-snippet":"max-snippet:-1","max-image-preview":"max-image-preview:large","max-video-preview":"max-video-preview:-1"},"canonical":"https:\/\/global-exam.com\/blog\/it\/esami\/toefl-ibt\/categoria-avere-un-buon-punteggio-toefl-ibt\/","og_locale":"fr_FR","og_type":"article","og_title":"Avere un buon punteggio TOEFL IBT","og_description":"Negli articoli di questa sezione del blog ti diremo tutto ci\u00f2 che devi sapere sulla\u00a0valutazione\u00a0della prova TOEFL: non solo scoprirai come viene [&hellip;]","og_url":"https:\/\/global-exam.com\/blog\/it\/esami\/toefl-ibt\/categoria-avere-un-buon-punteggio-toefl-ibt\/","og_site_name":"GlobalExam Blog","article_publisher":"https:\/\/www.facebook.com\/Global.Exam","article_modified_time":"2022-06-27T14:43:26+00:00","twitter_card":"summary_large_image","twitter_site":"@Global_Exam","twitter_misc":{"Dur\u00e9e de lecture estim\u00e9e":"2 minutes"},"schema":{"@context":"https:\/\/schema.org","@graph":[{"@type":"WebSite","@id":"https:\/\/global-exam.com\/blog\/#website","url":"https:\/\/global-exam.com\/blog\/","name":"GlobalExam Blog","description":"Le blog du sp\u00e9cialiste de la certification linguistique","potentialAction":[{"@type":"SearchAction","target":{"@type":"EntryPoint","urlTemplate":"https:\/\/global-exam.com\/blog\/?s={search_term_string}"},"query-input":"required name=search_term_string"}],"inLanguage":"fr-FR"},{"@type":"WebPage","@id":"https:\/\/global-exam.com\/blog\/it\/esami\/toefl-ibt\/categoria-avere-un-buon-punteggio-toefl-ibt\/#webpage","url":"https:\/\/global-exam.com\/blog\/it\/esami\/toefl-ibt\/categoria-avere-un-buon-punteggio-toefl-ibt\/","name":"Avere un buon punteggio TOEFL IBT","isPartOf":{"@id":"https:\/\/global-exam.com\/blog\/#website"},"datePublished":"2022-01-04T10:06:18+00:00","dateModified":"2022-06-27T14:43:26+00:00","breadcrumb":{"@id":"https:\/\/global-exam.com\/blog\/it\/esami\/toefl-ibt\/categoria-avere-un-buon-punteggio-toefl-ibt\/#breadcrumb"},"inLanguage":"fr-FR","potentialAction":[{"@type":"ReadAction","target":["https:\/\/global-exam.com\/blog\/it\/esami\/toefl-ibt\/categoria-avere-un-buon-punteggio-toefl-ibt\/"]}]},{"@type":"BreadcrumbList","@id":"https:\/\/global-exam.com\/blog\/it\/esami\/toefl-ibt\/categoria-avere-un-buon-punteggio-toefl-ibt\/#breadcrumb","itemListElement":[{"@type":"ListItem","position":1,"name":"Esami","item":"https:\/\/global-exam.com\/blog\/it\/esami\/"},{"@type":"ListItem","position":2,"name":"TOEFL IBT","item":"https:\/\/global-exam.com\/blog\/it\/esami\/toefl-ibt\/"},{"@type":"ListItem","position":3,"name":"Avere un buon punteggio TOEFL IBT"}]}]}},"lang":"it","translations":{"it":73393},"pll_sync_post":[],"_links":{"self":[{"href":"https:\/\/global-exam.com\/blog\/wp-json\/wp\/v2\/pages\/73393"}],"collection":[{"href":"https:\/\/global-exam.com\/blog\/wp-json\/wp\/v2\/pages"}],"about":[{"href":"https:\/\/global-exam.com\/blog\/wp-json\/wp\/v2\/types\/page"}],"author":[{"embeddable":true,"href":"https:\/\/global-exam.com\/blog\/wp-json\/wp\/v2\/users\/24"}],"replies":[{"embeddable":true,"href":"https:\/\/global-exam.com\/blog\/wp-json\/wp\/v2\/comments?post=73393"}],"version-history":[{"count":3,"href":"https:\/\/global-exam.com\/blog\/wp-json\/wp\/v2\/pages\/73393\/revisions"}],"predecessor-version":[{"id":76533,"href":"https:\/\/global-exam.com\/blog\/wp-json\/wp\/v2\/pages\/73393\/revisions\/76533"}],"up":[{"embeddable":true,"href":"https:\/\/global-exam.com\/blog\/wp-json\/wp\/v2\/pages\/47642"}],"wp:attachment":[{"href":"https:\/\/global-exam.com\/blog\/wp-json\/wp\/v2\/media?parent=73393"}],"curies":[{"name":"wp","href":"https:\/\/api.w.org\/{rel}","templated":true}]}}