{"id":73424,"date":"2022-01-04T11:22:35","date_gmt":"2022-01-04T10:22:35","guid":{"rendered":"https:\/\/global-exam.com\/blog\/?page_id=73424"},"modified":"2022-06-27T16:43:24","modified_gmt":"2022-06-27T14:43:24","slug":"categoria-grammatica-toefl-ibt","status":"publish","type":"page","link":"https:\/\/global-exam.com\/blog\/it\/esami\/toefl-ibt\/categoria-grammatica-toefl-ibt\/","title":{"rendered":"Grammatica TOEFL IBT"},"content":{"rendered":"<p><strong>Padroneggiare la grammatica inglese \u00e8 essenziale<\/strong>, tanto all\u2019orale quanto allo scritto, per raggiungere il massimo al test TOEFL. In questa sezione del blog troverai vari articoli che ti illustreranno\u00a0<strong>come<\/strong>\u00a0conviene\u00a0<strong>approcciarsi allo studio<\/strong>\u00a0e al ripasso delle pi\u00f9 importanti unit\u00e0 grammaticali. Come gi\u00e0 sai, il\u00a0<strong>TOEFL<\/strong>\u00a0\u00e8 un test di lingua standardizzato, e in quanto tale non potr\u00e0 coglierti alla sprovvista il giorno della prova: la struttura e le consegne previste sono sempre comunicate in via ufficiale, oltre a essere generalmente sempre le stesse.<\/p>\n<p>Ecco perch\u00e9 il segreto per ottenere un buon risultato \u00e8 quello di conoscere bene gli esercizi che ti aspettano e di fare molta pratica. Consolidando la grammatica, ti sentirai insomma molto pi\u00f9 sicuro quando dovrai affrontare il test: in questa sezione,\u00a0<strong>scoprirai molti trucchi efficaci per assimilare al meglio le regole grammaticali<\/strong>, anche quelle pi\u00f9 complesse, e incrementare la tua preparazione.<\/p>\n<p>A questo scopo, con <strong>GlobalExam<\/strong> ti diamo la possibilit\u00e0 di accedere a numerose <strong>schede didattiche di grammatica<\/strong> \u2013 ma non solo! \u2013 per rafforzare le tue competenze, e per individuare quanto prima eventuali lacune sulle quali lavorare in vista dell\u2019esame. Per fare pratica, potrai dunque accedere sia al nostro <strong>test di posizionamento<\/strong> che alle nostre <strong>esercitazioni online<\/strong>, potrai sbloccare a pagamento le nostre offerte formative personalizzate, grazie alle quali potrai seguire dei percorsi di studio fatti su misura per te, e avrai a disposizione delle fedeli <strong>simulazioni nelle reali condizioni dell\u2019esame<\/strong>.<\/p>\n<p>Ma non \u00e8 tutto, perch\u00e9 con i servizi personalizzati di GlobalExam ti saranno inviati dei consigli e delle <strong>statistiche sui tuoi progressi<\/strong> da parte dei nostri insegnanti qualificati: degli strumenti infallibili per superare il TOEFL a pieni voti! Vedrai che una volta raggiunto il livello richiesto, il TOEFL non ti sembrer\u00e0 pi\u00f9 cos\u00ec insidioso come prima. Che aspetti? Unisciti all\u2019avventura: GlobalExam \u00e8 con te!<\/p>\n","protected":false},"excerpt":{"rendered":"<p>Padroneggiare la grammatica inglese \u00e8 essenziale, tanto all\u2019orale quanto allo scritto, per raggiungere il massimo al test TOEFL. In questa sezione del [&hellip;]<\/p>\n","protected":false},"author":24,"featured_media":0,"parent":47642,"menu_order":0,"comment_status":"closed","ping_status":"closed","template":"","meta":[],"acf":[],"yoast_head":"<!-- This site is optimized with the Yoast SEO plugin v17.2.1 - https:\/\/yoast.com\/wordpress\/plugins\/seo\/ -->\n<title>Grammatica TOEFL IBT<\/title>\n<meta name=\"robots\" content=\"index, follow, max-snippet:-1, max-image-preview:large, max-video-preview:-1\" \/>\n<link rel=\"canonical\" href=\"https:\/\/global-exam.com\/blog\/it\/esami\/toefl-ibt\/categoria-grammatica-toefl-ibt\/\" \/>\n<meta property=\"og:locale\" content=\"fr_FR\" \/>\n<meta property=\"og:type\" content=\"article\" \/>\n<meta property=\"og:title\" content=\"Grammatica TOEFL IBT\" \/>\n<meta property=\"og:description\" content=\"Padroneggiare la grammatica inglese \u00e8 essenziale, tanto all\u2019orale quanto allo scritto, per raggiungere il massimo al test TOEFL. In questa sezione del [&hellip;]\" \/>\n<meta property=\"og:url\" content=\"https:\/\/global-exam.com\/blog\/it\/esami\/toefl-ibt\/categoria-grammatica-toefl-ibt\/\" \/>\n<meta property=\"og:site_name\" content=\"GlobalExam Blog\" \/>\n<meta property=\"article:publisher\" content=\"https:\/\/www.facebook.com\/Global.Exam\" \/>\n<meta property=\"article:modified_time\" content=\"2022-06-27T14:43:24+00:00\" \/>\n<meta name=\"twitter:card\" content=\"summary_large_image\" \/>\n<meta name=\"twitter:site\" content=\"@Global_Exam\" \/>\n<meta name=\"twitter:label1\" content=\"Dur\u00e9e de lecture estim\u00e9e\" \/>\n\t<meta name=\"twitter:data1\" content=\"1 minute\" \/>\n<script type=\"application\/ld+json\" class=\"yoast-schema-graph\">{\"@context\":\"https:\/\/schema.org\",\"@graph\":[{\"@type\":\"WebSite\",\"@id\":\"https:\/\/global-exam.com\/blog\/#website\",\"url\":\"https:\/\/global-exam.com\/blog\/\",\"name\":\"GlobalExam Blog\",\"description\":\"Le blog du sp\\u00e9cialiste de la certification linguistique\",\"potentialAction\":[{\"@type\":\"SearchAction\",\"target\":{\"@type\":\"EntryPoint\",\"urlTemplate\":\"https:\/\/global-exam.com\/blog\/?s={search_term_string}\"},\"query-input\":\"required name=search_term_string\"}],\"inLanguage\":\"fr-FR\"},{\"@type\":\"WebPage\",\"@id\":\"https:\/\/global-exam.com\/blog\/it\/esami\/toefl-ibt\/categoria-grammatica-toefl-ibt\/#webpage\",\"url\":\"https:\/\/global-exam.com\/blog\/it\/esami\/toefl-ibt\/categoria-grammatica-toefl-ibt\/\",\"name\":\"Grammatica TOEFL IBT\",\"isPartOf\":{\"@id\":\"https:\/\/global-exam.com\/blog\/#website\"},\"datePublished\":\"2022-01-04T10:22:35+00:00\",\"dateModified\":\"2022-06-27T14:43:24+00:00\",\"breadcrumb\":{\"@id\":\"https:\/\/global-exam.com\/blog\/it\/esami\/toefl-ibt\/categoria-grammatica-toefl-ibt\/#breadcrumb\"},\"inLanguage\":\"fr-FR\",\"potentialAction\":[{\"@type\":\"ReadAction\",\"target\":[\"https:\/\/global-exam.com\/blog\/it\/esami\/toefl-ibt\/categoria-grammatica-toefl-ibt\/\"]}]},{\"@type\":\"BreadcrumbList\",\"@id\":\"https:\/\/global-exam.com\/blog\/it\/esami\/toefl-ibt\/categoria-grammatica-toefl-ibt\/#breadcrumb\",\"itemListElement\":[{\"@type\":\"ListItem\",\"position\":1,\"name\":\"Esami\",\"item\":\"https:\/\/global-exam.com\/blog\/it\/esami\/\"},{\"@type\":\"ListItem\",\"position\":2,\"name\":\"TOEFL IBT\",\"item\":\"https:\/\/global-exam.com\/blog\/it\/esami\/toefl-ibt\/\"},{\"@type\":\"ListItem\",\"position\":3,\"name\":\"Grammatica TOEFL IBT\"}]}]}<\/script>\n<!-- \/ Yoast SEO plugin. -->","yoast_head_json":{"title":"Grammatica TOEFL IBT","robots":{"index":"index","follow":"follow","max-snippet":"max-snippet:-1","max-image-preview":"max-image-preview:large","max-video-preview":"max-video-preview:-1"},"canonical":"https:\/\/global-exam.com\/blog\/it\/esami\/toefl-ibt\/categoria-grammatica-toefl-ibt\/","og_locale":"fr_FR","og_type":"article","og_title":"Grammatica TOEFL IBT","og_description":"Padroneggiare la grammatica inglese \u00e8 essenziale, tanto all\u2019orale quanto allo scritto, per raggiungere il massimo al test TOEFL. In questa sezione del [&hellip;]","og_url":"https:\/\/global-exam.com\/blog\/it\/esami\/toefl-ibt\/categoria-grammatica-toefl-ibt\/","og_site_name":"GlobalExam Blog","article_publisher":"https:\/\/www.facebook.com\/Global.Exam","article_modified_time":"2022-06-27T14:43:24+00:00","twitter_card":"summary_large_image","twitter_site":"@Global_Exam","twitter_misc":{"Dur\u00e9e de lecture estim\u00e9e":"1 minute"},"schema":{"@context":"https:\/\/schema.org","@graph":[{"@type":"WebSite","@id":"https:\/\/global-exam.com\/blog\/#website","url":"https:\/\/global-exam.com\/blog\/","name":"GlobalExam Blog","description":"Le blog du sp\u00e9cialiste de la certification linguistique","potentialAction":[{"@type":"SearchAction","target":{"@type":"EntryPoint","urlTemplate":"https:\/\/global-exam.com\/blog\/?s={search_term_string}"},"query-input":"required name=search_term_string"}],"inLanguage":"fr-FR"},{"@type":"WebPage","@id":"https:\/\/global-exam.com\/blog\/it\/esami\/toefl-ibt\/categoria-grammatica-toefl-ibt\/#webpage","url":"https:\/\/global-exam.com\/blog\/it\/esami\/toefl-ibt\/categoria-grammatica-toefl-ibt\/","name":"Grammatica TOEFL IBT","isPartOf":{"@id":"https:\/\/global-exam.com\/blog\/#website"},"datePublished":"2022-01-04T10:22:35+00:00","dateModified":"2022-06-27T14:43:24+00:00","breadcrumb":{"@id":"https:\/\/global-exam.com\/blog\/it\/esami\/toefl-ibt\/categoria-grammatica-toefl-ibt\/#breadcrumb"},"inLanguage":"fr-FR","potentialAction":[{"@type":"ReadAction","target":["https:\/\/global-exam.com\/blog\/it\/esami\/toefl-ibt\/categoria-grammatica-toefl-ibt\/"]}]},{"@type":"BreadcrumbList","@id":"https:\/\/global-exam.com\/blog\/it\/esami\/toefl-ibt\/categoria-grammatica-toefl-ibt\/#breadcrumb","itemListElement":[{"@type":"ListItem","position":1,"name":"Esami","item":"https:\/\/global-exam.com\/blog\/it\/esami\/"},{"@type":"ListItem","position":2,"name":"TOEFL IBT","item":"https:\/\/global-exam.com\/blog\/it\/esami\/toefl-ibt\/"},{"@type":"ListItem","position":3,"name":"Grammatica TOEFL IBT"}]}]}},"lang":"it","translations":{"it":73424},"pll_sync_post":[],"_links":{"self":[{"href":"https:\/\/global-exam.com\/blog\/wp-json\/wp\/v2\/pages\/73424"}],"collection":[{"href":"https:\/\/global-exam.com\/blog\/wp-json\/wp\/v2\/pages"}],"about":[{"href":"https:\/\/global-exam.com\/blog\/wp-json\/wp\/v2\/types\/page"}],"author":[{"embeddable":true,"href":"https:\/\/global-exam.com\/blog\/wp-json\/wp\/v2\/users\/24"}],"replies":[{"embeddable":true,"href":"https:\/\/global-exam.com\/blog\/wp-json\/wp\/v2\/comments?post=73424"}],"version-history":[{"count":3,"href":"https:\/\/global-exam.com\/blog\/wp-json\/wp\/v2\/pages\/73424\/revisions"}],"predecessor-version":[{"id":76530,"href":"https:\/\/global-exam.com\/blog\/wp-json\/wp\/v2\/pages\/73424\/revisions\/76530"}],"up":[{"embeddable":true,"href":"https:\/\/global-exam.com\/blog\/wp-json\/wp\/v2\/pages\/47642"}],"wp:attachment":[{"href":"https:\/\/global-exam.com\/blog\/wp-json\/wp\/v2\/media?parent=73424"}],"curies":[{"name":"wp","href":"https:\/\/api.w.org\/{rel}","templated":true}]}}