{"id":73427,"date":"2022-01-04T11:26:14","date_gmt":"2022-01-04T10:26:14","guid":{"rendered":"https:\/\/global-exam.com\/blog\/?page_id=73427"},"modified":"2022-06-27T16:43:24","modified_gmt":"2022-06-27T14:43:24","slug":"categoria-vocabolario-toefl-ibt","status":"publish","type":"page","link":"https:\/\/global-exam.com\/blog\/it\/esami\/toefl-ibt\/categoria-vocabolario-toefl-ibt\/","title":{"rendered":"Vocabolario TOEFL IBT"},"content":{"rendered":"<p>L\u2019inglese \u00e8 una delle lingue pi\u00f9 importanti e diffuse a livello internazionale ed \u00e8 anche la lingua del web, per cui comprenderlo e saperlo parlare \u00e8 ormai una condizione necessaria per muoversi con disinvoltura in molti ambiti della vita di tutti i giorni. Basti pensare a\u00a0<strong>tutte le parole inglesi che usiamo quotidianamente<\/strong>\u00a0senza quasi accorgercene: smartphone, chat, newsletter, streaming, social, password, ecc. ecc. Tutti questi termini fanno parte ormai del nostro vocabolario a tutti gli effetti, e possiamo dire che sono destinati ad aumentare, avvicinandoci sempre pi\u00f9 al panorama anglofono.<\/p>\n<p>In quest\u2019ottica,\u00a0<strong>ampliare il tuo vocabolario d\u2019inglese<\/strong>\u00a0ti permetter\u00e0 di incrementare le tue capacit\u00e0 di comunicazione, sia all\u2019orale che allo scritto. Si sa che imparare e\u00a0<strong>memorizzare nuovi vocaboli<\/strong>\u00a0in un\u2019altra lingua non \u00e8 un\u2019impresa facile, ma per fortuna ci sono varie strategie d\u2019apprendimento per raggiungere degli ottimi risultati. Ti stai domandando quali potrebbero essere\u00a0<strong>i supporti e le tecniche pi\u00f9 adatte<\/strong>\u00a0a te? Scopriamolo subito insieme!<\/p>\n<p>Tanto per cominciare, potrai usufruire delle <strong>risorse lessicali messe a disposizione su GlobalExam<\/strong>, la nostra piattaforma e-learning: liste di parole, lezioni ed esercitazioni pratiche mirate per apprendere nuovi termini e nuove espressioni, utili anche a dare le giuste nuances di significato ai tuoi elaborati scritti e alle tue esposizioni. Come immagini, il metodo migliore \u00e8 quello di ripetere spesso le nuove parole apprese, fare connessioni logiche con altri termini che conosci e applicarle correttamente a livello semantico.<\/p>\n<p>Con la versione Premium di GlobalExam, riceverai suggerimenti ad hoc dai nostri professori qualificati, che ti accompagneranno nella <strong>preparazione del TOEFL<\/strong> con correzioni e report sui tuoi progressi: tutte risorse preziosissime per potenziare le tue competenze in inglese e per individuare eventuali lacune, consentendoti di migliorare con rapidit\u00e0 ed efficacia. Negli articoli che troverai all\u2019interno di questa sezione cercheremo di illustrarti in che modo <strong>fare pratica e infoltire il tuo lessico in vista della prova<\/strong>. Se segui i consigli di GlobalExam, superare a pieni voti il TOEFL un vero gioco da ragazzi!<\/p>\n","protected":false},"excerpt":{"rendered":"<p>L\u2019inglese \u00e8 una delle lingue pi\u00f9 importanti e diffuse a livello internazionale ed \u00e8 anche la lingua del web, per cui comprenderlo [&hellip;]<\/p>\n","protected":false},"author":24,"featured_media":0,"parent":47642,"menu_order":0,"comment_status":"closed","ping_status":"closed","template":"","meta":[],"acf":[],"yoast_head":"<!-- This site is optimized with the Yoast SEO plugin v17.2.1 - https:\/\/yoast.com\/wordpress\/plugins\/seo\/ -->\n<title>Vocabolario TOEFL IBT<\/title>\n<meta name=\"robots\" content=\"index, follow, max-snippet:-1, max-image-preview:large, max-video-preview:-1\" \/>\n<link rel=\"canonical\" href=\"https:\/\/global-exam.com\/blog\/it\/esami\/toefl-ibt\/categoria-vocabolario-toefl-ibt\/\" \/>\n<meta property=\"og:locale\" content=\"fr_FR\" \/>\n<meta property=\"og:type\" content=\"article\" \/>\n<meta property=\"og:title\" content=\"Vocabolario TOEFL IBT\" \/>\n<meta property=\"og:description\" content=\"L\u2019inglese \u00e8 una delle lingue pi\u00f9 importanti e diffuse a livello internazionale ed \u00e8 anche la lingua del web, per cui comprenderlo [&hellip;]\" \/>\n<meta property=\"og:url\" content=\"https:\/\/global-exam.com\/blog\/it\/esami\/toefl-ibt\/categoria-vocabolario-toefl-ibt\/\" \/>\n<meta property=\"og:site_name\" content=\"GlobalExam Blog\" \/>\n<meta property=\"article:publisher\" content=\"https:\/\/www.facebook.com\/Global.Exam\" \/>\n<meta property=\"article:modified_time\" content=\"2022-06-27T14:43:24+00:00\" \/>\n<meta name=\"twitter:card\" content=\"summary_large_image\" \/>\n<meta name=\"twitter:site\" content=\"@Global_Exam\" \/>\n<meta name=\"twitter:label1\" content=\"Dur\u00e9e de lecture estim\u00e9e\" \/>\n\t<meta name=\"twitter:data1\" content=\"2 minutes\" \/>\n<script type=\"application\/ld+json\" class=\"yoast-schema-graph\">{\"@context\":\"https:\/\/schema.org\",\"@graph\":[{\"@type\":\"WebSite\",\"@id\":\"https:\/\/global-exam.com\/blog\/#website\",\"url\":\"https:\/\/global-exam.com\/blog\/\",\"name\":\"GlobalExam Blog\",\"description\":\"Le blog du sp\\u00e9cialiste de la certification linguistique\",\"potentialAction\":[{\"@type\":\"SearchAction\",\"target\":{\"@type\":\"EntryPoint\",\"urlTemplate\":\"https:\/\/global-exam.com\/blog\/?s={search_term_string}\"},\"query-input\":\"required name=search_term_string\"}],\"inLanguage\":\"fr-FR\"},{\"@type\":\"WebPage\",\"@id\":\"https:\/\/global-exam.com\/blog\/it\/esami\/toefl-ibt\/categoria-vocabolario-toefl-ibt\/#webpage\",\"url\":\"https:\/\/global-exam.com\/blog\/it\/esami\/toefl-ibt\/categoria-vocabolario-toefl-ibt\/\",\"name\":\"Vocabolario TOEFL IBT\",\"isPartOf\":{\"@id\":\"https:\/\/global-exam.com\/blog\/#website\"},\"datePublished\":\"2022-01-04T10:26:14+00:00\",\"dateModified\":\"2022-06-27T14:43:24+00:00\",\"breadcrumb\":{\"@id\":\"https:\/\/global-exam.com\/blog\/it\/esami\/toefl-ibt\/categoria-vocabolario-toefl-ibt\/#breadcrumb\"},\"inLanguage\":\"fr-FR\",\"potentialAction\":[{\"@type\":\"ReadAction\",\"target\":[\"https:\/\/global-exam.com\/blog\/it\/esami\/toefl-ibt\/categoria-vocabolario-toefl-ibt\/\"]}]},{\"@type\":\"BreadcrumbList\",\"@id\":\"https:\/\/global-exam.com\/blog\/it\/esami\/toefl-ibt\/categoria-vocabolario-toefl-ibt\/#breadcrumb\",\"itemListElement\":[{\"@type\":\"ListItem\",\"position\":1,\"name\":\"Esami\",\"item\":\"https:\/\/global-exam.com\/blog\/it\/esami\/\"},{\"@type\":\"ListItem\",\"position\":2,\"name\":\"TOEFL IBT\",\"item\":\"https:\/\/global-exam.com\/blog\/it\/esami\/toefl-ibt\/\"},{\"@type\":\"ListItem\",\"position\":3,\"name\":\"Vocabolario TOEFL IBT\"}]}]}<\/script>\n<!-- \/ Yoast SEO plugin. -->","yoast_head_json":{"title":"Vocabolario TOEFL IBT","robots":{"index":"index","follow":"follow","max-snippet":"max-snippet:-1","max-image-preview":"max-image-preview:large","max-video-preview":"max-video-preview:-1"},"canonical":"https:\/\/global-exam.com\/blog\/it\/esami\/toefl-ibt\/categoria-vocabolario-toefl-ibt\/","og_locale":"fr_FR","og_type":"article","og_title":"Vocabolario TOEFL IBT","og_description":"L\u2019inglese \u00e8 una delle lingue pi\u00f9 importanti e diffuse a livello internazionale ed \u00e8 anche la lingua del web, per cui comprenderlo [&hellip;]","og_url":"https:\/\/global-exam.com\/blog\/it\/esami\/toefl-ibt\/categoria-vocabolario-toefl-ibt\/","og_site_name":"GlobalExam Blog","article_publisher":"https:\/\/www.facebook.com\/Global.Exam","article_modified_time":"2022-06-27T14:43:24+00:00","twitter_card":"summary_large_image","twitter_site":"@Global_Exam","twitter_misc":{"Dur\u00e9e de lecture estim\u00e9e":"2 minutes"},"schema":{"@context":"https:\/\/schema.org","@graph":[{"@type":"WebSite","@id":"https:\/\/global-exam.com\/blog\/#website","url":"https:\/\/global-exam.com\/blog\/","name":"GlobalExam Blog","description":"Le blog du sp\u00e9cialiste de la certification linguistique","potentialAction":[{"@type":"SearchAction","target":{"@type":"EntryPoint","urlTemplate":"https:\/\/global-exam.com\/blog\/?s={search_term_string}"},"query-input":"required name=search_term_string"}],"inLanguage":"fr-FR"},{"@type":"WebPage","@id":"https:\/\/global-exam.com\/blog\/it\/esami\/toefl-ibt\/categoria-vocabolario-toefl-ibt\/#webpage","url":"https:\/\/global-exam.com\/blog\/it\/esami\/toefl-ibt\/categoria-vocabolario-toefl-ibt\/","name":"Vocabolario TOEFL IBT","isPartOf":{"@id":"https:\/\/global-exam.com\/blog\/#website"},"datePublished":"2022-01-04T10:26:14+00:00","dateModified":"2022-06-27T14:43:24+00:00","breadcrumb":{"@id":"https:\/\/global-exam.com\/blog\/it\/esami\/toefl-ibt\/categoria-vocabolario-toefl-ibt\/#breadcrumb"},"inLanguage":"fr-FR","potentialAction":[{"@type":"ReadAction","target":["https:\/\/global-exam.com\/blog\/it\/esami\/toefl-ibt\/categoria-vocabolario-toefl-ibt\/"]}]},{"@type":"BreadcrumbList","@id":"https:\/\/global-exam.com\/blog\/it\/esami\/toefl-ibt\/categoria-vocabolario-toefl-ibt\/#breadcrumb","itemListElement":[{"@type":"ListItem","position":1,"name":"Esami","item":"https:\/\/global-exam.com\/blog\/it\/esami\/"},{"@type":"ListItem","position":2,"name":"TOEFL IBT","item":"https:\/\/global-exam.com\/blog\/it\/esami\/toefl-ibt\/"},{"@type":"ListItem","position":3,"name":"Vocabolario TOEFL IBT"}]}]}},"lang":"it","translations":{"it":73427},"pll_sync_post":[],"_links":{"self":[{"href":"https:\/\/global-exam.com\/blog\/wp-json\/wp\/v2\/pages\/73427"}],"collection":[{"href":"https:\/\/global-exam.com\/blog\/wp-json\/wp\/v2\/pages"}],"about":[{"href":"https:\/\/global-exam.com\/blog\/wp-json\/wp\/v2\/types\/page"}],"author":[{"embeddable":true,"href":"https:\/\/global-exam.com\/blog\/wp-json\/wp\/v2\/users\/24"}],"replies":[{"embeddable":true,"href":"https:\/\/global-exam.com\/blog\/wp-json\/wp\/v2\/comments?post=73427"}],"version-history":[{"count":4,"href":"https:\/\/global-exam.com\/blog\/wp-json\/wp\/v2\/pages\/73427\/revisions"}],"predecessor-version":[{"id":76529,"href":"https:\/\/global-exam.com\/blog\/wp-json\/wp\/v2\/pages\/73427\/revisions\/76529"}],"up":[{"embeddable":true,"href":"https:\/\/global-exam.com\/blog\/wp-json\/wp\/v2\/pages\/47642"}],"wp:attachment":[{"href":"https:\/\/global-exam.com\/blog\/wp-json\/wp\/v2\/media?parent=73427"}],"curies":[{"name":"wp","href":"https:\/\/api.w.org\/{rel}","templated":true}]}}