{"id":73443,"date":"2022-01-04T15:00:49","date_gmt":"2022-01-04T14:00:49","guid":{"rendered":"https:\/\/global-exam.com\/blog\/?page_id=73443"},"modified":"2022-06-27T16:43:23","modified_gmt":"2022-06-27T14:43:23","slug":"categoria-presentazione-del-test-hsk","status":"publish","type":"page","link":"https:\/\/global-exam.com\/blog\/it\/esami\/hsk\/categoria-presentazione-del-test-hsk\/","title":{"rendered":"Presentazione del test HSK"},"content":{"rendered":"<p>Hai voglia di\u00a0<strong>conseguire una certificazione linguistica che possa rappresentare un plus nel tuo Curriculum<\/strong>? Vuoi aprirti ad una carriera internazionale con una certificazione di lingua cinese ma non sai da dove iniziare per prepararti? Sulla nostra piattaforma e-learning puoi trovare quello che stai cercando : la possibilit\u00e0 di allenarti attraverso materiale didattico e test utili per migliorare le tue competenze in lingua cinese e per prepararti alla\u00a0<strong>certificazione HSK<\/strong>.<\/p>\n<p>HSK (anche chiamato\u00a0<strong>Chinese Proficiency Test<\/strong>) \u00e8 un acronimo che sta per \u201cHanyu Shuiping Kaoshi\u201d ed \u00e8 il diploma che permette di certificare il proprio livello di competenza in cinese mandarino ed \u00e8 rivolto a tutte le persone di madrelingua diversa dal cinese. A seconda delle tue necessit\u00e0, potrai utilizzare la certificazione HSK ambito accademico e\/o lavorativo. Questo diploma, costituito da\u00a0<strong>6 livelli e riconosciuto in tutto il mondo<\/strong>, \u00e8 infatti indispensabile per tutti coloro che vorrebbero studiare presso un\u2019universit\u00e0 cinese. Il titolo acquisito, inoltre, \u00e8 utile anche per tutti coloro che vogliono utilizzare la lingua cinese nel mondo del lavoro.<\/p>\n<p>Se sei motivato a studiare per conseguire questa certificazione e vuoi saperne di pi\u00f9 sei nel posto giusto! In questa sezione del nostro blog potrai trovare differenti articoli sul diploma HSK e le sue caratteristiche. Grazie alla\u00a0<strong>piattaforma e-learning GlobalExam<\/strong>\u00a0potrai sviluppare la preparazione necessaria per passare l\u2019esame di certificazione HSK.<\/p>\n<p>Iscrivendoti alla nostra piattaforma potrai infatti allenarti attraverso appositi programmi di preparazione suddivisi per livello di difficolt\u00e0.\u00a0Il materiale didattico al quale avrai accesso ha\u00a0<strong>l\u2019obiettivo di rafforzare le tue competenze in lingua cinese e di prepararti alla certificazione<\/strong>\u00a0con esercizi e simulazioni che si ispirano fedelmente al diploma HSK. Con GlobalExam, potrai allenarti con le prove d\u2019esame e monitorare il tuo progresso passo dopo passo!<\/p>\n<p>Cosa aspetti? Iscriviti alla nostra piattaforma o prova la\u00a0prova gratuita\u2026 Ti aspettiamo su GlobalExam!<\/p>\n","protected":false},"excerpt":{"rendered":"<p>Hai voglia di\u00a0conseguire una certificazione linguistica che possa rappresentare un plus nel tuo Curriculum? Vuoi aprirti ad una carriera internazionale con una [&hellip;]<\/p>\n","protected":false},"author":24,"featured_media":0,"parent":50527,"menu_order":0,"comment_status":"closed","ping_status":"closed","template":"","meta":[],"acf":[],"yoast_head":"<!-- This site is optimized with the Yoast SEO plugin v17.2.1 - https:\/\/yoast.com\/wordpress\/plugins\/seo\/ -->\n<title>Presentazione del test HSK<\/title>\n<meta name=\"robots\" content=\"index, follow, max-snippet:-1, max-image-preview:large, max-video-preview:-1\" \/>\n<link rel=\"canonical\" href=\"https:\/\/global-exam.com\/blog\/it\/esami\/hsk\/categoria-presentazione-del-test-hsk\/\" \/>\n<meta property=\"og:locale\" content=\"fr_FR\" \/>\n<meta property=\"og:type\" content=\"article\" \/>\n<meta property=\"og:title\" content=\"Presentazione del test HSK\" \/>\n<meta property=\"og:description\" content=\"Hai voglia di\u00a0conseguire una certificazione linguistica che possa rappresentare un plus nel tuo Curriculum? Vuoi aprirti ad una carriera internazionale con una [&hellip;]\" \/>\n<meta property=\"og:url\" content=\"https:\/\/global-exam.com\/blog\/it\/esami\/hsk\/categoria-presentazione-del-test-hsk\/\" \/>\n<meta property=\"og:site_name\" content=\"GlobalExam Blog\" \/>\n<meta property=\"article:publisher\" content=\"https:\/\/www.facebook.com\/Global.Exam\" \/>\n<meta property=\"article:modified_time\" content=\"2022-06-27T14:43:23+00:00\" \/>\n<meta name=\"twitter:card\" content=\"summary_large_image\" \/>\n<meta name=\"twitter:site\" content=\"@Global_Exam\" \/>\n<meta name=\"twitter:label1\" content=\"Dur\u00e9e de lecture estim\u00e9e\" \/>\n\t<meta name=\"twitter:data1\" content=\"2 minutes\" \/>\n<script type=\"application\/ld+json\" class=\"yoast-schema-graph\">{\"@context\":\"https:\/\/schema.org\",\"@graph\":[{\"@type\":\"WebSite\",\"@id\":\"https:\/\/global-exam.com\/blog\/#website\",\"url\":\"https:\/\/global-exam.com\/blog\/\",\"name\":\"GlobalExam Blog\",\"description\":\"Le blog du sp\\u00e9cialiste de la certification linguistique\",\"potentialAction\":[{\"@type\":\"SearchAction\",\"target\":{\"@type\":\"EntryPoint\",\"urlTemplate\":\"https:\/\/global-exam.com\/blog\/?s={search_term_string}\"},\"query-input\":\"required name=search_term_string\"}],\"inLanguage\":\"fr-FR\"},{\"@type\":\"WebPage\",\"@id\":\"https:\/\/global-exam.com\/blog\/it\/esami\/hsk\/categoria-presentazione-del-test-hsk\/#webpage\",\"url\":\"https:\/\/global-exam.com\/blog\/it\/esami\/hsk\/categoria-presentazione-del-test-hsk\/\",\"name\":\"Presentazione del test HSK\",\"isPartOf\":{\"@id\":\"https:\/\/global-exam.com\/blog\/#website\"},\"datePublished\":\"2022-01-04T14:00:49+00:00\",\"dateModified\":\"2022-06-27T14:43:23+00:00\",\"breadcrumb\":{\"@id\":\"https:\/\/global-exam.com\/blog\/it\/esami\/hsk\/categoria-presentazione-del-test-hsk\/#breadcrumb\"},\"inLanguage\":\"fr-FR\",\"potentialAction\":[{\"@type\":\"ReadAction\",\"target\":[\"https:\/\/global-exam.com\/blog\/it\/esami\/hsk\/categoria-presentazione-del-test-hsk\/\"]}]},{\"@type\":\"BreadcrumbList\",\"@id\":\"https:\/\/global-exam.com\/blog\/it\/esami\/hsk\/categoria-presentazione-del-test-hsk\/#breadcrumb\",\"itemListElement\":[{\"@type\":\"ListItem\",\"position\":1,\"name\":\"Esami\",\"item\":\"https:\/\/global-exam.com\/blog\/it\/esami\/\"},{\"@type\":\"ListItem\",\"position\":2,\"name\":\"HSK\",\"item\":\"https:\/\/global-exam.com\/blog\/it\/esami\/hsk\/\"},{\"@type\":\"ListItem\",\"position\":3,\"name\":\"Presentazione del test HSK\"}]}]}<\/script>\n<!-- \/ Yoast SEO plugin. -->","yoast_head_json":{"title":"Presentazione del test HSK","robots":{"index":"index","follow":"follow","max-snippet":"max-snippet:-1","max-image-preview":"max-image-preview:large","max-video-preview":"max-video-preview:-1"},"canonical":"https:\/\/global-exam.com\/blog\/it\/esami\/hsk\/categoria-presentazione-del-test-hsk\/","og_locale":"fr_FR","og_type":"article","og_title":"Presentazione del test HSK","og_description":"Hai voglia di\u00a0conseguire una certificazione linguistica che possa rappresentare un plus nel tuo Curriculum? Vuoi aprirti ad una carriera internazionale con una [&hellip;]","og_url":"https:\/\/global-exam.com\/blog\/it\/esami\/hsk\/categoria-presentazione-del-test-hsk\/","og_site_name":"GlobalExam Blog","article_publisher":"https:\/\/www.facebook.com\/Global.Exam","article_modified_time":"2022-06-27T14:43:23+00:00","twitter_card":"summary_large_image","twitter_site":"@Global_Exam","twitter_misc":{"Dur\u00e9e de lecture estim\u00e9e":"2 minutes"},"schema":{"@context":"https:\/\/schema.org","@graph":[{"@type":"WebSite","@id":"https:\/\/global-exam.com\/blog\/#website","url":"https:\/\/global-exam.com\/blog\/","name":"GlobalExam Blog","description":"Le blog du sp\u00e9cialiste de la certification linguistique","potentialAction":[{"@type":"SearchAction","target":{"@type":"EntryPoint","urlTemplate":"https:\/\/global-exam.com\/blog\/?s={search_term_string}"},"query-input":"required name=search_term_string"}],"inLanguage":"fr-FR"},{"@type":"WebPage","@id":"https:\/\/global-exam.com\/blog\/it\/esami\/hsk\/categoria-presentazione-del-test-hsk\/#webpage","url":"https:\/\/global-exam.com\/blog\/it\/esami\/hsk\/categoria-presentazione-del-test-hsk\/","name":"Presentazione del test HSK","isPartOf":{"@id":"https:\/\/global-exam.com\/blog\/#website"},"datePublished":"2022-01-04T14:00:49+00:00","dateModified":"2022-06-27T14:43:23+00:00","breadcrumb":{"@id":"https:\/\/global-exam.com\/blog\/it\/esami\/hsk\/categoria-presentazione-del-test-hsk\/#breadcrumb"},"inLanguage":"fr-FR","potentialAction":[{"@type":"ReadAction","target":["https:\/\/global-exam.com\/blog\/it\/esami\/hsk\/categoria-presentazione-del-test-hsk\/"]}]},{"@type":"BreadcrumbList","@id":"https:\/\/global-exam.com\/blog\/it\/esami\/hsk\/categoria-presentazione-del-test-hsk\/#breadcrumb","itemListElement":[{"@type":"ListItem","position":1,"name":"Esami","item":"https:\/\/global-exam.com\/blog\/it\/esami\/"},{"@type":"ListItem","position":2,"name":"HSK","item":"https:\/\/global-exam.com\/blog\/it\/esami\/hsk\/"},{"@type":"ListItem","position":3,"name":"Presentazione del test HSK"}]}]}},"lang":"it","translations":{"it":73443},"pll_sync_post":[],"_links":{"self":[{"href":"https:\/\/global-exam.com\/blog\/wp-json\/wp\/v2\/pages\/73443"}],"collection":[{"href":"https:\/\/global-exam.com\/blog\/wp-json\/wp\/v2\/pages"}],"about":[{"href":"https:\/\/global-exam.com\/blog\/wp-json\/wp\/v2\/types\/page"}],"author":[{"embeddable":true,"href":"https:\/\/global-exam.com\/blog\/wp-json\/wp\/v2\/users\/24"}],"replies":[{"embeddable":true,"href":"https:\/\/global-exam.com\/blog\/wp-json\/wp\/v2\/comments?post=73443"}],"version-history":[{"count":3,"href":"https:\/\/global-exam.com\/blog\/wp-json\/wp\/v2\/pages\/73443\/revisions"}],"predecessor-version":[{"id":76528,"href":"https:\/\/global-exam.com\/blog\/wp-json\/wp\/v2\/pages\/73443\/revisions\/76528"}],"up":[{"embeddable":true,"href":"https:\/\/global-exam.com\/blog\/wp-json\/wp\/v2\/pages\/50527"}],"wp:attachment":[{"href":"https:\/\/global-exam.com\/blog\/wp-json\/wp\/v2\/media?parent=73443"}],"curies":[{"name":"wp","href":"https:\/\/api.w.org\/{rel}","templated":true}]}}