{"id":73446,"date":"2022-01-04T15:04:53","date_gmt":"2022-01-04T14:04:53","guid":{"rendered":"https:\/\/global-exam.com\/blog\/?page_id=73446"},"modified":"2022-06-27T16:43:23","modified_gmt":"2022-06-27T14:43:23","slug":"categoria-struttura-degli-esami-hsk","status":"publish","type":"page","link":"https:\/\/global-exam.com\/blog\/it\/esami\/hsk\/categoria-struttura-degli-esami-hsk\/","title":{"rendered":"Struttura degli esami HSK"},"content":{"rendered":"<p>Ti presentiamo i<strong>l test pi\u00f9 riconosciuto al mondo di lingua cinese<\/strong>, che potr\u00e0 esserti utile per il tuo percorso di studi e per la tua carriera lavorativa:\u00a0<strong>l\u2019HSK<\/strong>!<\/p>\n<p>L\u2019HSK (Hanyu Shuiping Kaoshi o Chinese Proficiency Test) \u00e8 l\u2019esame ufficiale di lingua cinese per i non madrelingua (stranieri, cinesi d\u2019oltremare e minoranze). \u00c8\u00a0<strong>amministrato dall\u2019Hanban<\/strong>\u00a0(Bureau of International Chinese Language Promotion), ed \u00e8 direttamente sotto il Ministero dell\u2019Educazione della Repubblica Popolare Cinese. Creato nel 1984, \u00e8 diventato l\u2019esame ufficiale standardizzato di cinese nel 1992 e si \u00e8 sviluppato fortemente dal 2000. Sei uno studente che vuole approcciarsi alla millenaria cultura Cinese? Sei un lavoratore in contatto con imprese Cinesi e ti serve conoscere la lingua per far evolvere il tuo business o la tua carriera?<\/p>\n<p><strong>L\u2019HSK \u00e8 strutturato in 6 livelli<\/strong>.\u00a0Il livello 1 \u00e8 il pi\u00f9 facile. Per ognuno di essi, \u00e8 necessario padroneggiare le competenze linguistiche e un certo numero di caratteri. A differenza di molti esami di lingua come il TOEFL o il TOEIC, non si \u201cpassa l\u2019HSK\u201d, ma si convalida \u201cun livello di HSK\u201d scelto in anticipo secondo le proprie competenze linguistiche e le proprie ambizioni. Per \u201cpassare il tuo HSK\u201d, devi \u201csolo\u201d ottenere i seguenti punteggi: 120\/200 per ottenere il tuo certificato per HSK 1 e 2 e 180\/300 per ottenere il vostro certificato per l\u2019HSK da 3 a 6.<\/p>\n<p>Se vuoi, noi\u00a0<strong>di GlobalExam mettiamo a tua disposizione un test gratuito online per permetterti di scoprire il tuo livello<\/strong>\u00a0HSK! Per aiutarti a superare l\u2019esame con successo, ti offriamo inoltre la possibilit\u00e0 di accedere al pi\u00f9 grande database di esercizi online e simulazioni d\u2019esame realistiche progettate da esperti sugli argomenti del test. Il nostro metodo si distingue per il suo\u00a0<strong>approccio focalizzato sull\u2019esame al 100%.<\/strong> Infatti, per superare questi test linguistici standardizzati, \u00e8 necessario conoscerne i dettagli. Vuoi effettuare 120 mock exams e 240 ore di pratica sull\u2019HSK?\u00a0Iscriviti a GlobalExam, ti seguiremo in ogni passo della tua nuova avventura!<\/p>\n","protected":false},"excerpt":{"rendered":"<p>Ti presentiamo il test pi\u00f9 riconosciuto al mondo di lingua cinese, che potr\u00e0 esserti utile per il tuo percorso di studi e [&hellip;]<\/p>\n","protected":false},"author":24,"featured_media":0,"parent":50527,"menu_order":0,"comment_status":"closed","ping_status":"closed","template":"","meta":[],"acf":[],"yoast_head":"<!-- This site is optimized with the Yoast SEO plugin v17.2.1 - https:\/\/yoast.com\/wordpress\/plugins\/seo\/ -->\n<title>Struttura degli esami HSK<\/title>\n<meta name=\"robots\" content=\"index, follow, max-snippet:-1, max-image-preview:large, max-video-preview:-1\" \/>\n<link rel=\"canonical\" href=\"https:\/\/global-exam.com\/blog\/it\/esami\/hsk\/categoria-struttura-degli-esami-hsk\/\" \/>\n<meta property=\"og:locale\" content=\"fr_FR\" \/>\n<meta property=\"og:type\" content=\"article\" \/>\n<meta property=\"og:title\" content=\"Struttura degli esami HSK\" \/>\n<meta property=\"og:description\" content=\"Ti presentiamo il test pi\u00f9 riconosciuto al mondo di lingua cinese, che potr\u00e0 esserti utile per il tuo percorso di studi e [&hellip;]\" \/>\n<meta property=\"og:url\" content=\"https:\/\/global-exam.com\/blog\/it\/esami\/hsk\/categoria-struttura-degli-esami-hsk\/\" \/>\n<meta property=\"og:site_name\" content=\"GlobalExam Blog\" \/>\n<meta property=\"article:publisher\" content=\"https:\/\/www.facebook.com\/Global.Exam\" \/>\n<meta property=\"article:modified_time\" content=\"2022-06-27T14:43:23+00:00\" \/>\n<meta name=\"twitter:card\" content=\"summary_large_image\" \/>\n<meta name=\"twitter:site\" content=\"@Global_Exam\" \/>\n<meta name=\"twitter:label1\" content=\"Dur\u00e9e de lecture estim\u00e9e\" \/>\n\t<meta name=\"twitter:data1\" content=\"2 minutes\" \/>\n<script type=\"application\/ld+json\" class=\"yoast-schema-graph\">{\"@context\":\"https:\/\/schema.org\",\"@graph\":[{\"@type\":\"WebSite\",\"@id\":\"https:\/\/global-exam.com\/blog\/#website\",\"url\":\"https:\/\/global-exam.com\/blog\/\",\"name\":\"GlobalExam Blog\",\"description\":\"Le blog du sp\\u00e9cialiste de la certification linguistique\",\"potentialAction\":[{\"@type\":\"SearchAction\",\"target\":{\"@type\":\"EntryPoint\",\"urlTemplate\":\"https:\/\/global-exam.com\/blog\/?s={search_term_string}\"},\"query-input\":\"required name=search_term_string\"}],\"inLanguage\":\"fr-FR\"},{\"@type\":\"WebPage\",\"@id\":\"https:\/\/global-exam.com\/blog\/it\/esami\/hsk\/categoria-struttura-degli-esami-hsk\/#webpage\",\"url\":\"https:\/\/global-exam.com\/blog\/it\/esami\/hsk\/categoria-struttura-degli-esami-hsk\/\",\"name\":\"Struttura degli esami HSK\",\"isPartOf\":{\"@id\":\"https:\/\/global-exam.com\/blog\/#website\"},\"datePublished\":\"2022-01-04T14:04:53+00:00\",\"dateModified\":\"2022-06-27T14:43:23+00:00\",\"breadcrumb\":{\"@id\":\"https:\/\/global-exam.com\/blog\/it\/esami\/hsk\/categoria-struttura-degli-esami-hsk\/#breadcrumb\"},\"inLanguage\":\"fr-FR\",\"potentialAction\":[{\"@type\":\"ReadAction\",\"target\":[\"https:\/\/global-exam.com\/blog\/it\/esami\/hsk\/categoria-struttura-degli-esami-hsk\/\"]}]},{\"@type\":\"BreadcrumbList\",\"@id\":\"https:\/\/global-exam.com\/blog\/it\/esami\/hsk\/categoria-struttura-degli-esami-hsk\/#breadcrumb\",\"itemListElement\":[{\"@type\":\"ListItem\",\"position\":1,\"name\":\"Esami\",\"item\":\"https:\/\/global-exam.com\/blog\/it\/esami\/\"},{\"@type\":\"ListItem\",\"position\":2,\"name\":\"HSK\",\"item\":\"https:\/\/global-exam.com\/blog\/it\/esami\/hsk\/\"},{\"@type\":\"ListItem\",\"position\":3,\"name\":\"Struttura degli esami HSK\"}]}]}<\/script>\n<!-- \/ Yoast SEO plugin. -->","yoast_head_json":{"title":"Struttura degli esami HSK","robots":{"index":"index","follow":"follow","max-snippet":"max-snippet:-1","max-image-preview":"max-image-preview:large","max-video-preview":"max-video-preview:-1"},"canonical":"https:\/\/global-exam.com\/blog\/it\/esami\/hsk\/categoria-struttura-degli-esami-hsk\/","og_locale":"fr_FR","og_type":"article","og_title":"Struttura degli esami HSK","og_description":"Ti presentiamo il test pi\u00f9 riconosciuto al mondo di lingua cinese, che potr\u00e0 esserti utile per il tuo percorso di studi e [&hellip;]","og_url":"https:\/\/global-exam.com\/blog\/it\/esami\/hsk\/categoria-struttura-degli-esami-hsk\/","og_site_name":"GlobalExam Blog","article_publisher":"https:\/\/www.facebook.com\/Global.Exam","article_modified_time":"2022-06-27T14:43:23+00:00","twitter_card":"summary_large_image","twitter_site":"@Global_Exam","twitter_misc":{"Dur\u00e9e de lecture estim\u00e9e":"2 minutes"},"schema":{"@context":"https:\/\/schema.org","@graph":[{"@type":"WebSite","@id":"https:\/\/global-exam.com\/blog\/#website","url":"https:\/\/global-exam.com\/blog\/","name":"GlobalExam Blog","description":"Le blog du sp\u00e9cialiste de la certification linguistique","potentialAction":[{"@type":"SearchAction","target":{"@type":"EntryPoint","urlTemplate":"https:\/\/global-exam.com\/blog\/?s={search_term_string}"},"query-input":"required name=search_term_string"}],"inLanguage":"fr-FR"},{"@type":"WebPage","@id":"https:\/\/global-exam.com\/blog\/it\/esami\/hsk\/categoria-struttura-degli-esami-hsk\/#webpage","url":"https:\/\/global-exam.com\/blog\/it\/esami\/hsk\/categoria-struttura-degli-esami-hsk\/","name":"Struttura degli esami HSK","isPartOf":{"@id":"https:\/\/global-exam.com\/blog\/#website"},"datePublished":"2022-01-04T14:04:53+00:00","dateModified":"2022-06-27T14:43:23+00:00","breadcrumb":{"@id":"https:\/\/global-exam.com\/blog\/it\/esami\/hsk\/categoria-struttura-degli-esami-hsk\/#breadcrumb"},"inLanguage":"fr-FR","potentialAction":[{"@type":"ReadAction","target":["https:\/\/global-exam.com\/blog\/it\/esami\/hsk\/categoria-struttura-degli-esami-hsk\/"]}]},{"@type":"BreadcrumbList","@id":"https:\/\/global-exam.com\/blog\/it\/esami\/hsk\/categoria-struttura-degli-esami-hsk\/#breadcrumb","itemListElement":[{"@type":"ListItem","position":1,"name":"Esami","item":"https:\/\/global-exam.com\/blog\/it\/esami\/"},{"@type":"ListItem","position":2,"name":"HSK","item":"https:\/\/global-exam.com\/blog\/it\/esami\/hsk\/"},{"@type":"ListItem","position":3,"name":"Struttura degli esami HSK"}]}]}},"lang":"it","translations":{"it":73446},"pll_sync_post":[],"_links":{"self":[{"href":"https:\/\/global-exam.com\/blog\/wp-json\/wp\/v2\/pages\/73446"}],"collection":[{"href":"https:\/\/global-exam.com\/blog\/wp-json\/wp\/v2\/pages"}],"about":[{"href":"https:\/\/global-exam.com\/blog\/wp-json\/wp\/v2\/types\/page"}],"author":[{"embeddable":true,"href":"https:\/\/global-exam.com\/blog\/wp-json\/wp\/v2\/users\/24"}],"replies":[{"embeddable":true,"href":"https:\/\/global-exam.com\/blog\/wp-json\/wp\/v2\/comments?post=73446"}],"version-history":[{"count":3,"href":"https:\/\/global-exam.com\/blog\/wp-json\/wp\/v2\/pages\/73446\/revisions"}],"predecessor-version":[{"id":76527,"href":"https:\/\/global-exam.com\/blog\/wp-json\/wp\/v2\/pages\/73446\/revisions\/76527"}],"up":[{"embeddable":true,"href":"https:\/\/global-exam.com\/blog\/wp-json\/wp\/v2\/pages\/50527"}],"wp:attachment":[{"href":"https:\/\/global-exam.com\/blog\/wp-json\/wp\/v2\/media?parent=73446"}],"curies":[{"name":"wp","href":"https:\/\/api.w.org\/{rel}","templated":true}]}}