{"id":73472,"date":"2022-01-04T15:32:08","date_gmt":"2022-01-04T14:32:08","guid":{"rendered":"https:\/\/global-exam.com\/blog\/?page_id=73472"},"modified":"2022-06-27T16:43:19","modified_gmt":"2022-06-27T14:43:19","slug":"categoria-materiali-per-allenarsi-tcf","status":"publish","type":"page","link":"https:\/\/global-exam.com\/blog\/it\/esami\/tcf\/categoria-materiali-per-allenarsi-tcf\/","title":{"rendered":"Materiali per allenarsi TCF"},"content":{"rendered":"<p>Ci siamo, hai deciso di affrontare il\u00a0<strong>TCF e certificare<\/strong>\u00a0il tuo\u00a0<strong>livello<\/strong>\u00a0nella lingua\u00a0<strong>francese<\/strong>. Al giorno d\u2019oggi, conoscere questa lingua e poterlo dimostrare \u00e8 importantissimo per la tua carriera in moltissimi ambiti professionali. Il TCF (Test de Connaissance du Fran\u00e7ais) \u00e8 l\u2019esame di lingua per tutti coloro che, non di madrelingua francese, desiderano una valutazione delle proprie competenze. Qualunque sia la tua conoscenza della lingua, il TCF ti permette di certificare il tuo livello in base ai valori di riferimento del QCER (<strong>A1, B1, B1, B2, C1, C2<\/strong>).<\/p>\n<p><strong>Per prepararti al affrontare e ottenere un buon risultato<\/strong>, che rispecchi a pieno le tue reali capacit\u00e0, \u00e8 indispensabile prepararti in maniera mirata ed efficace. Esistono, a questo fine, una<strong>\u00a0grande variet\u00e0 di supporti<\/strong>\u00a0che ti accompagnano nell\u2019allenamento: sta a te scegliere quali ti sembrano pi\u00f9 adeguati alla tua situazione, ed eventualmente scegliere di sfruttarne pi\u00f9 di uno, o addirittura tutti.<\/p>\n<p>Qui troverai diverse\u00a0<strong>liste di materiali<\/strong> che ti suggeriamo per studiare, dai libri pensati appositamente per la preparazione all\u2019esame ai\u00a0<strong>siti interattivi<\/strong>, passando per le modalit\u00e0 di allenamento quotidiano alternative e divertenti. Inoltre, troverai una selezione dei migliori siti per allenarti senza rischiare di perdere tempo (e soldi), oltre a una classifica dei migliori libri, pi\u00f9 completi ed efficienti, per avere gli strumenti idonei ad ottenere il massimo dei risultati possibili.<\/p>\n<p><strong>Tra i siti specializzati<\/strong> nella preparazione al TCF, <strong>GlobalExam<\/strong> \u00e8 l\u2019alleato ideale per un allenamento specifico che ti garantisce il successo all\u2019esame. Prima <strong>piattaforma di e-learning 100% online<\/strong>, \u00e8 in perfetta linea con un esame che affronterai, anch\u2019esso, da remoto. Sulla nostra piattaforma troverai tantissimi <strong>esercizi<\/strong> nei diversi livelli di conoscenza della lingua e suddivisi nelle differenti prove di cui si compone la prova ufficiale, oltre a diverse <strong>simulazioni d\u2019esame nelle condizioni reali del test<\/strong>. Insomma, il TCF non avr\u00e0 pi\u00f9 segreti per te!<\/p>\n","protected":false},"excerpt":{"rendered":"<p>Ci siamo, hai deciso di affrontare il\u00a0TCF e certificare\u00a0il tuo\u00a0livello\u00a0nella lingua\u00a0francese. Al giorno d\u2019oggi, conoscere questa lingua e poterlo dimostrare \u00e8 importantissimo [&hellip;]<\/p>\n","protected":false},"author":24,"featured_media":0,"parent":50566,"menu_order":0,"comment_status":"closed","ping_status":"closed","template":"","meta":[],"acf":[],"yoast_head":"<!-- This site is optimized with the Yoast SEO plugin v17.2.1 - https:\/\/yoast.com\/wordpress\/plugins\/seo\/ -->\n<title>Materiali per allenarsi TCF<\/title>\n<meta name=\"robots\" content=\"index, follow, max-snippet:-1, max-image-preview:large, max-video-preview:-1\" \/>\n<link rel=\"canonical\" href=\"https:\/\/global-exam.com\/blog\/it\/esami\/tcf\/categoria-materiali-per-allenarsi-tcf\/\" \/>\n<meta property=\"og:locale\" content=\"fr_FR\" \/>\n<meta property=\"og:type\" content=\"article\" \/>\n<meta property=\"og:title\" content=\"Materiali per allenarsi TCF\" \/>\n<meta property=\"og:description\" content=\"Ci siamo, hai deciso di affrontare il\u00a0TCF e certificare\u00a0il tuo\u00a0livello\u00a0nella lingua\u00a0francese. Al giorno d\u2019oggi, conoscere questa lingua e poterlo dimostrare \u00e8 importantissimo [&hellip;]\" \/>\n<meta property=\"og:url\" content=\"https:\/\/global-exam.com\/blog\/it\/esami\/tcf\/categoria-materiali-per-allenarsi-tcf\/\" \/>\n<meta property=\"og:site_name\" content=\"GlobalExam Blog\" \/>\n<meta property=\"article:publisher\" content=\"https:\/\/www.facebook.com\/Global.Exam\" \/>\n<meta property=\"article:modified_time\" content=\"2022-06-27T14:43:19+00:00\" \/>\n<meta name=\"twitter:card\" content=\"summary_large_image\" \/>\n<meta name=\"twitter:site\" content=\"@Global_Exam\" \/>\n<meta name=\"twitter:label1\" content=\"Dur\u00e9e de lecture estim\u00e9e\" \/>\n\t<meta name=\"twitter:data1\" content=\"2 minutes\" \/>\n<script type=\"application\/ld+json\" class=\"yoast-schema-graph\">{\"@context\":\"https:\/\/schema.org\",\"@graph\":[{\"@type\":\"WebSite\",\"@id\":\"https:\/\/global-exam.com\/blog\/#website\",\"url\":\"https:\/\/global-exam.com\/blog\/\",\"name\":\"GlobalExam Blog\",\"description\":\"Le blog du sp\\u00e9cialiste de la certification linguistique\",\"potentialAction\":[{\"@type\":\"SearchAction\",\"target\":{\"@type\":\"EntryPoint\",\"urlTemplate\":\"https:\/\/global-exam.com\/blog\/?s={search_term_string}\"},\"query-input\":\"required name=search_term_string\"}],\"inLanguage\":\"fr-FR\"},{\"@type\":\"WebPage\",\"@id\":\"https:\/\/global-exam.com\/blog\/it\/esami\/tcf\/categoria-materiali-per-allenarsi-tcf\/#webpage\",\"url\":\"https:\/\/global-exam.com\/blog\/it\/esami\/tcf\/categoria-materiali-per-allenarsi-tcf\/\",\"name\":\"Materiali per allenarsi TCF\",\"isPartOf\":{\"@id\":\"https:\/\/global-exam.com\/blog\/#website\"},\"datePublished\":\"2022-01-04T14:32:08+00:00\",\"dateModified\":\"2022-06-27T14:43:19+00:00\",\"breadcrumb\":{\"@id\":\"https:\/\/global-exam.com\/blog\/it\/esami\/tcf\/categoria-materiali-per-allenarsi-tcf\/#breadcrumb\"},\"inLanguage\":\"fr-FR\",\"potentialAction\":[{\"@type\":\"ReadAction\",\"target\":[\"https:\/\/global-exam.com\/blog\/it\/esami\/tcf\/categoria-materiali-per-allenarsi-tcf\/\"]}]},{\"@type\":\"BreadcrumbList\",\"@id\":\"https:\/\/global-exam.com\/blog\/it\/esami\/tcf\/categoria-materiali-per-allenarsi-tcf\/#breadcrumb\",\"itemListElement\":[{\"@type\":\"ListItem\",\"position\":1,\"name\":\"Esami\",\"item\":\"https:\/\/global-exam.com\/blog\/it\/esami\/\"},{\"@type\":\"ListItem\",\"position\":2,\"name\":\"TCF\",\"item\":\"https:\/\/global-exam.com\/blog\/it\/esami\/tcf\/\"},{\"@type\":\"ListItem\",\"position\":3,\"name\":\"Materiali per allenarsi TCF\"}]}]}<\/script>\n<!-- \/ Yoast SEO plugin. -->","yoast_head_json":{"title":"Materiali per allenarsi TCF","robots":{"index":"index","follow":"follow","max-snippet":"max-snippet:-1","max-image-preview":"max-image-preview:large","max-video-preview":"max-video-preview:-1"},"canonical":"https:\/\/global-exam.com\/blog\/it\/esami\/tcf\/categoria-materiali-per-allenarsi-tcf\/","og_locale":"fr_FR","og_type":"article","og_title":"Materiali per allenarsi TCF","og_description":"Ci siamo, hai deciso di affrontare il\u00a0TCF e certificare\u00a0il tuo\u00a0livello\u00a0nella lingua\u00a0francese. Al giorno d\u2019oggi, conoscere questa lingua e poterlo dimostrare \u00e8 importantissimo [&hellip;]","og_url":"https:\/\/global-exam.com\/blog\/it\/esami\/tcf\/categoria-materiali-per-allenarsi-tcf\/","og_site_name":"GlobalExam Blog","article_publisher":"https:\/\/www.facebook.com\/Global.Exam","article_modified_time":"2022-06-27T14:43:19+00:00","twitter_card":"summary_large_image","twitter_site":"@Global_Exam","twitter_misc":{"Dur\u00e9e de lecture estim\u00e9e":"2 minutes"},"schema":{"@context":"https:\/\/schema.org","@graph":[{"@type":"WebSite","@id":"https:\/\/global-exam.com\/blog\/#website","url":"https:\/\/global-exam.com\/blog\/","name":"GlobalExam Blog","description":"Le blog du sp\u00e9cialiste de la certification linguistique","potentialAction":[{"@type":"SearchAction","target":{"@type":"EntryPoint","urlTemplate":"https:\/\/global-exam.com\/blog\/?s={search_term_string}"},"query-input":"required name=search_term_string"}],"inLanguage":"fr-FR"},{"@type":"WebPage","@id":"https:\/\/global-exam.com\/blog\/it\/esami\/tcf\/categoria-materiali-per-allenarsi-tcf\/#webpage","url":"https:\/\/global-exam.com\/blog\/it\/esami\/tcf\/categoria-materiali-per-allenarsi-tcf\/","name":"Materiali per allenarsi TCF","isPartOf":{"@id":"https:\/\/global-exam.com\/blog\/#website"},"datePublished":"2022-01-04T14:32:08+00:00","dateModified":"2022-06-27T14:43:19+00:00","breadcrumb":{"@id":"https:\/\/global-exam.com\/blog\/it\/esami\/tcf\/categoria-materiali-per-allenarsi-tcf\/#breadcrumb"},"inLanguage":"fr-FR","potentialAction":[{"@type":"ReadAction","target":["https:\/\/global-exam.com\/blog\/it\/esami\/tcf\/categoria-materiali-per-allenarsi-tcf\/"]}]},{"@type":"BreadcrumbList","@id":"https:\/\/global-exam.com\/blog\/it\/esami\/tcf\/categoria-materiali-per-allenarsi-tcf\/#breadcrumb","itemListElement":[{"@type":"ListItem","position":1,"name":"Esami","item":"https:\/\/global-exam.com\/blog\/it\/esami\/"},{"@type":"ListItem","position":2,"name":"TCF","item":"https:\/\/global-exam.com\/blog\/it\/esami\/tcf\/"},{"@type":"ListItem","position":3,"name":"Materiali per allenarsi TCF"}]}]}},"lang":"it","translations":{"it":73472},"pll_sync_post":[],"_links":{"self":[{"href":"https:\/\/global-exam.com\/blog\/wp-json\/wp\/v2\/pages\/73472"}],"collection":[{"href":"https:\/\/global-exam.com\/blog\/wp-json\/wp\/v2\/pages"}],"about":[{"href":"https:\/\/global-exam.com\/blog\/wp-json\/wp\/v2\/types\/page"}],"author":[{"embeddable":true,"href":"https:\/\/global-exam.com\/blog\/wp-json\/wp\/v2\/users\/24"}],"replies":[{"embeddable":true,"href":"https:\/\/global-exam.com\/blog\/wp-json\/wp\/v2\/comments?post=73472"}],"version-history":[{"count":3,"href":"https:\/\/global-exam.com\/blog\/wp-json\/wp\/v2\/pages\/73472\/revisions"}],"predecessor-version":[{"id":76521,"href":"https:\/\/global-exam.com\/blog\/wp-json\/wp\/v2\/pages\/73472\/revisions\/76521"}],"up":[{"embeddable":true,"href":"https:\/\/global-exam.com\/blog\/wp-json\/wp\/v2\/pages\/50566"}],"wp:attachment":[{"href":"https:\/\/global-exam.com\/blog\/wp-json\/wp\/v2\/media?parent=73472"}],"curies":[{"name":"wp","href":"https:\/\/api.w.org\/{rel}","templated":true}]}}