{"id":73521,"date":"2022-01-04T17:33:05","date_gmt":"2022-01-04T16:33:05","guid":{"rendered":"https:\/\/global-exam.com\/blog\/?page_id=73521"},"modified":"2022-07-01T15:14:44","modified_gmt":"2022-07-01T13:14:44","slug":"categoria-general-english-metodi-per-imparare-linglese","status":"publish","type":"page","link":"https:\/\/global-exam.com\/blog\/it\/apprendimento-delle-lingue\/general-english-imparare-linglese-online\/categoria-general-english-metodi-per-imparare-linglese\/","title":{"rendered":"Metodi per imparare l\u2019inglese"},"content":{"rendered":"<p>Lo sapevi? L\u2019inglese \u00e8 la lingua pi\u00f9 parlata in Europa ed \u00e8\u00a0<strong>studiato da circa 1,5 miliardi di persone<\/strong>\u00a0in tutto il mondo! Che tu voglia partire per trascorrere le tue vacanze all\u2019estero, o che tu sogni di trasferirti in un paese anglofono per proseguire i tuoi studi o cominciare un nuovo lavoro, la conoscenza dell\u2019inglese costituisce pertanto una chiave d\u2019accesso preziosissima, se non addirittura indispensabile. Se ti sei convinto dell\u2019importanza di questa lingua e stai pensando di rafforzare il tuo livello, sar\u00e0 utile circondarti di\u00a0<strong>materiali e supporti in lingua originale<\/strong>\u00a0\u2013 cosa che non dovrebbe rivelarsi poi troppo ostica, se consideriamo la sua \u201cubiquit\u00e0\u201d: libri, televisione, cinema, musica, informatica, e chi pi\u00f9 ne ha pi\u00f9 ne metta.<\/p>\n<p>Accanto ai libri e alle esercitazioni pi\u00f9 old school, \u00e8 quindi essenziale fare pratica con l\u2019inglese e stare il pi\u00f9 possibile in contatto con la lingua: internet, in questo senso, pu\u00f2 fare degli incredibili assist, mettendo a tua completa disposizione<strong>\u00a0news, canzoni, podcast, video, serie tv e film<\/strong>\u00a0in lingua inglese. Leggere quotidianamente notizie in inglese, seguire dei programmi informativi, ascoltare degli audiolibri, annotando le nuove parole che leggi o che ascolti, tutto ci\u00f2 si riveler\u00e0 di grande aiuto per migliorare la tua conoscenza della lingua di Shakespeare.<\/p>\n<p>Se nessuno di questi metodi ti sembra adatto alle tue esigenze, sai cosa potresti provare? La nostra piattaforma <strong>GlobalExam,<\/strong> of course! Con il percorso General English, potrai infatti <strong>consolidare il tuo inglese<\/strong> partendo (o ri-partendo) dalle <strong>basi,<\/strong> ripassare i pilastri della grammatica, arricchire il tuo vocabolario con nuove parole ed espressioni, e migliorare anche la tua pronuncia.<\/p>\n<p>Infatti, con il nostro servizio <strong>General English<\/strong>, mettiamo a disposizione dei <strong>corsi online<\/strong> efficaci e divertenti per tutti gli studenti di <strong>livello principiante o intermedio<\/strong>. <strong>Correzioni<\/strong> dettagliate per ogni prova a cui ti sottoporrai, schede di ripasso, lezioni coinvolgenti e interattive: il nostro obiettivo \u00e8 quello di motivare i nostri studenti perch\u00e9 imparino l\u2019inglese con fiducia, interesse ed entusiasmo. Cosa aspetti? Non perdere tempo, dai subito un\u2019occhiata alla nostra piattaforma online!<\/p>\n","protected":false},"excerpt":{"rendered":"<p>Lo sapevi? L\u2019inglese \u00e8 la lingua pi\u00f9 parlata in Europa ed \u00e8\u00a0studiato da circa 1,5 miliardi di persone\u00a0in tutto il mondo! Che [&hellip;]<\/p>\n","protected":false},"author":24,"featured_media":0,"parent":47704,"menu_order":0,"comment_status":"closed","ping_status":"closed","template":"","meta":[],"acf":[],"yoast_head":"<!-- This site is optimized with the Yoast SEO plugin v17.2.1 - https:\/\/yoast.com\/wordpress\/plugins\/seo\/ -->\n<title>Metodi per imparare l\u2019inglese<\/title>\n<meta name=\"robots\" content=\"index, follow, max-snippet:-1, max-image-preview:large, max-video-preview:-1\" \/>\n<link rel=\"canonical\" href=\"https:\/\/global-exam.com\/blog\/it\/apprendimento-delle-lingue\/general-english-imparare-linglese-online\/categoria-general-english-metodi-per-imparare-linglese\/\" \/>\n<meta property=\"og:locale\" content=\"fr_FR\" \/>\n<meta property=\"og:type\" content=\"article\" \/>\n<meta property=\"og:title\" content=\"Metodi per imparare l\u2019inglese\" \/>\n<meta property=\"og:description\" content=\"Lo sapevi? L\u2019inglese \u00e8 la lingua pi\u00f9 parlata in Europa ed \u00e8\u00a0studiato da circa 1,5 miliardi di persone\u00a0in tutto il mondo! Che [&hellip;]\" \/>\n<meta property=\"og:url\" content=\"https:\/\/global-exam.com\/blog\/it\/apprendimento-delle-lingue\/general-english-imparare-linglese-online\/categoria-general-english-metodi-per-imparare-linglese\/\" \/>\n<meta property=\"og:site_name\" content=\"GlobalExam Blog\" \/>\n<meta property=\"article:publisher\" content=\"https:\/\/www.facebook.com\/Global.Exam\" \/>\n<meta property=\"article:modified_time\" content=\"2022-07-01T13:14:44+00:00\" \/>\n<meta name=\"twitter:card\" content=\"summary_large_image\" \/>\n<meta name=\"twitter:site\" content=\"@Global_Exam\" \/>\n<meta name=\"twitter:label1\" content=\"Dur\u00e9e de lecture estim\u00e9e\" \/>\n\t<meta name=\"twitter:data1\" content=\"2 minutes\" \/>\n<script type=\"application\/ld+json\" class=\"yoast-schema-graph\">{\"@context\":\"https:\/\/schema.org\",\"@graph\":[{\"@type\":\"WebSite\",\"@id\":\"https:\/\/global-exam.com\/blog\/#website\",\"url\":\"https:\/\/global-exam.com\/blog\/\",\"name\":\"GlobalExam Blog\",\"description\":\"Le blog du sp\\u00e9cialiste de la certification linguistique\",\"potentialAction\":[{\"@type\":\"SearchAction\",\"target\":{\"@type\":\"EntryPoint\",\"urlTemplate\":\"https:\/\/global-exam.com\/blog\/?s={search_term_string}\"},\"query-input\":\"required name=search_term_string\"}],\"inLanguage\":\"fr-FR\"},{\"@type\":\"WebPage\",\"@id\":\"https:\/\/global-exam.com\/blog\/it\/apprendimento-delle-lingue\/general-english-imparare-linglese-online\/categoria-general-english-metodi-per-imparare-linglese\/#webpage\",\"url\":\"https:\/\/global-exam.com\/blog\/it\/apprendimento-delle-lingue\/general-english-imparare-linglese-online\/categoria-general-english-metodi-per-imparare-linglese\/\",\"name\":\"Metodi per imparare l\\u2019inglese\",\"isPartOf\":{\"@id\":\"https:\/\/global-exam.com\/blog\/#website\"},\"datePublished\":\"2022-01-04T16:33:05+00:00\",\"dateModified\":\"2022-07-01T13:14:44+00:00\",\"breadcrumb\":{\"@id\":\"https:\/\/global-exam.com\/blog\/it\/apprendimento-delle-lingue\/general-english-imparare-linglese-online\/categoria-general-english-metodi-per-imparare-linglese\/#breadcrumb\"},\"inLanguage\":\"fr-FR\",\"potentialAction\":[{\"@type\":\"ReadAction\",\"target\":[\"https:\/\/global-exam.com\/blog\/it\/apprendimento-delle-lingue\/general-english-imparare-linglese-online\/categoria-general-english-metodi-per-imparare-linglese\/\"]}]},{\"@type\":\"BreadcrumbList\",\"@id\":\"https:\/\/global-exam.com\/blog\/it\/apprendimento-delle-lingue\/general-english-imparare-linglese-online\/categoria-general-english-metodi-per-imparare-linglese\/#breadcrumb\",\"itemListElement\":[{\"@type\":\"ListItem\",\"position\":1,\"name\":\"Apprendimento delle lingue\",\"item\":\"https:\/\/global-exam.com\/blog\/it\/apprendimento-delle-lingue\/\"},{\"@type\":\"ListItem\",\"position\":2,\"name\":\"General English\",\"item\":\"https:\/\/global-exam.com\/blog\/it\/apprendimento-delle-lingue\/general-english-imparare-linglese-online\/\"},{\"@type\":\"ListItem\",\"position\":3,\"name\":\"Metodi per imparare l\\u2019inglese\"}]}]}<\/script>\n<!-- \/ Yoast SEO plugin. -->","yoast_head_json":{"title":"Metodi per imparare l\u2019inglese","robots":{"index":"index","follow":"follow","max-snippet":"max-snippet:-1","max-image-preview":"max-image-preview:large","max-video-preview":"max-video-preview:-1"},"canonical":"https:\/\/global-exam.com\/blog\/it\/apprendimento-delle-lingue\/general-english-imparare-linglese-online\/categoria-general-english-metodi-per-imparare-linglese\/","og_locale":"fr_FR","og_type":"article","og_title":"Metodi per imparare l\u2019inglese","og_description":"Lo sapevi? L\u2019inglese \u00e8 la lingua pi\u00f9 parlata in Europa ed \u00e8\u00a0studiato da circa 1,5 miliardi di persone\u00a0in tutto il mondo! Che [&hellip;]","og_url":"https:\/\/global-exam.com\/blog\/it\/apprendimento-delle-lingue\/general-english-imparare-linglese-online\/categoria-general-english-metodi-per-imparare-linglese\/","og_site_name":"GlobalExam Blog","article_publisher":"https:\/\/www.facebook.com\/Global.Exam","article_modified_time":"2022-07-01T13:14:44+00:00","twitter_card":"summary_large_image","twitter_site":"@Global_Exam","twitter_misc":{"Dur\u00e9e de lecture estim\u00e9e":"2 minutes"},"schema":{"@context":"https:\/\/schema.org","@graph":[{"@type":"WebSite","@id":"https:\/\/global-exam.com\/blog\/#website","url":"https:\/\/global-exam.com\/blog\/","name":"GlobalExam Blog","description":"Le blog du sp\u00e9cialiste de la certification linguistique","potentialAction":[{"@type":"SearchAction","target":{"@type":"EntryPoint","urlTemplate":"https:\/\/global-exam.com\/blog\/?s={search_term_string}"},"query-input":"required name=search_term_string"}],"inLanguage":"fr-FR"},{"@type":"WebPage","@id":"https:\/\/global-exam.com\/blog\/it\/apprendimento-delle-lingue\/general-english-imparare-linglese-online\/categoria-general-english-metodi-per-imparare-linglese\/#webpage","url":"https:\/\/global-exam.com\/blog\/it\/apprendimento-delle-lingue\/general-english-imparare-linglese-online\/categoria-general-english-metodi-per-imparare-linglese\/","name":"Metodi per imparare l\u2019inglese","isPartOf":{"@id":"https:\/\/global-exam.com\/blog\/#website"},"datePublished":"2022-01-04T16:33:05+00:00","dateModified":"2022-07-01T13:14:44+00:00","breadcrumb":{"@id":"https:\/\/global-exam.com\/blog\/it\/apprendimento-delle-lingue\/general-english-imparare-linglese-online\/categoria-general-english-metodi-per-imparare-linglese\/#breadcrumb"},"inLanguage":"fr-FR","potentialAction":[{"@type":"ReadAction","target":["https:\/\/global-exam.com\/blog\/it\/apprendimento-delle-lingue\/general-english-imparare-linglese-online\/categoria-general-english-metodi-per-imparare-linglese\/"]}]},{"@type":"BreadcrumbList","@id":"https:\/\/global-exam.com\/blog\/it\/apprendimento-delle-lingue\/general-english-imparare-linglese-online\/categoria-general-english-metodi-per-imparare-linglese\/#breadcrumb","itemListElement":[{"@type":"ListItem","position":1,"name":"Apprendimento delle lingue","item":"https:\/\/global-exam.com\/blog\/it\/apprendimento-delle-lingue\/"},{"@type":"ListItem","position":2,"name":"General English","item":"https:\/\/global-exam.com\/blog\/it\/apprendimento-delle-lingue\/general-english-imparare-linglese-online\/"},{"@type":"ListItem","position":3,"name":"Metodi per imparare l\u2019inglese"}]}]}},"lang":"it","translations":{"it":73521},"pll_sync_post":[],"_links":{"self":[{"href":"https:\/\/global-exam.com\/blog\/wp-json\/wp\/v2\/pages\/73521"}],"collection":[{"href":"https:\/\/global-exam.com\/blog\/wp-json\/wp\/v2\/pages"}],"about":[{"href":"https:\/\/global-exam.com\/blog\/wp-json\/wp\/v2\/types\/page"}],"author":[{"embeddable":true,"href":"https:\/\/global-exam.com\/blog\/wp-json\/wp\/v2\/users\/24"}],"replies":[{"embeddable":true,"href":"https:\/\/global-exam.com\/blog\/wp-json\/wp\/v2\/comments?post=73521"}],"version-history":[{"count":6,"href":"https:\/\/global-exam.com\/blog\/wp-json\/wp\/v2\/pages\/73521\/revisions"}],"predecessor-version":[{"id":77233,"href":"https:\/\/global-exam.com\/blog\/wp-json\/wp\/v2\/pages\/73521\/revisions\/77233"}],"up":[{"embeddable":true,"href":"https:\/\/global-exam.com\/blog\/wp-json\/wp\/v2\/pages\/47704"}],"wp:attachment":[{"href":"https:\/\/global-exam.com\/blog\/wp-json\/wp\/v2\/media?parent=73521"}],"curies":[{"name":"wp","href":"https:\/\/api.w.org\/{rel}","templated":true}]}}