{"id":74549,"date":"2022-01-18T16:58:08","date_gmt":"2022-01-18T15:58:08","guid":{"rendered":"https:\/\/global-exam.com\/blog\/?page_id=74549"},"modified":"2022-08-18T16:09:19","modified_gmt":"2022-08-18T14:09:19","slug":"categorie-general-english-niveaux-danglais","status":"publish","type":"page","link":"https:\/\/global-exam.com\/blog\/fr\/categorie-general-english-niveaux-anglais\/","title":{"rendered":"Niveaux d&rsquo;anglais &#8211; General English"},"content":{"rendered":"<p>\u00c9valuer son niveau d&rsquo;anglais<\/p>\n<p>Il existe plusieurs m\u00e9thodes pour conna\u00eetre votre niveau d\u2019anglais, comme les <strong>certifications officielles<\/strong> ou encore les <strong>tests sur internet<\/strong>, mais il peut \u00eatre parfois compliqu\u00e9 de s\u2019y retrouver. Pour cette raison, GlobalExam a r\u00e9dig\u00e9 des articles afin de mieux comprendre les diff\u00e9rents niveaux d\u2019anglais.<\/p>\n<p>Dans cette cat\u00e9gorie du <strong>General English<\/strong>, vous apprendrez que les niveaux CECRL s\u2019\u00e9tendent du <strong>niveau A1<\/strong>, le niveau le plus basique qui correspond \u00e0 un niveau de d\u00e9butant, jusqu\u2019au <strong>niveau C2<\/strong> qui d\u00e9signe un individu parfaitement bilingue. Pour certifier votre niveau d\u2019anglais, vous pouvez passer des examens tels que le <strong>TOEIC<\/strong>, le <strong>TOEFL<\/strong>, l\u2019<strong>IELTS<\/strong>, les <strong>examens Cambridge<\/strong>, etc.<\/p>\n<p>Gr\u00e2ce \u00e0 GlobalExam et \u00e0 notre plateforme, vous pourrez d\u00e9couvrir le monde des certifications officielles ainsi que nos meilleurs conseils pour r\u00e9ussir, alors n\u2019attendez plus pour faire votre test de niveau gratuit.<\/p>\n","protected":false},"excerpt":{"rendered":"<p>\u00c9valuer son niveau d&rsquo;anglais Il existe plusieurs m\u00e9thodes pour conna\u00eetre votre niveau d\u2019anglais, comme les certifications officielles ou encore les tests sur [&hellip;]<\/p>\n","protected":false},"author":24,"featured_media":77093,"parent":43264,"menu_order":0,"comment_status":"closed","ping_status":"closed","template":"","meta":[],"acf":[],"yoast_head":"<!-- This site is optimized with the Yoast SEO plugin v17.2.1 - https:\/\/yoast.com\/wordpress\/plugins\/seo\/ -->\n<title>Niveaux d&#039;anglais - General English<\/title>\n<meta name=\"description\" content=\"Connaissez-vous votre niveau d&#039;anglais ? D\u00e9couvrez les diff\u00e9rents niveaux de langue d\u00e9finis par le CECRL pour \u00e9valuer votre ma\u00eetrise.\" \/>\n<meta name=\"robots\" content=\"index, follow, max-snippet:-1, max-image-preview:large, max-video-preview:-1\" \/>\n<link rel=\"canonical\" href=\"https:\/\/global-exam.com\/blog\/fr\/categorie-general-english-niveaux-anglais\/\" \/>\n<meta property=\"og:locale\" content=\"fr_FR\" \/>\n<meta property=\"og:type\" content=\"article\" \/>\n<meta property=\"og:title\" content=\"Niveaux d&#039;anglais - General English\" \/>\n<meta property=\"og:description\" content=\"Connaissez-vous votre niveau d&#039;anglais ? D\u00e9couvrez les diff\u00e9rents niveaux de langue d\u00e9finis par le CECRL pour \u00e9valuer votre ma\u00eetrise.\" \/>\n<meta property=\"og:url\" content=\"https:\/\/global-exam.com\/blog\/fr\/categorie-general-english-niveaux-anglais\/\" \/>\n<meta property=\"og:site_name\" content=\"GlobalExam Blog\" \/>\n<meta property=\"article:publisher\" content=\"https:\/\/www.facebook.com\/Global.Exam\" \/>\n<meta property=\"article:modified_time\" content=\"2022-08-18T14:09:19+00:00\" \/>\n<meta property=\"og:image\" content=\"https:\/\/global-exam.com\/blog\/wp-content\/uploads\/2022\/06\/apprendre-langues-e1656516516331.jpg\" \/>\n\t<meta property=\"og:image:width\" content=\"650\" \/>\n\t<meta property=\"og:image:height\" content=\"650\" \/>\n<meta name=\"twitter:card\" content=\"summary_large_image\" \/>\n<meta name=\"twitter:site\" content=\"@Global_Exam\" \/>\n<meta name=\"twitter:label1\" content=\"Dur\u00e9e de lecture estim\u00e9e\" \/>\n\t<meta name=\"twitter:data1\" content=\"1 minute\" \/>\n<script type=\"application\/ld+json\" class=\"yoast-schema-graph\">{\"@context\":\"https:\/\/schema.org\",\"@graph\":[{\"@type\":\"WebSite\",\"@id\":\"https:\/\/global-exam.com\/blog\/#website\",\"url\":\"https:\/\/global-exam.com\/blog\/\",\"name\":\"GlobalExam Blog\",\"description\":\"Le blog du sp\\u00e9cialiste de la certification linguistique\",\"potentialAction\":[{\"@type\":\"SearchAction\",\"target\":{\"@type\":\"EntryPoint\",\"urlTemplate\":\"https:\/\/global-exam.com\/blog\/?s={search_term_string}\"},\"query-input\":\"required name=search_term_string\"}],\"inLanguage\":\"fr-FR\"},{\"@type\":\"ImageObject\",\"@id\":\"https:\/\/global-exam.com\/blog\/fr\/categorie-general-english-niveaux-anglais\/#primaryimage\",\"inLanguage\":\"fr-FR\",\"url\":\"https:\/\/global-exam.com\/blog\/wp-content\/uploads\/2022\/06\/apprendre-langues-e1656516516331.jpg\",\"contentUrl\":\"https:\/\/global-exam.com\/blog\/wp-content\/uploads\/2022\/06\/apprendre-langues-e1656516516331.jpg\",\"width\":650,\"height\":650,\"caption\":\"Apprendre les langues en ligne\"},{\"@type\":\"WebPage\",\"@id\":\"https:\/\/global-exam.com\/blog\/fr\/categorie-general-english-niveaux-anglais\/#webpage\",\"url\":\"https:\/\/global-exam.com\/blog\/fr\/categorie-general-english-niveaux-anglais\/\",\"name\":\"Niveaux d'anglais - General English\",\"isPartOf\":{\"@id\":\"https:\/\/global-exam.com\/blog\/#website\"},\"primaryImageOfPage\":{\"@id\":\"https:\/\/global-exam.com\/blog\/fr\/categorie-general-english-niveaux-anglais\/#primaryimage\"},\"datePublished\":\"2022-01-18T15:58:08+00:00\",\"dateModified\":\"2022-08-18T14:09:19+00:00\",\"description\":\"Connaissez-vous votre niveau d'anglais ? D\\u00e9couvrez les diff\\u00e9rents niveaux de langue d\\u00e9finis par le CECRL pour \\u00e9valuer votre ma\\u00eetrise.\",\"breadcrumb\":{\"@id\":\"https:\/\/global-exam.com\/blog\/fr\/categorie-general-english-niveaux-anglais\/#breadcrumb\"},\"inLanguage\":\"fr-FR\",\"potentialAction\":[{\"@type\":\"ReadAction\",\"target\":[\"https:\/\/global-exam.com\/blog\/fr\/categorie-general-english-niveaux-anglais\/\"]}]},{\"@type\":\"BreadcrumbList\",\"@id\":\"https:\/\/global-exam.com\/blog\/fr\/categorie-general-english-niveaux-anglais\/#breadcrumb\",\"itemListElement\":[{\"@type\":\"ListItem\",\"position\":1,\"name\":\"Apprentissage des langues\",\"item\":\"https:\/\/global-exam.com\/blog\/fr\/apprentissage-des-langues\/\"},{\"@type\":\"ListItem\",\"position\":2,\"name\":\"Apprenez l&rsquo;anglais en ligne : General English\",\"item\":\"https:\/\/global-exam.com\/blog\/fr\/apprentissage-des-langues\/general-english-apprenez-langlais-en-ligne\/\"},{\"@type\":\"ListItem\",\"position\":3,\"name\":\"Niveaux d&rsquo;anglais &#8211; General English\"}]}]}<\/script>\n<!-- \/ Yoast SEO plugin. -->","yoast_head_json":{"title":"Niveaux d'anglais - General English","description":"Connaissez-vous votre niveau d'anglais ? D\u00e9couvrez les diff\u00e9rents niveaux de langue d\u00e9finis par le CECRL pour \u00e9valuer votre ma\u00eetrise.","robots":{"index":"index","follow":"follow","max-snippet":"max-snippet:-1","max-image-preview":"max-image-preview:large","max-video-preview":"max-video-preview:-1"},"canonical":"https:\/\/global-exam.com\/blog\/fr\/categorie-general-english-niveaux-anglais\/","og_locale":"fr_FR","og_type":"article","og_title":"Niveaux d'anglais - General English","og_description":"Connaissez-vous votre niveau d'anglais ? D\u00e9couvrez les diff\u00e9rents niveaux de langue d\u00e9finis par le CECRL pour \u00e9valuer votre ma\u00eetrise.","og_url":"https:\/\/global-exam.com\/blog\/fr\/categorie-general-english-niveaux-anglais\/","og_site_name":"GlobalExam Blog","article_publisher":"https:\/\/www.facebook.com\/Global.Exam","article_modified_time":"2022-08-18T14:09:19+00:00","og_image":[{"width":650,"height":650,"url":"https:\/\/global-exam.com\/blog\/wp-content\/uploads\/2022\/06\/apprendre-langues-e1656516516331.jpg","path":"\/home\/forge\/prod-20220704.global-exam.com\/wp-content\/uploads\/2022\/06\/apprendre-langues-e1656516516331.jpg","size":"full","id":77093,"alt":"Apprendre les langues en ligne","pixels":422500,"type":"image\/jpeg"}],"twitter_card":"summary_large_image","twitter_site":"@Global_Exam","twitter_misc":{"Dur\u00e9e de lecture estim\u00e9e":"1 minute"},"schema":{"@context":"https:\/\/schema.org","@graph":[{"@type":"WebSite","@id":"https:\/\/global-exam.com\/blog\/#website","url":"https:\/\/global-exam.com\/blog\/","name":"GlobalExam Blog","description":"Le blog du sp\u00e9cialiste de la certification linguistique","potentialAction":[{"@type":"SearchAction","target":{"@type":"EntryPoint","urlTemplate":"https:\/\/global-exam.com\/blog\/?s={search_term_string}"},"query-input":"required name=search_term_string"}],"inLanguage":"fr-FR"},{"@type":"ImageObject","@id":"https:\/\/global-exam.com\/blog\/fr\/categorie-general-english-niveaux-anglais\/#primaryimage","inLanguage":"fr-FR","url":"https:\/\/global-exam.com\/blog\/wp-content\/uploads\/2022\/06\/apprendre-langues-e1656516516331.jpg","contentUrl":"https:\/\/global-exam.com\/blog\/wp-content\/uploads\/2022\/06\/apprendre-langues-e1656516516331.jpg","width":650,"height":650,"caption":"Apprendre les langues en ligne"},{"@type":"WebPage","@id":"https:\/\/global-exam.com\/blog\/fr\/categorie-general-english-niveaux-anglais\/#webpage","url":"https:\/\/global-exam.com\/blog\/fr\/categorie-general-english-niveaux-anglais\/","name":"Niveaux d'anglais - General English","isPartOf":{"@id":"https:\/\/global-exam.com\/blog\/#website"},"primaryImageOfPage":{"@id":"https:\/\/global-exam.com\/blog\/fr\/categorie-general-english-niveaux-anglais\/#primaryimage"},"datePublished":"2022-01-18T15:58:08+00:00","dateModified":"2022-08-18T14:09:19+00:00","description":"Connaissez-vous votre niveau d'anglais ? D\u00e9couvrez les diff\u00e9rents niveaux de langue d\u00e9finis par le CECRL pour \u00e9valuer votre ma\u00eetrise.","breadcrumb":{"@id":"https:\/\/global-exam.com\/blog\/fr\/categorie-general-english-niveaux-anglais\/#breadcrumb"},"inLanguage":"fr-FR","potentialAction":[{"@type":"ReadAction","target":["https:\/\/global-exam.com\/blog\/fr\/categorie-general-english-niveaux-anglais\/"]}]},{"@type":"BreadcrumbList","@id":"https:\/\/global-exam.com\/blog\/fr\/categorie-general-english-niveaux-anglais\/#breadcrumb","itemListElement":[{"@type":"ListItem","position":1,"name":"Apprentissage des langues","item":"https:\/\/global-exam.com\/blog\/fr\/apprentissage-des-langues\/"},{"@type":"ListItem","position":2,"name":"Apprenez l&rsquo;anglais en ligne : General English","item":"https:\/\/global-exam.com\/blog\/fr\/apprentissage-des-langues\/general-english-apprenez-langlais-en-ligne\/"},{"@type":"ListItem","position":3,"name":"Niveaux d&rsquo;anglais &#8211; General English"}]}]}},"lang":"fr","translations":{"fr":74549},"pll_sync_post":[],"_links":{"self":[{"href":"https:\/\/global-exam.com\/blog\/wp-json\/wp\/v2\/pages\/74549"}],"collection":[{"href":"https:\/\/global-exam.com\/blog\/wp-json\/wp\/v2\/pages"}],"about":[{"href":"https:\/\/global-exam.com\/blog\/wp-json\/wp\/v2\/types\/page"}],"author":[{"embeddable":true,"href":"https:\/\/global-exam.com\/blog\/wp-json\/wp\/v2\/users\/24"}],"replies":[{"embeddable":true,"href":"https:\/\/global-exam.com\/blog\/wp-json\/wp\/v2\/comments?post=74549"}],"version-history":[{"count":10,"href":"https:\/\/global-exam.com\/blog\/wp-json\/wp\/v2\/pages\/74549\/revisions"}],"predecessor-version":[{"id":78242,"href":"https:\/\/global-exam.com\/blog\/wp-json\/wp\/v2\/pages\/74549\/revisions\/78242"}],"up":[{"embeddable":true,"href":"https:\/\/global-exam.com\/blog\/wp-json\/wp\/v2\/pages\/43264"}],"wp:featuredmedia":[{"embeddable":true,"href":"https:\/\/global-exam.com\/blog\/wp-json\/wp\/v2\/media\/77093"}],"wp:attachment":[{"href":"https:\/\/global-exam.com\/blog\/wp-json\/wp\/v2\/media?parent=74549"}],"curies":[{"name":"wp","href":"https:\/\/api.w.org\/{rel}","templated":true}]}}